{"id":303,"date":"2020-11-23T14:50:23","date_gmt":"2020-11-23T13:50:23","guid":{"rendered":"https:\/\/semmelweis.hu\/varosmajor\/?page_id=303"},"modified":"2024-09-06T10:29:58","modified_gmt":"2024-09-06T08:29:58","slug":"szivsn-orszagos-betegegyesulet","status":"publish","type":"page","link":"https:\/\/semmelweis.hu\/varosmajor\/klinikankrol\/alapitvanyok-egyesuletek\/szivsn-orszagos-betegegyesulet\/","title":{"rendered":"Sz\u00edvSN Orsz\u00e1gos Betegegyes\u00fclet"},"content":{"rendered":"<p><img decoding=\"async\" src=\"https:\/\/semmelweis.hu\/varosmajor\/files\/2023\/11\/szivlogo-2048x499-1.png\" alt=\"\" \/><\/p>\n<p style=\"text-align: justify\">A Semmelweis Egyetem Kardiol\u00f3giai K\u00f6zpontj\u00e1nak munkat\u00e1rsai, betegei hozt\u00e1k l\u00e9tre a SZ\u00cdVSN (Seg\u00edt\u00fcnk Neked) Orsz\u00e1gos Betegegyes\u00fcletet 2011-ben. A program c\u00e9lja: a Magyarorsz\u00e1gon infarktussal, magas v\u00e9rnyom\u00e1ssal, ritmuszavarral, velesz\u00fcletett sz\u00edvbetegs\u00e9ggel, pacemakerrel-, ICD-vel \u00e9l\u0151 betegek \u00f6nk\u00e9ntesen csatlakozzanak az egyes\u00fclet \u00e1ltal szervezett el\u0151ad\u00e1sokhoz.<\/p>\n<p style=\"text-align: justify\">K\u00fcldet\u00e9s\u00fcnk az inform\u00e1ci\u00f3hi\u00e1nyb\u00f3l ad\u00f3d\u00f3 kiszolg\u00e1ltatotts\u00e1g cs\u00f6kkent\u00e9se \u00e9s a betegek, csal\u00e1dtagok, \u00e9rdekl\u0151d\u0151k sz\u00e1m\u00e1ra a megfelel\u0151 egy\u00fcttm\u0171k\u00f6d\u00e9s kialak\u00edt\u00e1sa. Arra v\u00e1llalkoztunk, hogy a Magyarorsz\u00e1gon marad\u00f3, leterhelt kardiol\u00f3gusainkat tehermentes\u00edtve, \u00e1tvegy\u00fck a paciensek felvil\u00e1gos\u00edt\u00e1s\u00e1t, tudatos \u00e9letm\u00f3d ir\u00e1nti ig\u00e9ny kialak\u00edt\u00e1s\u00e1t.<\/p>\n<p style=\"text-align: justify\">Ez a kezdem\u00e9nyez\u00e9s lehet\u0151v\u00e9 teszi, hogy kialakuljon a hozz\u00e1nk l\u00e1togat\u00f3ba \u00e9rkez\u0151 emberekben a \u201enem vagy egyed\u00fcl \u00e9rz\u00e9s\u201d \u00e9s az \u00f6sszefog\u00e1s nemes pillanatait \u00e9lhetik \u00e1t.<\/p>\n<p style=\"text-align: justify\">Szombatonk\u00e9nt az infarktuson \u00e1tesett betegeket \u00e9s csal\u00e1dtagjaikat fogadjuk, bemutatva a sz\u00edvkat\u00e9terez\u00e9s technikai oldal\u00e1t. N\u00e1lunk el lehet saj\u00e1t\u00edtani a stresszkezel\u0151 technik\u00e1t, \u00e9s seg\u00edt\u00fcnk a cigarett\u00e1z\u00e1sr\u00f3l val\u00f3 leszok\u00e1sban. Kit\u00e9r\u00fcnk az ellen\u0151rz\u0151 vizsg\u00e1latok, az eg\u00e9szs\u00e9ges t\u00e1pl\u00e1lkoz\u00e1s, mozg\u00e1s fontoss\u00e1g\u00e1ra \u00e9s elmagyar\u00e1zzuk a laboreredm\u00e9nyek \u00f6sszef\u00fcgg\u00e9seit.<\/p>\n<p style=\"text-align: justify\">Az id\u0151sebb koroszt\u00e1lyb\u00f3l sok embert \u00e9rint a pitvarfibrill\u00e1ci\u00f3. \u00c9rt\u00fck olyan el\u0151ad\u00e1sok indulnak, amelyek a t\u00fcnetek felismer\u00e9s\u00e9r\u0151l, a ritmuszavar kialakul\u00e1s\u00e1r\u00f3l \u00e9s a legmodernebb megsz\u00fcntet\u00e9si lehet\u0151s\u00e9gekr\u0151l, valamint a v\u00e9rh\u00edg\u00edt\u00f3 gy\u00f3gyszerek alkalmaz\u00e1s\u00e1r\u00f3l sz\u00f3lnak.<\/p>\n<p style=\"text-align: justify\">Magyarorsz\u00e1gon kb. 40 000 ezer ember \u00e9l pacemakerrel \u00e9s \u00fajra\u00e9leszt\u00e9sre alkalmas defibrill\u00e1toros k\u00e9sz\u00fcl\u00e9kkel. \u00c9vente emberek sz\u00e1zait menti meg ez a k\u00e9sz\u00fcl\u00e9k, amellyel egy\u00fctt \u00e9lnek, de hogyan?<\/p>\n<p style=\"text-align: justify\">Szombatonk\u00e9nt a ritmusszab\u00e1lyoz\u00f3val \u00e9l\u0151ket is szeretettel v\u00e1rjuk, minden el\u0151fordul\u00f3 k\u00e9rd\u00e9sre megtal\u00e1ljuk a v\u00e1laszt. A rendszeresen hozz\u00e1nk j\u00e1r\u00f3 betegek k\u00e9r\u00e9s\u00e9re eddig 19 sikeres kamp\u00e1nyt hoztunk l\u00e9tre.<\/p>\n<p style=\"text-align: justify\">Vegyenek r\u00e9szt esem\u00e9nyeinken, olvass\u00e1k el besz\u00e1mol\u00f3inkat, hogy teljesebb k\u00e9pet kapjanak legfontosabb feladatainkr\u00f3l:<\/p>\n<p><a href=\"https:\/\/szivsn.hu\/szivesen-esemenyek\/\" target=\"_blank\" rel=\"noopener\">&#8211;&gt; Esem\u00e9nyeink<\/a><\/p>\n<p><a href=\"https:\/\/szivsn.hu\/hirek\/\" target=\"_blank\" rel=\"noopener\">&#8211;&gt; H\u00edreink<\/a><\/p>\n<p style=\"text-align: justify\">Koordin\u00e1toraink k\u00e9szs\u00e9ggel \u00e1llnak az \u00d6n\u00f6k rendelkez\u00e9s\u00e9re Magyarorsz\u00e1g eg\u00e9sz ter\u00fclet\u00e9n.\u00a0<\/p>\n<p style=\"text-align: justify\">Amennyiben \u00fagy \u00e9rzi, hogy csatlakozni szeretne \u00e9s r\u00e9szt venni a SZ\u00cdVSN Orsz\u00e1gos Betegegyes\u00fclet \u00e1ltal k\u00edn\u00e1lt programokon, esem\u00e9nyeken, k\u00e9rj\u00fck, az al\u00e1bbi linken, az oldal alj\u00e1n tal\u00e1lhat\u00f3 dokumentumot t\u00f6ltse ki, \u00e9s szkennelve, vagy bef\u00e9nyk\u00e9pezve juttassa el hozz\u00e1nk a szivsn@gmail.com email c\u00edmre, vagy postai \u00faton, levelez\u00e9si c\u00edm\u00fcnkre.\u00a0<\/p>\n<p><a href=\"https:\/\/szivsn.hu\/rolunk\/\" target=\"_blank\" rel=\"noopener\">Jelentkez\u00e9s<\/a>\u00a0<\/p>\n<p>El\u00e9rhet\u0151s\u00e9geink:<\/p>\n<p>Honlapunk:\u00a0<a href=\"http:\/\/www.szivsn.hu\/\" target=\"_blank\" rel=\"noopener noreferrer\">www.szivsn.hu<\/a><\/p>\n<p>E-mail c\u00edm\u00fcnk:\u00a0<a href=\"mailto:szivsn@gmail.com\" target=\"_blank\" rel=\"noopener noreferrer\">szivsn@gmail.com<\/a><\/p>\n<p>Levelez\u00e9si c\u00edm\u00fcnk:\u00a01122 Budapest, Ga\u00e1l J\u00f3zsef \u00fat 9-11. &#8211; Ambulancia<\/p>\n<p>Facebook oldalunk:\u00a0<a href=\"http:\/\/www.facebook.com\/szivsn\" target=\"_blank\" rel=\"noopener noreferrer\">www.facebook.com\/szivsn<\/a><\/p>\n\n<!-- iframe plugin v.4.9 wordpress.org\/plugins\/iframe\/ -->\n<iframe loading=\"lazy\" width=\"560\" height=\"315\" src=\"https:\/\/www.youtube.com\/embed\/68-5j-k2UKk\" frameborder=\"0\" allow=\"accelerometer; autoplay; clipboard-write; encrypted-media; gyroscope; picture-in-picture\" 0=\"allowfullscreen\" scrolling=\"yes\" class=\"iframe-class\"><\/iframe>\n\n<p>V\u00e1rjuk \u00d6n\u00f6ket szeretettel,<\/p>\n<p>Bern\u00e1th-Luk\u00e1cs Zsuzsa<\/p>\n","protected":false},"excerpt":{"rendered":"<p>A Semmelweis Egyetem Kardiol\u00f3giai K\u00f6zpontj\u00e1nak munkat\u00e1rsai, betegei hozt\u00e1k l\u00e9tre a SZ\u00cdVSN (Seg\u00edt\u00fcnk Neked) Orsz\u00e1gos Betegegyes\u00fcletet 2011-ben. A program c\u00e9lja: a Magyarorsz\u00e1gon infarktussal, magas v\u00e9rnyom\u00e1ssal, ritmuszavarral, velesz\u00fcletett sz\u00edvbetegs\u00e9ggel, pacemakerrel-, ICD-vel \u00e9l\u0151 betegek \u00f6nk\u00e9ntesen csatlakozzanak az egyes\u00fclet \u00e1ltal szervezett el\u0151ad\u00e1sokhoz. K\u00fcldet\u00e9s\u00fcnk az inform\u00e1ci\u00f3hi\u00e1nyb\u00f3l ad\u00f3d\u00f3 kiszolg\u00e1ltatotts\u00e1g cs\u00f6kkent\u00e9se \u00e9s a betegek, csal\u00e1dtagok, \u00e9rdekl\u0151d\u0151k sz\u00e1m\u00e1ra a megfelel\u0151 egy\u00fcttm\u0171k\u00f6d\u00e9s kialak\u00edt\u00e1sa. Arra &hellip;<\/p>\n","protected":false},"author":101737,"featured_media":0,"parent":332,"menu_order":2,"comment_status":"closed","ping_status":"closed","template":"","meta":{"_acf_changed":false,"footnotes":""},"categories":[],"tags":[],"class_list":["post-303","page","type-page","status-publish","hentry"],"acf":[],"_links":{"self":[{"href":"https:\/\/semmelweis.hu\/varosmajor\/wp-json\/wp\/v2\/pages\/303","targetHints":{"allow":["GET"]}}],"collection":[{"href":"https:\/\/semmelweis.hu\/varosmajor\/wp-json\/wp\/v2\/pages"}],"about":[{"href":"https:\/\/semmelweis.hu\/varosmajor\/wp-json\/wp\/v2\/types\/page"}],"author":[{"embeddable":true,"href":"https:\/\/semmelweis.hu\/varosmajor\/wp-json\/wp\/v2\/users\/101737"}],"replies":[{"embeddable":true,"href":"https:\/\/semmelweis.hu\/varosmajor\/wp-json\/wp\/v2\/comments?post=303"}],"version-history":[{"count":11,"href":"https:\/\/semmelweis.hu\/varosmajor\/wp-json\/wp\/v2\/pages\/303\/revisions"}],"predecessor-version":[{"id":5723,"href":"https:\/\/semmelweis.hu\/varosmajor\/wp-json\/wp\/v2\/pages\/303\/revisions\/5723"}],"up":[{"embeddable":true,"href":"https:\/\/semmelweis.hu\/varosmajor\/wp-json\/wp\/v2\/pages\/332"}],"wp:attachment":[{"href":"https:\/\/semmelweis.hu\/varosmajor\/wp-json\/wp\/v2\/media?parent=303"}],"wp:term":[{"taxonomy":"category","embeddable":true,"href":"https:\/\/semmelweis.hu\/varosmajor\/wp-json\/wp\/v2\/categories?post=303"},{"taxonomy":"post_tag","embeddable":true,"href":"https:\/\/semmelweis.hu\/varosmajor\/wp-json\/wp\/v2\/tags?post=303"}],"curies":[{"name":"wp","href":"https:\/\/api.w.org\/{rel}","templated":true}]}}