{"id":3010,"date":"2021-06-04T15:33:00","date_gmt":"2021-06-04T13:33:00","guid":{"rendered":"https:\/\/semmelweis.hu\/varosmajor\/?page_id=3010"},"modified":"2024-09-06T10:45:45","modified_gmt":"2024-09-06T08:45:45","slug":"kardiogenetikai-vizsgalat","status":"publish","type":"page","link":"https:\/\/semmelweis.hu\/varosmajor\/gyogyitas\/kardiologia\/kardiogenetikai-vizsgalat\/","title":{"rendered":"Kardiogenetikai vizsg\u00e1lat"},"content":{"rendered":"<p style=\"text-align: justify\">A kardiogenetikai vizsg\u00e1lat az esetek d\u00f6nt\u0151 t\u00f6bbs\u00e9g\u00e9ben \u00faj-gener\u00e1ci\u00f3s szekven\u00e1l\u00e1s panel vizsg\u00e1latok jelent, mely lefedi a kardiogenetikai betegs\u00e9gek eg\u00e9sz\u00e9t. A kardiogenetikai vizsg\u00e1lat megkezd\u00e9se el\u0151tt genetikai tan\u00e1csad\u00e1s t\u00f6rt\u00e9nik, mely felvil\u00e1gos\u00edt\u00e1st ny\u00fajt a vizsg\u00e1latt\u00f3l v\u00e1rhat\u00f3 eredm\u00e9nyekr\u0151l. A genetikai tan\u00e1csad\u00e1s ut\u00e1n megt\u00f6rt\u00e9nik a v\u00e9rv\u00e9tel, melyhez nem sz\u00fcks\u00e9ges \u00e9hgyomor. A v\u00e9rv\u00e9tel ut\u00e1n a p\u00e1ciensnek nincs tov\u00e1bbi teend\u0151je, a vizsg\u00e1lat elk\u00e9sz\u00fclt\u00e9r\u0151l telefonon fogjuk \u00e9rtes\u00edteni. A kardiogenetikai vizsg\u00e1lat eredm\u00e9nye p\u00e1r h\u00f3napon bel\u00fcl v\u00e1rhat\u00f3.<\/p>\n<p style=\"text-align: justify\">Az eredm\u00e9nyr\u0151l val\u00f3 telefonos \u00e9rtes\u00edt\u00e9s sor\u00e1n csak arr\u00f3l adunk t\u00e1j\u00e9koztat\u00e1st, hogy vizsg\u00e1lat elk\u00e9sz\u00fclt, a vizsg\u00e1lati eredm\u00e9nyt szem\u00e9lyesen sz\u00fcks\u00e9ges \u00e1tvenni \u00e9s megismerni genetikai tan\u00e1csad\u00e1s keret\u00e9ben. A genetikai eredm\u00e9ny tartalmazhat k\u00f3roki g\u00e9nvari\u00e1nst, mely azt jelenti, hogy megtal\u00e1ltuk a genetikai betegs\u00e9g ok\u00e1t, de lehets\u00e9ges bizonytalan jelent\u0151s\u00e9g\u0171 vagy negat\u00edv eredm\u00e9ny is.<\/p>\n<p style=\"text-align: justify\">A genetikai kivizsg\u00e1l\u00e1s sor\u00e1n, eredm\u00e9nyt\u0151l f\u00fcgg\u0151en, sz\u00fcks\u00e9g lehet csal\u00e1dtagok tesztel\u00e9s\u00e9re is (szegreg\u00e1ci\u00f3s vizsg\u00e1lat) az eredm\u00e9ny tov\u00e1bbi pontos\u00edt\u00e1sa \u00e9rdek\u00e9ben, illetve sz\u00fclethet olyan eredm\u00e9ny mely lehet\u0151v\u00e9 teszi a csal\u00e1dtagok sz\u0171r\u00e9s\u00e9t is az adott betegs\u00e9g vonatkoz\u00e1s\u00e1ban. Ezekben az esetekben a kardiogenetikai vizsg\u00e1lat a csal\u00e1dtagok eset\u00e9ben t\u00f6rt\u00e9nik meg, a m\u00e1r kor\u00e1bban megtal\u00e1lt g\u00e9nvari\u00e1ns vonatkoz\u00e1s\u00e1ban.<\/p>\n","protected":false},"excerpt":{"rendered":"<p>A kardiogenetikai vizsg\u00e1lat az esetek d\u00f6nt\u0151 t\u00f6bbs\u00e9g\u00e9ben \u00faj-gener\u00e1ci\u00f3s szekven\u00e1l\u00e1s panel vizsg\u00e1latok jelent, mely lefedi a kardiogenetikai betegs\u00e9gek eg\u00e9sz\u00e9t. A kardiogenetikai vizsg\u00e1lat megkezd\u00e9se el\u0151tt genetikai tan\u00e1csad\u00e1s t\u00f6rt\u00e9nik, mely felvil\u00e1gos\u00edt\u00e1st ny\u00fajt a vizsg\u00e1latt\u00f3l v\u00e1rhat\u00f3 eredm\u00e9nyekr\u0151l. A genetikai tan\u00e1csad\u00e1s ut\u00e1n megt\u00f6rt\u00e9nik a v\u00e9rv\u00e9tel, melyhez nem sz\u00fcks\u00e9ges \u00e9hgyomor. A v\u00e9rv\u00e9tel ut\u00e1n a p\u00e1ciensnek nincs tov\u00e1bbi teend\u0151je, a vizsg\u00e1lat elk\u00e9sz\u00fclt\u00e9r\u0151l &hellip;<\/p>\n","protected":false},"author":101737,"featured_media":0,"parent":110,"menu_order":7,"comment_status":"closed","ping_status":"closed","template":"","meta":{"_acf_changed":false,"footnotes":""},"categories":[],"tags":[],"class_list":["post-3010","page","type-page","status-publish","hentry"],"acf":[],"_links":{"self":[{"href":"https:\/\/semmelweis.hu\/varosmajor\/wp-json\/wp\/v2\/pages\/3010","targetHints":{"allow":["GET"]}}],"collection":[{"href":"https:\/\/semmelweis.hu\/varosmajor\/wp-json\/wp\/v2\/pages"}],"about":[{"href":"https:\/\/semmelweis.hu\/varosmajor\/wp-json\/wp\/v2\/types\/page"}],"author":[{"embeddable":true,"href":"https:\/\/semmelweis.hu\/varosmajor\/wp-json\/wp\/v2\/users\/101737"}],"replies":[{"embeddable":true,"href":"https:\/\/semmelweis.hu\/varosmajor\/wp-json\/wp\/v2\/comments?post=3010"}],"version-history":[{"count":4,"href":"https:\/\/semmelweis.hu\/varosmajor\/wp-json\/wp\/v2\/pages\/3010\/revisions"}],"predecessor-version":[{"id":5732,"href":"https:\/\/semmelweis.hu\/varosmajor\/wp-json\/wp\/v2\/pages\/3010\/revisions\/5732"}],"up":[{"embeddable":true,"href":"https:\/\/semmelweis.hu\/varosmajor\/wp-json\/wp\/v2\/pages\/110"}],"wp:attachment":[{"href":"https:\/\/semmelweis.hu\/varosmajor\/wp-json\/wp\/v2\/media?parent=3010"}],"wp:term":[{"taxonomy":"category","embeddable":true,"href":"https:\/\/semmelweis.hu\/varosmajor\/wp-json\/wp\/v2\/categories?post=3010"},{"taxonomy":"post_tag","embeddable":true,"href":"https:\/\/semmelweis.hu\/varosmajor\/wp-json\/wp\/v2\/tags?post=3010"}],"curies":[{"name":"wp","href":"https:\/\/api.w.org\/{rel}","templated":true}]}}