{"id":287,"date":"2020-11-23T14:36:46","date_gmt":"2020-11-23T13:36:46","guid":{"rendered":"https:\/\/semmelweis.hu\/varosmajor\/?page_id=287"},"modified":"2024-09-06T10:45:00","modified_gmt":"2024-09-06T08:45:00","slug":"sziv-mr-vizsgalat","status":"publish","type":"page","link":"https:\/\/semmelweis.hu\/varosmajor\/gyogyitas\/kardiologia\/sziv-mr-vizsgalat\/","title":{"rendered":"Sz\u00edv MR vizsg\u00e1lat"},"content":{"rendered":"<h2>A vizsg\u00e1lat menete<\/h2>\n<p style=\"text-align: justify\">A kardiovaszkul\u00e1ris m\u00e1gneses rezonanci\u00e1s vizsg\u00e1lat az egyik legmodernebb nem-invaz\u00edv, sug\u00e1rterhel\u00e9ssel nem j\u00e1r\u00f3 kardiol\u00f3giai k\u00e9palkot\u00f3 elj\u00e1r\u00e1sa, amely seg\u00edts\u00e9g\u00e9vel, nagy felbont\u00f3k\u00e9pess\u00e9ggel \u00e1br\u00e1zolhat\u00f3 a sz\u00edv \u00e9s azt k\u00f6r\u00fclvev\u0151 mellkasi szervek anat\u00f3mi\u00e1ja.<\/p>\n<p style=\"text-align: justify\">Minden m\u00e1s k\u00e9palkot\u00f3 vizsg\u00e1latn\u00e1l \u00e9rz\u00e9kenyebben kimutathat\u00f3k a sz\u00edvizomzatot \u00e9rint\u0151 k\u00f3rfolyamatok \u00e9s kor\u00e1bbi k\u00e1rosod\u00e1sok maradv\u00e1nyai; ma m\u00e1r a rutin klinikai kardiol\u00f3gia szerves r\u00e9sze mind feln\u0151ttek, mind gyermekek eset\u00e9ben. Sz\u00edv MR vizsg\u00e1latot leggyakrabban koszor\u00fa\u00e9rbetegs\u00e9g talaj\u00e1n kialakult iszk\u00e9mi\u00e1s sz\u00edvbetegs\u00e9g, sz\u00edvburok \u00e9s sz\u00edvizombetegs\u00e9gek, velesz\u00fcletett fejl\u0151d\u00e9si rendelleness\u00e9gek, t\u00e9rfoglal\u00f3 folyamatok meg\u00edt\u00e9l\u00e9se c\u00e9lj\u00e1b\u00f3l v\u00e9gz\u00fcnk.<\/p>\n<p style=\"text-align: justify\">A sz\u00edv MR vizsg\u00e1lat \u00e1tlagosan egy \u00f3r\u00e1t vesz ig\u00e9nybe. A vizsg\u00e1lat sor\u00e1n sz\u00fcks\u00e9g lehet MR kontrasztanyag intrav\u00e9n\u00e1s ad\u00e1s\u00e1ra sz\u00edvizom elhal\u00e1s\/heg\/k\u00f6t\u0151sz\u00f6vetes elfajul\u00e1s (pl. sz\u00edvizom \u00e9letk\u00e9pess\u00e9g vizsg\u00e1lat), sz\u00edvizom v\u00e9rkering\u00e9si zavar (iszk\u00e9mia) azonos\u00edt\u00e1s\u00e1hoz, valamint a sz\u00edvben vagy sz\u00edv k\u00f6r\u00fcl elhelyezked\u0151 daganatok meg\u00edt\u00e9l\u00e9s\u00e9hez. Az MR kontrasztanyagfajt\u00e1k alapvet\u0151en elt\u00e9rnek a CT vizsg\u00e1latn\u00e1l \u00e9s sz\u00edvkat\u00e9terez\u00e9sn\u00e9l is haszn\u00e1latos j\u00f3d tartalm\u00fa kontrasztanyagokt\u00f3l, \u00edgy j\u00f3dos kontrasztanyag \u00e9rz\u00e9kenys\u00e9g eset\u00e9n is biztons\u00e1ggal alkalmazhat\u00f3k. A leggyakrabban haszn\u00e1lt MR kontrasztanyagok Gadol\u00edniumot tartalmaznak, mell\u00e9khat\u00e1ssal alig j\u00e1rnak. Jelent\u0151sen cs\u00f6kkent vesefunkci\u00f3 eset\u00e9n MR kontrasztanyag ad\u00e1sa is ellenjavallt, illetve er\u0151sen m\u00e9rlegelend\u0151.<\/p>\n<p style=\"text-align: justify\">Klinik\u00e1nkon rendelkez\u00e9s\u00fcnkre \u00e1ll egy speci\u00e1lis, er\u0151s m\u00e1gneses t\u00e9rben is m\u0171k\u00f6d\u0151 monitorrendszer, melyre s\u00falyos \u00e1llapot\u00fa betegek vizsg\u00e1lata sor\u00e1n, valamint a terhel\u00e9ses vizsg\u00e1latok biztons\u00e1gos kivitelez\u00e9s\u00e9hez sz\u00fcks\u00e9g lehet.<\/p>\n<h2>Mire figyeljen a beavatkoz\u00e1s el\u0151tt?<\/h2>\n<p style=\"text-align: justify\">A vizsg\u00e1latra hozza mag\u00e1val kor\u00e1bbi vizsg\u00e1lati eredm\u00e9nyeit, illetve vese funkci\u00f3s param\u00e9terekre vonatkoz\u00f3 laborat\u00f3riumi (GFR, kreatinin) lelet\u00e9t.<\/p>\n<p style=\"text-align: justify\">A beavatkoz\u00e1s el\u0151tti este nyugodtan \u00e9tkezhet, \u00e9s a vizsg\u00e1lat reggel\u00e9n is fogyaszthat k\u00f6nny\u0171 reggelit (7 \u00f3r\u00e1ig). \u00c1ltal\u00e1nos szab\u00e1ly, hogy a vizsg\u00e1latot megel\u0151z\u0151 3-4 \u00f3r\u00e1ban m\u00e1r nem szabad szil\u00e1rd t\u00e1pl\u00e1l\u00e9kot fogyasztani. Folyad\u00e9kot sz\u00fcks\u00e9gleteinek megfelel\u0151en napk\u00f6zben is fogyaszthat. Szok\u00e1sos gy\u00f3gyszereit nyugodtan beveheti!<\/p>\n<p style=\"text-align: justify\">Napjainkban nemcsak MR biztons\u00e1gos prot\u00e9zisek \u00e9s implant\u00e1tumok, hanem MR kond\u00edcion\u00e1lis pacemakerek \u00e9s implant\u00e1lhat\u00f3 defibrill\u00e1tor (ICD) is rendelkez\u00e9s\u00fcnkre \u00e1llnak, vizsg\u00e1latuk sor\u00e1n azonban speci\u00e1lis odafigyel\u00e9sre van sz\u00fcks\u00e9g ez\u00e9rt jelenl\u00e9t\u00fcket az MR vizsg\u00e1latra val\u00f3 bejelentkez\u00e9skor minden esetben jelezni sz\u00fcks\u00e9ges. F\u00e9mtartalm\u00fa implant\u00e1tum eset\u00e9n annak MR-biztons\u00e1goss\u00e1ga az err\u0151l sz\u00f3l\u00f3 dokument\u00e1ci\u00f3 seg\u00edts\u00e9g\u00e9vel a vizsg\u00e1latot megel\u0151z\u0151en tiszt\u00e1zand\u00f3. Klausztrof\u00f3bi\u00e1ra hajlamos betegekn\u00e9l a vizsg\u00e1lat kivitelez\u00e9se probl\u00e9m\u00e1t jelenthet, azonban a szorong\u00e1s n\u00e9mi felk\u00e9sz\u00fcl\u00e9ssel k\u00f6nnyen oldhat\u00f3 \u00e9s a vizsg\u00e1lat az esetek legnagyobb r\u00e9sz\u00e9ben elv\u00e9gezhet\u0151.<\/p>\n<p style=\"text-align: justify\">A V\u00e1rosmajori Sz\u00edv- \u00e9s \u00c9rgy\u00f3gy\u00e1szati Klinik\u00e1n 2019-ben \u00fczembe helyezett 1,5 Tesla t\u00e9rerej\u0171 MR berendez\u00e9ssel a teljes munkaid\u0151 50%-\u00e1ban sz\u00edv vizsg\u00e1latokat v\u00e9gz\u00fcnk, de emellett kiv\u00e1l\u00f3an alkalmas m\u00e1s t\u00edpus\u00fa vizsg\u00e1latok kivitelez\u00e9s\u00e9re is, pl. a perif\u00e9ri\u00e1s \u00e9rrendszert \u00e1br\u00e1zol\u00f3 \u00fan. MR-angiogr\u00e1fi\u00e1s vizsg\u00e1latok nagy felbont\u00e1s\u00fa kivitelez\u00e9s\u00e9hez \u00e9s ki\u00e9rt\u00e9kel\u00e9s\u00e9hez is megfelel\u0151 programokkal rendelkez\u00fcnk, ami a klinika \u00e9rseb\u00e9szeti profilj\u00e1nak ig\u00e9nyeit el\u00e9g\u00edti ki. Emellett ell\u00e1tjuk a Semmelweis Egyetem m\u00e1s int\u00e9zeteiben kezelt betegek MR vizsg\u00e1lati ig\u00e9nyeit is, els\u0151sorban mellkasi, hasi \u00e9s kismedencei vizsg\u00e1latok vonatkoz\u00e1s\u00e1ban, \u00e9s term\u00e9szetesen az MR vizsg\u00e1lat klasszikus indik\u00e1ci\u00f3j\u00e1t k\u00e9pez\u0151 koponya \u00e9s gerinc vizsg\u00e1latok is t\u00f6rt\u00e9nnek.<\/p>\n","protected":false},"excerpt":{"rendered":"<p>A vizsg\u00e1lat menete A kardiovaszkul\u00e1ris m\u00e1gneses rezonanci\u00e1s vizsg\u00e1lat az egyik legmodernebb nem-invaz\u00edv, sug\u00e1rterhel\u00e9ssel nem j\u00e1r\u00f3 kardiol\u00f3giai k\u00e9palkot\u00f3 elj\u00e1r\u00e1sa, amely seg\u00edts\u00e9g\u00e9vel, nagy felbont\u00f3k\u00e9pess\u00e9ggel \u00e1br\u00e1zolhat\u00f3 a sz\u00edv \u00e9s azt k\u00f6r\u00fclvev\u0151 mellkasi szervek anat\u00f3mi\u00e1ja. Minden m\u00e1s k\u00e9palkot\u00f3 vizsg\u00e1latn\u00e1l \u00e9rz\u00e9kenyebben kimutathat\u00f3k a sz\u00edvizomzatot \u00e9rint\u0151 k\u00f3rfolyamatok \u00e9s kor\u00e1bbi k\u00e1rosod\u00e1sok maradv\u00e1nyai; ma m\u00e1r a rutin klinikai kardiol\u00f3gia szerves r\u00e9sze mind feln\u0151ttek, &hellip;<\/p>\n","protected":false},"author":101737,"featured_media":0,"parent":110,"menu_order":6,"comment_status":"closed","ping_status":"closed","template":"","meta":{"_acf_changed":false,"footnotes":""},"categories":[],"tags":[],"class_list":["post-287","page","type-page","status-publish","hentry"],"acf":[],"_links":{"self":[{"href":"https:\/\/semmelweis.hu\/varosmajor\/wp-json\/wp\/v2\/pages\/287","targetHints":{"allow":["GET"]}}],"collection":[{"href":"https:\/\/semmelweis.hu\/varosmajor\/wp-json\/wp\/v2\/pages"}],"about":[{"href":"https:\/\/semmelweis.hu\/varosmajor\/wp-json\/wp\/v2\/types\/page"}],"author":[{"embeddable":true,"href":"https:\/\/semmelweis.hu\/varosmajor\/wp-json\/wp\/v2\/users\/101737"}],"replies":[{"embeddable":true,"href":"https:\/\/semmelweis.hu\/varosmajor\/wp-json\/wp\/v2\/comments?post=287"}],"version-history":[{"count":4,"href":"https:\/\/semmelweis.hu\/varosmajor\/wp-json\/wp\/v2\/pages\/287\/revisions"}],"predecessor-version":[{"id":5731,"href":"https:\/\/semmelweis.hu\/varosmajor\/wp-json\/wp\/v2\/pages\/287\/revisions\/5731"}],"up":[{"embeddable":true,"href":"https:\/\/semmelweis.hu\/varosmajor\/wp-json\/wp\/v2\/pages\/110"}],"wp:attachment":[{"href":"https:\/\/semmelweis.hu\/varosmajor\/wp-json\/wp\/v2\/media?parent=287"}],"wp:term":[{"taxonomy":"category","embeddable":true,"href":"https:\/\/semmelweis.hu\/varosmajor\/wp-json\/wp\/v2\/categories?post=287"},{"taxonomy":"post_tag","embeddable":true,"href":"https:\/\/semmelweis.hu\/varosmajor\/wp-json\/wp\/v2\/tags?post=287"}],"curies":[{"name":"wp","href":"https:\/\/api.w.org\/{rel}","templated":true}]}}