{"id":285,"date":"2020-11-23T14:36:34","date_gmt":"2020-11-23T13:36:34","guid":{"rendered":"https:\/\/semmelweis.hu\/varosmajor\/?page_id=285"},"modified":"2024-09-06T10:43:10","modified_gmt":"2024-09-06T08:43:10","slug":"sziv-ct-vizsgalat","status":"publish","type":"page","link":"https:\/\/semmelweis.hu\/varosmajor\/gyogyitas\/kardiologia\/sziv-ct-vizsgalat\/","title":{"rendered":"Sz\u00edv CT vizsg\u00e1lat"},"content":{"rendered":"<h2>A vizsg\u00e1lat menete<\/h2>\n<p style=\"text-align: justify\">A koszor\u00fa\u00e9r-betegs\u00e9g diagnosztik\u00e1j\u00e1nak jelenlegi alapvet\u0151 (\u201egold standard\u201d) m\u00f3dszere az art\u00e9ri\u00e1s behatol\u00e1son kereszt\u00fcl v\u00e9gzett sz\u00edvkat\u00e9terez\u00e9s. A sz\u00edvkat\u00e9terez\u00e9s invaz\u00edv beavatkoz\u00e1s, \u00e9s b\u00e1r azt ma m\u00e1r igen nagy gyakorlattal v\u00e9gzik, m\u00e9gis, a m\u00f3dszernek j\u00f3l ismert kock\u00e1zata van. A sz\u00edv CT lehet\u0151s\u00e9get ad a koszor\u00faerek \u00e1llapot\u00e1nak vizsg\u00e1lat\u00e1ra non-invaz\u00edv m\u00f3don. A vizsg\u00e1lat seg\u00edts\u00e9g\u00e9vel az \u00e9relmeszesed\u00e9s igen korai jelei is felismerhet\u0151k lehet\u0151s\u00e9get adva a betegs\u00e9g el\u0151rehalad\u00e1s\u00e1t lass\u00edt\u00f3 megel\u0151z\u0151 ter\u00e1pia bevezet\u00e9s\u00e9re, illetve alkalmas a potenci\u00e1lisan sz\u0171k\u00fcletet okoz\u00f3 \u00e9rlerak\u00f3d\u00e1sok (\u201eplakkok\u201d) diagnosztik\u00e1j\u00e1ra. Az ut\u00f3bbi esetben k\u00e9s\u0151bb sz\u00edvkat\u00e9terez\u00e9sre is sor ker\u00fclhet a sz\u0171k\u00fclet egy\u00e9rtelm\u0171 igazol\u00e1s\u00e1ra, illetve sz\u00fcks\u00e9g eset\u00e9n t\u00e1g\u00edt\u00e1s\u00e1ra.<\/p>\n<p style=\"text-align: justify\">Ezen fel\u00fcl nagy sz\u00e1m\u00fa sz\u00edv CT vizsg\u00e1latot v\u00e9gz\u00fcnk az \u00fa.n. abl\u00e1ci\u00f3s beavatkoz\u00e1sok el\u0151tt, ahol is t\u00e9rk\u00e9p k\u00e9sz\u00fcl az abl\u00e1ci\u00f3s ter\u00fcletr\u0151l, mely a beavatkoz\u00e1s min\u00e9l prec\u00edzebb elv\u00e9gz\u00e9s\u00e9t seg\u00edti el\u0151. Ilyenkor egy id\u0151ben sor ker\u00fcl a koszor\u00faerek \u00e1llapot\u00e1nak felm\u00e9r\u00e9s\u00e9re is.<\/p>\n<h2>Mire figyeljen a beavatkoz\u00e1s el\u0151tt?<\/h2>\n<p style=\"text-align: justify\">A beavatkoz\u00e1s el\u0151tti este nyugodtan \u00e9tkezhet, \u00e9s a vizsg\u00e1lat napj\u00e1n az el\u0151jegyezett id\u0151pont el\u0151tt 4 \u00f3r\u00e1val is lehet\u0151s\u00e9ge van k\u00f6nny\u0171 \u00e9tkez\u00e9sre. Szok\u00e1sos reggeli gy\u00f3gyszereit nyugodtan beveheti! A vizsg\u00e1lat napj\u00e1n b\u0151s\u00e9ges folyad\u00e9kbevitel (lehet\u0151s\u00e9g szerint v\u00edz) aj\u00e1nlott!<\/p>\n<p style=\"text-align: justify\"><strong>Kontrasztanyag allergia: <\/strong>Amennyiben \u00d6nnek kor\u00e1bban b\u00e1rmilyen kontrasztanyaggal szemben allergi\u00e1s reakci\u00f3ja alakult ki, k\u00e9rj\u00fck a vizsg\u00e1latot megel\u0151z\u0151en mindenk\u00e9ppen jelezze!<\/p>\n<p style=\"text-align: justify\"><strong>Bizonyos gy\u00f3gyszerek szed\u00e9s\u00e9t a vizsg\u00e1lat el\u0151tt fel kell f\u00fcggeszteni:<\/strong><\/p>\n<ul style=\"text-align: justify\">\n<li><strong>Metformin tartalm\u00fa gy\u00f3gyszerek:<\/strong> A cukorbetegs\u00e9g kezel\u00e9s\u00e9hez haszn\u00e1lt metformin tartalm\u00fa gy\u00f3gyszerek szed\u00e9s\u00e9t 48 \u00f3r\u00e1val a beavatkoz\u00e1s el\u0151tt abba kell hagyni. Ilyenek t\u00f6bbek k\u00f6z\u00f6tt a k\u00f6vetkez\u0151 k\u00e9sz\u00edtm\u00e9nyek: Merckformin, Adimet, Meforal, Avandamet, Gluformin, Meglucon, Metfogamma, Metrivin, Xigduo, Synjardy. A gy\u00f3gyszer esetleges helyettes\u00edt\u00e9s\u00e9t szint\u00e9n kezel\u0151orvos\u00e1val kell, hogy megbesz\u00e9lje.<\/li>\n<\/ul>\n<p style=\"text-align: justify\">\u00a0<\/p>\n<p style=\"text-align: justify\">Sz\u00edv CT vizsg\u00e1latra jelentkezni legegyszer\u0171bben az al\u00e1bbi linken el\u00e9rhet\u0151 \u0171rlap kit\u00f6lt\u00e9s\u00e9vel lehets\u00e9ges:<\/p>\n<p><a class=\"button\" href=\"https:\/\/forms.gle\/wLX3n8bCgq87XDf16\" target=\"_blank\" rel=\"noopener noreferrer\">ID\u0150PONTK\u00c9R\u0150 \u0170RLAP<\/a><\/p>\n<p>A vizsg\u00e1lathoz k\u00e9rj\u00fck kit\u00f6lteni a<a href=\"https:\/\/semmelweis.hu\/varosmajor\/betegellatas\/radiologia\/vizsgalat-kerese\/\" target=\"_blank\" rel=\"noopener noreferrer\">\u00a0Sz\u00edv-CT k\u00e9r\u0151lapot<\/a> is.<\/p>\n","protected":false},"excerpt":{"rendered":"<p>A vizsg\u00e1lat menete A koszor\u00fa\u00e9r-betegs\u00e9g diagnosztik\u00e1j\u00e1nak jelenlegi alapvet\u0151 (\u201egold standard\u201d) m\u00f3dszere az art\u00e9ri\u00e1s behatol\u00e1son kereszt\u00fcl v\u00e9gzett sz\u00edvkat\u00e9terez\u00e9s. A sz\u00edvkat\u00e9terez\u00e9s invaz\u00edv beavatkoz\u00e1s, \u00e9s b\u00e1r azt ma m\u00e1r igen nagy gyakorlattal v\u00e9gzik, m\u00e9gis, a m\u00f3dszernek j\u00f3l ismert kock\u00e1zata van. A sz\u00edv CT lehet\u0151s\u00e9get ad a koszor\u00faerek \u00e1llapot\u00e1nak vizsg\u00e1lat\u00e1ra non-invaz\u00edv m\u00f3don. A vizsg\u00e1lat seg\u00edts\u00e9g\u00e9vel az \u00e9relmeszesed\u00e9s igen korai &hellip;<\/p>\n","protected":false},"author":101737,"featured_media":0,"parent":110,"menu_order":5,"comment_status":"closed","ping_status":"closed","template":"","meta":{"_acf_changed":false,"footnotes":""},"categories":[],"tags":[],"class_list":["post-285","page","type-page","status-publish","hentry"],"acf":[],"_links":{"self":[{"href":"https:\/\/semmelweis.hu\/varosmajor\/wp-json\/wp\/v2\/pages\/285","targetHints":{"allow":["GET"]}}],"collection":[{"href":"https:\/\/semmelweis.hu\/varosmajor\/wp-json\/wp\/v2\/pages"}],"about":[{"href":"https:\/\/semmelweis.hu\/varosmajor\/wp-json\/wp\/v2\/types\/page"}],"author":[{"embeddable":true,"href":"https:\/\/semmelweis.hu\/varosmajor\/wp-json\/wp\/v2\/users\/101737"}],"replies":[{"embeddable":true,"href":"https:\/\/semmelweis.hu\/varosmajor\/wp-json\/wp\/v2\/comments?post=285"}],"version-history":[{"count":9,"href":"https:\/\/semmelweis.hu\/varosmajor\/wp-json\/wp\/v2\/pages\/285\/revisions"}],"predecessor-version":[{"id":5730,"href":"https:\/\/semmelweis.hu\/varosmajor\/wp-json\/wp\/v2\/pages\/285\/revisions\/5730"}],"up":[{"embeddable":true,"href":"https:\/\/semmelweis.hu\/varosmajor\/wp-json\/wp\/v2\/pages\/110"}],"wp:attachment":[{"href":"https:\/\/semmelweis.hu\/varosmajor\/wp-json\/wp\/v2\/media?parent=285"}],"wp:term":[{"taxonomy":"category","embeddable":true,"href":"https:\/\/semmelweis.hu\/varosmajor\/wp-json\/wp\/v2\/categories?post=285"},{"taxonomy":"post_tag","embeddable":true,"href":"https:\/\/semmelweis.hu\/varosmajor\/wp-json\/wp\/v2\/tags?post=285"}],"curies":[{"name":"wp","href":"https:\/\/api.w.org\/{rel}","templated":true}]}}