{"id":283,"date":"2020-11-23T14:36:24","date_gmt":"2020-11-23T13:36:24","guid":{"rendered":"https:\/\/semmelweis.hu\/varosmajor\/?page_id=283"},"modified":"2023-11-24T14:54:22","modified_gmt":"2023-11-24T13:54:22","slug":"rehabilitacio-utogondozas","status":"publish","type":"page","link":"https:\/\/semmelweis.hu\/varosmajor\/gyogyitas\/kardiologia\/rehabilitacio-utogondozas\/","title":{"rendered":"Rehabilit\u00e1ci\u00f3, ut\u00f3gondoz\u00e1s"},"content":{"rendered":"<h2 style=\"text-align: justify\">Kardiovaszkul\u00e1ris rehabilit\u00e1ci\u00f3, ut\u00f3gondoz\u00e1s<\/h2>\n<p style=\"text-align: justify\">Ezen az oldalon arr\u00f3l lesz sz\u00f3, amir\u0151l a rem\u00e9lhet\u0151leg r\u00f6vid k\u00f3rh\u00e1zi kezel\u00e9se sor\u00e1n nem, vagy alig. A j\u00f6v\u0151j\u00e9r\u0151l az akt\u00edv k\u00f3rh\u00e1zi kezel\u00e9s ut\u00e1n. Hogy valami baj t\u00f6rt\u00e9nt \u00d6nnel az tagadhatatlan. Az \u00e9lete, eg\u00e9szs\u00e9ge ker\u00fclt vesz\u00e9lybe! Ugyanakkor ez az esem\u00e9ny egy kit\u00fcntetett pillanat is lehet az \u00e9let\u00e9ben, amikor minden megv\u00e1ltozhat \u00e9s a \u201erehabilit\u00e1ci\u00f3\u201d sz\u00f3t t\u00e1gabban \u00e9rtelmezve, k\u00e9pess\u00e9geinek \u00fajra birtok\u00e1ba juthat!<\/p>\n<p style=\"text-align: justify\">Seg\u00edt\u00fcnk, mert, ha \u00f6n sz\u00edvinfarktussal, vagy fenyeget\u0151 sz\u00edvinfarktussal ker\u00fcl be az Int\u00e9zet\u00fcnkbe a legmodernebb eszk\u00f6z\u00f6kkel \u00e9s orvosi technik\u00e1kkal, val\u00f3ban vil\u00e1gsz\u00ednvonalon el tudjuk l\u00e1tni, j\u00f3 es\u00e9llyel megmentj\u00fck az \u00e9let\u00e9t, megteremtj\u00fck a lehet\u0151s\u00e9g\u00e9t, hogy a j\u00f6v\u0151ben a koszor\u00fa\u00e9r betegs\u00e9g t\u00fcnetei n\u00e9lk\u00fcl, vagy a lehet\u0151 legkevesebb t\u00fcnetet elszenvedve \u00e9lhessen. Ha \u00f6nnek lass\u00fa, vagy gyors sz\u00edvm\u0171k\u00f6d\u00e9ssel j\u00e1r\u00f3 ritmuszavara van, az ezzel foglalkoz\u00f3 orvos csoport, ugyancsak vil\u00e1gszerte elismert tud\u00e1ssal l\u00e1tja el sz\u00edvkat\u00e9teres beavatkoz\u00e1s sor\u00e1n, gy\u00f3gyszeres ter\u00e1pi\u00e1val, vagy ritmusszab\u00e1lyoz\u00f3 k\u00e9sz\u00fcl\u00e9k be\u00fcltet\u00e9s\u00e9vel, esetleg a fenti gy\u00f3gym\u00f3dok kombin\u00e1l\u00e1s\u00e1val.<\/p>\n<p style=\"text-align: justify\">\u00d6n orvosi javaslattal t\u00e1vozik a k\u00f3rh\u00e1zb\u00f3l, z\u00e1r\u00f3jelent\u00e9s\u00e9n r\u00e9szletezz\u00fck, hogy milyen gy\u00f3gyszereket kell szednie, megel\u0151zend\u0151 egy k\u00f6vetkez\u0151 megbeteged\u00e9st. Azon betegeinkn\u00e9l, akiket sz\u00edvinfarktussal kezelt\u00fcnk gyakran aj\u00e1nlunk m\u00e9g rehabilit\u00e1ci\u00f3s kezel\u00e9st m\u00e1s int\u00e9zm\u00e9nyekben. Itt a gy\u00f3gyszerek tov\u00e1bbi \u00e1ll\u00edt\u00e1s\u00e1ra van m\u00f3d, illetve a miel\u0151bbi teljes fel\u00e9p\u00fcl\u00e9st \u00e9s hossz\u00fa eg\u00e9szs\u00e9get szolg\u00e1l\u00f3 \u00e9letm\u00f3dtan\u00e1csad\u00e1s t\u00f6rt\u00e9nik gy\u00f3gytorn\u00e1sz, dietetikus \u00e9s egy\u00e9b eg\u00e9szs\u00e9g\u00fcgyi szakemberek bevon\u00e1s\u00e1val.<\/p>\n<p style=\"text-align: justify\">A z\u00e1r\u00f3jelent\u00e9s v\u00e9g\u00e9n r\u00e9szletezz\u00fck az esed\u00e9kes kontrollvizsg\u00e1lat id\u0151pontj\u00e1t Int\u00e9zet\u00fcnkben. Jellemz\u0151en konkr\u00e9t id\u0151pont nincsen el\u0151re foglalva, \u00edgy \u00d6nnek sz\u00fcks\u00e9ges a megadott el\u0151jegyz\u00e9si telefonsz\u00e1mon id\u0151pontot k\u00e9rnie Koll\u00e9g\u00e1nkhoz. Az ambul\u00e1ns viziten lehet\u0151s\u00e9g\u00fcnk van a gy\u00f3gyszerel\u00e9s ellen\u0151rz\u00e9s\u00e9re \u00e9s esetleges m\u00f3dos\u00edt\u00e1s\u00e1ra, illetve olyan speci\u00e1lis vizsg\u00e1latokra (pl. pacemaker telep lek\u00e9rdez\u00e9se, sz\u00edvultrahang vizsg\u00e1lat), mely Centrumunk eszk\u00f6zt\u00e1r\u00e1hoz \u00e9s szakemberg\u00e1rd\u00e1j\u00e1hoz k\u00f6t\u00f6tt.<\/p>\n","protected":false},"excerpt":{"rendered":"<p>Kardiovaszkul\u00e1ris rehabilit\u00e1ci\u00f3, ut\u00f3gondoz\u00e1s Ezen az oldalon arr\u00f3l lesz sz\u00f3, amir\u0151l a rem\u00e9lhet\u0151leg r\u00f6vid k\u00f3rh\u00e1zi kezel\u00e9se sor\u00e1n nem, vagy alig. A j\u00f6v\u0151j\u00e9r\u0151l az akt\u00edv k\u00f3rh\u00e1zi kezel\u00e9s ut\u00e1n. Hogy valami baj t\u00f6rt\u00e9nt \u00d6nnel az tagadhatatlan. Az \u00e9lete, eg\u00e9szs\u00e9ge ker\u00fclt vesz\u00e9lybe! Ugyanakkor ez az esem\u00e9ny egy kit\u00fcntetett pillanat is lehet az \u00e9let\u00e9ben, amikor minden megv\u00e1ltozhat \u00e9s a \u201erehabilit\u00e1ci\u00f3\u201d &hellip;<\/p>\n","protected":false},"author":101737,"featured_media":0,"parent":110,"menu_order":8,"comment_status":"closed","ping_status":"closed","template":"","meta":{"_acf_changed":false,"footnotes":""},"categories":[],"tags":[],"class_list":["post-283","page","type-page","status-publish","hentry"],"acf":[],"_links":{"self":[{"href":"https:\/\/semmelweis.hu\/varosmajor\/wp-json\/wp\/v2\/pages\/283","targetHints":{"allow":["GET"]}}],"collection":[{"href":"https:\/\/semmelweis.hu\/varosmajor\/wp-json\/wp\/v2\/pages"}],"about":[{"href":"https:\/\/semmelweis.hu\/varosmajor\/wp-json\/wp\/v2\/types\/page"}],"author":[{"embeddable":true,"href":"https:\/\/semmelweis.hu\/varosmajor\/wp-json\/wp\/v2\/users\/101737"}],"replies":[{"embeddable":true,"href":"https:\/\/semmelweis.hu\/varosmajor\/wp-json\/wp\/v2\/comments?post=283"}],"version-history":[{"count":4,"href":"https:\/\/semmelweis.hu\/varosmajor\/wp-json\/wp\/v2\/pages\/283\/revisions"}],"predecessor-version":[{"id":4027,"href":"https:\/\/semmelweis.hu\/varosmajor\/wp-json\/wp\/v2\/pages\/283\/revisions\/4027"}],"up":[{"embeddable":true,"href":"https:\/\/semmelweis.hu\/varosmajor\/wp-json\/wp\/v2\/pages\/110"}],"wp:attachment":[{"href":"https:\/\/semmelweis.hu\/varosmajor\/wp-json\/wp\/v2\/media?parent=283"}],"wp:term":[{"taxonomy":"category","embeddable":true,"href":"https:\/\/semmelweis.hu\/varosmajor\/wp-json\/wp\/v2\/categories?post=283"},{"taxonomy":"post_tag","embeddable":true,"href":"https:\/\/semmelweis.hu\/varosmajor\/wp-json\/wp\/v2\/tags?post=283"}],"curies":[{"name":"wp","href":"https:\/\/api.w.org\/{rel}","templated":true}]}}