{"id":281,"date":"2020-11-23T14:36:11","date_gmt":"2020-11-23T13:36:11","guid":{"rendered":"https:\/\/semmelweis.hu\/varosmajor\/?page_id=281"},"modified":"2026-02-12T09:20:05","modified_gmt":"2026-02-12T08:20:05","slug":"kateteres-aorta-billentyu-beultetes-tavi","status":"publish","type":"page","link":"https:\/\/semmelweis.hu\/varosmajor\/gyogyitas\/kardiologia\/kateteres-aorta-billentyu-beultetes-tavi\/","title":{"rendered":"Kat\u00e9teres aorta billenty\u0171 be\u00fcltet\u00e9s (TAVI)"},"content":{"rendered":"<h2>Betegt\u00e1j\u00e9koztat\u00f3<\/h2>\n<div class=\"keretes\">\n<p><strong>T\u00e1j\u00e9koztat\u00f3 a k\u00f6zponti TAVI-refer\u00e1l\u00e1si rendszer bevezet\u00e9s\u00e9r\u0151l<\/strong><\/p>\n<p><span style=\"color: #ff0000\"><strong>CSAK ORVOSOKNAK<\/strong><\/span><\/p>\n<p>A <strong>TAVI v\u00e1r\u00f3list\u00e1ra ker\u00fcl\u00e9s folyamat\u00e1nak optimaliz\u00e1l\u00e1sa<\/strong> \u00e9s a betegutak egyszer\u0171s\u00edt\u00e9se \u00e9rdek\u00e9ben a Semmelweis Egyetem VSZ\u00c9K 2026 m\u00e1rcius\u00e1t\u00f3l k\u00f6zponti online betegrefer\u00e1l\u00e1si rendszert vezet be.<\/p>\n<p><span style=\"color: #ff0000\">Kattintson <a href=\"https:\/\/semmelweis.hu\/varosmajor\/gyogyitas\/kardiologia\/kateteres-aorta-billentyu-beultetes-tavi\/tajekoztato-a-kozponti-tavi-referalasi-rendszer-bevezeteserol\/\">IDE<\/a><\/span><\/p>\n<\/div>\n<h2>A beavatkoz\u00e1s menete<\/h2>\n<p style=\"text-align: justify\">Az aorta billenty\u0171 sz\u0171k\u00fclete (aorta szten\u00f3zis) a leggyakoribb billenty\u0171betegs\u00e9g, \u00e9s az id\u0151s\u00f6d\u0151 t\u00e1rsadalmakban egyre gyakoribb az el\u0151fordul\u00e1sa. A betegs\u00e9g egyetlen hat\u00e9kony ter\u00e1pi\u00e1ja az aortabillenty\u0171 cser\u00e9je, azonban ez hagyom\u00e1nyosan kiz\u00e1r\u00f3lag egy jelent\u0151s megterhel\u00e9st jelent\u0151 nyitott sz\u00edvm\u0171t\u00e9ttel volt lehets\u00e9ges. A sz\u00edvgy\u00f3gy\u00e1szat eszk\u00f6zt\u00e1r\u00e1nak egyik \u00e1tt\u00f6r\u0151 \u00faj\u00edt\u00e1sa a kat\u00e9teres aorta billenty\u0171 \u00e1t\u00fcltet\u00e9s (transcatheter aortic valve implantation \u2013 TAVI): ezen beavatkoz\u00e1s lehet\u0151s\u00e9get ny\u00fajt olyan id\u0151s \u00e9s\/vagy sz\u00e1mos t\u00e1rsbetegs\u00e9ggel b\u00edr\u00f3 p\u00e1ciensek aorta billenty\u0171 cser\u00e9j\u00e9re, ahol a hagyom\u00e1nyos nyitott sz\u00edvm\u0171t\u00e9t nem, vagy csak igen magas kock\u00e1zattal lenne kivitelezhet\u0151.<\/p>\n<p style=\"text-align: justify\">Amennyiben \u00d6nn\u00e9l s\u00falyos fok\u00fa aorta billenty\u0171 sz\u0171k\u00fcletet diagnosztiz\u00e1lnak, \u00fagy kezel\u0151orvosa refer\u00e1lhatja az esetet Int\u00e9zet\u00fcnkbe. Els\u0151 k\u00f6rben egy ambul\u00e1ns vizittel \u00f6sszek\u00f6t\u00f6tt speci\u00e1lis sz\u00edvultrahang vizsg\u00e1lat t\u00f6rt\u00e9nik, melyen Koll\u00e9g\u00e1ink felm\u00e9rik, hogy a nyitott m\u0171t\u00e9t vagy pedig a kat\u00e9teres megold\u00e1s el\u0151ny\u00f6sebb-e az \u00d6n sz\u00e1m\u00e1ra. Mindk\u00e9t esetben sz\u00e1mos egy\u00e9b vizsg\u00e1lat elv\u00e9gz\u00e9se sz\u00fcks\u00e9ges a m\u0171t\u00e9t napj\u00e1ig, melyekkel kapcsolatban r\u00e9szletesen t\u00e1j\u00e9koztatjuk.<\/p>\n<p style=\"text-align: justify\">Maga a beavatkoz\u00e1s fel\u00fcletes altat\u00e1sban t\u00f6rt\u00e9nik, mely el\u00e9gs\u00e9ges ahhoz, hogy a m\u0171t\u00e9t \u00e9rdemi f\u00e1jdalommal ne j\u00e1rjon, azonban egy \u201ehagyom\u00e1nyos\u201d m\u0171t\u00e9ti altat\u00e1sn\u00e1l kev\u00e9sb\u00e9 terheli meg a szervezetet. A be\u00fcltet\u00e9s sor\u00e1n a szervezet egy nagy ver\u0151er\u00e9n (leggyakrabban a combver\u0151\u00e9ren) kereszt\u00fcl vezetj\u00fck fel a m\u0171billenty\u0171t tartalmaz\u00f3 kat\u00e9tert. Napjainkban ez jellemz\u0151en egy b\u0151r\u00f6n kereszt\u00fcli sz\u00far\u00e1ssal kivitelezhet\u0151, alkalmank\u00e9nt azonban kisebb seb\u00e9szi felt\u00e1r\u00e1sra is sz\u00fcks\u00e9g lehet. R\u00f6ntgensug\u00e1r seg\u00edts\u00e9g\u00e9vel keress\u00fck fel az ide\u00e1lis poz\u00edci\u00f3t, majd kinyitva a m\u0171billenty\u0171t annak kerete az elmeszesedett, besz\u0171k\u00fclt billenty\u0171 hely\u00e9n r\u00f6gz\u00fcl.<\/p>\n<p style=\"text-align: justify\">A m\u0171t\u00e9tet k\u00f6vet\u0151en \u00d6nnek legal\u00e1bb 4-5 nap bentfekv\u00e9ssel kell sz\u00e1molnia, amikor is m\u00e9g szorosabban megfigyelj\u00fck, illetve be\u00e1ll\u00edtjuk a sz\u00fcks\u00e9ges gy\u00f3gyszeres kezel\u00e9s\u00e9t. Ezt k\u00f6vet\u0151en azonban ha a lehet\u0151s\u00e9gek engedik otthon\u00e1ba, vagy ig\u00e9ny eset\u00e9n rehabilit\u00e1ci\u00f3s kezel\u00e9sre bocs\u00e1jtjuk.<\/p>\n<h2>Mire figyeljen a beavatkoz\u00e1s el\u0151tt?<\/h2>\n<p style=\"text-align: justify\">\u00d6nnek a beavatkoz\u00e1s el\u0151tti napon sz\u00fcks\u00e9ges Int\u00e9zet\u00fcnkbe \u00e9rkeznie, \u00edgy a befekv\u00e9s el\u0151tt nincsen semmilyen \u00e9tkez\u00e9si megk\u00f6t\u00e9s.<\/p>\n<p style=\"text-align: justify\"><strong>Bizonyos gy\u00f3gyszerek szed\u00e9s\u00e9t a vizsg\u00e1lat el\u0151tt fel kell f\u00fcggeszteni:<\/strong><\/p>\n<ul>\n<li><strong>V\u00e9rh\u00edg\u00edt\u00f3 kezel\u00e9s<\/strong>. Ha \u00d6n ilyen jelleg\u0171 gy\u00f3gyszert szed, ezt a gy\u00f3gyszer hat\u00f3anyag\u00e1t\u00f3l f\u00fcgg\u0151en a beavatkoz\u00e1s el\u0151tti napokban fel kell f\u00fcggeszteni, mert k\u00fcl\u00f6nben a fokozott v\u00e9rz\u00e9svesz\u00e9ly miatt a beavatkoz\u00e1st nem tudjuk elv\u00e9gezni!\n<ul>\n<li style=\"text-align: justify\"><strong>Syncumar, Marfarin<\/strong>: a beavatkoz\u00e1s el\u0151tt 3 nappal sz\u00fcks\u00e9ges elhagyni<\/li>\n<li style=\"text-align: justify\"><strong>Xarelto, Lixiana, Pradaxa, Eliquis<\/strong>: a beavatkoz\u00e1s el\u0151tti 2 nappal vegye be utolj\u00e1ra<\/li>\n<\/ul>\n<\/li>\n<\/ul>\n<p><a href=\"https:\/\/semmelweis.hu\/varosmajor\/files\/2024\/08\/TAVI-Betegtajekoztato-2024.08.01.pdf\">Betegt\u00e1j\u00e9koztat\u00f3- TAVI<\/a><\/p>\n","protected":false},"excerpt":{"rendered":"<p>Betegt\u00e1j\u00e9koztat\u00f3 T\u00e1j\u00e9koztat\u00f3 a k\u00f6zponti TAVI-refer\u00e1l\u00e1si rendszer bevezet\u00e9s\u00e9r\u0151l CSAK ORVOSOKNAK A TAVI v\u00e1r\u00f3list\u00e1ra ker\u00fcl\u00e9s folyamat\u00e1nak optimaliz\u00e1l\u00e1sa \u00e9s a betegutak egyszer\u0171s\u00edt\u00e9se \u00e9rdek\u00e9ben a Semmelweis Egyetem VSZ\u00c9K 2026 m\u00e1rcius\u00e1t\u00f3l k\u00f6zponti online betegrefer\u00e1l\u00e1si rendszert vezet be. Kattintson <a href=\"https:\/\/semmelweis.hu\/varosmajor\/gyogyitas\/kardiologia\/kateteres-aorta-billentyu-beultetes-tavi\/tajekoztato-a-kozponti-tavi-referalasi-rendszer-bevezeteserol\/\">IDE<\/a> A beavatkoz\u00e1s menete Az aorta billenty\u0171 sz\u0171k\u00fclete (aorta szten\u00f3zis) a leggyakoribb billenty\u0171betegs\u00e9g, \u00e9s az id\u0151s\u00f6d\u0151 t\u00e1rsadalmakban egyre gyakoribb az el\u0151fordul\u00e1sa. A betegs\u00e9g &hellip;<\/p>\n","protected":false},"author":101737,"featured_media":0,"parent":110,"menu_order":4,"comment_status":"closed","ping_status":"closed","template":"","meta":{"_acf_changed":false,"footnotes":""},"categories":[],"tags":[],"class_list":["post-281","page","type-page","status-publish","hentry"],"acf":[],"_links":{"self":[{"href":"https:\/\/semmelweis.hu\/varosmajor\/wp-json\/wp\/v2\/pages\/281","targetHints":{"allow":["GET"]}}],"collection":[{"href":"https:\/\/semmelweis.hu\/varosmajor\/wp-json\/wp\/v2\/pages"}],"about":[{"href":"https:\/\/semmelweis.hu\/varosmajor\/wp-json\/wp\/v2\/types\/page"}],"author":[{"embeddable":true,"href":"https:\/\/semmelweis.hu\/varosmajor\/wp-json\/wp\/v2\/users\/101737"}],"replies":[{"embeddable":true,"href":"https:\/\/semmelweis.hu\/varosmajor\/wp-json\/wp\/v2\/comments?post=281"}],"version-history":[{"count":10,"href":"https:\/\/semmelweis.hu\/varosmajor\/wp-json\/wp\/v2\/pages\/281\/revisions"}],"predecessor-version":[{"id":14703,"href":"https:\/\/semmelweis.hu\/varosmajor\/wp-json\/wp\/v2\/pages\/281\/revisions\/14703"}],"up":[{"embeddable":true,"href":"https:\/\/semmelweis.hu\/varosmajor\/wp-json\/wp\/v2\/pages\/110"}],"wp:attachment":[{"href":"https:\/\/semmelweis.hu\/varosmajor\/wp-json\/wp\/v2\/media?parent=281"}],"wp:term":[{"taxonomy":"category","embeddable":true,"href":"https:\/\/semmelweis.hu\/varosmajor\/wp-json\/wp\/v2\/categories?post=281"},{"taxonomy":"post_tag","embeddable":true,"href":"https:\/\/semmelweis.hu\/varosmajor\/wp-json\/wp\/v2\/tags?post=281"}],"curies":[{"name":"wp","href":"https:\/\/api.w.org\/{rel}","templated":true}]}}