{"id":2803,"date":"2021-03-01T10:34:24","date_gmt":"2021-03-01T09:34:24","guid":{"rendered":"https:\/\/semmelweis.hu\/varosmajor\/?page_id=2803"},"modified":"2024-09-10T10:40:32","modified_gmt":"2024-09-10T08:40:32","slug":"neurokardiologiai-kutatocsoport","status":"publish","type":"page","link":"https:\/\/semmelweis.hu\/varosmajor\/kutatas\/kardiologia\/neurokardiologiai-kutatocsoport\/","title":{"rendered":"Neurokardiol\u00f3giai Kutat\u00f3csoport"},"content":{"rendered":"<p style=\"text-align: justify\">A <em>nyitott foramen ovale (PFO)<\/em> az \u00e1tlagpopul\u00e1ci\u00f3 25%-\u00e1ban el\u0151fordul\u00f3, jelent\u00e9ktelen interatrialis s\u00f6nt, mely legt\u00f6bbsz\u00f6r mell\u00e9kleletk\u00e9nt ker\u00fcl felfedez\u00e9sre \u00e9s teend\u0151t nem ig\u00e9nyel. Azonban a PFO bizonyos hemodinamikai k\u00f6r\u00fclm\u00e9nyek \u00e9s egy\u00e9b t\u00e1rsul\u00f3 pitvari septum rendelleness\u00e9gek mellett tranzitorikus jobb-bal s\u00f6nt\u00f6t eredm\u00e9nyezhet, \u00edgy paradox emboliz\u00e1ci\u00f3val <em>kriptog\u00e9n stroke<\/em> okoz\u00f3ja lehet. A kriptog\u00e9n stroke-ok etiol\u00f3giai t\u00e9nyez\u0151je 35-45%-ban PFO. A velesz\u00fcletett <em>pitvari s\u00f6v\u00e9nyhi\u00e1nyok (ASD)<\/em> kis r\u00e9sze is hasonl\u00f3 mechanizmussal \u00e1llhat a stroke h\u00e1tter\u00e9ben ugyanakkor az \u00e1ltaluk okozott, esetenk\u00e9nt jelent\u0151s s\u00f6ntkering\u00e9s gyakrabban jobb sz\u00edvf\u00e9l diszfunkci\u00f3hoz vezet. A kriptog\u00e9n stroke etiol\u00f3giai kivizsg\u00e1l\u00e1si algoritmusa sor\u00e1n a h\u00e1tt\u00e9rben \u00e1ll\u00f3 esetleges okkult pitvarfibrill\u00e1ci\u00f3 kiz\u00e1r\u00e1sa szint\u00e9n fontos ter\u00fclete az aritmol\u00f3gi\u00e1nak.<\/p>\n<p style=\"text-align: justify\"><u>Kutat\u00f3csoportunk profilja:<\/u><\/p>\n<ul style=\"text-align: justify\">\n<li>Kriptog\u00e9n stroke-on \u00e1tesett feln\u0151tt betegek kivizsg\u00e1l\u00e1sa PFO\/ASD ir\u00e1ny\u00e1ba transoesophagealis 2D \u00e9s 3D echokardiogr\u00e1fi\u00e1val<\/li>\n<li>A legoptim\u00e1lisabb pitvarfibrill\u00e1ci\u00f3 monitoroz\u00e1si strat\u00e9gia kiv\u00e1laszt\u00e1sa a fenti betegcsoportban<\/li>\n<li>Megfelel\u0151 indik\u00e1ci\u00f3 eset\u00e9n transzkat\u00e9teres PFO-z\u00e1r\u00e1s v\u00e9gz\u00e9se szekunder stroke prevenci\u00f3s c\u00e9llal<\/li>\n<li>Stroke-ot illetve jobb sz\u00edvf\u00e9l diszfunkci\u00f3t okoz\u00f3, jellemz\u0151en II. t\u00edpus\u00fa ASD-k transzkat\u00e9teres z\u00e1r\u00e1sa<\/li>\n<li>PFO\/ASD-z\u00e1r\u00e1st \u00e1t\u00e9lt betegek klinikai, aritmol\u00f3giai- \u00e9s echokardiogr\u00e1fi\u00e1s k\u00f6vet\u00e9se<\/li>\n<\/ul>\n<p style=\"text-align: justify\"><u>Kutat\u00f3csoportunk tudom\u00e1nyos tev\u00e9kenys\u00e9ge:<\/u><\/p>\n<ul style=\"text-align: justify\">\n<li>PFO\/ASD z\u00e1r\u00e1st megel\u0151z\u0151 \u00e9s k\u00f6vet\u0151 EKG-v\u00e1ltoz\u00e1sok \u00e9s ritmuszavarok elemz\u00e9se<\/li>\n<li>2D \u00e9s 3D echokardiogr\u00e1fi\u00e1s param\u00e9terek vizsg\u00e1lata PFO\/ASD z\u00e1r\u00e1s el\u0151tt \u00e9s ut\u00e1n hagyom\u00e1nyos- \u00e9s speckle-tracking m\u00f3dszeren alapul\u00f3 k\u00e9palkot\u00e1ssal<\/li>\n<li>Kutat\u00f3csoportunk szakm\u00e1k k\u00f6zti hat\u00e1rter\u00fcleti jelleg\u00e9b\u0151l ad\u00f3d\u00f3an kiemelend\u0151 egy\u00fcttm\u0171k\u00f6d\u00e9s\u00fcnk a Magyar Stroke T\u00e1rsas\u00e1ggal \u00e9s az ESC Council on Stroke munkacsoportj\u00e1val<\/li>\n<\/ul>\n<p style=\"text-align: justify\">\u00a0<\/p>\n<p style=\"text-align: justify\"><u>Kutat\u00f3csoportunk tagjai:<\/u><\/p>\n<p style=\"text-align: justify\">Prof. Dr. Merkely B\u00e9la DSc, igazgat\u00f3, egyetemi tan\u00e1r<\/p>\n<p style=\"text-align: justify\">Dr. Nardai S\u00e1ndor PhD, egyetemi adjunktus, ESC Council on Stroke Board Member: Communications &amp; Young Community Coordinator<\/p>\n<p style=\"text-align: justify\">Dr. Moln\u00e1r Andrea \u00c1gnes PhD, egyetemi adjunktus<\/p>\n<p style=\"text-align: justify\">Dr. \u00c1brah\u00e1m P\u00e1l PhD, egyetemi adjunktus<\/p>\n<p style=\"text-align: justify\">Balczer Martin asszisztens<\/p>\n<p style=\"text-align: justify\">M\u00e9sz\u00e1ros Henriette, P\u00e1sztor Dorottya TDK hallgat\u00f3k<\/p>\n<p style=\"text-align: justify\"><u>E-mail el\u00e9rhet\u0151s\u00e9g\u00fcnk:<\/u> <a href=\"mailto:neurokardi@gmail.com\">neurokardi@gmail.com<\/a><\/p>\n","protected":false},"excerpt":{"rendered":"<p>A nyitott foramen ovale (PFO) az \u00e1tlagpopul\u00e1ci\u00f3 25%-\u00e1ban el\u0151fordul\u00f3, jelent\u00e9ktelen interatrialis s\u00f6nt, mely legt\u00f6bbsz\u00f6r mell\u00e9kleletk\u00e9nt ker\u00fcl felfedez\u00e9sre \u00e9s teend\u0151t nem ig\u00e9nyel. Azonban a PFO bizonyos hemodinamikai k\u00f6r\u00fclm\u00e9nyek \u00e9s egy\u00e9b t\u00e1rsul\u00f3 pitvari septum rendelleness\u00e9gek mellett tranzitorikus jobb-bal s\u00f6nt\u00f6t eredm\u00e9nyezhet, \u00edgy paradox emboliz\u00e1ci\u00f3val kriptog\u00e9n stroke okoz\u00f3ja lehet. A kriptog\u00e9n stroke-ok etiol\u00f3giai t\u00e9nyez\u0151je 35-45%-ban PFO. A velesz\u00fcletett pitvari &hellip;<\/p>\n","protected":false},"author":101737,"featured_media":0,"parent":784,"menu_order":3,"comment_status":"closed","ping_status":"closed","template":"","meta":{"_acf_changed":false,"footnotes":""},"categories":[],"tags":[],"class_list":["post-2803","page","type-page","status-publish","hentry"],"acf":[],"_links":{"self":[{"href":"https:\/\/semmelweis.hu\/varosmajor\/wp-json\/wp\/v2\/pages\/2803","targetHints":{"allow":["GET"]}}],"collection":[{"href":"https:\/\/semmelweis.hu\/varosmajor\/wp-json\/wp\/v2\/pages"}],"about":[{"href":"https:\/\/semmelweis.hu\/varosmajor\/wp-json\/wp\/v2\/types\/page"}],"author":[{"embeddable":true,"href":"https:\/\/semmelweis.hu\/varosmajor\/wp-json\/wp\/v2\/users\/101737"}],"replies":[{"embeddable":true,"href":"https:\/\/semmelweis.hu\/varosmajor\/wp-json\/wp\/v2\/comments?post=2803"}],"version-history":[{"count":3,"href":"https:\/\/semmelweis.hu\/varosmajor\/wp-json\/wp\/v2\/pages\/2803\/revisions"}],"predecessor-version":[{"id":5826,"href":"https:\/\/semmelweis.hu\/varosmajor\/wp-json\/wp\/v2\/pages\/2803\/revisions\/5826"}],"up":[{"embeddable":true,"href":"https:\/\/semmelweis.hu\/varosmajor\/wp-json\/wp\/v2\/pages\/784"}],"wp:attachment":[{"href":"https:\/\/semmelweis.hu\/varosmajor\/wp-json\/wp\/v2\/media?parent=2803"}],"wp:term":[{"taxonomy":"category","embeddable":true,"href":"https:\/\/semmelweis.hu\/varosmajor\/wp-json\/wp\/v2\/categories?post=2803"},{"taxonomy":"post_tag","embeddable":true,"href":"https:\/\/semmelweis.hu\/varosmajor\/wp-json\/wp\/v2\/tags?post=2803"}],"curies":[{"name":"wp","href":"https:\/\/api.w.org\/{rel}","templated":true}]}}