{"id":279,"date":"2020-11-23T14:35:59","date_gmt":"2020-11-23T13:35:59","guid":{"rendered":"https:\/\/semmelweis.hu\/varosmajor\/?page_id=279"},"modified":"2024-09-06T10:39:59","modified_gmt":"2024-09-06T08:39:59","slug":"sziv-elektrofiziologiai-vizsgalat-es-kateteres-ablacio","status":"publish","type":"page","link":"https:\/\/semmelweis.hu\/varosmajor\/gyogyitas\/kardiologia\/sziv-elektrofiziologiai-vizsgalat-es-kateteres-ablacio\/","title":{"rendered":"Sz\u00edv elektrofiziol\u00f3giai vizsg\u00e1lat \u00e9s kat\u00e9teres abl\u00e1ci\u00f3"},"content":{"rendered":"<h2>A vizsg\u00e1lat menete<\/h2>\n<p style=\"text-align: justify\">A vizsg\u00e1lat c\u00e9lja a sz\u00edv ingerk\u00e9pz\u00e9si \u00e9s\/vagy ingervezet\u00e9si zavarainak pontos felt\u00e9rk\u00e9pez\u00e9se, a ritmuszavar mechanizmus\u00e1nak tiszt\u00e1z\u00e1sa gy\u00f3gyszeres vagy pacemaker kezel\u00e9s, bizonyos ritmuszavarok eset\u00e9n kat\u00e9teres abl\u00e1ci\u00f3 sz\u00fcks\u00e9gess\u00e9g\u00e9nek meghat\u00e1roz\u00e1s\u00e1hoz.<\/p>\n<p style=\"text-align: justify\">A vizsg\u00e1lat sor\u00e1n helyi \u00e9rz\u00e9stelen\u00edt\u00e9sben a combv\u00e9n\u00e1n kereszt\u00fcl speci\u00e1lis elektr\u00f3dkat\u00e9tereket vezet\u00fcnk fel a sz\u00edvbe, \u00e9s ezeken kereszt\u00fcl egy k\u00fcls\u0151 sz\u00edvingerl\u0151 k\u00e9sz\u00fcl\u00e9kkel meghat\u00e1rozott protokollok szerint a sz\u00edvet ingerelj\u00fck. Az ingerl\u00e9ssel gyakran ki is v\u00e1ltjuk az \u00d6n panaszai\u00e9rt felel\u0151s ritmuszavart, ilyenkor lehet\u0151s\u00e9g van a ritmuszavar kialakul\u00e1s\u00e1\u00e9rt felel\u0151s ingerk\u00e9pz\u0151 g\u00f3c vagy k\u00f3ros inger\u00fcletvezet\u0151 p\u00e1lya pontos hely\u00e9nek megtal\u00e1l\u00e1s\u00e1ra.<\/p>\n<p style=\"text-align: justify\">Bizonyos fajta sz\u00edvritmuszavarok eset\u00e9n lehet\u0151s\u00e9g van a k\u00f3ros ingerk\u00e9pz\u0151 g\u00f3c vagy ingervezet\u0151 p\u00e1lya kat\u00e9teres h\u0151kezel\u00e9ssel val\u00f3 megsz\u00fcntet\u00e9s\u00e9re, ezt nevezz\u00fck abl\u00e1ci\u00f3nak. Ilyenkor a kat\u00e9tert a megfelel\u0151 sz\u00edvter\u00fcletre helyezz\u00fck, \u00e9s a kat\u00e9ter v\u00e9g\u00e9t felmeleg\u00edtj\u00fck. A magas h\u0151m\u00e9rs\u00e9klet miatt az adott pontban a sz\u00edvritmuszavar\u00e9rt felel\u0151s sejtcsoportok elhalnak. Mivel az abl\u00e1ci\u00f3 mindig csak egy kicsi, meghat\u00e1rozott sz\u00edvizomter\u00fcletet \u00e9rint, a k\u00e9s\u0151bbiekben nem rontja a sz\u00edv \u00f6sszeh\u00faz\u00f3d\u00f3 k\u00e9pess\u00e9get. Vannak olyan ritmuszavarok is, ahol az abl\u00e1ci\u00f3s kat\u00e9tert a comb ver\u0151\u00e9ren (art\u00e9ri\u00e1n) kell felvezetni.<\/p>\n<p>Az \u00e9rz\u00e9stelen\u00edt\u0151 injekci\u00f3 ut\u00e1n csak kis kellemetlens\u00e9ggel j\u00e1r a kat\u00e9terek felvezet\u00e9se a sz\u00edvbe, ezt k\u00f6vet\u0151en a vizsg\u00e1lat alatt er\u0151sebb \u00e9s gyorsabb sz\u00edvdobog\u00e1st \u00e9rezhet. Legt\u00f6bbsz\u00f6r az abl\u00e1ci\u00f3 sem k\u00fcl\u00f6n\u00f6sebben f\u00e1jdalmas, de vannak az \u00e1tlagosn\u00e1l \u00e9rz\u00e9kenyebb sz\u00edvter\u00fcletek.<\/p>\n<p>A beavatkoz\u00e1s v\u00e9g\u00e9n az elektr\u00f3dkat\u00e9tereket elt\u00e1vol\u00edtjuk, \u00e9s nyom\u00f3k\u00f6t\u00e9st helyez\u00fcnk fel, mellyel ha minden kat\u00e9tert v\u00e9n\u00e1n vezett\u00fcnk fel 3-4, ha art\u00e9ri\u00e1s sz\u00far\u00e1s is t\u00f6rt\u00e9nt, a betegnek 12 \u00f3r\u00e1n \u00e1t fek\u00fcdnie kell. A beavatkoz\u00e1st k\u00f6vet\u0151en minden beteg egy \u00e9jszak\u00e1t oszt\u00e1lyunkon t\u00f6lt.<\/p>\n<h2>Mire figyeljen a beavatkoz\u00e1s el\u0151tt?<\/h2>\n<p style=\"text-align: justify\">A beavatkoz\u00e1s el\u0151tti este nyugodtan \u00e9tkezhet, a vizsg\u00e1lat reggel\u00e9n azonban m\u00e1r kiz\u00e1r\u00f3lag vizet fogyaszthat (reggel 7-ig bez\u00e1r\u00f3an). Szok\u00e1sos reggeli gy\u00f3gyszereit a fentiek figyelembev\u00e9tel\u00e9vel vegye be!<\/p>\n<p style=\"text-align: justify\"><strong>Bizonyos gy\u00f3gyszerek szed\u00e9s\u00e9t a vizsg\u00e1lat el\u0151tt fel kell f\u00fcggeszteni:<\/strong><\/p>\n<ul>\n<li style=\"text-align: justify\"><strong>Sz\u00edvritmusszab\u00e1lyoz\u00f3 gy\u00f3gyszerek:<\/strong> A ritmuszavar t\u00edpus\u00e1t\u00f3l f\u00fcgg\u0151en a szedett gy\u00f3gyszert lehet, hogy bizonyos id\u0151vel a vizsg\u00e1lat el\u0151tt el kell hagyni. Elk\u00e9pzelhet\u0151, hogy gy\u00f3gyszerhat\u00e1sban nem tudjuk kiv\u00e1ltani a ritmuszavart, \u00e9s \u00edgy a vizsg\u00e1lat nem lesz informat\u00edv. A r\u00e9szleteket besz\u00e9lje meg orvos\u00e1val!<\/li>\n<li style=\"text-align: justify\"><strong>V\u00e9rh\u00edg\u00edt\u00f3 kezel\u00e9s<\/strong>. Ha \u00d6n ilyen jelleg\u0171 gy\u00f3gyszert szed, ezt a gy\u00f3gyszer hat\u00f3anyag\u00e1t\u00f3l f\u00fcgg\u0151en a beavatkoz\u00e1s el\u0151tti napokban fel kell f\u00fcggeszteni, mert k\u00fcl\u00f6nben a fokozott v\u00e9rz\u00e9svesz\u00e9ly miatt a beavatkoz\u00e1st nem tudjuk elv\u00e9gezni!\n<ul>\n<li><strong>Syncumar, Marfarin<\/strong>: a beavatkoz\u00e1s el\u0151tt 3 nappal sz\u00fcks\u00e9ges elhagyni<\/li>\n<li><strong>Xarelto, Lixiana, Pradaxa, Eliquis<\/strong>: a beavatkoz\u00e1s el\u0151tti 2 nappal vegye be utolj\u00e1ra<\/li>\n<\/ul>\n<\/li>\n<li style=\"text-align: justify\"><strong>Cukorbetegs\u00e9g.<\/strong> Amennyiben \u00d6n cukorbeteg, a vizsg\u00e1lat reggel\u00e9n inzulint vagy v\u00e9rcukorszint-cs\u00f6kkent\u0151 gy\u00f3gyszert m\u00e9g kaphat, reggelizzen a szok\u00e1sos m\u00f3don. Tart\u00f3s hat\u00e1s\u00fa inzulint m\u00e1r ne adjon be mag\u00e1nak. D\u00e9lben inzulint m\u00e1r nem kaphat, v\u00e9rcukorszint-cs\u00f6kkent\u0151 gy\u00f3gyszert se vegyen be!<\/li>\n<\/ul>\n","protected":false},"excerpt":{"rendered":"<p>A vizsg\u00e1lat menete A vizsg\u00e1lat c\u00e9lja a sz\u00edv ingerk\u00e9pz\u00e9si \u00e9s\/vagy ingervezet\u00e9si zavarainak pontos felt\u00e9rk\u00e9pez\u00e9se, a ritmuszavar mechanizmus\u00e1nak tiszt\u00e1z\u00e1sa gy\u00f3gyszeres vagy pacemaker kezel\u00e9s, bizonyos ritmuszavarok eset\u00e9n kat\u00e9teres abl\u00e1ci\u00f3 sz\u00fcks\u00e9gess\u00e9g\u00e9nek meghat\u00e1roz\u00e1s\u00e1hoz. A vizsg\u00e1lat sor\u00e1n helyi \u00e9rz\u00e9stelen\u00edt\u00e9sben a combv\u00e9n\u00e1n kereszt\u00fcl speci\u00e1lis elektr\u00f3dkat\u00e9tereket vezet\u00fcnk fel a sz\u00edvbe, \u00e9s ezeken kereszt\u00fcl egy k\u00fcls\u0151 sz\u00edvingerl\u0151 k\u00e9sz\u00fcl\u00e9kkel meghat\u00e1rozott protokollok szerint a sz\u00edvet &hellip;<\/p>\n","protected":false},"author":101737,"featured_media":0,"parent":110,"menu_order":3,"comment_status":"closed","ping_status":"closed","template":"","meta":{"_acf_changed":false,"footnotes":""},"categories":[],"tags":[],"class_list":["post-279","page","type-page","status-publish","hentry"],"acf":[],"_links":{"self":[{"href":"https:\/\/semmelweis.hu\/varosmajor\/wp-json\/wp\/v2\/pages\/279","targetHints":{"allow":["GET"]}}],"collection":[{"href":"https:\/\/semmelweis.hu\/varosmajor\/wp-json\/wp\/v2\/pages"}],"about":[{"href":"https:\/\/semmelweis.hu\/varosmajor\/wp-json\/wp\/v2\/types\/page"}],"author":[{"embeddable":true,"href":"https:\/\/semmelweis.hu\/varosmajor\/wp-json\/wp\/v2\/users\/101737"}],"replies":[{"embeddable":true,"href":"https:\/\/semmelweis.hu\/varosmajor\/wp-json\/wp\/v2\/comments?post=279"}],"version-history":[{"count":5,"href":"https:\/\/semmelweis.hu\/varosmajor\/wp-json\/wp\/v2\/pages\/279\/revisions"}],"predecessor-version":[{"id":5728,"href":"https:\/\/semmelweis.hu\/varosmajor\/wp-json\/wp\/v2\/pages\/279\/revisions\/5728"}],"up":[{"embeddable":true,"href":"https:\/\/semmelweis.hu\/varosmajor\/wp-json\/wp\/v2\/pages\/110"}],"wp:attachment":[{"href":"https:\/\/semmelweis.hu\/varosmajor\/wp-json\/wp\/v2\/media?parent=279"}],"wp:term":[{"taxonomy":"category","embeddable":true,"href":"https:\/\/semmelweis.hu\/varosmajor\/wp-json\/wp\/v2\/categories?post=279"},{"taxonomy":"post_tag","embeddable":true,"href":"https:\/\/semmelweis.hu\/varosmajor\/wp-json\/wp\/v2\/tags?post=279"}],"curies":[{"name":"wp","href":"https:\/\/api.w.org\/{rel}","templated":true}]}}