{"id":277,"date":"2020-11-23T14:35:44","date_gmt":"2020-11-23T13:35:44","guid":{"rendered":"https:\/\/semmelweis.hu\/varosmajor\/?page_id=277"},"modified":"2024-09-06T10:39:02","modified_gmt":"2024-09-06T08:39:02","slug":"szivkateteres-vizsgalat","status":"publish","type":"page","link":"https:\/\/semmelweis.hu\/varosmajor\/gyogyitas\/kardiologia\/szivkateteres-vizsgalat\/","title":{"rendered":"Sz\u00edvkat\u00e9teres vizsg\u00e1lat"},"content":{"rendered":"<h2>A vizsg\u00e1lat menete<\/h2>\n<p style=\"text-align: justify\">A vizsg\u00e1lat sor\u00e1n az alkar, a comb, ritk\u00e1bban a k\u00f6ny\u00f6k ver\u0151er\u00e9n kereszt\u00fcl sz\u00edvkat\u00e9tert (egy v\u00e9kony, hajl\u00e9kony, speci\u00e1lis m\u0171anyagb\u00f3l k\u00e9sz\u00fclt cs\u00f6vet) vezet\u00fcnk fel a koszor\u00faerekhez, majd a koszor\u00faerekbe kontrasztanyagot fecskendezve \u201emegfestj\u00fck\u201d a koszor\u00faereket. A beadott anyag term\u00e9szetesen nem \u201efest\u00e9k\u201d, hanem a r\u00f6ntgensugarat visszaver\u0151, \u00e1t nem ereszt\u0151 folyad\u00e9k. A befecskendez\u00e9s sor\u00e1n folyamatosan r\u00f6ntgenfelv\u00e9telt k\u00e9sz\u00edt\u00fcnk, \u00e9s az \u00edgy keletkezett filmet sz\u00e1m\u00edt\u00f3g\u00e9pes technika seg\u00edts\u00e9g\u00e9vel digit\u00e1lis form\u00e1ban r\u00f6gz\u00edtj\u00fck.<\/p>\n<p style=\"text-align: justify\">\u00a0A vizsg\u00e1lat seg\u00edts\u00e9g\u00e9vel kirajzol\u00f3dnak a koszor\u00faerek k\u00f6rvonalai, \u00edgy pontos k\u00e9pet nyerhet\u00fcnk az esetleges sz\u0171k\u00fcletekr\u0151l, elz\u00e1r\u00f3d\u00e1sokr\u00f3l.\u00a0 A vizsg\u00e1lat sor\u00e1n ezen k\u00edv\u00fcl &#8211; ha sz\u00fcks\u00e9ges &#8211; megvizsg\u00e1ljuk a nagy ereket, illetve a sz\u00edv \u00fcregeit is. Ilyenkor t\u00f6bb kontrasztanyagot kell befecskendezni, ezt p\u00e1r m\u00e1sodpercig tart\u00f3 melegs\u00e9g\u00e9rz\u00e9s k\u00eds\u00e9rheti.<\/p>\n<p style=\"text-align: justify\">Amennyiben a kat\u00e9teres beavatkoz\u00e1s seg\u00edts\u00e9g\u00e9vel a tal\u00e1lt koszor\u00fa\u00e9rsz\u0171k\u00fcletet meg lehet t\u00e1g\u00edtani, a t\u00e1g\u00edt\u00e1st el is v\u00e9gezz\u00fck. A \u201et\u00e1g\u00edt\u00e1s\u201d sor\u00e1n az esetek legnagyobb r\u00e9sz\u00e9ben egy h\u00e1l\u00f3s szerkezet\u0171 r\u00f6vid f\u00e9mcs\u00f6vecsk\u00e9t, \u00fagynevezett stentet is be\u00fcltet\u00fcnk.<\/p>\n<p style=\"text-align: justify\">A vizsg\u00e1lat befejez\u00e9s\u00e9t k\u00f6vet\u0151en az \u00e9rbe helyezett r\u00f6vid cs\u00f6vet (melyen \u00e1t a kat\u00e9tert felvezett\u00fck) elt\u00e1vol\u00edtjuk. Ha koszor\u00fas\u00e9rt\u00e1g\u00edt\u00e1sra nem volt sz\u00fcks\u00e9g \u00e9s csak \u00e9rfest\u00e9s t\u00f6rt\u00e9nt, 4-6 \u00f3r\u00e1nyi megfigyel\u00e9st k\u00f6vet\u0151en a sz\u00far\u00e1s hely\u00e9re felhelyezett nyom\u00f3k\u00f6t\u00e9st elt\u00e1vol\u00edtjuk \u00e9s a beteg otthon\u00e1ba t\u00e1vozhat. Abban az esetben, ha \u00e9rt\u00e1g\u00edt\u00e1s is t\u00f6rt\u00e9nt egy \u00e9jszak\u00e1nyi bentfekv\u00e9ssel kell sz\u00e1molni. Egyes esetekben (jellemz\u0151en ha a vizsg\u00e1lat csak a combver\u0151\u00e9ren kereszt\u00fcl volt lehets\u00e9ges) koszor\u00fa\u00e9rt\u00e1g\u00edt\u00e1s hi\u00e1ny\u00e1ban is egy \u00e9jszaka bentfekv\u00e9s sz\u00fcks\u00e9ges.<\/p>\n<p>A vizsg\u00e1lat kev\u00e9s kellemetlens\u00e9ggel j\u00e1r, kis f\u00e1jdalmat csak a vizsg\u00e1lat elej\u00e9n, az \u00e9r megsz\u00far\u00e1s\u00e1nak \u00e9rz\u00e9stelen\u00edt\u00e9s\u00e9hez alkalmazott injekci\u00f3 sz\u00far\u00e1sa (egyetlenegy sz\u00far\u00e1s) jelent.<\/p>\n<p>A beavatkoz\u00e1s r\u00e9szleteir\u0151l a befekv\u00e9sekor r\u00e9szletes t\u00e1j\u00e9koztat\u00f3t (\u00e9s egyben a vizsg\u00e1latba beleegyez\u0151 nyilatkozatot) fog kapni.<\/p>\n<h2>Mire figyeljen a vizsg\u00e1lat el\u0151tt?<\/h2>\n<p style=\"text-align: justify\">A beavatkoz\u00e1s el\u0151tti este nyugodtan \u00e9tkezhet, \u00e9s a vizsg\u00e1lat reggel\u00e9n is fogyaszthat k\u00f6nny\u0171 reggelit. B\u0151ven fogyasszon folyad\u00e9kot, a vizsg\u00e1lat napj\u00e1n is! A fentiek figyelembe v\u00e9tel\u00e9vel gy\u00f3gyszereit vegye be.<\/p>\n<p style=\"text-align: justify\"><strong>Kontrasztanyag allergia: <\/strong>Amennyiben \u00d6nnek kor\u00e1bban b\u00e1rmilyen kontrasztanyaggal szemben allergi\u00e1s reakci\u00f3ja alakult ki, k\u00e9rj\u00fck a vizsg\u00e1latot megel\u0151z\u0151en mindenk\u00e9ppen jelezze!<\/p>\n<p style=\"text-align: justify\"><strong>Bizonyos gy\u00f3gyszerek szed\u00e9s\u00e9t a vizsg\u00e1lat el\u0151tt fel kell f\u00fcggeszteni:<\/strong><\/p>\n<ul>\n<li style=\"text-align: justify\"><strong>V\u00e9rh\u00edg\u00edt\u00f3 kezel\u00e9s<\/strong>. Ha \u00d6n ilyen jelleg\u0171 gy\u00f3gyszert szed, ezt a gy\u00f3gyszer hat\u00f3anyag\u00e1t\u00f3l f\u00fcgg\u0151en a beavatkoz\u00e1s el\u0151tti napokban fel kell f\u00fcggeszteni, mert k\u00fcl\u00f6nben a fokozott v\u00e9rz\u00e9svesz\u00e9ly miatt a beavatkoz\u00e1st nem tudjuk elv\u00e9gezni!\n<ul>\n<li><strong>Syncumar, Marfarin<\/strong>: a beavatkoz\u00e1s el\u0151tt 3 nappal sz\u00fcks\u00e9ges elhagyni<\/li>\n<li><strong>Xarelto, Lixiana, Pradaxa, Eliquis<\/strong>: a beavatkoz\u00e1s el\u0151tti 2 nappal vegye be utolj\u00e1ra<\/li>\n<\/ul>\n<\/li>\n<li style=\"text-align: justify\"><strong>Metformin tartalm\u00fa gy\u00f3gyszerek:<\/strong> A cukorbetegs\u00e9g kezel\u00e9s\u00e9hez haszn\u00e1lt metformin tartalm\u00fa gy\u00f3gyszerek szed\u00e9s\u00e9t 48 \u00f3r\u00e1val a beavatkoz\u00e1s el\u0151tt abba kell hagyni. Ilyenek t\u00f6bbek k\u00f6z\u00f6tt a k\u00f6vetkez\u0151 k\u00e9sz\u00edtm\u00e9nyek: Merckformin, Adimet, Meforal, Avandamet, Gluformin, Meglucon, Metfogamma, Metrivin, Xigduo, Synjardy. A gy\u00f3gyszer esetleges helyettes\u00edt\u00e9s\u00e9t szint\u00e9n kezel\u0151orvos\u00e1val kell, hogy megbesz\u00e9lje.<\/li>\n<li style=\"text-align: justify\"><strong>Inzulin:<\/strong> Amennyiben \u00d6n Inzulinnal kezelt cukorbeteg, a vizsg\u00e1lat reggel\u00e9n nem, vagy csak cs\u00f6kkentett mennyis\u00e9g\u0171 Inzulint kell, hogy kapjon. Ezt a k\u00e9rd\u00e9st is kezel\u0151orvos\u00e1val kell, hogy megbesz\u00e9lje.<\/li>\n<\/ul>\n","protected":false},"excerpt":{"rendered":"<p>A vizsg\u00e1lat menete A vizsg\u00e1lat sor\u00e1n az alkar, a comb, ritk\u00e1bban a k\u00f6ny\u00f6k ver\u0151er\u00e9n kereszt\u00fcl sz\u00edvkat\u00e9tert (egy v\u00e9kony, hajl\u00e9kony, speci\u00e1lis m\u0171anyagb\u00f3l k\u00e9sz\u00fclt cs\u00f6vet) vezet\u00fcnk fel a koszor\u00faerekhez, majd a koszor\u00faerekbe kontrasztanyagot fecskendezve \u201emegfestj\u00fck\u201d a koszor\u00faereket. A beadott anyag term\u00e9szetesen nem \u201efest\u00e9k\u201d, hanem a r\u00f6ntgensugarat visszaver\u0151, \u00e1t nem ereszt\u0151 folyad\u00e9k. A befecskendez\u00e9s sor\u00e1n folyamatosan r\u00f6ntgenfelv\u00e9telt k\u00e9sz\u00edt\u00fcnk, &hellip;<\/p>\n","protected":false},"author":101737,"featured_media":0,"parent":110,"menu_order":2,"comment_status":"closed","ping_status":"closed","template":"","meta":{"_acf_changed":false,"footnotes":""},"categories":[],"tags":[],"class_list":["post-277","page","type-page","status-publish","hentry"],"acf":[],"_links":{"self":[{"href":"https:\/\/semmelweis.hu\/varosmajor\/wp-json\/wp\/v2\/pages\/277","targetHints":{"allow":["GET"]}}],"collection":[{"href":"https:\/\/semmelweis.hu\/varosmajor\/wp-json\/wp\/v2\/pages"}],"about":[{"href":"https:\/\/semmelweis.hu\/varosmajor\/wp-json\/wp\/v2\/types\/page"}],"author":[{"embeddable":true,"href":"https:\/\/semmelweis.hu\/varosmajor\/wp-json\/wp\/v2\/users\/101737"}],"replies":[{"embeddable":true,"href":"https:\/\/semmelweis.hu\/varosmajor\/wp-json\/wp\/v2\/comments?post=277"}],"version-history":[{"count":6,"href":"https:\/\/semmelweis.hu\/varosmajor\/wp-json\/wp\/v2\/pages\/277\/revisions"}],"predecessor-version":[{"id":5727,"href":"https:\/\/semmelweis.hu\/varosmajor\/wp-json\/wp\/v2\/pages\/277\/revisions\/5727"}],"up":[{"embeddable":true,"href":"https:\/\/semmelweis.hu\/varosmajor\/wp-json\/wp\/v2\/pages\/110"}],"wp:attachment":[{"href":"https:\/\/semmelweis.hu\/varosmajor\/wp-json\/wp\/v2\/media?parent=277"}],"wp:term":[{"taxonomy":"category","embeddable":true,"href":"https:\/\/semmelweis.hu\/varosmajor\/wp-json\/wp\/v2\/categories?post=277"},{"taxonomy":"post_tag","embeddable":true,"href":"https:\/\/semmelweis.hu\/varosmajor\/wp-json\/wp\/v2\/tags?post=277"}],"curies":[{"name":"wp","href":"https:\/\/api.w.org\/{rel}","templated":true}]}}