{"id":275,"date":"2020-11-23T14:35:33","date_gmt":"2020-11-23T13:35:33","guid":{"rendered":"https:\/\/semmelweis.hu\/varosmajor\/?page_id=275"},"modified":"2024-09-06T10:37:23","modified_gmt":"2024-09-06T08:37:23","slug":"pacemaker-icd-beultetes","status":"publish","type":"page","link":"https:\/\/semmelweis.hu\/varosmajor\/gyogyitas\/kardiologia\/pacemaker-icd-beultetes\/","title":{"rendered":"Pacemaker\/ICD be\u00fcltet\u00e9s"},"content":{"rendered":"<h2>A vizsg\u00e1lat menete<\/h2>\n<p style=\"text-align: justify\">A pacemaker (sz\u00edvritmusszab\u00e1lyz\u00f3) olyan elektronikus berendez\u00e9s, amely folyamatosan ellen\u0151rzi a sz\u00edvritmust, \u00e9s amennyiben t\u00fal lass\u00fa sz\u00edvm\u0171k\u00f6d\u00e9st \u00e9rz\u00e9kel, elektromos impulzusok lead\u00e1s\u00e1val k\u00e9pes a megfelel\u0151 pulzussz\u00e1mot biztos\u00edtani. Speci\u00e1lis pacemaker elektr\u00f3d k\u00f6zvet\u00edti a sz\u00edv elektromos jeleit a k\u00e9sz\u00fcl\u00e9khez, \u00e9s amennyiben sz\u00fcks\u00e9ges, ezen kereszt\u00fcl jutnak el a sz\u00edvet \u00f6sszeh\u00faz\u00f3d\u00e1sra serkent\u0151 jelek a pacemakerb\u0151l a sz\u00edvhez.<\/p>\n<p style=\"text-align: justify\">A pacemakerrendszer be\u00fcltet\u00e9se seb\u00e9szi beavatkoz\u00e1s sor\u00e1n t\u00f6rt\u00e9nik. A m\u0171t\u00e9t alatt csak helyi \u00e9rz\u00e9stelen\u00edt\u00e9st alkalmazunk, az \u00e9rz\u00e9stelen\u00edt\u0151 injekci\u00f3 bead\u00e1sa ut\u00e1n a betegek jelent\u0151s f\u00e1jdalmat \u00e1ltal\u00e1ban nem \u00e9reznek.<\/p>\n<p style=\"text-align: justify\">A be\u00fcltet\u0151 orvos a kulcscsont alatt egy kb. 5 cm-es b\u0151rmetsz\u00e9st ejt, \u00e9s ezen kereszt\u00fcl megkeresi az egyik karv\u00e9n\u00e1t. Ha lehets\u00e9ges, az elektr\u00f3d\u00e1(ka)t ezen a v\u00e9n\u00e1n, majd a kulcscsont alatti f\u0151v\u00e9n\u00e1n kereszt\u00fcl vezeti fel a sz\u00edvbe. Ha ez valamilyen ok miatt nem lehets\u00e9ges (az \u00e9r t\u00fal v\u00e9kony vagy kanyarg\u00f3s), az elektr\u00f3da felvezet\u00e9shez a kulcscsont alatti f\u0151v\u00e9n\u00e1t kell megsz\u00farni. Az elektr\u00f3d\u00e1(ka)t az adott sz\u00edvritmuszavarnak megfelel\u0151en a sz\u00edv jobb kamr\u00e1j\u00e1ban, jobb pitvar\u00e1ban esetleg a sz\u00edv egyik oldalv\u00e9n\u00e1j\u00e1ban helyezz\u00fck el. A pacemakert a mellkas b\u0151re al\u00e1 \u00fcltetj\u00fck be.<\/p>\n<p>Amennyiben a beteg egy m\u00e1sik k\u00f3rh\u00e1zb\u00f3l \u00e9rkezik a be\u00fcltet\u00e9sre, a m\u0171t\u00e9t ut\u00e1n n\u00e9h\u00e1ny \u00f3r\u00e1s megfigyel\u00e9st k\u00f6vet\u0151en a k\u00fcld\u0151 k\u00f3rh\u00e1zba sz\u00e1ll\u00edttatjuk vissza ment\u0151vel. Ha otthonr\u00f3l j\u00f6tt, \u00e9s az elektr\u00f3d\u00e1t csak a kulcscsont alatti v\u00e9na megsz\u00far\u00e1s\u00e1val tudjuk felvezetni, egy \u00e9jszak\u00e1t k\u00f3rh\u00e1zunkban kell t\u00f6ltenie. Ha az elektr\u00f3d\u00e1t a karv\u00e9n\u00e1n kereszt\u00fcl vezett\u00fck fel, n\u00e9h\u00e1ny \u00f3r\u00e1s megfigyel\u00e9s ut\u00e1n m\u00e9g a m\u0171t\u00e9t napj\u00e1n otthon\u00e1ba engedj\u00fck. Kor\u00e1bban be\u00fcltetett pacemaker telepcser\u00e9je eset\u00e9n szint\u00e9n mind\u00f6ssze n\u00e9h\u00e1ny \u00f3r\u00e1s megfigyel\u00e9s sz\u00fcks\u00e9ges a beavatkoz\u00e1st k\u00f6vet\u0151en.<\/p>\n<h2>Mire figyeljen a beavatkoz\u00e1s el\u0151tt?<\/h2>\n<p style=\"text-align: justify\">A beavatkoz\u00e1s el\u0151tti este nyugodtan \u00e9tkezhet, \u00e9s a vizsg\u00e1lat reggel\u00e9n is fogyaszthat k\u00f6nny\u0171 reggelit sok folyad\u00e9kkal (7 \u00f3r\u00e1ig). Szok\u00e1sos reggeli gy\u00f3gyszereit a fentiek figyelembev\u00e9tel\u00e9vel vegye be! Kev\u00e9s folyad\u00e9kot napk\u00f6zben is fogyaszthat.<\/p>\n<p style=\"text-align: justify\"><strong>Bizonyos gy\u00f3gyszerek szed\u00e9s\u00e9t a vizsg\u00e1lat el\u0151tt fel kell f\u00fcggeszteni:<\/strong><\/p>\n<ul>\n<li style=\"text-align: justify\"><strong>V\u00e9rh\u00edg\u00edt\u00f3 kezel\u00e9s<\/strong>. Ha \u00d6n ilyen jelleg\u0171 gy\u00f3gyszert szed, ezt a gy\u00f3gyszer hat\u00f3anyag\u00e1t\u00f3l f\u00fcgg\u0151en a beavatkoz\u00e1s el\u0151tti napokban fel kell f\u00fcggeszteni, mert k\u00fcl\u00f6nben a fokozott v\u00e9rz\u00e9svesz\u00e9ly miatt a be\u00fcltet\u00e9st nem tudjuk elv\u00e9gezni!\n<ul>\n<li><strong>Syncumar, Marfarin<\/strong>: a beavatkoz\u00e1s el\u0151tt 3 nappal sz\u00fcks\u00e9ges elhagyni<\/li>\n<li><strong>Xarelto, Lixiana, Pradaxa, Eliquis<\/strong>: a beavatkoz\u00e1s el\u0151tti 2 nappal vegye be utolj\u00e1ra<\/li>\n<\/ul>\n<\/li>\n<li style=\"text-align: justify\"><strong>Cukorbetegs\u00e9g.<\/strong> Amennyiben \u00d6n cukorbeteg, a vizsg\u00e1lat reggel\u00e9n inzulint vagy v\u00e9rcukorszint-cs\u00f6kkent\u0151 gy\u00f3gyszert nem, vagy csak cs\u00f6kkentett mennyis\u00e9gben kell, hogy kapjon. Ezt a k\u00e9rd\u00e9st is besz\u00e9lje meg kezel\u0151orvos\u00e1val!<\/li>\n<\/ul>\n","protected":false},"excerpt":{"rendered":"<p>A vizsg\u00e1lat menete A pacemaker (sz\u00edvritmusszab\u00e1lyz\u00f3) olyan elektronikus berendez\u00e9s, amely folyamatosan ellen\u0151rzi a sz\u00edvritmust, \u00e9s amennyiben t\u00fal lass\u00fa sz\u00edvm\u0171k\u00f6d\u00e9st \u00e9rz\u00e9kel, elektromos impulzusok lead\u00e1s\u00e1val k\u00e9pes a megfelel\u0151 pulzussz\u00e1mot biztos\u00edtani. Speci\u00e1lis pacemaker elektr\u00f3d k\u00f6zvet\u00edti a sz\u00edv elektromos jeleit a k\u00e9sz\u00fcl\u00e9khez, \u00e9s amennyiben sz\u00fcks\u00e9ges, ezen kereszt\u00fcl jutnak el a sz\u00edvet \u00f6sszeh\u00faz\u00f3d\u00e1sra serkent\u0151 jelek a pacemakerb\u0151l a sz\u00edvhez. A &hellip;<\/p>\n","protected":false},"author":101737,"featured_media":0,"parent":110,"menu_order":1,"comment_status":"closed","ping_status":"closed","template":"","meta":{"_acf_changed":false,"footnotes":""},"categories":[],"tags":[],"class_list":["post-275","page","type-page","status-publish","hentry"],"acf":[],"_links":{"self":[{"href":"https:\/\/semmelweis.hu\/varosmajor\/wp-json\/wp\/v2\/pages\/275","targetHints":{"allow":["GET"]}}],"collection":[{"href":"https:\/\/semmelweis.hu\/varosmajor\/wp-json\/wp\/v2\/pages"}],"about":[{"href":"https:\/\/semmelweis.hu\/varosmajor\/wp-json\/wp\/v2\/types\/page"}],"author":[{"embeddable":true,"href":"https:\/\/semmelweis.hu\/varosmajor\/wp-json\/wp\/v2\/users\/101737"}],"replies":[{"embeddable":true,"href":"https:\/\/semmelweis.hu\/varosmajor\/wp-json\/wp\/v2\/comments?post=275"}],"version-history":[{"count":6,"href":"https:\/\/semmelweis.hu\/varosmajor\/wp-json\/wp\/v2\/pages\/275\/revisions"}],"predecessor-version":[{"id":5726,"href":"https:\/\/semmelweis.hu\/varosmajor\/wp-json\/wp\/v2\/pages\/275\/revisions\/5726"}],"up":[{"embeddable":true,"href":"https:\/\/semmelweis.hu\/varosmajor\/wp-json\/wp\/v2\/pages\/110"}],"wp:attachment":[{"href":"https:\/\/semmelweis.hu\/varosmajor\/wp-json\/wp\/v2\/media?parent=275"}],"wp:term":[{"taxonomy":"category","embeddable":true,"href":"https:\/\/semmelweis.hu\/varosmajor\/wp-json\/wp\/v2\/categories?post=275"},{"taxonomy":"post_tag","embeddable":true,"href":"https:\/\/semmelweis.hu\/varosmajor\/wp-json\/wp\/v2\/tags?post=275"}],"curies":[{"name":"wp","href":"https:\/\/api.w.org\/{rel}","templated":true}]}}