{"id":2719,"date":"2021-02-16T16:08:24","date_gmt":"2021-02-16T15:08:24","guid":{"rendered":"https:\/\/semmelweis.hu\/varosmajor\/?page_id=2719"},"modified":"2024-09-06T10:57:28","modified_gmt":"2024-09-06T08:57:28","slug":"szakmai-profilok","status":"publish","type":"page","link":"https:\/\/semmelweis.hu\/varosmajor\/gyogyitas\/ersebeszet\/szakmai-profilok\/","title":{"rendered":"Szakmai profilok"},"content":{"rendered":"<h2 style=\"text-align: center\"><strong><span style=\"font-size: 18pt\">\u00c9rseb\u00e9szet \u00b7 Intervenci\u00f3s radiol\u00f3gia \u00b7 Angiol\u00f3gia<\/span><\/strong><\/h2>\n<p style=\"text-align: justify\">A nyitott m\u0171t\u00e9tek mellett a minim\u00e1l invaz\u00edv endovascularis technik\u00e1val v\u00e9gzett stentgraft be\u00fcltet\u00e9s is klinik\u00e1nkon t\u00f6rt\u00e9nik a legnagyobb sz\u00e1mban. Az aorta stentgraftokat mind a mellkasi, mind pedig a hasi poz\u00edci\u00f3ban alkalmazzuk. Ezen elj\u00e1r\u00e1s az \u00f6sszes anerysma m\u0171t\u00e9t\u00fcnk t\u00f6bb mint 50%-\u00e1t teszi ki, de a thorac\u00e1lis szakaszon, ami jelenet\u0151sen nagyobb rizik\u00f3t jelent a betegnek nyitott m\u0171t\u00e9t eset\u00e9n, ez a sz\u00e1m el\u00e9ri a 80%-ot. Thoraco-abdominalis m\u0171t\u00e9tek tekintet\u00e9ben az eg\u00e9sz orsz\u00e1gb\u00f3l k\u00fcldik hozz\u00e1nk a betegeket, a beavatkoz\u00e1sok egy r\u00e9sze sz\u00edvseb\u00e9szek seg\u00edts\u00e9g\u00e9vel nyitott m\u00f3don t\u00f6rt\u00e9nik, de v\u00e9gz\u00fcnk m\u00e1r fesentr\u00e1lt, vagy branched stentgraft be\u00fcltet\u00e9st is invaz\u00edv vascularis j\u00e1rtass\u00e1g\u00fa radiol\u00f3gusok seg\u00edts\u00e9g\u00e9vel. Az aorta disszekci\u00f3k kezel\u00e9s\u00e9ben is orsz\u00e1gos centrum vagyunk, a stentgraftok alkalmaz\u00e1sa szint\u00e9n el\u0151t\u00e9rbe ker\u00fclt e ter\u00fcleten is. Nyitott \u00e9s endovascularis carotis m\u0171t\u00e9tek vonatkoz\u00e1s\u00e1ban is kiemelked\u0151en a legt\u00f6bbet v\u00e9gezz\u00fck az orsz\u00e1gban. Az als\u00f3 v\u00e9gtagi \u00e9rrekonstrukci\u00f3s kezel\u00e9s\u00e9ben eur\u00f3pai sz\u00ednvonalon m\u0171k\u00f6dik a naponta rendezett multidiszciplin\u00e1ris megbesz\u00e9l\u00e9s, melyet k\u00f6vet\u0151en az optim\u00e1lis kezel\u00e9sben r\u00e9szes\u00fcl r\u00f6vid id\u0151n bel\u00fcl a beteg. Az ambulanci\u00e1k \u00e9ves forgalma k\u00f6zel 20.000 vizsg\u00e1lat, itt az orsz\u00e1g eg\u00e9sz ter\u00fclet\u00e9r\u0151l fogadunk betegeket. 2015 \u00f3ta klinik\u00e1nkon m\u0171k\u00f6dik az els\u0151 hazai hibrid m\u0171t\u0151, mely lehet\u0151v\u00e9 teszi a komplex aorta betegs\u00e9gek kombin\u00e1lt nyitott m\u0171t\u00e9ti \u00e9s endovascularis kezel\u00e9s\u00e9t. A szeptikus \u00e9rseb\u00e9szetben elengedhetetlen, hogy autol\u00f3g \u00e9rp\u00f3tl\u00e1si lehet\u0151s\u00e9g kimer\u00fcl\u00e9se eset\u00e9n homol\u00f3g megold\u00e1si lehet\u0151s\u00e9gek \u00e1lljanak rendelkez\u00e9sre. A klinik\u00e1n 1995 \u00f3ta m\u0171k\u00f6d\u0151 homograft bankban t\u00e1rolt art\u00e9ria \u00e9s v\u00e9na homograftok ezt a c\u00e9lt szolg\u00e1lj\u00e1k. E graftokb\u00f3l, melyeket multiorgan szervdon\u00e1ci\u00f3s sor\u00e1n nyer\u00fcnk, a saj\u00e1t, eur\u00f3pai szinten is nagy esetsz\u00e1m\u00fa felhaszn\u00e1l\u00e1son t\u00fal m\u00e1s k\u00f3rh\u00e1zakat is kiszolg\u00e1lunk.<\/p>\n","protected":false},"excerpt":{"rendered":"<p>\u00c9rseb\u00e9szet \u00b7 Intervenci\u00f3s radiol\u00f3gia \u00b7 Angiol\u00f3gia A nyitott m\u0171t\u00e9tek mellett a minim\u00e1l invaz\u00edv endovascularis technik\u00e1val v\u00e9gzett stentgraft be\u00fcltet\u00e9s is klinik\u00e1nkon t\u00f6rt\u00e9nik a legnagyobb sz\u00e1mban. Az aorta stentgraftokat mind a mellkasi, mind pedig a hasi poz\u00edci\u00f3ban alkalmazzuk. Ezen elj\u00e1r\u00e1s az \u00f6sszes anerysma m\u0171t\u00e9t\u00fcnk t\u00f6bb mint 50%-\u00e1t teszi ki, de a thorac\u00e1lis szakaszon, ami jelenet\u0151sen nagyobb rizik\u00f3t &hellip;<\/p>\n","protected":false},"author":101737,"featured_media":0,"parent":2705,"menu_order":6,"comment_status":"closed","ping_status":"closed","template":"","meta":{"_acf_changed":false,"footnotes":""},"categories":[],"tags":[],"class_list":["post-2719","page","type-page","status-publish","hentry"],"acf":[],"_links":{"self":[{"href":"https:\/\/semmelweis.hu\/varosmajor\/wp-json\/wp\/v2\/pages\/2719","targetHints":{"allow":["GET"]}}],"collection":[{"href":"https:\/\/semmelweis.hu\/varosmajor\/wp-json\/wp\/v2\/pages"}],"about":[{"href":"https:\/\/semmelweis.hu\/varosmajor\/wp-json\/wp\/v2\/types\/page"}],"author":[{"embeddable":true,"href":"https:\/\/semmelweis.hu\/varosmajor\/wp-json\/wp\/v2\/users\/101737"}],"replies":[{"embeddable":true,"href":"https:\/\/semmelweis.hu\/varosmajor\/wp-json\/wp\/v2\/comments?post=2719"}],"version-history":[{"count":5,"href":"https:\/\/semmelweis.hu\/varosmajor\/wp-json\/wp\/v2\/pages\/2719\/revisions"}],"predecessor-version":[{"id":5739,"href":"https:\/\/semmelweis.hu\/varosmajor\/wp-json\/wp\/v2\/pages\/2719\/revisions\/5739"}],"up":[{"embeddable":true,"href":"https:\/\/semmelweis.hu\/varosmajor\/wp-json\/wp\/v2\/pages\/2705"}],"wp:attachment":[{"href":"https:\/\/semmelweis.hu\/varosmajor\/wp-json\/wp\/v2\/media?parent=2719"}],"wp:term":[{"taxonomy":"category","embeddable":true,"href":"https:\/\/semmelweis.hu\/varosmajor\/wp-json\/wp\/v2\/categories?post=2719"},{"taxonomy":"post_tag","embeddable":true,"href":"https:\/\/semmelweis.hu\/varosmajor\/wp-json\/wp\/v2\/tags?post=2719"}],"curies":[{"name":"wp","href":"https:\/\/api.w.org\/{rel}","templated":true}]}}