{"id":2715,"date":"2021-02-16T16:04:08","date_gmt":"2021-02-16T15:04:08","guid":{"rendered":"https:\/\/semmelweis.hu\/varosmajor\/?page_id=2715"},"modified":"2021-02-16T16:04:08","modified_gmt":"2021-02-16T15:04:08","slug":"teruleti-ellatas","status":"publish","type":"page","link":"https:\/\/semmelweis.hu\/varosmajor\/gyogyitas\/ersebeszet\/teruleti-ellatas\/","title":{"rendered":"Ter\u00fcleti ell\u00e1t\u00e1s"},"content":{"rendered":"<p>Klinik\u00e1nk a ter\u00fcleti ell\u00e1t\u00e1si k\u00f6telezetts\u00e9g\u00e9nek megfelel\u0151en fogad fekv\u0151beteg ell\u00e1t\u00e1sra betegeket.<\/p>\n<p><a href=\"https:\/\/semmelweis.hu\/ersebeszet\/files\/2020\/10\/Ter\u00fcleti-ell\u00e1t\u00e1s.pdf\">Ter\u00fcleti ell\u00e1t\u00e1s<\/a><\/p>\n","protected":false},"excerpt":{"rendered":"<p>Klinik\u00e1nk a ter\u00fcleti ell\u00e1t\u00e1si k\u00f6telezetts\u00e9g\u00e9nek megfelel\u0151en fogad fekv\u0151beteg ell\u00e1t\u00e1sra betegeket.<br \/>\n<a href=\"https:\/\/semmelweis.hu\/ersebeszet\/files\/2020\/10\/Ter\u00fcleti-ell\u00e1t\u00e1s.pdf\">Ter\u00fcleti ell\u00e1t\u00e1s<\/a><\/p>\n","protected":false},"author":101737,"featured_media":0,"parent":2705,"menu_order":4,"comment_status":"closed","ping_status":"closed","template":"","meta":{"_acf_changed":false,"footnotes":""},"categories":[],"tags":[],"class_list":["post-2715","page","type-page","status-publish","hentry"],"acf":[],"_links":{"self":[{"href":"https:\/\/semmelweis.hu\/varosmajor\/wp-json\/wp\/v2\/pages\/2715","targetHints":{"allow":["GET"]}}],"collection":[{"href":"https:\/\/semmelweis.hu\/varosmajor\/wp-json\/wp\/v2\/pages"}],"about":[{"href":"https:\/\/semmelweis.hu\/varosmajor\/wp-json\/wp\/v2\/types\/page"}],"author":[{"embeddable":true,"href":"https:\/\/semmelweis.hu\/varosmajor\/wp-json\/wp\/v2\/users\/101737"}],"replies":[{"embeddable":true,"href":"https:\/\/semmelweis.hu\/varosmajor\/wp-json\/wp\/v2\/comments?post=2715"}],"version-history":[{"count":1,"href":"https:\/\/semmelweis.hu\/varosmajor\/wp-json\/wp\/v2\/pages\/2715\/revisions"}],"predecessor-version":[{"id":2716,"href":"https:\/\/semmelweis.hu\/varosmajor\/wp-json\/wp\/v2\/pages\/2715\/revisions\/2716"}],"up":[{"embeddable":true,"href":"https:\/\/semmelweis.hu\/varosmajor\/wp-json\/wp\/v2\/pages\/2705"}],"wp:attachment":[{"href":"https:\/\/semmelweis.hu\/varosmajor\/wp-json\/wp\/v2\/media?parent=2715"}],"wp:term":[{"taxonomy":"category","embeddable":true,"href":"https:\/\/semmelweis.hu\/varosmajor\/wp-json\/wp\/v2\/categories?post=2715"},{"taxonomy":"post_tag","embeddable":true,"href":"https:\/\/semmelweis.hu\/varosmajor\/wp-json\/wp\/v2\/tags?post=2715"}],"curies":[{"name":"wp","href":"https:\/\/api.w.org\/{rel}","templated":true}]}}