{"id":2707,"date":"2021-02-16T16:00:55","date_gmt":"2021-02-16T15:00:55","guid":{"rendered":"https:\/\/semmelweis.hu\/varosmajor\/?page_id=2707"},"modified":"2024-09-06T10:51:21","modified_gmt":"2024-09-06T08:51:21","slug":"hasznos-informaciok-betegek-reszere","status":"publish","type":"page","link":"https:\/\/semmelweis.hu\/varosmajor\/gyogyitas\/ersebeszet\/hasznos-informaciok-betegek-reszere\/","title":{"rendered":"Hasznos inform\u00e1ci\u00f3k betegek r\u00e9sz\u00e9re"},"content":{"rendered":"<p><a href=\"https:\/\/semmelweis.hu\/ersebeszet\/files\/2020\/11\/Betegtajekoztato_bef_vizsg.pdf\">Betegt\u00e1j\u00e9koztat\u00f3 ambul\u00e1ns \u00e9s bentfekv\u0151 betegek r\u00e9sz\u00e9re<\/a><\/p>\n<p><a href=\"https:\/\/semmelweis.hu\/ersebeszet\/files\/2020\/11\/CT_betegtajekoztato.pdf\">Betegt\u00e1j\u00e9koztat\u00f3 CT vizsg\u00e1latr\u00f3l<\/a><\/p>\n<p><img loading=\"lazy\" decoding=\"async\" class=\"wp-image-4613 aligncenter\" src=\"https:\/\/semmelweis.hu\/varosmajor\/files\/2024\/06\/plakat-400x400.png\" alt=\"\" width=\"315\" height=\"315\" srcset=\"https:\/\/semmelweis.hu\/varosmajor\/files\/2024\/06\/plakat-400x400.png 400w, https:\/\/semmelweis.hu\/varosmajor\/files\/2024\/06\/plakat-150x150.png 150w, https:\/\/semmelweis.hu\/varosmajor\/files\/2024\/06\/plakat-768x768.png 768w, https:\/\/semmelweis.hu\/varosmajor\/files\/2024\/06\/plakat-75x75.png 75w, https:\/\/semmelweis.hu\/varosmajor\/files\/2024\/06\/plakat-753x753.png 753w, https:\/\/semmelweis.hu\/varosmajor\/files\/2024\/06\/plakat.png 900w\" sizes=\"auto, (max-width: 315px) 100vw, 315px\" \/><\/p>\n<p>&nbsp;<\/p>\n","protected":false},"excerpt":{"rendered":"<p><a href=\"https:\/\/semmelweis.hu\/ersebeszet\/files\/2020\/11\/Betegtajekoztato_bef_vizsg.pdf\">Betegt\u00e1j\u00e9koztat\u00f3 ambul\u00e1ns \u00e9s bentfekv\u0151 betegek r\u00e9sz\u00e9re<\/a><br \/>\n<a href=\"https:\/\/semmelweis.hu\/ersebeszet\/files\/2020\/11\/CT_betegtajekoztato.pdf\">Betegt\u00e1j\u00e9koztat\u00f3 CT vizsg\u00e1latr\u00f3l<\/a><\/p>\n<p>&nbsp;<\/p>\n","protected":false},"author":101737,"featured_media":0,"parent":2705,"menu_order":1,"comment_status":"closed","ping_status":"closed","template":"","meta":{"_acf_changed":false,"footnotes":""},"categories":[],"tags":[],"class_list":["post-2707","page","type-page","status-publish","hentry"],"acf":[],"_links":{"self":[{"href":"https:\/\/semmelweis.hu\/varosmajor\/wp-json\/wp\/v2\/pages\/2707","targetHints":{"allow":["GET"]}}],"collection":[{"href":"https:\/\/semmelweis.hu\/varosmajor\/wp-json\/wp\/v2\/pages"}],"about":[{"href":"https:\/\/semmelweis.hu\/varosmajor\/wp-json\/wp\/v2\/types\/page"}],"author":[{"embeddable":true,"href":"https:\/\/semmelweis.hu\/varosmajor\/wp-json\/wp\/v2\/users\/101737"}],"replies":[{"embeddable":true,"href":"https:\/\/semmelweis.hu\/varosmajor\/wp-json\/wp\/v2\/comments?post=2707"}],"version-history":[{"count":5,"href":"https:\/\/semmelweis.hu\/varosmajor\/wp-json\/wp\/v2\/pages\/2707\/revisions"}],"predecessor-version":[{"id":5735,"href":"https:\/\/semmelweis.hu\/varosmajor\/wp-json\/wp\/v2\/pages\/2707\/revisions\/5735"}],"up":[{"embeddable":true,"href":"https:\/\/semmelweis.hu\/varosmajor\/wp-json\/wp\/v2\/pages\/2705"}],"wp:attachment":[{"href":"https:\/\/semmelweis.hu\/varosmajor\/wp-json\/wp\/v2\/media?parent=2707"}],"wp:term":[{"taxonomy":"category","embeddable":true,"href":"https:\/\/semmelweis.hu\/varosmajor\/wp-json\/wp\/v2\/categories?post=2707"},{"taxonomy":"post_tag","embeddable":true,"href":"https:\/\/semmelweis.hu\/varosmajor\/wp-json\/wp\/v2\/tags?post=2707"}],"curies":[{"name":"wp","href":"https:\/\/api.w.org\/{rel}","templated":true}]}}