{"id":2705,"date":"2021-02-16T15:59:40","date_gmt":"2021-02-16T14:59:40","guid":{"rendered":"https:\/\/semmelweis.hu\/varosmajor\/?page_id=2705"},"modified":"2024-09-06T10:49:34","modified_gmt":"2024-09-06T08:49:34","slug":"ersebeszet","status":"publish","type":"page","link":"https:\/\/semmelweis.hu\/varosmajor\/gyogyitas\/ersebeszet\/","title":{"rendered":"\u00c9rseb\u00e9szet"},"content":{"rendered":"<p style=\"text-align: justify\">A gy\u00f3gy\u00edt\u00f3 munka 55 \u00e1gyon folyik. \u00c9rseb\u00e9szeti oszt\u00e1lyunk heti 7 napban l\u00e1tja el ter\u00fcleti illet\u00e9kess\u00e9gi elv alapj\u00e1n\u00a0 (II. \u00e9s III. progresszivit\u00e1si szinten) az \u00e9rseb\u00e9szeti betegeket. \u00a0A thoraco-abdominalis aorta aneurysm\u00e1k ell\u00e1t\u00e1s\u00e1t csaknem kiz\u00e1r\u00f3lag, az aorta disszekci\u00f3k t\u00f6bbs\u00e9g\u00e9t orsz\u00e1gosan klinik\u00e1nk v\u00e9gzi. A sz\u00edvseb\u00e9szeti h\u00e1tt\u00e9r bonyolult \u00edv-mellkasi \u00e9s thoraco-abdominalis aorta m\u0171t\u00e9teket is lehet\u0151v\u00e9 tesz. Napjainkra a nyitott \u00e9s endovaszkul\u00e1ris rekonstrukt\u00edv \u00e9rm\u0171t\u00e9tek \u00e9ves sz\u00e1ma meghaladja az 1200-at. A klinika \u00e9rseb\u00e9szeti profilja az orsz\u00e1g vezet\u0151 aortacentruma. Haz\u00e1nkban itt t\u00f6rt\u00e9nik a legt\u00f6bb aorta m\u0171t\u00e9t. Az aneurysma m\u0171t\u00e9tek harmada, a carotis rekonstrukci\u00f3k t\u00f6bb mint negyede klinik\u00e1nkon ker\u00fcl ell\u00e1t\u00e1sra. A hibrid m\u0171t\u00e9teket be\u00e9p\u00edtett C-\u00e1llv\u00e1nnyal rendelkez\u0151 hibrid m\u0171t\u0151ben \u00e9s az \u00e9rseb\u00e9szeti m\u0171t\u0151ben megtal\u00e1lhat\u00f3 mobil C-\u00e1llv\u00e1ny seg\u00edts\u00e9g\u00e9vel v\u00e9gezz\u00fck. A multidiszciplin\u00e1ris d\u00f6nt\u00e9st ig\u00e9nyl\u0151 esetek a Vascular Team el\u00e9 ker\u00fclnek, ahol \u00e9rseb\u00e9sz, intervenci\u00f3s radiol\u00f3gus \u00e9s angiol\u00f3gus k\u00f6z\u00f6sen d\u00f6nt a legink\u00e1bb megfelel\u0151 kezel\u00e9sr\u0151l. A klinik\u00e1n a ritka \u00e9rfejl\u0151d\u00e9si rendelleness\u00e9gekkel foglalkoz\u00f3 malformatio ambulancia is m\u0171k\u00f6dik.<\/p>\n","protected":false},"excerpt":{"rendered":"<p>A gy\u00f3gy\u00edt\u00f3 munka 55 \u00e1gyon folyik. \u00c9rseb\u00e9szeti oszt\u00e1lyunk heti 7 napban l\u00e1tja el ter\u00fcleti illet\u00e9kess\u00e9gi elv alapj\u00e1n\u00a0 (II. \u00e9s III. progresszivit\u00e1si szinten) az \u00e9rseb\u00e9szeti betegeket. \u00a0A thoraco-abdominalis aorta aneurysm\u00e1k ell\u00e1t\u00e1s\u00e1t csaknem kiz\u00e1r\u00f3lag, az aorta disszekci\u00f3k t\u00f6bbs\u00e9g\u00e9t orsz\u00e1gosan klinik\u00e1nk v\u00e9gzi. A sz\u00edvseb\u00e9szeti h\u00e1tt\u00e9r bonyolult \u00edv-mellkasi \u00e9s thoraco-abdominalis aorta m\u0171t\u00e9teket is lehet\u0151v\u00e9 tesz. Napjainkra a nyitott \u00e9s &hellip;<\/p>\n","protected":false},"author":101737,"featured_media":0,"parent":23,"menu_order":3,"comment_status":"closed","ping_status":"closed","template":"","meta":{"_acf_changed":false,"footnotes":""},"categories":[],"tags":[],"class_list":["post-2705","page","type-page","status-publish","hentry"],"acf":[],"_links":{"self":[{"href":"https:\/\/semmelweis.hu\/varosmajor\/wp-json\/wp\/v2\/pages\/2705","targetHints":{"allow":["GET"]}}],"collection":[{"href":"https:\/\/semmelweis.hu\/varosmajor\/wp-json\/wp\/v2\/pages"}],"about":[{"href":"https:\/\/semmelweis.hu\/varosmajor\/wp-json\/wp\/v2\/types\/page"}],"author":[{"embeddable":true,"href":"https:\/\/semmelweis.hu\/varosmajor\/wp-json\/wp\/v2\/users\/101737"}],"replies":[{"embeddable":true,"href":"https:\/\/semmelweis.hu\/varosmajor\/wp-json\/wp\/v2\/comments?post=2705"}],"version-history":[{"count":2,"href":"https:\/\/semmelweis.hu\/varosmajor\/wp-json\/wp\/v2\/pages\/2705\/revisions"}],"predecessor-version":[{"id":5734,"href":"https:\/\/semmelweis.hu\/varosmajor\/wp-json\/wp\/v2\/pages\/2705\/revisions\/5734"}],"up":[{"embeddable":true,"href":"https:\/\/semmelweis.hu\/varosmajor\/wp-json\/wp\/v2\/pages\/23"}],"wp:attachment":[{"href":"https:\/\/semmelweis.hu\/varosmajor\/wp-json\/wp\/v2\/media?parent=2705"}],"wp:term":[{"taxonomy":"category","embeddable":true,"href":"https:\/\/semmelweis.hu\/varosmajor\/wp-json\/wp\/v2\/categories?post=2705"},{"taxonomy":"post_tag","embeddable":true,"href":"https:\/\/semmelweis.hu\/varosmajor\/wp-json\/wp\/v2\/tags?post=2705"}],"curies":[{"name":"wp","href":"https:\/\/api.w.org\/{rel}","templated":true}]}}