{"id":2700,"date":"2021-02-12T15:05:12","date_gmt":"2021-02-12T14:05:12","guid":{"rendered":"https:\/\/semmelweis.hu\/varosmajor\/?page_id=2700"},"modified":"2024-09-10T10:42:16","modified_gmt":"2024-09-10T08:42:16","slug":"sziv-elektrofiziologiai-munkacsoport","status":"publish","type":"page","link":"https:\/\/semmelweis.hu\/varosmajor\/kutatas\/kardiologia\/sziv-elektrofiziologiai-munkacsoport\/","title":{"rendered":"Sz\u00edv Elektrofiziol\u00f3giai Munkacsoport"},"content":{"rendered":"<p style=\"text-align: justify\">V\u00e1rosmajori Sz\u00edv- \u00e9s \u00c9rgy\u00f3gy\u00e1szati Klinik\u00e1n m\u0171k\u00f6d\u0151 Sz\u00edv Elektrofiziol\u00f3giai Munkacsoport a sz\u00edvritmuszavarok tanulm\u00e1nyoz\u00e1s\u00e1val \u00e9s invaz\u00edv kat\u00e9terabl\u00e1ci\u00f3j\u00e1val foglalkozik.<\/p>\n<p style=\"text-align: justify\">A mindennapi betegell\u00e1t\u00e1s sor\u00e1n az orsz\u00e1gban (\u00e9s k\u00f6z\u00e9p Eur\u00f3p\u00e1ban) legmagasabb esetsz\u00e1mban t\u00f6rt\u00e9nnek kat\u00e9tereabl\u00e1ci\u00f3k, bele\u00e9rtve a legkomplexebb ritmuszavarok (mind pitvari, mind kamrai ritmuszavarok) gy\u00f3gy\u00edt\u00e1s\u00e1t is. Emellett a Munkacsoport nemzetk\u00f6zi klinikai vizsg\u00e1latokban akt\u00edvan r\u00e9szt vesz, \u00e9s kimagasl\u00f3 tudom\u00e1nyos publik\u00e1ci\u00f3s teljes\u00edtm\u00e9nnyel rendelkezik.<\/p>\n<p>Kiemelt betegell\u00e1t\u00e1si ter\u00fcletek:<\/p>\n<p style=\"text-align: justify\">&#8211; supraventricularis tachycardi\u00e1k abl\u00e1ci\u00f3s kezel\u00e9se, a legmodernebb, z\u00e9r\u00f3-fluoroszk\u00f3pi\u00e1s technol\u00f3gi\u00e1val.<\/p>\n<p style=\"text-align: justify\">&#8211; pitvarfibrill\u00e1ci\u00f3 abl\u00e1ci\u00f3s kezel\u00e9se, bele\u00e9rtve a hossz\u00fa ideje fenn\u00e1ll\u00f3 ritmuszavar abl\u00e1ci\u00f3j\u00e1t is.<\/p>\n<p style=\"text-align: justify\">&#8211; komplex pitvari tachycardia abl\u00e1ci\u00f3s kezel\u00e9se, melyhez mindh\u00e1rom jelenleg forgalomban lev\u0151 elektroanat\u00f3miai t\u00e9rk\u00e9pez\u0151 rendszer rendelkez\u00e9s\u00fcnkre \u00e1ll<\/p>\n<p style=\"text-align: justify\">&#8211; \u00e9letvesz\u00e9lyes kamrai tachycardi\u00e1k abl\u00e1ci\u00f3s kezel\u00e9se<\/p>\n<p>F\u0151bb kutat\u00e1si ter\u00fcletek:<\/p>\n<p>&#8211; pitvarfibrill\u00e1ci\u00f3 abl\u00e1ci\u00f3 modern contact-force \u00e9rz\u00e9kel\u0151 kat\u00e9terekkel<\/p>\n<p>&#8211; pitvarfibrill\u00e1ci\u00f3 abl\u00e1ci\u00f3 &#8220;high power, short duration&#8221; technik\u00e1val<\/p>\n<p>&#8211; perzisztens pitvarfibrill\u00e1ci\u00f3 multimod\u00e1lis vizsg\u00e1lata<\/p>\n<p>&#8211; kamrai tachycardia abl\u00e1ci\u00f3s technik\u00e1k eredm\u00e9nyess\u00e9ge<\/p>\n<p>&#8211; AVNRT, pitvari flutter abl\u00e1ci\u00f3 z\u00e9r\u00f3 fluoroszk\u00f3pi\u00e1val<\/p>\n<p>A munkacsoport tagjai<\/p>\n<p>\u2013 Dr. Gell\u00e9r L\u00e1szl\u00f3 PhD, med. habil., egyetemi tan\u00e1r, kutat\u00f3csoport vezet\u0151<\/p>\n<p>\u2013 Dr. Szegedi N\u00e1ndor, PhD, kardiol\u00f3gus szakorvos<\/p>\n<p>\u2013 Dr. Osztheimer Istv\u00e1n, PhD, kardiol\u00f3gus szakorvos<\/p>\n<p>\u2013 Dr. Nagy Klaudia Vivien, PhD, kardiol\u00f3gus szakorvos<\/p>\n<p>\u2013 Dr. Sall\u00f3 Zolt\u00e1n, kardiol\u00f3gus szakorvos<\/p>\n<p>\u2013 Dr. Perge P\u00e9ter, PhD, kardiol\u00f3gus rezidens<\/p>\n<p>\u2013 Dr. Piros Katalin, kardiol\u00f3gus rezidens<\/p>\n<p>\u2013 Dr. Herczeg Szilvia, kardiol\u00f3gus rezidens, PhD hallgat\u00f3<\/p>\n<p>TDK hallgat\u00f3k jelentkez\u00e9s\u00e9t v\u00e1rjuk, akik az elektrofiziol\u00f3gia ter\u00fclet\u00e9n k\u00edv\u00e1nnak kutat\u00f3munk\u00e1t v\u00e9gezni:<br \/>\n<a href=\"mailto:szegedi.nandor@med.semmelweis-univ.hu\">szegedi.nandor@med.semmelweis-univ.hu<\/a><\/p>\n","protected":false},"excerpt":{"rendered":"<p>V\u00e1rosmajori Sz\u00edv- \u00e9s \u00c9rgy\u00f3gy\u00e1szati Klinik\u00e1n m\u0171k\u00f6d\u0151 Sz\u00edv Elektrofiziol\u00f3giai Munkacsoport a sz\u00edvritmuszavarok tanulm\u00e1nyoz\u00e1s\u00e1val \u00e9s invaz\u00edv kat\u00e9terabl\u00e1ci\u00f3j\u00e1val foglalkozik. A mindennapi betegell\u00e1t\u00e1s sor\u00e1n az orsz\u00e1gban (\u00e9s k\u00f6z\u00e9p Eur\u00f3p\u00e1ban) legmagasabb esetsz\u00e1mban t\u00f6rt\u00e9nnek kat\u00e9tereabl\u00e1ci\u00f3k, bele\u00e9rtve a legkomplexebb ritmuszavarok (mind pitvari, mind kamrai ritmuszavarok) gy\u00f3gy\u00edt\u00e1s\u00e1t is. Emellett a Munkacsoport nemzetk\u00f6zi klinikai vizsg\u00e1latokban akt\u00edvan r\u00e9szt vesz, \u00e9s kimagasl\u00f3 tudom\u00e1nyos publik\u00e1ci\u00f3s teljes\u00edtm\u00e9nnyel rendelkezik. &hellip;<\/p>\n","protected":false},"author":101737,"featured_media":0,"parent":784,"menu_order":4,"comment_status":"closed","ping_status":"closed","template":"","meta":{"_acf_changed":false,"footnotes":""},"categories":[],"tags":[],"class_list":["post-2700","page","type-page","status-publish","hentry"],"acf":[],"_links":{"self":[{"href":"https:\/\/semmelweis.hu\/varosmajor\/wp-json\/wp\/v2\/pages\/2700","targetHints":{"allow":["GET"]}}],"collection":[{"href":"https:\/\/semmelweis.hu\/varosmajor\/wp-json\/wp\/v2\/pages"}],"about":[{"href":"https:\/\/semmelweis.hu\/varosmajor\/wp-json\/wp\/v2\/types\/page"}],"author":[{"embeddable":true,"href":"https:\/\/semmelweis.hu\/varosmajor\/wp-json\/wp\/v2\/users\/101737"}],"replies":[{"embeddable":true,"href":"https:\/\/semmelweis.hu\/varosmajor\/wp-json\/wp\/v2\/comments?post=2700"}],"version-history":[{"count":8,"href":"https:\/\/semmelweis.hu\/varosmajor\/wp-json\/wp\/v2\/pages\/2700\/revisions"}],"predecessor-version":[{"id":5828,"href":"https:\/\/semmelweis.hu\/varosmajor\/wp-json\/wp\/v2\/pages\/2700\/revisions\/5828"}],"up":[{"embeddable":true,"href":"https:\/\/semmelweis.hu\/varosmajor\/wp-json\/wp\/v2\/pages\/784"}],"wp:attachment":[{"href":"https:\/\/semmelweis.hu\/varosmajor\/wp-json\/wp\/v2\/media?parent=2700"}],"wp:term":[{"taxonomy":"category","embeddable":true,"href":"https:\/\/semmelweis.hu\/varosmajor\/wp-json\/wp\/v2\/categories?post=2700"},{"taxonomy":"post_tag","embeddable":true,"href":"https:\/\/semmelweis.hu\/varosmajor\/wp-json\/wp\/v2\/tags?post=2700"}],"curies":[{"name":"wp","href":"https:\/\/api.w.org\/{rel}","templated":true}]}}