{"id":27,"date":"2020-11-05T12:48:52","date_gmt":"2020-11-05T11:48:52","guid":{"rendered":"https:\/\/semmelweis.hu\/varosmajor\/?page_id=27"},"modified":"2024-09-10T11:32:05","modified_gmt":"2024-09-10T09:32:05","slug":"kapcsolat","status":"publish","type":"page","link":"https:\/\/semmelweis.hu\/varosmajor\/kapcsolat\/","title":{"rendered":"Kapcsolat"},"content":{"rendered":"<p style=\"text-align: justify\">A V\u00e1rosmajori Sz\u00edv- \u00e9s \u00c9rgy\u00f3gy\u00e1szati Klinika megk\u00f6zel\u00edthet\u0151 a Sz\u00e9ll K\u00e1lm\u00e1n t\u00e9rr\u0151l a 128-as \u00e9s 129-es aut\u00f3buszokkal, valamint a Szent J\u00e1nos K\u00f3rh\u00e1z fel\u0151l a 61-es \u00e9s 59-es villamosokkal. A Klinika k\u00f6rny\u00e9k\u00e9n ingyenes parkol\u00e1s nem lehets\u00e9ges, a fizet\u0151s parkol\u00e1si z\u00f3n\u00e1kra figyeljenek.\u00a0<\/p>\n<div class=\"responsive-tabs\">\n<h2 class=\"tabtitle\">Kardiol\u00f3gia<\/h2>\n<div class=\"tabcontent\">\n\n<h2>Kardiol\u00f3giai K\u00f6zpont &#8211; Invaz\u00edv Kardiol\u00f3giai Oszt\u00e1ly \u00e9s Kardiol\u00f3giai Szakspecifikus Intenz\u00edv Oszt\u00e1ly<\/h2>\n<p><strong>C\u00edm:\u00a0<\/strong> 1122 Budapest, Ga\u00e1l J\u00f3zsef \u00fat 9-11.<br \/>\n<strong>Telefon:\u00a0<\/strong>\u00a0+36-1-458-6810<br \/>\n<strong>E-mail:\u00a0<\/strong>\u00a0<a href=\"mailto:info@kardio.sote.hu\">info@kardio.sote.hu<\/a><\/p>\n<p><a class=\"button\" href=\"http:\/\/maps.google.com\/maps?saddr=&amp;daddr=1122+Budapest%2C+Ga%C3%A1l+J%C3%B3zsef+%C3%BAt+9.+Magyarorsz%C3%A1g&amp;hl=hu&amp;ll=47.5065035,19.01272480741\" target=\"_blank\" rel=\"noopener noreferrer\">\u00daTVONALTERVEZ\u00c9S<\/a><\/p>\n<h2>V\u00e1rosmajor utcai T\u00f6mb &#8211; F\u00f6ldszinti Egynapos Kardiol\u00f3giai Oszt\u00e1ly<\/h2>\n<p><strong>C\u00edm:\u00a0<\/strong> 1122 Budapest, XII. V\u00e1rosmajor u. 68.<br \/>\n<strong>Telefon:\u00a0<\/strong> +36-1-458-6700<br \/>\n<strong>E-mail: <\/strong><a href=\"mailto:info@kardio.sote.hu\">info@kardio.sote.hu<\/a><\/p>\n<p><a class=\"button\" href=\"https:\/\/www.google.com\/maps\/dir\/\/V%C3%A1rosmajor+u.+68,+Budapest,+1122\/@47.5072429,19.0097816,16z\/data=!4m8!4m7!1m0!1m5!1m1!1s0x4741dea2c5864345:0xecb725d2b4482839!2m2!1d19.014159!2d47.507243\" target=\"_blank\" rel=\"noopener noreferrer\">\u00daTVONALTERVEZ\u00c9S<\/a><\/p>\n<h2>Sportkardiol\u00f3gia Ambulancia<\/h2>\n<p><strong>C\u00edm:\u00a0<\/strong> 1122 Budapest, Hat\u00e1r\u0151r \u00fat 18.<br \/>\n<strong>Telefon:\u00a0<\/strong> +36-1-458-6850<br \/>\n<strong>Fax:\u00a0<\/strong> +36-1-458-6890<br \/>\n<strong>E-mail:\u00a0<\/strong>\u00a0<a href=\"mailto:info@kardio.sote.hu\">info@kardio.sote.hu<\/a><br \/>\n<strong>Megk\u00f6zel\u00edt\u00e9s:\u00a0<\/strong> a Sz\u00e9ll K\u00e1lm\u00e1n t\u00e9rr\u0151l 128, 129-es busszal vagy g\u00e9pkocsival a Ga\u00e1l J\u00f3zsef utca fel\u0151l<br \/>\n<strong>Postac\u00edm:\u00a0<\/strong>1122 Budapest, Hat\u00e1r\u0151r \u00fat 18.<\/p>\n<p><a class=\"button\" href=\"https:\/\/www.google.com\/maps\/place\/Budapest,+Hat%C3%A1r%C5%91r+%C3%BAt+18,+1122\/@47.5070456,19.009189,17z\/data=!3m1!4b1!4m6!3m5!1s0x4741debd4837fb13:0x3dd19e740e9328ad!8m2!3d47.507042!4d19.0117639!16s%2Fg%2F11j6zkw6_m?entry=ttu&amp;g_ep=EgoyMDI0MDkwOC4wIKXMDSoASAFQAw%3D%3D\" target=\"_blank\" rel=\"noopener noreferrer\">\u00daTVONALTERVEZ\u00c9S<\/a><\/p>\n\n<\/div><h2 class=\"tabtitle\">\u00c9r- \u00e9s sz\u00edvseb\u00e9szet<\/h2>\n<div class=\"tabcontent\">\n\n<h2>\u00c9rseb\u00e9szet<\/h2>\n<p><strong>C\u00edm:\u00a0<\/strong> 1122 Budapest, XII. V\u00e1rosmajor u. 68.<br \/>\n<strong>Telefon: <\/strong>+36-1-458-6700<br \/>\n<strong>E-mail:\u00a0<\/strong>\u00a0<a href=\"mailto:info@kardio.sote.hu\">info@kardio.sote.hu<\/a><\/p>\n<p><a class=\"button\" href=\"http:\/\/maps.google.com\/maps?saddr=&amp;daddr=1122+Budapest%2C+XII.+V%C3%A1rosmajor+u.+68.+Magyarorsz%C3%A1g&amp;hl=hu&amp;ll=47.507125,19.013977153442\" target=\"_blank\" rel=\"noopener noreferrer\">\u00daTVONALTERVEZ\u00c9S<\/a><\/p>\n<h2>Sz\u00edvseb\u00e9szet<\/h2>\n<p><strong>C\u00edm:\u00a0<\/strong> 1122 Budapest, V\u00e1rosmajor u. 68.<br \/>\n<strong>Telefon: <\/strong>+36-1-458-6700<br \/>\n<strong>Fax:\u00a0<\/strong> +36-1-458-6818<br \/>\n<strong>E-mail:\u00a0<\/strong>\u00a0<a href=\"mailto:info@kardio.sote.hu\">info@kardio.sote.hu<\/a><\/p>\n<p><a class=\"button\" href=\"http:\/\/maps.google.com\/maps?saddr=&amp;daddr=1122+Budapest%2C+V%C3%A1rosmajor+u.+68.+Magyarorsz%C3%A1g&amp;hl=hu&amp;ll=47.507125,19.013977153442\" target=\"_blank\" rel=\"noopener noreferrer\">\u00daTVONALTERVEZ\u00c9S<\/a><\/p>\n\n<\/div><h2 class=\"tabtitle\">Radiol\u00f3gia<\/h2>\n<div class=\"tabcontent\">\n\n<h2>Radiol\u00f3gia<\/h2>\n<p><strong>C\u00edm:\u00a0<\/strong> 1122 Budapest, Hat\u00e1r\u0151r \u00fat 18.<br \/>\n<strong>Telefon: <\/strong>06-1-458-6850<\/p>\n<p><a class=\"button\" href=\"https:\/\/www.google.com\/maps\/dir\/\/Budapest,+Hat%C3%A1r%C5%91r+%C3%BAt+18,+1122\/@47.5071265,19.0094919,17z\/data=!4m17!1m7!3m6!1s0x4741debd4d475649:0x27db9a6a7d9d9bf7!2zQnVkYXBlc3QsIEhhdMOhcsWRciDDunQgMTgsIDExMjI!3b1!8m2!3d47.5071265!4d19.0116807!4m8!1m0!1m5!1m1!1s0x4741debd4d475649:0x27db9a6a7d9d9bf7!2m2!1d19.0116806!2d47.5071265!3e3\" target=\"_blank\" rel=\"noopener noreferrer\">\u00daTVONALTERVEZ\u00c9S<\/a><\/p>\n<h2>K\u00e9palkot\u00f3 Diagnosztikai Profil<\/h2>\n<p><strong>C\u00edm:\u00a0<\/strong> 1122 Budapest, Hat\u00e1r\u0151r \u00fat 18.<\/p>\n<p><strong>El\u0151jegyz\u00e9si telefonsz\u00e1m:<\/strong> +36-1-458-6878<br \/>\n<strong>Titk\u00e1rs\u00e1gi telefon:\u00a0<\/strong> +36-1-458-6870<br \/>\n<strong>Fax:\u00a0<\/strong> +36-1-458-6890<br \/>\n<strong>E-mail: <\/strong><span style=\"color: #008080\"><a>major.rad@med.semmelweis-univ.hu\u00a0<\/a><\/span><br \/>\n<strong>Megk\u00f6zel\u00edt\u00e9s:\u00a0<\/strong> Sz\u00e9ll K\u00e1lm\u00e1n t\u00e9rr\u0151l a 128, 129-es busszal vagy g\u00e9pkocsival a Ga\u00e1l J\u00f3zsef \u00fat fel\u0151l<br \/>\n<strong>Postac\u00edm:\u00a0<\/strong> 1122 Budapest, V\u00e1rosmajor utca 68.<\/p>\n<p><a class=\"button\" href=\"http:\/\/maps.google.com\/maps?saddr=&amp;daddr=1122+Budapest%2C+Hat%C3%A1r%C5%91r+%C3%BAt+18.+Magyarorsz%C3%A1g&amp;hl=hu&amp;ll=47.5069731,19.011539099999936\" target=\"_blank\" rel=\"noopener noreferrer\">\u00daTVONALTERVEZ\u00c9S<\/a><\/p>\n\n<\/div><h2 class=\"tabtitle\">Tansz\u00e9kek\/oktat\u00e1s<\/h2>\n<div class=\"tabcontent\">\n\n<h2>Kardiol\u00f3giai Oktat\u00e1si Titk\u00e1rs\u00e1g<\/h2>\n<p><strong>C\u00edm:\u00a0<\/strong> 1122 Budapest, Ga\u00e1l J\u00f3zsef \u00fat 9-11.<br \/>\n<strong>Telefon:\u00a0<\/strong> +36-1-4586847<br \/>\n<strong>E-mail:\u00a0<\/strong>\u00a0<a href=\"mailto:cvc.oktatas@gmail.com\">cvc.oktatas@gmail.com<\/a><br \/>\n<strong>Megk\u00f6zel\u00edt\u00e9s:\u00a0<\/strong> Sz\u00e9ll K\u00e1lm\u00e1n t\u00e9rr\u0151l a 128, 129-es busszal<br \/>\n<strong>Postac\u00edm:\u00a0<\/strong> 1122 Budapest, V\u00e1rosmajor utca 68.<\/p>\n<p><a class=\"button\" href=\"http:\/\/maps.google.com\/maps?saddr=&amp;daddr=1122+Budapest%2C+Ga%C3%A1l+J%C3%B3zsef+utca+9.+Magyarorsz%C3%A1g&amp;hl=hu&amp;ll=47.5065035,19.0124244\" target=\"_blank\" rel=\"noopener noreferrer\">\u00daTVONALTERVEZ\u00c9S<\/a><\/p>\n<h2>Sportorvostan Tansz\u00e9k<\/h2>\n<p><strong>C\u00edm:\u00a0<\/strong> 1122 Budapest, Ga\u00e1l J\u00f3zsef \u00fat 9-11.<br \/>\n<strong>Telefon:\u00a0<\/strong> +36-20-666-3191<br \/>\n<strong>E-mail:\u00a0<\/strong>\u00a0<a href=\"mailto:cvc.oktatas2@gmail.com\">cvc.oktatas2@gmail.com<\/a><\/p>\n<p><a class=\"button\" href=\"https:\/\/www.google.com\/maps\/dir\/\/Budapest,+Ga%C3%A1l+J%C3%B3zsef+%C3%BAt+9,+1122\/@47.5065319,19.0106811,17z\/data=!4m17!1m7!3m6!1s0x4741dea2b0edafab:0x7570c1db79308b95!2zQnVkYXBlc3QsIEdhw6FsIErDs3pzZWYgw7p0IDksIDExMjI!3b1!8m2!3d47.5065319!4d19.0128698!4m8!1m0!1m5!1m1!1s0x4741dea2b0edafab:0x7570c1db79308b95!2m2!1d19.0128698!2d47.5065319!3e3\" target=\"_blank\" rel=\"noopener noreferrer\">\u00daTVONALTERVEZ\u00c9S<\/a><\/p>\n<h2>\u00c9rseb\u00e9szeti \u00e9s Sz\u00edvseb\u00e9szeti Oktat\u00e1si Titk\u00e1rs\u00e1g<\/h2>\n<p><strong>C\u00edm:\u00a0<\/strong> 1122 Budapest, V\u00e1rosmajor utca 68.<br \/>\n<strong>Telefon:\u00a0<\/strong> +36-1-4586734<br \/>\n<strong>E-mail:\u00a0<\/strong>\u00a0<a href=\"mailto:titkar.ersebtanszek@med.semmelweis-univ.hu\">titkar.ersebtanszek@med.semmelweis-univ.hu<\/a><br \/>\n<strong>Postac\u00edm:\u00a0<\/strong> 1122 Budapest, V\u00e1rosmajor utca 68.<\/p>\n<p><a class=\"button\" href=\"http:\/\/maps.google.com\/maps?saddr=&amp;daddr=1122+Budapest%2C+V%C3%A1rosmajor+utca+68.+Magyarorsz%C3%A1g&amp;hl=hu&amp;ll=47.507125,19.013548\" target=\"_blank\" rel=\"noopener noreferrer\">\u00daTVONALTERVEZ\u00c9S<\/a><\/p>\n<h2>Intervenci\u00f3s Radiol\u00f3giai Tansz\u00e9k<\/h2>\n<p><strong>C\u00edm: <\/strong>1122 Budapest, Hat\u00e1r\u0151r \u00fat 18.<br \/>\n<strong>Telefon: <\/strong>+36 1 458 6880<br \/>\n<strong>Email:<\/strong> <a href=\"mailto:titkarsag.intervencio@med.semmelweis-univ.hu\" target=\"_blank\" rel=\"noopener noreferrer\">titkarsag.intervencio@med.semmelweis-univ.hu<\/a><br \/>\n<strong>Postac\u00edm: <\/strong>1085 Budapest, \u00dcll\u0151i \u00fat 26.; 1428 Budapest, Pf. 2.<\/p>\n<p><a class=\"button\" href=\"https:\/\/www.google.com\/maps\/place\/Budapest,+Hat%C3%A1r%C5%91r+%C3%BAt+18,+1122\/@47.5070456,19.009189,17z\/data=!3m1!4b1!4m6!3m5!1s0x4741debd4837fb13:0x3dd19e740e9328ad!8m2!3d47.507042!4d19.0117639!16s%2Fg%2F11j6zkw6_m?entry=ttu&amp;g_ep=EgoyMDI0MDkwOC4wIKXMDSoASAFQAw%3D%3D\" target=\"_blank\" rel=\"noopener noreferrer\">\u00daTVONALTERVEZ\u00c9S<\/a><\/p>\n<h1>M\u0171t\u00e9ttan<\/h1>\n<p><strong>C\u00edm<\/strong>: 1089 Budapest, Nagyv\u00e1rad t\u00e9r 4.<br \/>\n<strong>GPS koordin\u00e1t\u00e1k:<\/strong>\u00a047.479851, 19.091865<\/p>\n<p><strong>Torony XI. emelet:<\/strong><br \/>\nigazgat\u00f3, titk\u00e1rs\u00e1g, gazdas\u00e1gi \u00fcgyint\u00e9z\u0151 \u00e9s orvosi szob\u00e1k<br \/>\n<strong>Kontakt szem\u00e9ly:<\/strong> Petrovics Alica, titk\u00e1r<br \/>\n<strong>Telefon:<\/strong> 06-1-459-1500; Mell\u00e9k: 56569<br \/>\n<strong>Fax:<\/strong> 06-1-459-1500\/56574<br \/>\n<strong>E-mail:<\/strong> mutettan@gmail.com<\/p>\n<p><strong>Torony XIV. emelet:<\/strong><br \/>\n1419-es sz\u00e1m\u00fa tanterem<br \/>\n<strong>Telefon:<\/strong> 06-1-459-1500; Mell\u00e9k: 56185<\/p>\n<p><strong>NET 1. sz\u00e1m\u00fa szemin\u00e1riumi terem<\/strong> <strong>(Lep\u00e9ny):<\/strong><br \/>\nlaparoszk\u00f3pos \u00e9s mikroseb\u00e9szeti oktat\u00f3 terem<br \/>\n<strong>Telefon:<\/strong> 06-1-459-1500; Mell\u00e9k: 56593<\/p>\n<p><strong>NET Oktat\u00f3 M\u0171t\u0151:<\/strong><br \/>\nA D\u00edszterem bej\u00e1rat\u00e1n\u00e1l l\u00e9v\u0151 l\u00e9pcs\u0151n lefel\u00e9 haladva tal\u00e1ljuk az oktat\u00f3helyis\u00e9get.<br \/>\n<strong>Telefon:<\/strong> 06-1-459-1500; Mell\u00e9k: 56378<br \/>\n<strong>Kontakt szem\u00e9ly:<\/strong> Schum Ibolya \u00e9s Cs\u00e9pke Karolina asszisztensek<\/p>\n<p><a class=\"button\" href=\"https:\/\/www.google.com\/maps\/dir\/\/47.4792399,19.0915788\/@47.47924,19.091579,16z?hl=hu-HU\" target=\"_blank\" rel=\"noopener noreferrer\">\u00daTVONALTERVEZ\u00c9S<\/a><\/p>\n<h2>Gottsegen Gy\u00f6rgy Orsz\u00e1gos Kardiol\u00f3giai Int\u00e9zet (k\u00fcls\u0151 oktat\u00e1si int\u00e9zm\u00e9ny)<\/h2>\n<p><strong>C\u00edm: <\/strong>1096 Bp. Haller u. 29.<br \/>\n<strong>Telefon: <\/strong>+36-1-215-1220<\/p>\n<p><a class=\"button\" href=\"http:\/\/maps.google.com\/maps?saddr=&amp;daddr=1096+Bp.+Haller+u.+29.+Magyarorsz%C3%A1g&amp;hl=hu&amp;ll=47.477801,19.086911\">\u00daTVONALTERVEZ\u00c9S<\/a><\/p>\n<h2>Szent J\u00e1nos K\u00f3rh\u00e1z (Saint John&#8217;s Hospital)<\/h2>\n<p><strong>C\u00edm: <\/strong>1125 Budapest, Di\u00f3s \u00e1rok 1-3.<br \/>\n<strong>Webc\u00edm: <\/strong>\u00a0<a href=\"http:\/\/www.janoskorhaz.hu\/\">www.janoskorhaz.hu<\/a><\/p>\n<p><a class=\"button\" href=\"http:\/\/maps.google.com\/maps?saddr=&amp;daddr=1125+Budapest%2C+Di%C3%B3s+%C3%A1rok+1-3.+Hungary&amp;hl=en&amp;ll=47.5083305,19.0061487\">\u00daTVONALTERVEZ\u00c9S<\/a><\/p>\n<h2>Szent Imre K\u00f3rh\u00e1z &#8211; Kardiol\u00f3gia (Saint Imre&#8217;s Hospital)<\/h2>\n<p><strong>C\u00edm: <\/strong>1115 Budapest, T\u00e9t\u00e9nyi street 12-16.<br \/>\n<strong>Webc\u00edm: <\/strong>\u00a0<a href=\"http:\/\/www.sztimrehosp.hu\/\">www.sztimrehosp.hu\/<\/a><\/p>\n<p><a class=\"button\" href=\"http:\/\/maps.google.com\/maps?saddr=&amp;daddr=1115+Budapest%2C+T%C3%A9t%C3%A9nyi+street+12-16.+Hungary&amp;hl=en&amp;ll=47.4685495,19.0341348\">\u00daTVONALTERVEZ\u00c9S<\/a><\/p>\n\n<\/div><h2 class=\"tabtitle\">Kutat\u00e1s<\/h2>\n<div class=\"tabcontent\">\n\n<h2>3D K\u00f6zpont<\/h2>\n<p><strong>C\u00edm:\u00a0<\/strong> Budapest, T\u0171zolt\u00f3 u. 58, 1094<br \/>\n<strong>Telefon:\u00a0<\/strong> +3620 8259045<br \/>\n<strong>E-mail: <\/strong><a href=\"mailto:barabas@orvosi3d.hu\">barabas@orvosi3d.hu<\/a><\/p>\n<\/div><\/div>\n","protected":false},"excerpt":{"rendered":"<p>A V\u00e1rosmajori Sz\u00edv- \u00e9s \u00c9rgy\u00f3gy\u00e1szati Klinika megk\u00f6zel\u00edthet\u0151 a Sz\u00e9ll K\u00e1lm\u00e1n t\u00e9rr\u0151l a 128-as \u00e9s 129-es aut\u00f3buszokkal, valamint a Szent J\u00e1nos K\u00f3rh\u00e1z fel\u0151l a 61-es \u00e9s 59-es villamosokkal. A Klinika k\u00f6rny\u00e9k\u00e9n ingyenes parkol\u00e1s nem lehets\u00e9ges, a fizet\u0151s parkol\u00e1si z\u00f3n\u00e1kra figyeljenek.\u00a0 Kardiol\u00f3giai K\u00f6zpont &#8211; Invaz\u00edv Kardiol\u00f3giai Oszt\u00e1ly \u00e9s Kardiol\u00f3giai Szakspecifikus Intenz\u00edv Oszt\u00e1ly C\u00edm:\u00a0 1122 Budapest, Ga\u00e1l J\u00f3zsef &hellip;<\/p>\n","protected":false},"author":12,"featured_media":0,"parent":0,"menu_order":8,"comment_status":"closed","ping_status":"closed","template":"","meta":{"_acf_changed":false,"footnotes":""},"categories":[],"tags":[],"class_list":["post-27","page","type-page","status-publish","hentry"],"acf":[],"_links":{"self":[{"href":"https:\/\/semmelweis.hu\/varosmajor\/wp-json\/wp\/v2\/pages\/27","targetHints":{"allow":["GET"]}}],"collection":[{"href":"https:\/\/semmelweis.hu\/varosmajor\/wp-json\/wp\/v2\/pages"}],"about":[{"href":"https:\/\/semmelweis.hu\/varosmajor\/wp-json\/wp\/v2\/types\/page"}],"author":[{"embeddable":true,"href":"https:\/\/semmelweis.hu\/varosmajor\/wp-json\/wp\/v2\/users\/12"}],"replies":[{"embeddable":true,"href":"https:\/\/semmelweis.hu\/varosmajor\/wp-json\/wp\/v2\/comments?post=27"}],"version-history":[{"count":12,"href":"https:\/\/semmelweis.hu\/varosmajor\/wp-json\/wp\/v2\/pages\/27\/revisions"}],"predecessor-version":[{"id":5857,"href":"https:\/\/semmelweis.hu\/varosmajor\/wp-json\/wp\/v2\/pages\/27\/revisions\/5857"}],"wp:attachment":[{"href":"https:\/\/semmelweis.hu\/varosmajor\/wp-json\/wp\/v2\/media?parent=27"}],"wp:term":[{"taxonomy":"category","embeddable":true,"href":"https:\/\/semmelweis.hu\/varosmajor\/wp-json\/wp\/v2\/categories?post=27"},{"taxonomy":"post_tag","embeddable":true,"href":"https:\/\/semmelweis.hu\/varosmajor\/wp-json\/wp\/v2\/tags?post=27"}],"curies":[{"name":"wp","href":"https:\/\/api.w.org\/{rel}","templated":true}]}}