{"id":254,"date":"2020-11-23T14:30:52","date_gmt":"2020-11-23T13:30:52","guid":{"rendered":"https:\/\/semmelweis.hu\/varosmajor\/?page_id=254"},"modified":"2025-06-17T14:45:21","modified_gmt":"2025-06-17T12:45:21","slug":"betegellato-egysegek","status":"publish","type":"page","link":"https:\/\/semmelweis.hu\/varosmajor\/beteginformacio\/betegellato-egysegek\/","title":{"rendered":"Kardiol\u00f3giai betegell\u00e1t\u00f3 egys\u00e9gek"},"content":{"rendered":"            <div class=\"qae-faqs-container qae-faqs-toggle-container\">\n\t\t\t\t\t\t\t<ul class=\"qe-faqs-filters-container\">\n\t\t\t\t<li class=\"active\"><a class=\"qe-faqs-filter all-faqs\" href=\"#\" data-filter=\"*\">All<\/a><\/li>\n\t\t\t\t<li><a class=\"qe-faqs-filter\" href=\"#kardiologia-betegellato-egysegei\" data-filter=\".kardiologia-betegellato-egysegei\">Kardiol\u00f3gia betegell\u00e1t\u00f3 egys\u00e9gei<\/a><\/li>\t\t\t<\/ul>\n\t\t\t\t\t<div id=\"qaef-10406\" class=\"qe-faq-toggle kardiologia-betegellato-egysegei\">\n\t\t\t<div class=\"qe-toggle-title\">\n\t\t\t\t<h4>\n\t\t\t\t\t<i class=\"fa fa-minus-circle\"><\/i> Egynapos Kardiol\u00f3giai Oszt\u00e1ly\t\t\t\t<\/h4>\n\t\t\t<\/div>\n\t\t\t<div class=\"qe-toggle-content\">\n\t\t\t\t<p style=\"text-align: justify\"><strong>C\u00edm:<\/strong> 1122 Budapest, V\u00e1rosmajor utca 68.<br \/>\n<strong>F\u0151n\u0151v\u00e9r:<\/strong> Simay Katalin<\/p>\n<p style=\"text-align: justify\">Az Egynapos Kardiol\u00f3giai Oszt\u00e1ly V\u00e1rosmajor utcai \u00e9p\u00fclet\u00fcnk f\u00f6ldszintj\u00e9n helyezkedik el, ahol a r\u00f6vid k\u00f3rh\u00e1zi tart\u00f3zkod\u00e1ssal j\u00e1r\u00f3 beavatkoz\u00e1sokat k\u00f6vet\u0151en kezelj\u00fck a betegeket. Ilyen lehet pl. a sz\u00edvritmus szab\u00e1lyoz\u00f3 (pacemaker) be\u00fcltet\u00e9s, az elektrofiziol\u00f3giai vizsg\u00e1lat, a t\u00e1g\u00edt\u00e1s n\u00e9lk\u00fcli koszor\u00fa\u00e9rfest\u00e9s. Emellett azonban ezen az oszt\u00e1lyon folyik hagyom\u00e1nyos kardiol\u00f3giai fekv\u0151beteg ell\u00e1t\u00e1s is. Ezen az oszt\u00e1lyunkon kiemelked\u0151en nagy a napi betegforgalom.<strong>\u00a0<\/strong><\/p>\n\t\t\t<\/div>\n\t\t<\/div>\n\t\t\t\t<div id=\"qaef-10405\" class=\"qe-faq-toggle kardiologia-betegellato-egysegei\">\n\t\t\t<div class=\"qe-toggle-title\">\n\t\t\t\t<h4>\n\t\t\t\t\t<i class=\"fa fa-minus-circle\"><\/i> Invaz\u00edv Kardiol\u00f3giai Oszt\u00e1ly\t\t\t\t<\/h4>\n\t\t\t<\/div>\n\t\t\t<div class=\"qe-toggle-content\">\n\t\t\t\t<p style=\"text-align: justify\"><strong>C\u00edm<\/strong>: 1122 Budapest, Ga\u00e1l J\u00f3zsef utca 9-11.<br \/>\n<strong>F\u0151n\u0151v\u00e9r<\/strong>: Liptai Katalin<\/p>\n<p style=\"text-align: justify\">A Klinika alapvet\u0151 kardiol\u00f3giai betegell\u00e1t\u00f3 oszt\u00e1lya. 35 \u00e1gy\u00e1nak r\u00e9sz\u00e9t k\u00e9pezi a Kardiol\u00f3giai Szakspecifikus Intenz\u00edv Oszt\u00e1ly, ahova a friss infarktussal \u00e9rkez\u0151 betegeket, valamint Klinik\u00e1nk minden s\u00falyos \u00e1llapot\u00fa beteg\u00e9t felvessz\u00fck. F\u0151k\u00e9nt s\u00fcrg\u0151ss\u00e9ggel felvett, gyakran s\u00falyos \u00e1llapot\u00fa betegek kezel\u00e9s\u00e9re \u00e9s megfigyel\u00e9s\u00e9re szolg\u00e1l.<\/p>\n<p style=\"text-align: justify\">A Kardiol\u00f3giai Szakspecifikus Intenz\u00edv Oszt\u00e1ly minden \u00e1gya (10 \u00e1gy) k\u00f6zponti \u00e9s \u00e1gy melletti monitorral felszerelt, l\u00e9legeztet\u0151g\u00e9p \u00e9s IABP alkalmaz\u00e1s\u00e1ra megfelel\u0151 helyet \u00e9s infrastrukt\u00far\u00e1t biztos\u00edt. A tart\u00f3san fekv\u0151 betegek r\u00e9sz\u00e9re minden \u00e1gy antidecubitus matraccal ell\u00e1tott. Rendelkezik az oszt\u00e1ly egy egy\u00e1gyas intenz\u00edv ell\u00e1t\u00e1sra \u00e9s elk\u00fcl\u00f6n\u00edt\u00e9sre is alkalmas betegszob\u00e1val.<\/p>\n<p style=\"text-align: justify\">Az Invaz\u00edv Kardiol\u00f3giai Oszt\u00e1ly t\u00f6bbi \u00e1gy\u00e1n els\u0151sorban k\u00fcl\u00f6nf\u00e9le kat\u00e9teres beavatkoz\u00e1sokat k\u00f6vet\u0151 megfigyel\u00e9s \u00e9s gy\u00f3gyszerbe\u00e1ll\u00edt\u00e1s t\u00f6rt\u00e9nik. Emellett ezen az ambul\u00e1ns betegfelv\u00e9teli helys\u00e9gben t\u00f6rt\u00e9nik a v\u00e9rv\u00e9tel, az EKG k\u00e9sz\u00edt\u00e9s, valamint a betegek orvosi kik\u00e9rdez\u00e9se \u00e9s kivizsg\u00e1l\u00e1sa.<\/p>\n\t\t\t<\/div>\n\t\t<\/div>\n\t\t\t\t<div id=\"qaef-10404\" class=\"qe-faq-toggle kardiologia-betegellato-egysegei\">\n\t\t\t<div class=\"qe-toggle-title\">\n\t\t\t\t<h4>\n\t\t\t\t\t<i class=\"fa fa-minus-circle\"><\/i> Intenz\u00edv Kardiol\u00f3giai Oszt\u00e1ly\t\t\t\t<\/h4>\n\t\t\t<\/div>\n\t\t\t<div class=\"qe-toggle-content\">\n\t\t\t\t<p class=\"x_MsoNormal\"><strong>C\u00edm<\/strong>: 1122 Budapest, Ga\u00e1l J\u00f3zsef utca 9-11.<br \/>\n<strong>F\u0151n\u0151v\u00e9r<\/strong>: Liptai Katalin<\/p>\n\t\t\t<\/div>\n\t\t<\/div>\n\t\t\t\t<div id=\"qaef-10403\" class=\"qe-faq-toggle kardiologia-betegellato-egysegei\">\n\t\t\t<div class=\"qe-toggle-title\">\n\t\t\t\t<h4>\n\t\t\t\t\t<i class=\"fa fa-minus-circle\"><\/i> Sportkardiol\u00f3giai Ambulancia\t\t\t\t<\/h4>\n\t\t\t<\/div>\n\t\t\t<div class=\"qe-toggle-content\">\n\t\t\t\t<p class=\"entry-title text-uppercase\">Tartalom hamarosan<\/p>\n\t\t\t<\/div>\n\t\t<\/div>\n\t\t\t\t<div id=\"qaef-10402\" class=\"qe-faq-toggle kardiologia-betegellato-egysegei\">\n\t\t\t<div class=\"qe-toggle-title\">\n\t\t\t\t<h4>\n\t\t\t\t\t<i class=\"fa fa-minus-circle\"><\/i> Sz\u00edvel\u00e9gtelens\u00e9g \u00e9s Kardiol\u00f3giai Ambulanci\u00e1k\t\t\t\t<\/h4>\n\t\t\t<\/div>\n\t\t\t<div class=\"qe-toggle-content\">\n\t\t\t\t<p style=\"text-align: justify\"><strong>C\u00edm:<\/strong> 1122 Budapest, V\u00e1rosmajor utca 68.<br \/>\n<strong>Vezet\u0151 asszisztens:<\/strong> Csob\u00e1nn\u00e9 Ol\u00e1h Csilla<\/p>\n<p style=\"text-align: justify\">J\u00e1r\u00f3beteg ambulanci\u00e1nkon el\u0151zetes id\u0151pont egyeztet\u00e9st k\u00f6vet\u0151en, beutal\u00f3val fogadjuk betegeinket. A hagyom\u00e1nyos kardiol\u00f3giai vizsg\u00e1l\u00f3m\u00f3dszerek (ker\u00e9kp\u00e1r- \u00e9s fut\u00f3szalagos terhel\u00e9s, sz\u00edvultrahang) mellett szakambulanci\u00e1t m\u0171k\u00f6dtet\u00fcnk pacemakerrel \u00e9l\u0151 betegek \u00e9s sz\u00edvel\u00e9gtelens\u00e9gben szenved\u0151 betegek sz\u00e1m\u00e1ra is. A terhel\u00e9ses vizsg\u00e1latok \u00e9s a sz\u00edvultrahang vizsg\u00e1latok egyr\u00e9szt a Cardiovascularis Centrum, m\u00e1sr\u00e9szt a K\u00e9palkot\u00f3 Diagnosztikai R\u00e9szleg \u00e9p\u00fclet\u00e9ben zajlanak.<\/p>\n\t\t\t<\/div>\n\t\t<\/div>\n\t\t\t\t<div id=\"qaef-10401\" class=\"qe-faq-toggle kardiologia-betegellato-egysegei\">\n\t\t\t<div class=\"qe-toggle-title\">\n\t\t\t\t<h4>\n\t\t\t\t\t<i class=\"fa fa-minus-circle\"><\/i> Sz\u00edvel\u00e9gtelens\u00e9g \u00e9s Sz\u00edvtranszplant\u00e1ci\u00f3s Intenz\u00edv R\u00e9szleg\t\t\t\t<\/h4>\n\t\t\t<\/div>\n\t\t\t<div class=\"qe-toggle-content\">\n\t\t\t\t<p style=\"text-align: justify\"><strong>Sz\u00edvel\u00e9gtelens\u00e9g \u00e9s Sz\u00edvtranszplant\u00e1ci\u00f3s Intenz\u00edv R\u00e9szleg<\/strong><\/p>\n<p style=\"text-align: justify\"><strong>C\u00edm:<\/strong> 1122 Budapest, V\u00e1rosmajor utca 68.<br \/>\n<strong>F\u0151\u00e1pol\u00f3:<\/strong> Berki Zolt\u00e1n<\/p>\n<p>A Klinika 8 \u00e1gyas interdiszciplin\u00e1ris szakspecifikus intenz\u00edv oszt\u00e1lya, ahol a kardiol\u00f3gus, a sz\u00edvseb\u00e9sz \u00e9s az intenz\u00edv ter\u00e1pi\u00e1s szakm\u00e1k egy\u00fcttm\u0171k\u00f6d\u00e9s\u00e9vel v\u00e9gezz\u00fck sz\u00edvtranszplant\u00e1lt, illetve kering\u00e9st\u00e1mogat\u00f3 eszk\u00f6z\u00f6s kezel\u00e9sben r\u00e9szes\u00fcl\u0151 betegeink perioperat\u00edv ell\u00e1t\u00e1s\u00e1t. A r\u00e9szleg kiemelked\u0151 szerep\u00e9nek tudhat\u00f3 be Klinik\u00e1nk sikeres sz\u00edvtranszplant\u00e1ci\u00f3s \u00e9s m\u0171sz\u00edv programja, melynek eredm\u00e9nye az \u00e9vi 45-50 sz\u00edvtranszplant\u00e1ci\u00f3, a 50-55 ideiglenes kering\u00e9st\u00e1mogat\u00f3 eszk\u00f6z\u00f6s kezel\u00e9s (ECMO, LVAD \u00e9s BIVAD), illetve a 10-15 v\u00e9gleges m\u0171sz\u00edv be\u00fcltet\u00e9s.<\/p>\n\t\t\t<\/div>\n\t\t<\/div>\n\t\t\t\t<div id=\"qaef-10400\" class=\"qe-faq-toggle kardiologia-betegellato-egysegei\">\n\t\t\t<div class=\"qe-toggle-title\">\n\t\t\t\t<h4>\n\t\t\t\t\t<i class=\"fa fa-minus-circle\"><\/i> Kardiogenetikai ambulancia\t\t\t\t<\/h4>\n\t\t\t<\/div>\n\t\t\t<div class=\"qe-toggle-content\">\n\t\t\t\t<p style=\"text-align: justify\">A kardiogenetikai ambulancia a genetikailag meghat\u00e1rozott kardiol\u00f3giai beteg\u00e9gek diagnosztik\u00e1j\u00e1val \u00e9s a hozz\u00e1 kapcsol\u00f3d\u00f3 genetikai tan\u00e1csad\u00e1s biztos\u00edt\u00e1s\u00e1val foglalkozik. Az ambulanci\u00e1n val\u00f3 megjelen\u00e9s el\u0151tt \u00e9rdemes \u00e1tgondolni a csal\u00e1di anamnesist \u00e9s amennyiben lehets\u00e9ges elhozni a vonatkoz\u00f3 orvosi dokument\u00e1ci\u00f3t.<\/p>\n<p style=\"text-align: justify\">Az ambulancia lefedi a kardiogenetikai betegs\u00e9gek teljes spektrum\u00e1t. A f\u0151 profilok az \u00f6r\u00f6kletes sz\u00edvizombeteg\u00e9gek (pl. hypertrophi\u00e1s cardiomyopathia, dilatat\u00edv cardiomyopathia, ARVC), \u00f6r\u00f6kletes ritmuszavarok (pl. Brugada-szindr\u00f3ma, hossz\u00fa QT-szindr\u00f3ma, CPVT), az \u00f6r\u00f6kletes aorta betegs\u00e9gek (pl. Marfan-szindr\u00f3ma, Loeys-Dietz-szindr\u00f3ma), illetve a hirtelen sz\u00edvhal\u00e1l esetek genetikailag meghat\u00e1rozott csoportja.<\/p>\n<p style=\"text-align: justify\">Az els\u0151 megjelen\u00e9s sor\u00e1n biztos\u00edtott genetikai tan\u00e1csad\u00e1st tipikus esetben kardiogenetikai vizsg\u00e1lat k\u00f6veti. Ennek az eredm\u00e9nye alapj\u00e1n tudunk a legpontosabban nyilatkozni a fenn\u00e1ll\u00f3 betegs\u00e9g term\u00e9szet\u00e9r\u0151l, a v\u00e1rhat\u00f3 \u00f6r\u00f6kl\u0151d\u00e9sr\u0151l, potenci\u00e1lisan vesz\u00e9lyeztetett csal\u00e1dtagokr\u00f3l.<\/p>\n<p style=\"text-align: justify\">A kardiogenetikai betegs\u00e9g \u00e1ltal vesz\u00e9lyeztetett csal\u00e1dtagok sz\u00e1m\u00e1ra az \u00e9rintett eset\u00e9ben megtal\u00e1lt pozit\u00edv genetikai eredm\u00e9ny eset\u00e9n tudunk genetikai vizsg\u00e1lati lehet\u0151s\u00e9get biztos\u00edtani. \u00cdgy a kardiogenetikai eredm\u00e9nynek prevenci\u00f3s jelent\u0151s\u00e9ge is lehet, mivel a legt\u00f6bb kardiogenetikai betegs\u00e9g eset\u00e9n tudunk fokozott orvosi k\u00f6vet\u00e9st, \u00e9letm\u00f3dbeli, gy\u00f3gyszeres vagy ak\u00e1r m\u0171t\u00e9ti megel\u0151z\u0151 vagy ter\u00e1pi\u00e1s lehet\u0151s\u00e9geket k\u00edn\u00e1lni.<\/p>\n\t\t\t<\/div>\n\t\t<\/div>\n\t\t            <\/div>\n\t\t\n","protected":false},"excerpt":{"rendered":"<p>A kardiogenetikai ambulancia a genetikailag meghat\u00e1rozott kardiol\u00f3giai beteg\u00e9gek diagnosztik\u00e1j\u00e1val \u00e9s a hozz\u00e1 kapcsol\u00f3d\u00f3 genetikai tan\u00e1csad\u00e1s biztos\u00edt\u00e1s\u00e1val foglalkozik. Az ambulanci\u00e1n val\u00f3 megjelen\u00e9s el\u0151tt \u00e9rdemes \u00e1tgondolni a csal\u00e1di anamnesist \u00e9s amennyiben lehets\u00e9ges elhozni a vonatkoz\u00f3 orvosi dokument\u00e1ci\u00f3t. Az ambulancia lefedi a kardiogenetikai betegs\u00e9gek teljes spektrum\u00e1t. A f\u0151 profilok az \u00f6r\u00f6kletes sz\u00edvizombeteg\u00e9gek (pl. hypertrophi\u00e1s cardiomyopathia, dilatat\u00edv cardiomyopathia, ARVC), &hellip;<\/p>\n","protected":false},"author":101737,"featured_media":0,"parent":3361,"menu_order":2,"comment_status":"closed","ping_status":"closed","template":"","meta":{"_acf_changed":false,"footnotes":""},"categories":[],"tags":[],"class_list":["post-254","page","type-page","status-publish","hentry"],"acf":[],"_links":{"self":[{"href":"https:\/\/semmelweis.hu\/varosmajor\/wp-json\/wp\/v2\/pages\/254","targetHints":{"allow":["GET"]}}],"collection":[{"href":"https:\/\/semmelweis.hu\/varosmajor\/wp-json\/wp\/v2\/pages"}],"about":[{"href":"https:\/\/semmelweis.hu\/varosmajor\/wp-json\/wp\/v2\/types\/page"}],"author":[{"embeddable":true,"href":"https:\/\/semmelweis.hu\/varosmajor\/wp-json\/wp\/v2\/users\/101737"}],"replies":[{"embeddable":true,"href":"https:\/\/semmelweis.hu\/varosmajor\/wp-json\/wp\/v2\/comments?post=254"}],"version-history":[{"count":9,"href":"https:\/\/semmelweis.hu\/varosmajor\/wp-json\/wp\/v2\/pages\/254\/revisions"}],"predecessor-version":[{"id":10545,"href":"https:\/\/semmelweis.hu\/varosmajor\/wp-json\/wp\/v2\/pages\/254\/revisions\/10545"}],"up":[{"embeddable":true,"href":"https:\/\/semmelweis.hu\/varosmajor\/wp-json\/wp\/v2\/pages\/3361"}],"wp:attachment":[{"href":"https:\/\/semmelweis.hu\/varosmajor\/wp-json\/wp\/v2\/media?parent=254"}],"wp:term":[{"taxonomy":"category","embeddable":true,"href":"https:\/\/semmelweis.hu\/varosmajor\/wp-json\/wp\/v2\/categories?post=254"},{"taxonomy":"post_tag","embeddable":true,"href":"https:\/\/semmelweis.hu\/varosmajor\/wp-json\/wp\/v2\/tags?post=254"}],"curies":[{"name":"wp","href":"https:\/\/api.w.org\/{rel}","templated":true}]}}