{"id":2035,"date":"2020-12-31T14:25:12","date_gmt":"2020-12-31T13:25:12","guid":{"rendered":"https:\/\/semmelweis.hu\/varosmajor\/?page_id=2035"},"modified":"2024-09-10T11:11:34","modified_gmt":"2024-09-10T09:11:34","slug":"tdk-temak-rektori-palyazatok-szakdolgozati-temak","status":"publish","type":"page","link":"https:\/\/semmelweis.hu\/varosmajor\/kutatas\/radiologia\/tdk-temak-rektori-palyazatok-szakdolgozati-temak\/","title":{"rendered":"TDK t\u00e9m\u00e1k\/Rektori p\u00e1ly\u00e1zatok\/Szakdolgozati t\u00e9m\u00e1k"},"content":{"rendered":"<p>Intervenci\u00f3s Radiol\u00f3gia Tansz\u00e9k<\/p>\n<p>&nbsp;<\/p>\n<ul>\n<li style=\"list-style-type: none\">\n<ul>\n<li><a href=\"https:\/\/semmelweis.hu\/varosmajor\/files\/2024\/09\/Interv_tanszek_Szakdolg_cimek_2020_2021.pdf\">Szakdolgozat c\u00edmek 2020-2021<\/a><\/li>\n<\/ul>\n<\/li>\n<\/ul>\n<p>&nbsp;<\/p>\n","protected":false},"excerpt":{"rendered":"<p>Intervenci\u00f3s Radiol\u00f3gia Tansz\u00e9k<br \/>\n&nbsp;<\/p>\n<p><a href=\"https:\/\/semmelweis.hu\/varosmajor\/files\/2024\/09\/Interv_tanszek_Szakdolg_cimek_2020_2021.pdf\">Szakdolgozat c\u00edmek 2020-2021<\/a><\/p>\n<p>&nbsp;<\/p>\n","protected":false},"author":101737,"featured_media":0,"parent":490,"menu_order":15,"comment_status":"closed","ping_status":"closed","template":"","meta":{"_acf_changed":false,"footnotes":""},"categories":[],"tags":[],"class_list":["post-2035","page","type-page","status-publish","hentry"],"acf":[],"_links":{"self":[{"href":"https:\/\/semmelweis.hu\/varosmajor\/wp-json\/wp\/v2\/pages\/2035","targetHints":{"allow":["GET"]}}],"collection":[{"href":"https:\/\/semmelweis.hu\/varosmajor\/wp-json\/wp\/v2\/pages"}],"about":[{"href":"https:\/\/semmelweis.hu\/varosmajor\/wp-json\/wp\/v2\/types\/page"}],"author":[{"embeddable":true,"href":"https:\/\/semmelweis.hu\/varosmajor\/wp-json\/wp\/v2\/users\/101737"}],"replies":[{"embeddable":true,"href":"https:\/\/semmelweis.hu\/varosmajor\/wp-json\/wp\/v2\/comments?post=2035"}],"version-history":[{"count":4,"href":"https:\/\/semmelweis.hu\/varosmajor\/wp-json\/wp\/v2\/pages\/2035\/revisions"}],"predecessor-version":[{"id":5845,"href":"https:\/\/semmelweis.hu\/varosmajor\/wp-json\/wp\/v2\/pages\/2035\/revisions\/5845"}],"up":[{"embeddable":true,"href":"https:\/\/semmelweis.hu\/varosmajor\/wp-json\/wp\/v2\/pages\/490"}],"wp:attachment":[{"href":"https:\/\/semmelweis.hu\/varosmajor\/wp-json\/wp\/v2\/media?parent=2035"}],"wp:term":[{"taxonomy":"category","embeddable":true,"href":"https:\/\/semmelweis.hu\/varosmajor\/wp-json\/wp\/v2\/categories?post=2035"},{"taxonomy":"post_tag","embeddable":true,"href":"https:\/\/semmelweis.hu\/varosmajor\/wp-json\/wp\/v2\/tags?post=2035"}],"curies":[{"name":"wp","href":"https:\/\/api.w.org\/{rel}","templated":true}]}}