{"id":2019,"date":"2020-12-31T14:06:02","date_gmt":"2020-12-31T13:06:02","guid":{"rendered":"https:\/\/semmelweis.hu\/varosmajor\/?page_id=2019"},"modified":"2024-10-31T14:46:06","modified_gmt":"2024-10-31T13:46:06","slug":"szivsebeszeti-tanszek","status":"publish","type":"page","link":"https:\/\/semmelweis.hu\/varosmajor\/oktatas\/szivsebeszeti-tanszek\/","title":{"rendered":"Sz\u00edvseb\u00e9szeti Tansz\u00e9k"},"content":{"rendered":"<p style=\"text-align: justify\">Tansz\u00e9ki csoportunkban h\u00e1rom nyelven (magyar, angol, n\u00e9met) folyik elm\u00e9leti \u00e9s gyakorlati gradu\u00e1lis k\u00e9pz\u00e9s. Oktat\u00e1si tev\u00e9kenys\u00e9g\u00fcnkb\u0151l kiemelend\u0151 a IV. \u00e9vfolyamon a Kardiol\u00f3giai K\u00f6zpont oktat\u00e1si anyag\u00e1n bel\u00fcl a teljes \u00e9vfolyam r\u00e9sz\u00e9re a sz\u00edvseb\u00e9szet t\u00e9mak\u00f6r\u0171 el\u0151ad\u00e1sok \u00e9s gyakorlatok tart\u00e1sa. A 2012-es tan\u00e9vt\u0151l kezd\u0151d\u0151en 2 kreditponttal bevezet\u00e9sre ker\u00fclt a \u201eSz\u00edvseb\u00e9szet-\u00c9rseb\u00e9szet\u201d szabadon v\u00e1laszthat\u00f3 tant\u00e1rgy. A tant\u00e1rgy oktat\u00e1s\u00e1nak kett\u0151s c\u00e9lja van, r\u00e9szben az orvostanhallgat\u00f3k r\u00e9sz\u00e9re m\u00e9lyebb ismeretek \u00e1tad\u00e1sa a kardiovaszkul\u00e1ris betegs\u00e9gekkel kapcsolatban elm\u00e9leti \u00e9s gyakorlati oktat\u00e1s keret\u00e9ben. Ugyanakkor a tant\u00e1rgy nem titkolt c\u00e9lja a j\u00f6v\u0151 sz\u00edvseb\u00e9sz \u00e9s \u00e9rseb\u00e9sz nemzed\u00e9k ut\u00e1np\u00f3tl\u00e1s\u00e1nak biztos\u00edt\u00e1sa. Oktat\u00e1si tev\u00e9kenys\u00e9g\u00fcnket kieg\u00e9sz\u00edti a ny\u00e1ri gyakorlatok tart\u00e1sa, szigorl\u00f3k foglalkoztat\u00e1sa, posztgradu\u00e1lis k\u00e9pz\u00e9s (sz\u00edvseb\u00e9sz \u00e9s mellkas-seb\u00e9sz szakorvos jel\u00f6ltek rendszeres gyakorlati \u00e9s elm\u00e9leti k\u00e9pz\u00e9se), rektori p\u00e1ly\u00e1zatok \u00e9s szakdolgozatok elb\u00edr\u00e1l\u00e1sa \u00e9s v\u00e9d\u00e9se, TDK \u00e9s PhD hallgat\u00f3k k\u00e9pz\u00e9se, n\u0151v\u00e9rk\u00e9pz\u00e9s.<\/p>\n<p style=\"text-align: justify\">A gy\u00f3gy\u00edt\u00e1s \u00e9s oktat\u00e1s mellett kutat\u00e1si tev\u00e9kenys\u00e9get is v\u00e9gz\u00fcnk a sz\u00edv\u00e1t\u00fcltet\u00e9s, mechanikus kering\u00e9st\u00e1mogat\u00e1s, m\u0171sz\u00edv be\u00fcltet\u00e9s, koszor\u00fa\u00e9r seb\u00e9szet, a perikardium betegs\u00e9geinek seb\u00e9szete, pulmon\u00e1lis emb\u00f3lia, valamint bal kamra aneurizma seb\u00e9szeti megold\u00e1sa, illetve a\u00a0Marfan-szindr\u00f3ma ter\u00fclet\u00e9n.\u00a0 Seb\u00e9szeink \u00e1lland\u00f3 r\u00e9sztvev\u0151i \u00e9s el\u0151ad\u00f3i sz\u00e1mos hazai \u00e9s k\u00fclf\u00f6ldi kongresszusnak \u00e9s kurzusnak, egyar\u00e1nt jelennek meg publik\u00e1ci\u00f3ink magyar \u00e9s nemzetk\u00f6zi szaklapokban. Kiemelt feladatunknak tekintj\u00fck a mechanikus kering\u00e9st\u00e1mogat\u00e1ssal kapcsolatos tapasztalataink megoszt\u00e1s\u00e1t az orsz\u00e1g m\u00e1s kardiol\u00f3giai \u00e9s sz\u00edvseb\u00e9szeti centrumaival, ez\u00e9rt rendszeresen szervez\u00fcnk nemzetk\u00f6zi el\u0151ad\u00f3kat is felvonultat\u00f3 szimp\u00f3ziumokat a t\u00e9m\u00e1ban.\u00a0\u00a0<\/p>\n<p>\nSz\u00edvseb\u00e9szeti oktat\u00e1si titk\u00e1rs\u00e1g <a href=\"https:\/\/semmelweis.hu\/telefonkonyv\/?emp_id=15355\">el\u00e9rhet\u0151s\u00e9ge<\/a><\/p>\n<p><a href=\"https:\/\/semmelweis.hu\/varosmajor\/files\/2023\/06\/Szivsebeszet-TDK-temak-2023_24.pdf\">Sz\u00edvseb\u00e9szet TDK t\u00e9m\u00e1k 2023_24 (pdf)<\/a><\/p>\n<p><a href=\"https:\/\/semmelweis.hu\/varosmajor\/files\/2023\/06\/Szivsebeszet-rektori-temak-2023_24.pdf\">Sz\u00edvseb\u00e9szet rektori t\u00e9m\u00e1k 2023_24 (pdf)<\/a><\/p>\n","protected":false},"excerpt":{"rendered":"<p>Tansz\u00e9ki csoportunkban h\u00e1rom nyelven (magyar, angol, n\u00e9met) folyik elm\u00e9leti \u00e9s gyakorlati gradu\u00e1lis k\u00e9pz\u00e9s. Oktat\u00e1si tev\u00e9kenys\u00e9g\u00fcnkb\u0151l kiemelend\u0151 a IV. \u00e9vfolyamon a Kardiol\u00f3giai K\u00f6zpont oktat\u00e1si anyag\u00e1n bel\u00fcl a teljes \u00e9vfolyam r\u00e9sz\u00e9re a sz\u00edvseb\u00e9szet t\u00e9mak\u00f6r\u0171 el\u0151ad\u00e1sok \u00e9s gyakorlatok tart\u00e1sa. A 2012-es tan\u00e9vt\u0151l kezd\u0151d\u0151en 2 kreditponttal bevezet\u00e9sre ker\u00fclt a \u201eSz\u00edvseb\u00e9szet-\u00c9rseb\u00e9szet\u201d szabadon v\u00e1laszthat\u00f3 tant\u00e1rgy. A tant\u00e1rgy oktat\u00e1s\u00e1nak kett\u0151s c\u00e9lja van, &hellip;<\/p>\n","protected":false},"author":101737,"featured_media":0,"parent":21,"menu_order":2,"comment_status":"closed","ping_status":"closed","template":"","meta":{"_acf_changed":false,"footnotes":""},"categories":[],"tags":[],"class_list":["post-2019","page","type-page","status-publish","hentry"],"acf":[],"_links":{"self":[{"href":"https:\/\/semmelweis.hu\/varosmajor\/wp-json\/wp\/v2\/pages\/2019","targetHints":{"allow":["GET"]}}],"collection":[{"href":"https:\/\/semmelweis.hu\/varosmajor\/wp-json\/wp\/v2\/pages"}],"about":[{"href":"https:\/\/semmelweis.hu\/varosmajor\/wp-json\/wp\/v2\/types\/page"}],"author":[{"embeddable":true,"href":"https:\/\/semmelweis.hu\/varosmajor\/wp-json\/wp\/v2\/users\/101737"}],"replies":[{"embeddable":true,"href":"https:\/\/semmelweis.hu\/varosmajor\/wp-json\/wp\/v2\/comments?post=2019"}],"version-history":[{"count":11,"href":"https:\/\/semmelweis.hu\/varosmajor\/wp-json\/wp\/v2\/pages\/2019\/revisions"}],"predecessor-version":[{"id":5698,"href":"https:\/\/semmelweis.hu\/varosmajor\/wp-json\/wp\/v2\/pages\/2019\/revisions\/5698"}],"up":[{"embeddable":true,"href":"https:\/\/semmelweis.hu\/varosmajor\/wp-json\/wp\/v2\/pages\/21"}],"wp:attachment":[{"href":"https:\/\/semmelweis.hu\/varosmajor\/wp-json\/wp\/v2\/media?parent=2019"}],"wp:term":[{"taxonomy":"category","embeddable":true,"href":"https:\/\/semmelweis.hu\/varosmajor\/wp-json\/wp\/v2\/categories?post=2019"},{"taxonomy":"post_tag","embeddable":true,"href":"https:\/\/semmelweis.hu\/varosmajor\/wp-json\/wp\/v2\/tags?post=2019"}],"curies":[{"name":"wp","href":"https:\/\/api.w.org\/{rel}","templated":true}]}}