{"id":2017,"date":"2020-12-31T14:05:43","date_gmt":"2020-12-31T13:05:43","guid":{"rendered":"https:\/\/semmelweis.hu\/varosmajor\/?page_id=2017"},"modified":"2024-10-31T14:51:04","modified_gmt":"2024-10-31T13:51:04","slug":"szivsebeszet","status":"publish","type":"page","link":"https:\/\/semmelweis.hu\/varosmajor\/gyogyitas\/szivsebeszet\/","title":{"rendered":"Sz\u00edvseb\u00e9szet"},"content":{"rendered":"<p style=\"text-align: justify\"><img loading=\"lazy\" decoding=\"async\" class=\"alignright\" src=\"https:\/\/semmelweis.hu\/varosmajor\/files\/2022\/07\/vecteezy_couple-hands-holding-red-heart-love-and-health-care-concept__496-1.jpg\" alt=\"\" width=\"316\" height=\"211\" \/>Profilunk a Semmelweis Egyetem V\u00e1rosmajori Sz\u00edv- \u00e9s \u00c9rgy\u00f3gy\u00e1szati Klinika r\u00e9szlegek\u00e9nt a sz\u00edvbetegek seb\u00e9szeti ell\u00e1t\u00e1s\u00e1val foglalkozik. Gy\u00f3gy\u00edt\u00e1si tev\u00e9kenys\u00e9g\u00fcnk a feln\u0151tt sz\u00edvseb\u00e9szeti spektrum valamennyi ter\u00fclet\u00e9t lefedi, a jobb seb\u00e9szi eredm\u00e9ny el\u00e9r\u00e9se \u00e9rdek\u00e9ben seb\u00e9szi technik\u00e1inkat a sz\u00edvseb\u00e9szet minden ter\u00fclet\u00e9n folyamatosan fejlesztj\u00fck, mind a saj\u00e1t tapasztalatunkra \u00e9s kutat\u00e1si eredm\u00e9nyeikre, mind a nemzetk\u00f6zi eredm\u00e9nyekre t\u00e1maszkodva. Ennek megfelel\u0151en korszer\u0171 m\u00f3dszereket alkalmazunk a mitr\u00e1lis billenty\u0171 betegs\u00e9geinek seb\u00e9szet\u00e9ben, a bal kamra aneurizma rekonstrukci\u00f3j\u00e1ban, illetve a pulmonalis emb\u00f3lia \u00e9s a p\u00e1nc\u00e9lsz\u00edv (konstrikt\u00edv perikarditisz) sz\u00edvseb\u00e9szeti kezel\u00e9s\u00e9ben. A t\u00e1rsszakm\u00e1kkal (invaz\u00edv kardiol\u00f3gia, \u00e9rseb\u00e9szet) szorosan egy\u00fcttm\u0171k\u00f6dve hibrid beavatkoz\u00e1sokat v\u00e9gz\u00fcnk egyes koszor\u00fa\u00e9rbetegs\u00e9g \u00e9s f\u0151ver\u0151\u00e9rbetegs\u00e9g eset\u00e9n, illetve orsz\u00e1gos szinten foglalkozunk a Marfan- szindr\u00f3m\u00e1s betegek gondoz\u00e1s\u00e1val. Orsz\u00e1gos szinten int\u00e9zet\u00fcnkben t\u00f6rt\u00e9nik a feln\u0151tt sz\u00edv\u00e1t\u00fcltet\u00e9sek t\u00f6bb mint 95%-a, valamint centrum int\u00e9zm\u00e9nyk\u00e9nt foglalkozunk a mechanikus kering\u00e9st\u00e1mogat\u00e1s alkalmaz\u00e1s\u00e1val, oktat\u00e1s\u00e1val, fejleszt\u00e9s\u00e9vel. Int\u00e9zet\u00fcnk\u00f6n k\u00edv\u00fcl ter\u00fcleti ell\u00e1t\u00e1son bel\u00fcl konzili\u00e1ljuk a sz\u00edvseb\u00e9szeti eseteket. A Tansz\u00e9ki Csoport jelenlegi kapacit\u00e1sa legal\u00e1bb 6-800 extrakorpor\u00e1lis sz\u00edvm\u00fbt\u00e9t \u00e9s az \u00e9vente elv\u00e9gzett kb. \u00a040-60 sz\u00edv- transzplant\u00e1ci\u00f3.<\/p>\n<p style=\"text-align: justify\">J\u00e1r\u00f3beteg ell\u00e1t\u00e1s sor\u00e1n fogadjuk a sz\u00edvm\u0171t\u00e9tre v\u00e1r\u00f3 betegeket, sz\u00edvm\u0171t\u00e9t el\u0151tti speci\u00e1lis vizsg\u00e1lati elj\u00e1r\u00e1sokban seg\u00edtj\u00fck betegeinket (pl. coronaria CT, sz\u00edv MR vizsg\u00e1lat). A posztoperat\u00edv gondoz\u00e1s a sz\u00edvseb\u00e9szeti szakambulanci\u00e1nkon t\u00f6rt\u00e9nik.\u00a0<\/p>\n<p style=\"text-align: justify\">Tov\u00e1bbra is kiemelt profilk\u00e9nt szerepel a pulmon\u00e1lis emb\u00f3lia seb\u00e9szete, a Marfan betegs\u00e9ggel kapcsolatos sz\u00edvseb\u00e9szeti ell\u00e1t\u00e1s, a bal kamra aneurysma seb\u00e9szete, a ver\u0151sz\u00edves sz\u00edvm\u0171t\u00e9tek, a mitr\u00e1lis billenty\u0171 plasztika, a pitvarfibrill\u00e1ci\u00f3 seb\u00e9szi kezel\u00e9se, illetve a sz\u00edv k\u00f6r\u00fcli nagy-erek seb\u00e9szete. A klinik\u00e1n eddigi hagyom\u00e1nyainknak megfelel\u0151en az orsz\u00e1gban egyed\u00fcl\u00e1ll\u00f3an nagy sz\u00e1mban v\u00e9gz\u00fcnk kombin\u00e1lt \u00e9r-\u00e9s sz\u00edvseb\u00e9szeti m\u0171t\u00e9teket, illetve az aorta \u00edv \u00e9s descendens ter\u00fclet\u00e9n l\u00e9v\u0151 elv\u00e1ltoz\u00e1sok megold\u00e1s\u00e1t. A sz\u00edvel\u00e9gtelens\u00e9g- m\u0171sz\u00edv-sz\u00edvtranszplant\u00e1ci\u00f3s szakmaspecifikus intenz\u00edv oszt\u00e1ly \u00e1tad\u00e1s\u00e1val megteremt\u0151d\u00f6tt annak a felt\u00e9tele, hogy szervezett form\u00e1ban elinduljon a transzplant\u00e1ci\u00f3s programhoz szorosan kapcsol\u00f3d\u00f3 \u00e9s annak \u00faj lend\u00fcletet ad\u00f3 m\u0171sz\u00edv program. A Sz\u00edvseb\u00e9szeti Tansz\u00e9ki Csoport \u00e9s az \u00c9rseb\u00e9szeti Tansz\u00e9k k\u00f6z\u00f6sen homograft bankot \u00fczemeltet.<\/p>\n<p style=\"text-align: justify\">Akut betegell\u00e1t\u00f3k\u00e9nt r\u00e9szt vesz\u00fcnk a Semmelweis Egyetem valamennyi int\u00e9zm\u00e9nye \u00e1ltal aktu\u00e1lisan kezelt beteg sz\u00edvseb\u00e9szeti ell\u00e1t\u00e1s\u00e1ban, valamint a ter\u00fcleti ell\u00e1t\u00e1si k\u00f6telezetts\u00e9g alapj\u00e1n a Klinik\u00e1nkhoz tartoz\u00f3 egy\u00e9b ter\u00fcletek sz\u00edvseb\u00e9szeti ell\u00e1t\u00e1s\u00e1ban.\u00a0<\/p>\n<h3 style=\"text-align: center\">El\u00e9rhet\u0151s\u00e9geink<\/h3>\n<p>C\u00edm: 1122 Budapest, V\u00e1rosmajor u. 68, 1. emelet<\/p>\n<p>K\u00f6zponti telefon: 06 1 458 6700<\/p>\n<p>Sz\u00edvseb\u00e9szeti Oszt\u00e1lyiroda telefon \u00e9s fax: 06 1 458 6781<\/p>\n<p>N\u0151v\u00e9rszoba: 06 1 458 6700\/6733, 06 1 458 6733<\/p>\n<p>Sz\u00edvseb\u00e9szeti titk\u00e1rs\u00e1g fax: 06 1 458 6718<\/p>\n<p>Sz\u00edvseb\u00e9szeti titk\u00e1rs\u00e1g e-mail: <span class=\"gmail_default\"><a href=\"mailto:szivsebeszet@semmelweis.hu\" target=\"_blank\" rel=\"noopener\">szivsebeszet@semmelweis.hu<\/a><\/span><\/p>\n<p>Sz\u00edvseb\u00e9szeti ambul\u00e1ns el\u0151jegyz\u00e9s:<\/p>\n<p>06 1 458 6700<\/p>\n<p>06 1 458 6812<\/p>\n<p>06 1 458 6817<\/p>\n","protected":false},"excerpt":{"rendered":"<p>Profilunk a Semmelweis Egyetem V\u00e1rosmajori Sz\u00edv- \u00e9s \u00c9rgy\u00f3gy\u00e1szati Klinika r\u00e9szlegek\u00e9nt a sz\u00edvbetegek seb\u00e9szeti ell\u00e1t\u00e1s\u00e1val foglalkozik. Gy\u00f3gy\u00edt\u00e1si tev\u00e9kenys\u00e9g\u00fcnk a feln\u0151tt sz\u00edvseb\u00e9szeti spektrum valamennyi ter\u00fclet\u00e9t lefedi, a jobb seb\u00e9szi eredm\u00e9ny el\u00e9r\u00e9se \u00e9rdek\u00e9ben seb\u00e9szi technik\u00e1inkat a sz\u00edvseb\u00e9szet minden ter\u00fclet\u00e9n folyamatosan fejlesztj\u00fck, mind a saj\u00e1t tapasztalatunkra \u00e9s kutat\u00e1si eredm\u00e9nyeikre, mind a nemzetk\u00f6zi eredm\u00e9nyekre t\u00e1maszkodva. Ennek megfelel\u0151en korszer\u0171 m\u00f3dszereket alkalmazunk &hellip;<\/p>\n","protected":false},"author":101737,"featured_media":0,"parent":23,"menu_order":4,"comment_status":"closed","ping_status":"closed","template":"","meta":{"_acf_changed":false,"footnotes":""},"categories":[],"tags":[],"class_list":["post-2017","page","type-page","status-publish","hentry"],"acf":[],"_links":{"self":[{"href":"https:\/\/semmelweis.hu\/varosmajor\/wp-json\/wp\/v2\/pages\/2017","targetHints":{"allow":["GET"]}}],"collection":[{"href":"https:\/\/semmelweis.hu\/varosmajor\/wp-json\/wp\/v2\/pages"}],"about":[{"href":"https:\/\/semmelweis.hu\/varosmajor\/wp-json\/wp\/v2\/types\/page"}],"author":[{"embeddable":true,"href":"https:\/\/semmelweis.hu\/varosmajor\/wp-json\/wp\/v2\/users\/101737"}],"replies":[{"embeddable":true,"href":"https:\/\/semmelweis.hu\/varosmajor\/wp-json\/wp\/v2\/comments?post=2017"}],"version-history":[{"count":10,"href":"https:\/\/semmelweis.hu\/varosmajor\/wp-json\/wp\/v2\/pages\/2017\/revisions"}],"predecessor-version":[{"id":5741,"href":"https:\/\/semmelweis.hu\/varosmajor\/wp-json\/wp\/v2\/pages\/2017\/revisions\/5741"}],"up":[{"embeddable":true,"href":"https:\/\/semmelweis.hu\/varosmajor\/wp-json\/wp\/v2\/pages\/23"}],"wp:attachment":[{"href":"https:\/\/semmelweis.hu\/varosmajor\/wp-json\/wp\/v2\/media?parent=2017"}],"wp:term":[{"taxonomy":"category","embeddable":true,"href":"https:\/\/semmelweis.hu\/varosmajor\/wp-json\/wp\/v2\/categories?post=2017"},{"taxonomy":"post_tag","embeddable":true,"href":"https:\/\/semmelweis.hu\/varosmajor\/wp-json\/wp\/v2\/tags?post=2017"}],"curies":[{"name":"wp","href":"https:\/\/api.w.org\/{rel}","templated":true}]}}