{"id":1936,"date":"2020-12-30T21:51:06","date_gmt":"2020-12-30T20:51:06","guid":{"rendered":"https:\/\/semmelweis.hu\/varosmajor\/?page_id=1936"},"modified":"2021-03-11T11:15:20","modified_gmt":"2021-03-11T10:15:20","slug":"foundations","status":"publish","type":"page","link":"https:\/\/semmelweis.hu\/varosmajor\/en\/our-clinic\/foundations\/","title":{"rendered":"Foundations"},"content":{"rendered":"<p>These foundations support our work at the clinic:<\/p>\n<table border=\"0\">\n<thead>\n<tr>\n<td>\n<h3>The name of the Foundation<\/h3>\n<\/td>\n<td>\n<h3>Representative<\/h3>\n<\/td>\n<td>\n<h3>Address<\/h3>\n<\/td>\n<td>\n<h3>Tax number<\/h3>\n<\/td>\n<\/tr>\n<\/thead>\n<tbody>\n<tr>\n<td>\n<p><a href=\"https:\/\/semmelweis.hu\/varosmajor\/betegellatas\/kardiologia\/alapitvany\/\">Aritmia Kutat\u00e1s-Gy\u00f3gy\u00edt\u00e1s Alap\u00edtv\u00e1ny (Arhythmia Research-Healing Foundation)<\/a><\/p>\n<\/td>\n<td>Demetern\u00e9 Dr. Kiss Orsolya<\/td>\n<td>1122 Budapest, V\u00e1rosmajor street 68.<\/td>\n<td>18236648-2-43<\/td>\n<\/tr>\n<tr>\n<td>\n<p><a href=\"https:\/\/semmelweis.hu\/ersebeszet\/magunkrol\/alapitvany\/\" target=\"_blank\" rel=\"noopener noreferrer\">V\u00e1rosmajori Alap\u00edtv\u00e1ny az \u00c9r- \u00e9s Sz\u00edvbetegek\u00e9rt (V\u00e1rosmajor Foundation for Vascular and Cardiac Patients)<\/a><\/p>\n<\/td>\n<td>Dr. Entz L\u00e1szl\u00f3<\/td>\n<td>1122 Budapest, V\u00e1rosmajor street 68<\/td>\n<td>18006788-1-43<\/td>\n<\/tr>\n<tr>\n<td><a href=\"http:\/\/www.marfan.hu\/\" target=\"_blank\" rel=\"noopener noreferrer\">Marfan Alap\u00edtv\u00e1ny (Marfan Foundation)<\/a><\/td>\n<td>Dr. Szabolcs Zolt\u00e1n<\/td>\n<td>1122 Budapest, V\u00e1rosmajor street 68<\/td>\n<td>18248371-1-43<\/td>\n<\/tr>\n<tr>\n<td><a href=\"https:\/\/semmelweis.hu\/varosmajor\/klinikankrol\/alapitvanyok\/studia-physiologica\/\">Studia Physiologica Alap\u00edtv\u00e1ny (Studia Physiologica Foundation)<\/a><\/td>\n<td>Dr. Nagy Zolt\u00e1n<br \/>Dr. K\u00e9kesi Violetta<\/td>\n<td>1122 Budapest, V\u00e1rosmajor street 68<\/td>\n<td>18235238-1-43<\/td>\n<\/tr>\n<\/tbody>\n<\/table>\n","protected":false},"excerpt":{"rendered":"<p>These foundations support our work at the clinic: The name of the Foundation Representative Address Tax number <a href=\"https:\/\/semmelweis.hu\/varosmajor\/betegellatas\/kardiologia\/alapitvany\/\">Aritmia Kutat\u00e1s-Gy\u00f3gy\u00edt\u00e1s Alap\u00edtv\u00e1ny (Arhythmia Research-Healing Foundation)<\/a> Demetern\u00e9 Dr. Kiss Orsolya 1122 Budapest, V\u00e1rosmajor street 68. 18236648-2-43 <a href=\"https:\/\/semmelweis.hu\/ersebeszet\/magunkrol\/alapitvany\/\" target=\"_blank\" rel=\"noopener noreferrer\">V\u00e1rosmajori Alap\u00edtv\u00e1ny az \u00c9r- \u00e9s Sz\u00edvbetegek\u00e9rt (V\u00e1rosmajor Foundation for Vascular and Cardiac Patients)<\/a> Dr. Entz L\u00e1szl\u00f3 1122 Budapest, V\u00e1rosmajor street 68 18006788-1-43 <a href=\"http:\/\/www.marfan.hu\/\" target=\"_blank\" rel=\"noopener noreferrer\">Marfan Alap\u00edtv\u00e1ny (Marfan Foundation)<\/a> Dr. Szabolcs Zolt\u00e1n 1122 Budapest, V\u00e1rosmajor street 68 18248371-1-43 <a href=\"https:\/\/semmelweis.hu\/varosmajor\/klinikankrol\/alapitvanyok\/studia-physiologica\/\">Studia Physiologica Alap\u00edtv\u00e1ny (Studia Physiologica Foundation)<\/a> Dr. Nagy Zolt\u00e1nDr. K\u00e9kesi Violetta 1122 Budapest, V\u00e1rosmajor street 68 &hellip;<\/p>\n","protected":false},"author":101737,"featured_media":0,"parent":1395,"menu_order":8,"comment_status":"closed","ping_status":"closed","template":"","meta":{"_acf_changed":false,"footnotes":""},"categories":[],"tags":[],"class_list":["post-1936","page","type-page","status-publish","hentry"],"acf":[],"_links":{"self":[{"href":"https:\/\/semmelweis.hu\/varosmajor\/wp-json\/wp\/v2\/pages\/1936","targetHints":{"allow":["GET"]}}],"collection":[{"href":"https:\/\/semmelweis.hu\/varosmajor\/wp-json\/wp\/v2\/pages"}],"about":[{"href":"https:\/\/semmelweis.hu\/varosmajor\/wp-json\/wp\/v2\/types\/page"}],"author":[{"embeddable":true,"href":"https:\/\/semmelweis.hu\/varosmajor\/wp-json\/wp\/v2\/users\/101737"}],"replies":[{"embeddable":true,"href":"https:\/\/semmelweis.hu\/varosmajor\/wp-json\/wp\/v2\/comments?post=1936"}],"version-history":[{"count":7,"href":"https:\/\/semmelweis.hu\/varosmajor\/wp-json\/wp\/v2\/pages\/1936\/revisions"}],"predecessor-version":[{"id":2865,"href":"https:\/\/semmelweis.hu\/varosmajor\/wp-json\/wp\/v2\/pages\/1936\/revisions\/2865"}],"up":[{"embeddable":true,"href":"https:\/\/semmelweis.hu\/varosmajor\/wp-json\/wp\/v2\/pages\/1395"}],"wp:attachment":[{"href":"https:\/\/semmelweis.hu\/varosmajor\/wp-json\/wp\/v2\/media?parent=1936"}],"wp:term":[{"taxonomy":"category","embeddable":true,"href":"https:\/\/semmelweis.hu\/varosmajor\/wp-json\/wp\/v2\/categories?post=1936"},{"taxonomy":"post_tag","embeddable":true,"href":"https:\/\/semmelweis.hu\/varosmajor\/wp-json\/wp\/v2\/tags?post=1936"}],"curies":[{"name":"wp","href":"https:\/\/api.w.org\/{rel}","templated":true}]}}