{"id":1825,"date":"2020-12-30T19:59:30","date_gmt":"2020-12-30T18:59:30","guid":{"rendered":"https:\/\/semmelweis.hu\/varosmajor\/?page_id=1825"},"modified":"2025-06-17T14:51:19","modified_gmt":"2025-06-17T12:51:19","slug":"vendegkonyv","status":"publish","type":"page","link":"https:\/\/semmelweis.hu\/varosmajor\/oktatas\/vendegkonyv\/","title":{"rendered":"Hallgat\u00f3i v\u00e9lem\u00e9nyek"},"content":{"rendered":"            <div class=\"qae-faqs-container qae-faqs-toggle-container\">\n\t\t\t\t\t\t\t<ul class=\"qe-faqs-filters-container\">\n\t\t\t\t<li class=\"active\"><a class=\"qe-faqs-filter all-faqs\" href=\"#\" data-filter=\"*\">All<\/a><\/li>\n\t\t\t\t<li><a class=\"qe-faqs-filter\" href=\"#vendegkonyv\" data-filter=\".vendegkonyv\">Vend\u00e9gk\u00f6nyv<\/a><\/li>\t\t\t<\/ul>\n\t\t\t\t\t<div id=\"qaef-10567\" class=\"qe-faq-toggle vendegkonyv\">\n\t\t\t<div class=\"qe-toggle-title\">\n\t\t\t\t<h4>\n\t\t\t\t\t<i class=\"fa fa-minus-circle\"><\/i> Daniela Silva and Mariana Amara &#8211; Portug\u00e1lia\t\t\t\t<\/h4>\n\t\t\t<\/div>\n\t\t\t<div class=\"qe-toggle-content\">\n\t\t\t\t<p><a href=\"https:\/\/semmelweis.hu\/varosmajor\/files\/2020\/12\/daniela_mariana_avatar-120x180-1.jpg\"><img decoding=\"async\" loading=\"lazy\" class=\"alignleft size-full wp-image-1831\" src=\"https:\/\/semmelweis.hu\/varosmajor\/files\/2020\/12\/daniela_mariana_avatar-120x180-1.jpg\" alt=\"\" width=\"120\" height=\"180\" \/><\/a>The oportunity to study in Budapest was amazing. We arrived without knowing what to expect for these three months but then we found a beautiful city, very nice and friendly people, a lot of places to discover and enjoy, a difficult but challeging language, hot and sweet food, great soups\u2026 It wasn\u00b4t good, it was awesome!<\/p>\n<p>In the Semmelweis Hospital, all people were very kind and every time ready to explain and teach us in English and for that we are very gratefull! They really provided us a lot of knowledge!<br \/>\nMeeting many international students, we could know new cultures, change ideas and make new friendships. It was a good time!<\/p>\n<p>It was very important to us coming to Budapest not only because we had fun trying new and different things but also because at the same time we learnt how to be more independent.<br \/>\nWe will keep these memories with us and they will remain forever in our minds.<\/p>\n<p>Thank you very much!<\/p>\n<p>Best regards,<br \/>\nDaniela Silva and Mariana Amaral (cardiac and pulmonary techinician students)<\/p>\n\t\t\t<\/div>\n\t\t<\/div>\n\t\t\t\t<div id=\"qaef-10442\" class=\"qe-faq-toggle vendegkonyv\">\n\t\t\t<div class=\"qe-toggle-title\">\n\t\t\t\t<h4>\n\t\t\t\t\t<i class=\"fa fa-minus-circle\"><\/i> Marta Cossa &#8211; Olaszorsz\u00e1g\t\t\t\t<\/h4>\n\t\t\t<\/div>\n\t\t\t<div class=\"qe-toggle-content\">\n\t\t\t\t<div class=\"shorttext more\">\n<p><a href=\"https:\/\/semmelweis.hu\/varosmajor\/files\/2020\/12\/picture_web-118x180-1.jpg\"><img decoding=\"async\" loading=\"lazy\" class=\"alignleft size-full wp-image-1830\" src=\"https:\/\/semmelweis.hu\/varosmajor\/files\/2020\/12\/picture_web-118x180-1.jpg\" alt=\"\" width=\"118\" height=\"180\" \/><\/a>Sziasztok!<\/p>\n<p>I&#8217;m an Italian 23 year old Biomedical Laboratory Technician. This means I studied for three years with more than 2000 hours of lab practice in my course.<\/p>\n<p>I can gladly say that here in this Hospital I had one of the most beautiful, exciting, self-growing experiences, both in the field of work and humanity.<\/p>\n<p>To be honest, I didn&#8217;t know what to expect from this internship, wondering about how I could demolish Hungarian language or any other cultural barrier. All my doubts and fears went away since my first day! I met a lot of beautiful, altruistic people, prone to teach students how to deal with their job.\u00a0 I got different job mentors.\u00a0 Job mentors who revealed to be life mentors as well.<br \/>\nThe only thing I regret is not to have learnt how to fluently communicate with them in Hungarian. Maybe I was asking myself too much&#8230;!<\/p>\n<p>I will always keep V\u00e1rosmajor centre and my amazing tutors in my mind.<\/p>\n<p>K\u00f6sz\u00f6nj\u00fck!<\/p>\n<p>Marta<\/p>\n<\/div>\n\t\t\t<\/div>\n\t\t<\/div>\n\t\t\t\t<div id=\"qaef-10440\" class=\"qe-faq-toggle vendegkonyv\">\n\t\t\t<div class=\"qe-toggle-title\">\n\t\t\t\t<h4>\n\t\t\t\t\t<i class=\"fa fa-minus-circle\"><\/i> Dr. Lam Ho\t\t\t\t<\/h4>\n\t\t\t<\/div>\n\t\t\t<div class=\"qe-toggle-content\">\n\t\t\t\t<p><a href=\"https:\/\/semmelweis.hu\/varosmajor\/files\/2020\/12\/lamho-120x180-1.jpg\"><img decoding=\"async\" loading=\"lazy\" class=\"alignleft size-full wp-image-1832\" src=\"https:\/\/semmelweis.hu\/varosmajor\/files\/2020\/12\/lamho-120x180-1.jpg\" alt=\"\" width=\"120\" height=\"180\" \/><\/a>Hello!! Let me introduce myself first. I am Lam Ho, an interventional cardiologist from Hong Kong. I joined Semmelweis Heart and Vascular Center from Nov 2013 to Jan 2014 for device and coronary intervention fellowship training. Here the patient load is astonishing. In 3 months time, I have accumulated more than 200 device implantation experience from pacemaker, ICD, CRT and CRT-D. You will encounter many advanced things like transseptal pacing, LAA occluder and lead extraction. They had ~1780 device implantation in 2013.\u00a0 Doctors here are kind and knowledgeable. Their skill is fantastic as you can imagine if you implant ten pacemakers per day, you will develop very advanced skills. They will \u201cspoon-fed\u201d lots of tips and tricks on device implantation to you. They know the device from programming to all fine details.\u00a0<\/p>\n<p>The PCI volume is huge. ~ 8000 coronary angiogram and ~4000 PCI were done per year. I like their \u201cBudapest Model\u201d for primary PCI service very much. You will meet many super experienced operators here, who had PCI volume &gt; 5000.\u00a0<\/p>\n<p>Doctors and nurses here are very friendly too. Dr Geller invited me to a \u201cpig killing party\u201d before I leave. It is an unforgettable experience. They will also bring you to taste different good wines. No worry for your stomach during your stay. Hungarian food is very delicious.<\/p>\n\t\t\t<\/div>\n\t\t<\/div>\n\t\t\t\t<div id=\"qaef-10439\" class=\"qe-faq-toggle vendegkonyv\">\n\t\t\t<div class=\"qe-toggle-title\">\n\t\t\t\t<h4>\n\t\t\t\t\t<i class=\"fa fa-minus-circle\"><\/i> Daniela Freire and Helena Dias &#8211; Portug\u00e1lia\t\t\t\t<\/h4>\n\t\t\t<\/div>\n\t\t\t<div class=\"qe-toggle-content\">\n\t\t\t\t<p><a href=\"https:\/\/semmelweis.hu\/varosmajor\/files\/2020\/12\/danielahelena-120x180-1.jpg\"><img decoding=\"async\" loading=\"lazy\" class=\"alignleft size-full wp-image-1833\" src=\"https:\/\/semmelweis.hu\/varosmajor\/files\/2020\/12\/danielahelena-120x180-1.jpg\" alt=\"\" width=\"120\" height=\"180\" \/><\/a>Our stay in Budapest was definitely an experience we will never forget. No doubt that this city is full of charms and wonders of many natural and architectural beauties.<\/p>\n<p>We are very grateful for all the availability and support given to us by the hospital staff. It is indeed a great opportunity to see and we can put into practice what we have learned only in theory. Undoubtedly recommend this experience and we assure you will not regret it.<\/p>\n<p>Greetings from Portugal<br \/>\nDaniela Freire and Helena Dias (cardiac and pulmonary\u00a0 techinician students)<\/p>\n\t\t\t<\/div>\n\t\t<\/div>\n\t\t\t\t<div id=\"qaef-10438\" class=\"qe-faq-toggle vendegkonyv\">\n\t\t\t<div class=\"qe-toggle-title\">\n\t\t\t\t<h4>\n\t\t\t\t\t<i class=\"fa fa-minus-circle\"><\/i> Motaz Ibrahim &#8211; Egyiptom\t\t\t\t<\/h4>\n\t\t\t<\/div>\n\t\t\t<div class=\"qe-toggle-content\">\n\t\t\t\t<p><a href=\"https:\/\/semmelweis.hu\/varosmajor\/files\/2020\/12\/motaz-140808154636-120x180-2.jpg\"><img decoding=\"async\" loading=\"lazy\" class=\"alignleft size-full wp-image-1835\" src=\"https:\/\/semmelweis.hu\/varosmajor\/files\/2020\/12\/motaz-140808154636-120x180-2.jpg\" alt=\"\" width=\"120\" height=\"180\" \/><\/a>I am an Egyptian medical student, studying at Alexandria Faculty of Medicine in Egypt. I had a really fantastic time during my month-long Cardiology Elective Term with Dr.\u00a0Gy\u00f6rgy\u00a0B\u00e1rczi!! It was honestly one of the best months of my life. I would jump at the chance to do it again, and would recommend it to anyone wanting to learn a lot (not just medicine) in one of the world&#8217;s best cities Budapest.<br \/>\nI&#8217;ve written this post to help prospective students, so you can see what I got up to and hopefully give you some handy tips too.<br \/>\nThere was a lot on offer at\u00a0The Semmelweis Heart Center\u00a0(Budapest) in terms of learning experiences. Some of my favorites were:<br \/>\nThe morning cardiology clinic Rounds at The Cardiac ICU was a great opportunity to see a wide range of cardiac patients (Congestive Heart failure, arrhythmias and Cardiogenic shocks). It was a great chance to observe the symptomatology of the different disease processes, and to see what the treatment options for the patients were.<br \/>\nI&#8217;ve attached some of my photos taken at the hospital for the guest book.<\/p>\n\t\t\t<\/div>\n\t\t<\/div>\n\t\t\t\t<div id=\"qaef-10437\" class=\"qe-faq-toggle vendegkonyv\">\n\t\t\t<div class=\"qe-toggle-title\">\n\t\t\t\t<h4>\n\t\t\t\t\t<i class=\"fa fa-minus-circle\"><\/i> Emin Evren \u00d6zcan &#8211; T\u00f6r\u00f6korsz\u00e1g\t\t\t\t<\/h4>\n\t\t\t<\/div>\n\t\t\t<div class=\"qe-toggle-content\">\n\t\t\t\t<p><a href=\"https:\/\/semmelweis.hu\/varosmajor\/files\/2020\/12\/emin-120x180-1.jpg\"><img decoding=\"async\" loading=\"lazy\" class=\"alignleft size-medium wp-image-1836\" src=\"https:\/\/semmelweis.hu\/varosmajor\/files\/2020\/12\/emin-120x180-1.jpg\" alt=\"\" width=\"120\" height=\"180\" \/><\/a>I spent two years in Budapest Heart Center for EHRA electrophysiology fellowship and it was a meritorious experience. Being first international fellow in the department was not easy in the beginning. Especially native language was challenging. However, hospitality of the staff was very impressive and facilitated my integration.After two months, we overcame all these problems and being single fellow in such a high volume center became an advantage.<\/p>\n<p>Budapest Heart Center was an excellent place for hands on training. I performed many procedures and learned unique techniques that I have never seen anywhere else. After completion of fellowship, I can clearly see that EHRA training in Budapest Heart Center was definitely sufficient. Faculty of Heart Center still keep supporting and encouraging me. We routinely make internet conversations and discuss the problems.<\/p>\n<p>If you just start to live in Hungary, do not forget: Nothing is as it seems.<br \/>\nFirst of all, some procedures are not really easy as it seems while Dr. Geller doing. After thousands of procedures all staff have gained fascinating creativity and experience.<br \/>\nHungarian people are not cold as they look like. Let them know you for a while. Most of them will be your best friends.<\/p>\n<p>I highly recommend all foreigners to learn Hungarian. It is not as difficult as seems and speaking Hungarian definitely makes life easier. Do not worry about accent, people will appreciate your effort.<br \/>\nIn addition, Budapest is wonderful city to live. There are plenty of cultural events and festivals in every season. But do not spend all time in Budapest. Enjoy the rest of country and endless plains. It seems that Hungary does not have a seaside but it has. Visit Balaton and sail in the Hungarian sea.<\/p>\n<p>As a conclusion, electrophysiology fellowship in Budapest Heart Center was an enormous experience and it was great pleasure to be a member of this team. I spent unforgettable two years. If you are a foreigner in Budapest and need some advice please do not hesitate to contact (eminevrenozcan@gmail.com).<\/p>\n<p>Best regards,<br \/>\nEminEvren\u00d6zcan, MD.\u00a0\u00a0<\/p>\n\t\t\t<\/div>\n\t\t<\/div>\n\t\t            <\/div>\n\t\t\n","protected":false},"excerpt":{"rendered":"<p><a href=\"https:\/\/semmelweis.hu\/varosmajor\/files\/2020\/12\/emin-120x180-1.jpg\"><\/a> I spent two years in Budapest Heart Center for EHRA electrophysiology fellowship and it was a meritorious experience. Being first international fellow in the department was not easy in the beginning. Especially native language was challenging. However, hospitality of the staff was very impressive and facilitated my integration.After two months, we overcame all these problems &hellip;<\/p>\n","protected":false},"author":101737,"featured_media":0,"parent":21,"menu_order":7,"comment_status":"closed","ping_status":"closed","template":"","meta":{"_acf_changed":false,"footnotes":""},"categories":[],"tags":[],"class_list":["post-1825","page","type-page","status-publish","hentry"],"acf":[],"_links":{"self":[{"href":"https:\/\/semmelweis.hu\/varosmajor\/wp-json\/wp\/v2\/pages\/1825","targetHints":{"allow":["GET"]}}],"collection":[{"href":"https:\/\/semmelweis.hu\/varosmajor\/wp-json\/wp\/v2\/pages"}],"about":[{"href":"https:\/\/semmelweis.hu\/varosmajor\/wp-json\/wp\/v2\/types\/page"}],"author":[{"embeddable":true,"href":"https:\/\/semmelweis.hu\/varosmajor\/wp-json\/wp\/v2\/users\/101737"}],"replies":[{"embeddable":true,"href":"https:\/\/semmelweis.hu\/varosmajor\/wp-json\/wp\/v2\/comments?post=1825"}],"version-history":[{"count":6,"href":"https:\/\/semmelweis.hu\/varosmajor\/wp-json\/wp\/v2\/pages\/1825\/revisions"}],"predecessor-version":[{"id":10553,"href":"https:\/\/semmelweis.hu\/varosmajor\/wp-json\/wp\/v2\/pages\/1825\/revisions\/10553"}],"up":[{"embeddable":true,"href":"https:\/\/semmelweis.hu\/varosmajor\/wp-json\/wp\/v2\/pages\/21"}],"wp:attachment":[{"href":"https:\/\/semmelweis.hu\/varosmajor\/wp-json\/wp\/v2\/media?parent=1825"}],"wp:term":[{"taxonomy":"category","embeddable":true,"href":"https:\/\/semmelweis.hu\/varosmajor\/wp-json\/wp\/v2\/categories?post=1825"},{"taxonomy":"post_tag","embeddable":true,"href":"https:\/\/semmelweis.hu\/varosmajor\/wp-json\/wp\/v2\/tags?post=1825"}],"curies":[{"name":"wp","href":"https:\/\/api.w.org\/{rel}","templated":true}]}}