{"id":18,"date":"2020-11-05T12:45:47","date_gmt":"2020-11-05T11:45:47","guid":{"rendered":"https:\/\/semmelweis.hu\/varosmajor\/?page_id=18"},"modified":"2024-10-31T15:05:44","modified_gmt":"2024-10-31T14:05:44","slug":"bemutatkozunk","status":"publish","type":"page","link":"https:\/\/semmelweis.hu\/varosmajor\/klinikankrol\/bemutatkozunk\/","title":{"rendered":"Bemutatkozunk"},"content":{"rendered":"<p style=\"text-align: justify\">A Semmelweis Egyetem\u00a0 V\u00e1rosmajori Sz\u00edv- \u00e9s \u00c9rgy\u00f3gy\u00e1szati Klinik\u00e1ja a gy\u00f3gy\u00edt\u00f3-megel\u0151z\u0151 betegell\u00e1t\u00e1s mellett jelent\u0151s r\u00e9szt v\u00e1llal az oktat\u00e1s \u00e9s a kutat\u00e1s ter\u00fclet\u00e9n is.<\/p>\n<h2><a href=\"https:\/\/semmelweis.hu\/varosmajor\/gyogyitas\/\">Gy\u00f3gy\u00edt\u00e1s<\/a><\/h2>\n<p style=\"text-align: justify\"><a href=\"https:\/\/semmelweis.hu\/varosmajor\/files\/2020\/12\/nyito-720x480-1.jpg\"><img loading=\"lazy\" decoding=\"async\" class=\"size-medium wp-image-1123 alignright\" src=\"https:\/\/semmelweis.hu\/varosmajor\/files\/2020\/12\/nyito-720x480-1-400x267.jpg\" alt=\"\" width=\"400\" height=\"267\" srcset=\"https:\/\/semmelweis.hu\/varosmajor\/files\/2020\/12\/nyito-720x480-1-400x267.jpg 400w, https:\/\/semmelweis.hu\/varosmajor\/files\/2020\/12\/nyito-720x480-1-203x135.jpg 203w, https:\/\/semmelweis.hu\/varosmajor\/files\/2020\/12\/nyito-720x480-1.jpg 720w\" sizes=\"auto, (max-width: 400px) 100vw, 400px\" \/><\/a>Klinik\u00e1nkon nagy sz\u00e1mban v\u00e9gz\u00fcnk koszor\u00fa\u00e9r \u00e1thidal\u00e1st, sz\u00edvbillenty\u0171 m\u0171t\u00e9tet, valamint sz\u00e1mos, eszk\u00f6zig\u00e9nyes sz\u00edvseb\u00e9szeti beavatkoz\u00e1st. Sz\u00edvseb\u00e9szet\u00fcnk a feln\u0151tt sz\u00edvtranszplant\u00e1ci\u00f3 hazai k\u00f6zpontja. A 2011-ben indult m\u0171sz\u00edvprogramunkkal t\u00f6bb \u00e9letvesz\u00e9lyes \u00e1llapot\u00fa beteg\u00fcnket seg\u00edtett\u00fck a hossz\u00fa t\u00e1v\u00fa gy\u00f3gyul\u00e1s \u00fatj\u00e1ra.<\/p>\n<p style=\"text-align: justify\">Klinik\u00e1nk \u00e9rseb\u00e9szeti centrum, szakter\u00fclet\u00e9nek orsz\u00e1gos cs\u00facsint\u00e9zm\u00e9nye. A klasszikus \u00e9rseb\u00e9szet mellett intervenci\u00f3s radiol\u00f3giai \u00e9s hibrid beavatkoz\u00e1sok v\u00e9gz\u00e9s\u00e9ben is kiemelked\u0151 szerepet j\u00e1tszik a hazai centrumok k\u00f6z\u00f6tt. Int\u00e9zet\u00fcnk kezel\u00e9s\u00e9ben nagy mintasz\u00e1m\u00fa homograft-bank m\u0171k\u00f6dik.<\/p>\n<p style=\"text-align: justify\">A klinikai betegell\u00e1t\u00e1st kit\u0171n\u0151en t\u00e1mogatja az elm\u00falt \u00e9vek sor\u00e1n folyamatosan fejlesztett k\u00e9palkot\u00f3 diagnosztikai profil. Nagy k\u00e9pfelbont\u00e1s\u00fa \u00e9s gyors CT, illetve MR k\u00e9sz\u00fcl\u00e9keinkkel sz\u00edv- \u00e9s \u00e9rgy\u00f3gy\u00e1szati f\u00f3kusz\u00fa k\u00e9palkot\u00f3 labort m\u0171k\u00f6dtet\u00fcnk.<\/p>\n<h2><a href=\"https:\/\/semmelweis.hu\/varosmajor\/oktatas\/\">Oktat\u00e1s<\/a><\/h2>\n<p style=\"text-align: justify\"><a href=\"https:\/\/semmelweis.hu\/varosmajor\/files\/2020\/12\/slider3-720x480-1.jpg\"><img loading=\"lazy\" decoding=\"async\" class=\"size-medium wp-image-1124 alignright\" src=\"https:\/\/semmelweis.hu\/varosmajor\/files\/2020\/12\/slider3-720x480-1-400x267.jpg\" alt=\"\" width=\"400\" height=\"267\" srcset=\"https:\/\/semmelweis.hu\/varosmajor\/files\/2020\/12\/slider3-720x480-1-400x267.jpg 400w, https:\/\/semmelweis.hu\/varosmajor\/files\/2020\/12\/slider3-720x480-1-203x135.jpg 203w, https:\/\/semmelweis.hu\/varosmajor\/files\/2020\/12\/slider3-720x480-1.jpg 720w\" sizes=\"auto, (max-width: 400px) 100vw, 400px\" \/><\/a>Klinik\u00e1nkon h\u00e1rom nyelv\u0171 (magyar, angol, n\u00e9met) gradu\u00e1lis orvosk\u00e9pz\u00e9s folyik. Int\u00e9zet\u00fcnk emellett r\u00e9szt vesz a posztgradu\u00e1lis szak- \u00e9s tov\u00e1bbk\u00e9pz\u00e9sben, az alap- \u00e9s r\u00e1\u00e9p\u00edtett szakvizsg\u00e1ra val\u00f3 felk\u00e9sz\u00edt\u00e9sben, valamint a Doktori Iskola PhD-k\u00e9pz\u00e9s\u00e9ben.<\/p>\n<h2><a href=\"https:\/\/semmelweis.hu\/varosmajor\/kutatas\/\">Kutat\u00e1s<\/a><\/h2>\n<p style=\"text-align: justify\">A gy\u00f3gy\u00edt\u00f3 munk\u00e1t kieg\u00e9sz\u00edti a k\u00eds\u00e9rletes \u00e9s klinikai kutat\u00f3 munka, melyben nemzetk\u00f6zi h\u00edr\u0171 szakemberek vezet\u00e9s\u00e9vel fiatal orvosok \u00e9s orvostanhallgat\u00f3k sz\u00e1m\u00e1ra biztos\u00edtunk lehet\u0151s\u00e9get tudom\u00e1nyos kutat\u00e1s v\u00e9gz\u00e9s\u00e9re.<\/p>\n<h2><a href=\"https:\/\/semmelweis.hu\/varosmajor\/klinikankrol\/minosegiranyitas\/\">Min\u0151s\u00e9g<\/a><\/h2>\n<p style=\"text-align: justify\"><a href=\"https:\/\/semmelweis.hu\/varosmajor\/files\/2020\/12\/slider4-720x480-1.jpg\"><img loading=\"lazy\" decoding=\"async\" class=\"size-medium wp-image-1125 alignright\" src=\"https:\/\/semmelweis.hu\/varosmajor\/files\/2020\/12\/slider4-720x480-1-400x267.jpg\" alt=\"\" width=\"400\" height=\"267\" srcset=\"https:\/\/semmelweis.hu\/varosmajor\/files\/2020\/12\/slider4-720x480-1-400x267.jpg 400w, https:\/\/semmelweis.hu\/varosmajor\/files\/2020\/12\/slider4-720x480-1-203x135.jpg 203w, https:\/\/semmelweis.hu\/varosmajor\/files\/2020\/12\/slider4-720x480-1.jpg 720w\" sizes=\"auto, (max-width: 400px) 100vw, 400px\" \/><\/a>A Kardiol\u00f3giai K\u00f6zpont vezet\u00e9s\u00e9nek \u00e9s minden munkat\u00e1rs\u00e1nak c\u00e9lja az eg\u00e9szs\u00e9g\u00fcgyi ell\u00e1t\u00e1s \u00e1lland\u00f3 \u00e9s magas sz\u00ednvonalon t\u00f6rt\u00e9n\u0151 megval\u00f3s\u00edt\u00e1sa. A K\u00f6zpontban az MSZ EN ISO 9001:2015 min\u0151s\u00e9gir\u00e1ny\u00edt\u00e1si rendszer bevezet\u00e9se a szakmai ig\u00e9nyess\u00e9get, a szolg\u00e1ltat\u00e1sok biztons\u00e1gos \u00e9s finansz\u00edrozhat\u00f3 megval\u00f3s\u00edt\u00e1s\u00e1t, a szervezetts\u00e9g fokoz\u00f3d\u00e1s\u00e1t szolg\u00e1lja.<\/p>\n","protected":false},"excerpt":{"rendered":"<p>A Semmelweis Egyetem V\u00e1rosmajori Sz\u00edv- \u00e9s \u00c9rgy\u00f3gy\u00e1szati Klinik\u00e1ja egy olyan centrum, ahol kardiol\u00f3giai, sz\u00edvseb\u00e9szeti \u00e9s \u00e9rseb\u00e9szeti profil\u00fa betegell\u00e1t\u00e1s folyik. T\u00f6bb, mint egy hagyom\u00e1nyos k\u00f3rh\u00e1z, mert sz\u00e9les k\u00f6r\u0171 diagnosztikus kapacit\u00e1ssal rendelkezik \u00e9s speci\u00e1lis, eszk\u00f6z\u00f6s ter\u00e1pi\u00e1s beavatkoz\u00e1sok elv\u00e9gz\u00e9s\u00e9re alkalmas int\u00e9zm\u00e9ny. A gy\u00f3gy\u00edt\u00f3 tev\u00e9kenys\u00e9g mellett klinik\u00e1nkon h\u00e1rom nyelv\u0171 orvosk\u00e9pz\u00e9s folyik. A gy\u00f3gy\u00edt\u00f3 munk\u00e1t tov\u00e1bb\u00e1 kieg\u00e9sz\u00edti a k\u00eds\u00e9rletes \u00e9s klinikai kutat\u00f3 munka, melyben nemzetk\u00f6zi h\u00edr\u0171 szakemberek vezet\u00e9s\u00e9vel fiatal kutat\u00f3k sz\u00e1m\u00e1ra biztos\u00edtunk lehet\u0151s\u00e9get tudom\u00e1nyos munka v\u00e9gz\u00e9s\u00e9re.<\/p>\n","protected":false},"author":12,"featured_media":164,"parent":104,"menu_order":0,"comment_status":"closed","ping_status":"closed","template":"","meta":{"_acf_changed":false,"footnotes":""},"categories":[],"tags":[],"class_list":["post-18","page","type-page","status-publish","has-post-thumbnail","hentry"],"acf":[],"_links":{"self":[{"href":"https:\/\/semmelweis.hu\/varosmajor\/wp-json\/wp\/v2\/pages\/18","targetHints":{"allow":["GET"]}}],"collection":[{"href":"https:\/\/semmelweis.hu\/varosmajor\/wp-json\/wp\/v2\/pages"}],"about":[{"href":"https:\/\/semmelweis.hu\/varosmajor\/wp-json\/wp\/v2\/types\/page"}],"author":[{"embeddable":true,"href":"https:\/\/semmelweis.hu\/varosmajor\/wp-json\/wp\/v2\/users\/12"}],"replies":[{"embeddable":true,"href":"https:\/\/semmelweis.hu\/varosmajor\/wp-json\/wp\/v2\/comments?post=18"}],"version-history":[{"count":11,"href":"https:\/\/semmelweis.hu\/varosmajor\/wp-json\/wp\/v2\/pages\/18\/revisions"}],"predecessor-version":[{"id":5717,"href":"https:\/\/semmelweis.hu\/varosmajor\/wp-json\/wp\/v2\/pages\/18\/revisions\/5717"}],"up":[{"embeddable":true,"href":"https:\/\/semmelweis.hu\/varosmajor\/wp-json\/wp\/v2\/pages\/104"}],"wp:featuredmedia":[{"embeddable":true,"href":"https:\/\/semmelweis.hu\/varosmajor\/wp-json\/wp\/v2\/media\/164"}],"wp:attachment":[{"href":"https:\/\/semmelweis.hu\/varosmajor\/wp-json\/wp\/v2\/media?parent=18"}],"wp:term":[{"taxonomy":"category","embeddable":true,"href":"https:\/\/semmelweis.hu\/varosmajor\/wp-json\/wp\/v2\/categories?post=18"},{"taxonomy":"post_tag","embeddable":true,"href":"https:\/\/semmelweis.hu\/varosmajor\/wp-json\/wp\/v2\/tags?post=18"}],"curies":[{"name":"wp","href":"https:\/\/api.w.org\/{rel}","templated":true}]}}