{"id":1782,"date":"2020-12-30T19:53:31","date_gmt":"2020-12-30T18:53:31","guid":{"rendered":"https:\/\/semmelweis.hu\/varosmajor\/?page_id=1782"},"modified":"2020-12-31T15:33:28","modified_gmt":"2020-12-31T14:33:28","slug":"postgradual-education","status":"publish","type":"page","link":"https:\/\/semmelweis.hu\/varosmajor\/en\/education\/cardiology\/postgradual-education\/","title":{"rendered":"Postgradual Education"},"content":{"rendered":"\r\n\t\r\n<div class=\"container-fluid wpdoc_container\" \r\n     data-dir_restrictions=\"\" \r\n     data-del_from_front=\"\" \r\n     data-dir=\"1274\" \r\n     data-home=\"1274\">\r\n     \r\n    <input type=\"hidden\" id=\"wpdocs_front_list_nonce_field\" name=\"wpdocs_front_list_nonce_field\" value=\"9474e1f890\" \/><input type=\"hidden\" name=\"_wp_http_referer\" value=\"\/varosmajor\/wp-json\/wp\/v2\/pages\/1782\" \/>    \r\n    <input type=\"hidden\" class=\"wpd_home_id\" value=\"1274\" \/>\r\n    <input type=\"hidden\" class=\"wpd_del_file_id\" value=\"\" \/>\r\n\r\n\t\r\n\t\t\t\t<div class=\"card mt-3\">\r\n\t\t\t\t\t<!-- breadcrumb Area -->\r\n\t\t\t\t\t<nav aria-label=\"breadcrumb\" class=\"wpdocs-nav position-relative\">\r\n\t\t\t\t\t\t<ol class=\"breadcrumb bg-light\" style=\"border-bottom:1px solid #dee2e6;border-radius: 0; min-height: 40px;\">\r\n\r\n                            \t\r\n\t\t\t\t\t\t<\/ol>\r\n\r\n                        \r\n\t\t\t\t\t\t\t\t\t\t\t<\/nav>\r\n\t\t\t\r\n\t\t\t\t\t\r\n\t\t\t     \r\n                    \t\r\n\t\t\t\t\t<div class=\"card-body \">\r\n\t\r\n\t\t\t\t\t\t<!-- Large Icon View Area -->\r\n\t\t\t\t\t\t<div class=\"row folder_view large_icon_view d-none\">\r\n\t\t\t\t\t\t\t\t\r\n<div class=\"col-4 col-md-3 file_wrapper is_dir\" style=\"cursor: pointer;\"\r\n     data-id=\"1277\"\r\n     data-resource=\"MTI3Nw==\"\r\n     data-linked=\"\"\r\n     data-guid=\"\">\r\n\r\n    <figure class=\"figure file_view p-0\">\t\t\t\t\t\t\t\t\t\r\n        <span class=\"fa fa-folder text-warning\" style=\"font-size:100%\"><\/span>\r\n        <figcaption class=\"figure-caption text-center\" style=\"font-size:25px\">\r\n            EKG elm\u00e9letben \u00e9s a beteg\u00e1gy mellett kurzus vizsgak\u00e9rd\u00e9sei        <\/figcaption>\r\n    <\/figure>\r\n\r\n<\/div>\r\n\t\r\n<div class=\"col-4 col-md-3 file_wrapper is_dir\" style=\"cursor: pointer;\"\r\n     data-id=\"1278\"\r\n     data-resource=\"MTI3OA==\"\r\n     data-linked=\"\"\r\n     data-guid=\"\">\r\n\r\n    <figure class=\"figure file_view p-0\">\t\t\t\t\t\t\t\t\t\r\n        <span class=\"fa fa-folder text-warning\" style=\"font-size:100%\"><\/span>\r\n        <figcaption class=\"figure-caption text-center\" style=\"font-size:25px\">\r\n            G\u00e9n alap\u00fa diagnosztika \u00e9s ter\u00e1pia lehet\u0151s\u00e9gei a kardiol\u00f3gi\u00e1ban        <\/figcaption>\r\n    <\/figure>\r\n\r\n<\/div>\r\n\r\n\r\n<div title=\"Kardiol\u00f3gia-mint-els\u0151k\u00e9nt-megszerezhet\u0151-szakk\u00e9pz\u00e9s.pdf\" class=\"col-4 col-md-3 is_file text-center is_shallow\" style=\"cursor: pointer;\" data-id=\"1612\">\r\n    <figure class=\"figure file_view p-1\">\r\n        <a href=\"https:\/\/semmelweis.hu\/varosmajor\/files\/2020\/12\/Kardiol\u00f3gia-mint-els\u0151k\u00e9nt-megszerezhet\u0151-szakk\u00e9pz\u00e9s.pdf\" target=\"_blank\" class=\"file\">\r\n            <img decoding=\"async\" class=\"my-3\" src=\"https:\/\/semmelweis.hu\/varosmajor\/wp-content\/plugins\/wp-docs\/img\/filetype-icons\/pdf.png\" \/>\r\n        <\/a>\r\n        <figcaption class=\"figure-caption text-center\">Kardiol\u00f3gia-mint-els\u0151k\u00e9nt-megszerezhet\u0151-szakk\u00e9pz\u00e9s.pdf<\/figcaption>\r\n    <\/figure>\r\n<\/div>\r\n\r\n\r\n\r\n<div title=\"SE-Kardiol\u00f3giai-Szakmai-Gr\u00e9mium-K\u00e9pz\u00e9si-Tematika.pdf\" class=\"col-4 col-md-3 is_file text-center is_shallow\" style=\"cursor: pointer;\" data-id=\"1467\">\r\n    <figure class=\"figure file_view p-1\">\r\n        <a href=\"https:\/\/semmelweis.hu\/varosmajor\/files\/2020\/12\/SE-Kardiol\u00f3giai-Szakmai-Gr\u00e9mium-K\u00e9pz\u00e9si-Tematika.pdf\" target=\"_blank\" class=\"file\">\r\n            <img decoding=\"async\" class=\"my-3\" src=\"https:\/\/semmelweis.hu\/varosmajor\/wp-content\/plugins\/wp-docs\/img\/filetype-icons\/pdf.png\" \/>\r\n        <\/a>\r\n        <figcaption class=\"figure-caption text-center\">SE-Kardiol\u00f3giai-Szakmai-Gr\u00e9mium-K\u00e9pz\u00e9si-Tematika.pdf<\/figcaption>\r\n    <\/figure>\r\n<\/div>\r\n\r\n\t\r\n\t\r\n\t\t\t\t\t\t<\/div>\r\n\t\r\n\t\t\t\t\t\t<!-- List View Area -->\r\n\t\t\t\t\t\t<div class=\"row folder_view list_view \">\r\n\t\t\t\t\t\t\t\t\r\n<div class=\"col-12 file_wrapper is_dir\" style=\"cursor: pointer;\"\r\n    data-id=\"1277\"\r\n    data-resource=\"MTI3Nw==\"\r\n    data-linked=\"\"\r\n    data-guid=\"\">\r\n\t\t\t\t\t\t\t\t\t\t<figure class=\"figure file_view p-2\">\r\n\t\t\t\t\t\t\t\t\t\t\t<span class=\"fa fa-folder text-warning\" style=\"font-size:25px\"><\/span>\r\n\t\t\t\t\t\t\t\t\t\t\t<small class=\"text-center\">EKG elm\u00e9letben \u00e9s a beteg\u00e1gy mellett kurzus vizsgak\u00e9rd\u00e9sei<\/small>\r\n\t\t\t\t\t\t\t\t\t\t<\/figure>\r\n\t\t\t\t\t\t\t\t\t<\/div>\r\n\t\t\t\t\t\t\t\t\t\r\n<div class=\"col-12 file_wrapper is_dir\" style=\"cursor: pointer;\"\r\n    data-id=\"1278\"\r\n    data-resource=\"MTI3OA==\"\r\n    data-linked=\"\"\r\n    data-guid=\"\">\r\n\t\t\t\t\t\t\t\t\t\t<figure class=\"figure file_view p-2\">\r\n\t\t\t\t\t\t\t\t\t\t\t<span class=\"fa fa-folder text-warning\" style=\"font-size:25px\"><\/span>\r\n\t\t\t\t\t\t\t\t\t\t\t<small class=\"text-center\">G\u00e9n alap\u00fa diagnosztika \u00e9s ter\u00e1pia lehet\u0151s\u00e9gei a kardiol\u00f3gi\u00e1ban<\/small>\r\n\t\t\t\t\t\t\t\t\t\t<\/figure>\r\n\t\t\t\t\t\t\t\t\t<\/div>\r\n\t\t\t\t\t\t\t\t\r\n\t\t\t\t\t\t\t\t\t\t\t\t\t\t\t\t<div title=\"Kardiol\u00f3gia-mint-els\u0151k\u00e9nt-megszerezhet\u0151-szakk\u00e9pz\u00e9s.pdf\" class=\"col-12 file_wrapper is_file\" style=\"cursor: pointer;\" data-id=\"1612\">\r\n\t\t\t\t\t\t\t\t\t\t\t\t\t\t\t\t\t<figure class=\"figure file_view p-3\">\r\n\t\t\t\t\t\t\t\t\t\t\t\t\t\t\t\t\t\t<a href=\"https:\/\/semmelweis.hu\/varosmajor\/files\/2020\/12\/Kardiol\u00f3gia-mint-els\u0151k\u00e9nt-megszerezhet\u0151-szakk\u00e9pz\u00e9s.pdf\" target=\"_blank\" class=\"file\" ><img decoding=\"async\" class=\"mb-2\" src=\"https:\/\/semmelweis.hu\/varosmajor\/wp-content\/plugins\/wp-docs\/img\/filetype-icons\/pdf.png\" style=\"width: 25px; height: 25px\"><\/a>\r\n\t\t\t\t\t\t\t\t\t\t\t\t\t\t\t\t\t\t<small class=\"text-center\">Kardiol\u00f3gia-mint-els\u0151k\u00e9nt-megszerezhet\u0151-szakk\u00e9pz\u00e9s.pdf<\/small>\r\n\t\t\t\t\t\t\t\t\t\t\t\t\t\t\t\t\t<\/figure>\r\n\t\t\t\t\t\t\t\t\t\t\t\t\t\t\t\t<\/div>\r\n\t\t\t\t\t\t\t\t\t\t\t\t\t\t\t\t<div title=\"SE-Kardiol\u00f3giai-Szakmai-Gr\u00e9mium-K\u00e9pz\u00e9si-Tematika.pdf\" class=\"col-12 file_wrapper is_file\" style=\"cursor: pointer;\" data-id=\"1467\">\r\n\t\t\t\t\t\t\t\t\t\t\t\t\t\t\t\t\t<figure class=\"figure file_view p-3\">\r\n\t\t\t\t\t\t\t\t\t\t\t\t\t\t\t\t\t\t<a href=\"https:\/\/semmelweis.hu\/varosmajor\/files\/2020\/12\/SE-Kardiol\u00f3giai-Szakmai-Gr\u00e9mium-K\u00e9pz\u00e9si-Tematika.pdf\" target=\"_blank\" class=\"file\" ><img decoding=\"async\" class=\"mb-2\" src=\"https:\/\/semmelweis.hu\/varosmajor\/wp-content\/plugins\/wp-docs\/img\/filetype-icons\/pdf.png\" style=\"width: 25px; height: 25px\"><\/a>\r\n\t\t\t\t\t\t\t\t\t\t\t\t\t\t\t\t\t\t<small class=\"text-center\">SE-Kardiol\u00f3giai-Szakmai-Gr\u00e9mium-K\u00e9pz\u00e9si-Tematika.pdf<\/small>\r\n\t\t\t\t\t\t\t\t\t\t\t\t\t\t\t\t\t<\/figure>\r\n\t\t\t\t\t\t\t\t\t\t\t\t\t\t\t\t<\/div>\t\r\n\t\r\n\t\t\t\t\t\t<\/div>\r\n\t                            \r\n\t\t\t\t\t\t<!-- Detail View Area -->\r\n\t\t\t\t\t\t<div class=\"row folder_view detail_view mt-0 d-none\">\r\n\t\t\t\t\t\t\t<div class=\"table-responsive\" style=\"zoom:70%\">\r\n\t\t\t\t\t\t\t\t<table class=\"table\">\r\n\t\t\t\t\t\t\t\t\t<thead class=\"thead\">\r\n\t\t\t\t\t\t\t\t\t\t<tr>\r\n    <th>Name <\/th>\r\n\r\n\r\n    <th>Modified Date <\/th>\r\n\r\n\r\n    <th>M\u00e9ret <\/th>\r\n\r\n<\/tr>\r\n\t\t\t\t\t\t\t\t\t<\/thead>\r\n\t\t\t\t\t\t\t\t\t\t\t\t\t\t\t\t\t\t\t\t<tr title=\"1277\" class=\"file_wrapper file_view is_dir\" style=\"cursor: pointer;\" data-id=\"1277\" data-resource=\"MTI3Nw==\" data-linked=\"\" data-guid=\"\">\r\n\t\t\t\t\t\t\t\t\t\t\t\t<td>\r\n\t\t\t\t\t\t\t\t\t\t\t\t\t<figure class=\"figure \">\r\n\t\t\t\t\t\t\t\t\t\t\t\t\t\t<span class=\"fa fa-folder text-warning\" style=\"font-size:25px\"><\/span>\r\n\t\t\t\t\t\t\t\t\t\t\t\t\t\t<small class=\"text-center mb-1\">EKG elm\u00e9letben \u00e9s a beteg\u00e1gy mellett kurzus vizsgak\u00e9rd\u00e9sei<\/small>\r\n\t\t\t\t\t\t\t\t\t\t\t\t\t<\/figure>\r\n\t\t\t\t\t\t\t\t\t\t\t\t<\/td>\r\n\t\t\t\t\t\t\t\t\t\t\t\t\r\n\t\t\t\t\t\t\t<td data-time=\"\"><small>2020-12-21 11:56<\/small><\/td>\t\t\t\t\t\t\t<td><small><\/small><\/td>\t\t\t\t\t\t\t\t\t\t\t<\/tr>\r\n\t\t\t\t\t\t\t\t\t\t\t\t\t\t\t\t\t\t\t\t\t<tr title=\"1278\" class=\"file_wrapper file_view is_dir\" style=\"cursor: pointer;\" data-id=\"1278\" data-resource=\"MTI3OA==\" data-linked=\"\" data-guid=\"\">\r\n\t\t\t\t\t\t\t\t\t\t\t\t<td>\r\n\t\t\t\t\t\t\t\t\t\t\t\t\t<figure class=\"figure \">\r\n\t\t\t\t\t\t\t\t\t\t\t\t\t\t<span class=\"fa fa-folder text-warning\" style=\"font-size:25px\"><\/span>\r\n\t\t\t\t\t\t\t\t\t\t\t\t\t\t<small class=\"text-center mb-1\">G\u00e9n alap\u00fa diagnosztika \u00e9s ter\u00e1pia lehet\u0151s\u00e9gei a kardiol\u00f3gi\u00e1ban<\/small>\r\n\t\t\t\t\t\t\t\t\t\t\t\t\t<\/figure>\r\n\t\t\t\t\t\t\t\t\t\t\t\t<\/td>\r\n\t\t\t\t\t\t\t\t\t\t\t\t\r\n\t\t\t\t\t\t\t<td data-time=\"\"><small>2020-12-21 11:56<\/small><\/td>\t\t\t\t\t\t\t<td><small><\/small><\/td>\t\t\t\t\t\t\t\t\t\t\t<\/tr>\r\n\t\t\t\t\t\t\t\t\t\t\r\n\t\t\t\t\t\t\t\t\t\t\t\t\t<tr title=\"Kardiol\u00f3gia-mint-els\u0151k\u00e9nt-megszerezhet\u0151-szakk\u00e9pz\u00e9s.pdf\" data-url=\"https:\/\/semmelweis.hu\/varosmajor\/files\/2020\/12\/Kardiol\u00f3gia-mint-els\u0151k\u00e9nt-megszerezhet\u0151-szakk\u00e9pz\u00e9s.pdf\" class=\"file_view file_link is_file\" style=\"cursor: pointer;\" data-id=\"1612\">\r\n\r\n\t\t\t\t\t\t\t\t\t\t\t\t\t\t<td>\r\n\r\n\t\t\t\t\t\t\t\t\t\t\t\t\t\t\t<figure class=\"figure file_view\">\r\n\t\t\t\t\t\t\t\t\t\t\t\t\t\t\t\t<span class=\"file\"><img decoding=\"async\" class=\"mb-2\" src=\"https:\/\/semmelweis.hu\/varosmajor\/wp-content\/plugins\/wp-docs\/img\/filetype-icons\/pdf.png\" style=\"width: 25px; height: 25px\"><\/span>\r\n\t\t\t\t\t\t\t\t\t\t\t\t\t\t\t\t<small class=\"text-center\">Kardiol\u00f3gia-mint-els\u0151k\u00e9nt-megszerezhet\u0151-szakk\u00e9pz\u00e9s.pdf<\/small>\r\n\t\t\t\t\t\t\t\t\t\t\t\t\t\t\t<\/figure>\r\n\t\t\t\t\t\t\t\t\t\t\t\t\t\t<\/td>\r\n\t\t\t\t\t\t\t\t\t\t\t\t\t<td data-time=\"1609332366\"><small>2020-12-30 12:46<\/small><\/td><td data-time=\"0\"><small>0 KB<\/small><\/td><\/tr>\r\n\t\t\t\t\t\t\t\t\t\t\t\t\t<tr title=\"SE-Kardiol\u00f3giai-Szakmai-Gr\u00e9mium-K\u00e9pz\u00e9si-Tematika.pdf\" data-url=\"https:\/\/semmelweis.hu\/varosmajor\/files\/2020\/12\/SE-Kardiol\u00f3giai-Szakmai-Gr\u00e9mium-K\u00e9pz\u00e9si-Tematika.pdf\" class=\"file_view file_link is_file\" style=\"cursor: pointer;\" data-id=\"1467\">\r\n\r\n\t\t\t\t\t\t\t\t\t\t\t\t\t\t<td>\r\n\r\n\t\t\t\t\t\t\t\t\t\t\t\t\t\t\t<figure class=\"figure file_view\">\r\n\t\t\t\t\t\t\t\t\t\t\t\t\t\t\t\t<span class=\"file\"><img decoding=\"async\" class=\"mb-2\" src=\"https:\/\/semmelweis.hu\/varosmajor\/wp-content\/plugins\/wp-docs\/img\/filetype-icons\/pdf.png\" style=\"width: 25px; height: 25px\"><\/span>\r\n\t\t\t\t\t\t\t\t\t\t\t\t\t\t\t\t<small class=\"text-center\">SE-Kardiol\u00f3giai-Szakmai-Gr\u00e9mium-K\u00e9pz\u00e9si-Tematika.pdf<\/small>\r\n\t\t\t\t\t\t\t\t\t\t\t\t\t\t\t<\/figure>\r\n\t\t\t\t\t\t\t\t\t\t\t\t\t\t<\/td>\r\n\t\t\t\t\t\t\t\t\t\t\t\t\t<td data-time=\"1609328262\"><small>2020-12-30 11:37<\/small><\/td><td data-time=\"0\"><small>0 KB<\/small><\/td><\/tr>\t\t\t\t\t\t\t\t<\/table>\r\n\t\t\t\t\t\t\t<\/div>\r\n\t\t\t\t\t\t<\/div>\r\n\t\r\n\t\t\t\t\t<\/div>\r\n\t\t\t\t\t<div class=\"card-footer text-right wpdocs-views position-relative\">\r\n\t\r\n\t\r\n\t\r\n\t\t\t\t\t\t<a data-source=\"large_icon_view\" data-toggle=\"tooltip\" data-placement=\"bottom\" title=\"B\u00e9lyegk\u00e9p n\u00e9zet\" class=\"folder_view_btn fa fa-image fa-lg text-danger mr-2\"><\/a>\r\n\t\t\t\t\t\t<a data-source=\"list_view\" data-toggle=\"tooltip\" data-placement=\"bottom\" title=\"Lista n\u00e9zet\" class=\"folder_view_btn fa fa-bars fa-lg text-danger mr-2\"><\/a>\r\n\t\t\t\t\t\t<a data-source=\"detail_view\" data-toggle=\"tooltip\" data-placement=\"bottom\" title=\"R\u00e9szletes n\u00e9zet\" class=\"folder_view_btn fa fa-list fa-lg text-danger mr-2\"><\/a>\r\n\t\t\t\t\t<\/div>\r\n\t\t\t\t<\/div>\r\n\t\t\t\t\t<div class=\"wpdocs_loader wpd_modal d-none\">\r\n\t\t\t\t\t<div class=\"modal_content\">\r\n\t\t\t\t\t\t<img decoding=\"async\" src=\"https:\/\/semmelweis.hu\/varosmajor\/wp-content\/plugins\/wp-docs\/img\/loader.gif\" width=\"50px\" height=\"50px\">\r\n\t\t\t\t\t<\/div>\r\n\t\t\t\t<\/div>\r\n\t            \r\n\t\r\n\t\t\t<\/div>\r\n\t\r\n\t\r\n\t\r\n\t\t\n","protected":false},"excerpt":{"rendered":"","protected":false},"author":101737,"featured_media":0,"parent":1780,"menu_order":0,"comment_status":"closed","ping_status":"closed","template":"","meta":{"_acf_changed":false,"footnotes":""},"categories":[],"tags":[],"class_list":["post-1782","page","type-page","status-publish","hentry"],"acf":[],"_links":{"self":[{"href":"https:\/\/semmelweis.hu\/varosmajor\/wp-json\/wp\/v2\/pages\/1782","targetHints":{"allow":["GET"]}}],"collection":[{"href":"https:\/\/semmelweis.hu\/varosmajor\/wp-json\/wp\/v2\/pages"}],"about":[{"href":"https:\/\/semmelweis.hu\/varosmajor\/wp-json\/wp\/v2\/types\/page"}],"author":[{"embeddable":true,"href":"https:\/\/semmelweis.hu\/varosmajor\/wp-json\/wp\/v2\/users\/101737"}],"replies":[{"embeddable":true,"href":"https:\/\/semmelweis.hu\/varosmajor\/wp-json\/wp\/v2\/comments?post=1782"}],"version-history":[{"count":2,"href":"https:\/\/semmelweis.hu\/varosmajor\/wp-json\/wp\/v2\/pages\/1782\/revisions"}],"predecessor-version":[{"id":10107,"href":"https:\/\/semmelweis.hu\/varosmajor\/wp-json\/wp\/v2\/pages\/1782\/revisions\/10107"}],"up":[{"embeddable":true,"href":"https:\/\/semmelweis.hu\/varosmajor\/wp-json\/wp\/v2\/pages\/1780"}],"wp:attachment":[{"href":"https:\/\/semmelweis.hu\/varosmajor\/wp-json\/wp\/v2\/media?parent=1782"}],"wp:term":[{"taxonomy":"category","embeddable":true,"href":"https:\/\/semmelweis.hu\/varosmajor\/wp-json\/wp\/v2\/categories?post=1782"},{"taxonomy":"post_tag","embeddable":true,"href":"https:\/\/semmelweis.hu\/varosmajor\/wp-json\/wp\/v2\/tags?post=1782"}],"curies":[{"name":"wp","href":"https:\/\/api.w.org\/{rel}","templated":true}]}}