{"id":1780,"date":"2020-12-30T19:49:19","date_gmt":"2020-12-30T18:49:19","guid":{"rendered":"https:\/\/semmelweis.hu\/varosmajor\/?page_id=1780"},"modified":"2023-10-19T14:52:39","modified_gmt":"2023-10-19T12:52:39","slug":"cardiology","status":"publish","type":"page","link":"https:\/\/semmelweis.hu\/varosmajor\/en\/education\/cardiology\/","title":{"rendered":"Cardiology-E"},"content":{"rendered":"\r\n\t\r\n<div class=\"container-fluid wpdoc_container\" \r\n     data-dir_restrictions=\"\" \r\n     data-del_from_front=\"\" \r\n     data-dir=\"1786\" \r\n     data-home=\"1786\">\r\n     \r\n    <input type=\"hidden\" id=\"wpdocs_front_list_nonce_field\" name=\"wpdocs_front_list_nonce_field\" value=\"9474e1f890\" \/><input type=\"hidden\" name=\"_wp_http_referer\" value=\"\/varosmajor\/wp-json\/wp\/v2\/pages\/1780\" \/>    \r\n    <input type=\"hidden\" class=\"wpd_home_id\" value=\"1786\" \/>\r\n    <input type=\"hidden\" class=\"wpd_del_file_id\" value=\"\" \/>\r\n\r\n\t\r\n\t\t\t\t<div class=\"card mt-3\">\r\n\t\t\t\t\t<!-- breadcrumb Area -->\r\n\t\t\t\t\t<nav aria-label=\"breadcrumb\" class=\"wpdocs-nav position-relative\">\r\n\t\t\t\t\t\t<ol class=\"breadcrumb bg-light\" style=\"border-bottom:1px solid #dee2e6;border-radius: 0; min-height: 40px;\">\r\n\r\n                            \t\r\n\t\t\t\t\t\t<\/ol>\r\n\r\n                        \r\n\t\t\t\t\t\t\t\t\t\t\t<\/nav>\r\n\t\t\t\r\n\t\t\t\t\t\r\n\t\t\t     \r\n                    \t\r\n\t\t\t\t\t<div class=\"card-body \">\r\n\t\r\n\t\t\t\t\t\t<!-- Large Icon View Area -->\r\n\t\t\t\t\t\t<div class=\"row folder_view large_icon_view d-none\">\r\n\t\t\t\t\t\t\t\t\r\n<div class=\"col-4 col-md-3 file_wrapper is_dir\" style=\"cursor: pointer;\"\r\n     data-id=\"1787\"\r\n     data-resource=\"MTc4Nw==\"\r\n     data-linked=\"\"\r\n     data-guid=\"\">\r\n\r\n    <figure class=\"figure file_view p-0\">\t\t\t\t\t\t\t\t\t\r\n        <span class=\"fa fa-folder text-warning\" style=\"font-size:100%\"><\/span>\r\n        <figcaption class=\"figure-caption text-center\" style=\"font-size:25px\">\r\n            General documents        <\/figcaption>\r\n    <\/figure>\r\n\r\n<\/div>\r\n\t\r\n\t\r\n\t\t\t\t\t\t<\/div>\r\n\t\r\n\t\t\t\t\t\t<!-- List View Area -->\r\n\t\t\t\t\t\t<div class=\"row folder_view list_view \">\r\n\t\t\t\t\t\t\t\t\r\n<div class=\"col-12 file_wrapper is_dir\" style=\"cursor: pointer;\"\r\n    data-id=\"1787\"\r\n    data-resource=\"MTc4Nw==\"\r\n    data-linked=\"\"\r\n    data-guid=\"\">\r\n\t\t\t\t\t\t\t\t\t\t<figure class=\"figure file_view p-2\">\r\n\t\t\t\t\t\t\t\t\t\t\t<span class=\"fa fa-folder text-warning\" style=\"font-size:25px\"><\/span>\r\n\t\t\t\t\t\t\t\t\t\t\t<small class=\"text-center\">General documents<\/small>\r\n\t\t\t\t\t\t\t\t\t\t<\/figure>\r\n\t\t\t\t\t\t\t\t\t<\/div>\r\n\t\t\t\t\t\t\t\t\t\r\n\t\r\n\t\t\t\t\t\t<\/div>\r\n\t                            \r\n\t\t\t\t\t\t<!-- Detail View Area -->\r\n\t\t\t\t\t\t<div class=\"row folder_view detail_view mt-0 d-none\">\r\n\t\t\t\t\t\t\t<div class=\"table-responsive\" style=\"zoom:70%\">\r\n\t\t\t\t\t\t\t\t<table class=\"table\">\r\n\t\t\t\t\t\t\t\t\t<thead class=\"thead\">\r\n\t\t\t\t\t\t\t\t\t\t<tr>\r\n    <th>Name <\/th>\r\n\r\n\r\n    <th>Modified Date <\/th>\r\n\r\n\r\n    <th>M\u00e9ret <\/th>\r\n\r\n<\/tr>\r\n\t\t\t\t\t\t\t\t\t<\/thead>\r\n\t\t\t\t\t\t\t\t\t\t\t\t\t\t\t\t\t\t\t\t<tr title=\"1787\" class=\"file_wrapper file_view is_dir\" style=\"cursor: pointer;\" data-id=\"1787\" data-resource=\"MTc4Nw==\" data-linked=\"\" data-guid=\"\">\r\n\t\t\t\t\t\t\t\t\t\t\t\t<td>\r\n\t\t\t\t\t\t\t\t\t\t\t\t\t<figure class=\"figure \">\r\n\t\t\t\t\t\t\t\t\t\t\t\t\t\t<span class=\"fa fa-folder text-warning\" style=\"font-size:25px\"><\/span>\r\n\t\t\t\t\t\t\t\t\t\t\t\t\t\t<small class=\"text-center mb-1\">General documents<\/small>\r\n\t\t\t\t\t\t\t\t\t\t\t\t\t<\/figure>\r\n\t\t\t\t\t\t\t\t\t\t\t\t<\/td>\r\n\t\t\t\t\t\t\t\t\t\t\t\t\r\n\t\t\t\t\t\t\t<td data-time=\"\"><small>2020-12-30 19:54<\/small><\/td>\t\t\t\t\t\t\t<td><small><\/small><\/td>\t\t\t\t\t\t\t\t\t\t\t<\/tr>\r\n\t\t\t\t\t\t\t\t\t\t\t\t\t\t\t\t\t\t<\/table>\r\n\t\t\t\t\t\t\t<\/div>\r\n\t\t\t\t\t\t<\/div>\r\n\t\r\n\t\t\t\t\t<\/div>\r\n\t\t\t\t\t<div class=\"card-footer text-right wpdocs-views position-relative\">\r\n\t\r\n\t\r\n\t\r\n\t\t\t\t\t\t<a data-source=\"large_icon_view\" data-toggle=\"tooltip\" data-placement=\"bottom\" title=\"B\u00e9lyegk\u00e9p n\u00e9zet\" class=\"folder_view_btn fa fa-image fa-lg text-danger mr-2\"><\/a>\r\n\t\t\t\t\t\t<a data-source=\"list_view\" data-toggle=\"tooltip\" data-placement=\"bottom\" title=\"Lista n\u00e9zet\" class=\"folder_view_btn fa fa-bars fa-lg text-danger mr-2\"><\/a>\r\n\t\t\t\t\t\t<a data-source=\"detail_view\" data-toggle=\"tooltip\" data-placement=\"bottom\" title=\"R\u00e9szletes n\u00e9zet\" class=\"folder_view_btn fa fa-list fa-lg text-danger mr-2\"><\/a>\r\n\t\t\t\t\t<\/div>\r\n\t\t\t\t<\/div>\r\n\t\t\t\t\t<div class=\"wpdocs_loader wpd_modal d-none\">\r\n\t\t\t\t\t<div class=\"modal_content\">\r\n\t\t\t\t\t\t<img decoding=\"async\" src=\"https:\/\/semmelweis.hu\/varosmajor\/wp-content\/plugins\/wp-docs\/img\/loader.gif\" width=\"50px\" height=\"50px\">\r\n\t\t\t\t\t<\/div>\r\n\t\t\t\t<\/div>\r\n\t            \r\n\t\r\n\t\t\t<\/div>\r\n\t\r\n\t\r\n\t\r\n\t\t\n<p><a href=\"https:\/\/semmelweis.hu\/varosmajor\/files\/2023\/10\/Intezkedesi-terv_Kardiologiai-Tanszek.pdf\">Action Plan-Cardiology Department<\/a><\/p>\n<p><span style=\"font-size: 1rem\">The updated educational material can be found in <\/span><a href=\"https:\/\/itc.semmelweis.hu\/moodle\/course\/view.php?id=151\">Moodle<\/a><span style=\"font-size: 1rem\"> system.<\/span><\/p>\n<p>Aktualsisierte Unterrichtsmaterialien sind am <a href=\"https:\/\/itc.semmelweis.hu\/moodle\/course\/view.php?id=152\">Moodle-System<\/a> zu finden.<\/p>\n","protected":false},"excerpt":{"rendered":"<p><a href=\"https:\/\/semmelweis.hu\/varosmajor\/files\/2023\/10\/Intezkedesi-terv_Kardiologiai-Tanszek.pdf\">Action Plan-Cardiology Department<\/a><br \/>\nThe updated educational material can be found in <a href=\"https:\/\/itc.semmelweis.hu\/moodle\/course\/view.php?id=151\">Moodle<\/a> system.<br \/>\nAktualsisierte Unterrichtsmaterialien sind am <a href=\"https:\/\/itc.semmelweis.hu\/moodle\/course\/view.php?id=152\">Moodle-System<\/a> zu finden.<\/p>\n","protected":false},"author":101737,"featured_media":0,"parent":1088,"menu_order":1,"comment_status":"closed","ping_status":"closed","template":"","meta":{"_acf_changed":false,"footnotes":""},"categories":[],"tags":[],"class_list":["post-1780","page","type-page","status-publish","hentry"],"acf":[],"_links":{"self":[{"href":"https:\/\/semmelweis.hu\/varosmajor\/wp-json\/wp\/v2\/pages\/1780","targetHints":{"allow":["GET"]}}],"collection":[{"href":"https:\/\/semmelweis.hu\/varosmajor\/wp-json\/wp\/v2\/pages"}],"about":[{"href":"https:\/\/semmelweis.hu\/varosmajor\/wp-json\/wp\/v2\/types\/page"}],"author":[{"embeddable":true,"href":"https:\/\/semmelweis.hu\/varosmajor\/wp-json\/wp\/v2\/users\/101737"}],"replies":[{"embeddable":true,"href":"https:\/\/semmelweis.hu\/varosmajor\/wp-json\/wp\/v2\/comments?post=1780"}],"version-history":[{"count":8,"href":"https:\/\/semmelweis.hu\/varosmajor\/wp-json\/wp\/v2\/pages\/1780\/revisions"}],"predecessor-version":[{"id":10108,"href":"https:\/\/semmelweis.hu\/varosmajor\/wp-json\/wp\/v2\/pages\/1780\/revisions\/10108"}],"up":[{"embeddable":true,"href":"https:\/\/semmelweis.hu\/varosmajor\/wp-json\/wp\/v2\/pages\/1088"}],"wp:attachment":[{"href":"https:\/\/semmelweis.hu\/varosmajor\/wp-json\/wp\/v2\/media?parent=1780"}],"wp:term":[{"taxonomy":"category","embeddable":true,"href":"https:\/\/semmelweis.hu\/varosmajor\/wp-json\/wp\/v2\/categories?post=1780"},{"taxonomy":"post_tag","embeddable":true,"href":"https:\/\/semmelweis.hu\/varosmajor\/wp-json\/wp\/v2\/tags?post=1780"}],"curies":[{"name":"wp","href":"https:\/\/api.w.org\/{rel}","templated":true}]}}