{"id":1624,"date":"2020-12-30T13:30:48","date_gmt":"2020-12-30T12:30:48","guid":{"rendered":"https:\/\/semmelweis.hu\/varosmajor\/?page_id=1624"},"modified":"2022-10-17T12:19:37","modified_gmt":"2022-10-17T10:19:37","slug":"contacts","status":"publish","type":"page","link":"https:\/\/semmelweis.hu\/varosmajor\/en\/contacts\/","title":{"rendered":"Contact Us"},"content":{"rendered":"<div class=\"responsive-tabs\">\n<h2 class=\"tabtitle\">Cardiology<\/h2>\n<div class=\"tabcontent\">\n\n<h2>Cardiology<\/h2>\n<p><strong>Address:\u00a0<\/strong> 1122 Budapest, Ga\u00e1l J\u00f3zsef street 9-11.<br \/>\n<strong>Phone:\u00a0<\/strong>\u00a0+36-1-458-6810<br \/>\n<strong>Fax:\u00a0<\/strong>\u00a0+36-1-458-6842<br \/>\n<strong>E-mail:\u00a0<\/strong>\u00a0<a href=\"mailto:info@kardio.sote.hu\">info@kardio.sote.hu<\/a><\/p>\n<p><a class=\"button\" href=\"http:\/\/maps.google.com\/maps?saddr=&amp;daddr=1122+Budapest%2C+Ga%C3%A1l+J%C3%B3zsef+%C3%BAt+9.+Magyarorsz%C3%A1g&amp;hl=hu&amp;ll=47.5065035,19.01272480741\" target=\"_blank\" rel=\"noopener noreferrer\">DIRECTIONS<\/a><\/p>\n<h2>Heart Center &#8211; Diagnostic Radiology<\/h2>\n<p><strong>Address:\u00a0<\/strong> 1122 Budapest, Hat\u00e1r\u0151r street 18.<br \/>\n<strong>Phone:\u00a0<\/strong> +36-1-458-6850<br \/>\n<strong>Fax:\u00a0<\/strong> +36-1-458-6890<br \/>\n<strong>E-mail:\u00a0<\/strong>\u00a0<a href=\"mailto:ambulancia@kardio.sote.hu\">ambulancia@kardio.sote.hu<\/a><br \/>\n<strong>Accessible by:\u00a0<\/strong> Buses 128 and 129 from Sz\u00e9ll K\u00e1lm\u00e1n t\u00e9r, or with car from Ga\u00e1l J\u00f3zsef street<br \/>\n<strong>Post Address:\u00a0<\/strong> 1122 Budapest, V\u00e1rosmajor street 68.<\/p>\n<p><a class=\"button\" href=\"http:\/\/maps.google.com\/maps?saddr=&amp;daddr=1122+Budapest%2C+Hat%C3%A1r%C5%91r+%C3%BAt+18.+Magyarorsz%C3%A1g&amp;hl=hu&amp;ll=47.5069731,19.011539099999936\" target=\"_blank\" rel=\"noopener noreferrer\">DIRECTIONS<\/a><\/p>\n<h2>V\u00e1rosmajor Street Building<\/h2>\n<p><strong>Address:\u00a0<\/strong> 1122 Budapest, XII. V\u00e1rosmajor street 68.<br \/>\n<strong>Phone:\u00a0<\/strong> +36-1-458-6700<br \/>\n<strong>Fax:\u00a0<\/strong> +36-1-458-6746<br \/>\n<strong>E-mail: <\/strong><a href=\"mailto:info@kardio.sote.hu\">info@kardio.sote.hu<\/a><\/p>\n<p><a class=\"button\" href=\"https:\/\/www.google.com\/maps\/dir\/\/V%C3%A1rosmajor+u.+68,+Budapest,+1122\/@47.5072429,19.0097816,16z\/data=!4m8!4m7!1m0!1m5!1m1!1s0x4741dea2c5864345:0xecb725d2b4482839!2m2!1d19.014159!2d47.507243\" target=\"_blank\" rel=\"noopener noreferrer\">DIRECTIONS<\/a><\/p>\n<h2>Sportcardiology<\/h2>\n<p><strong>Address:\u00a0<\/strong> 1122 Budapest, Hat\u00e1r\u0151r street 18.<br \/>\n<strong>Phone:\u00a0<\/strong> +36-1-458-6850<br \/>\n<strong>Fax:\u00a0<\/strong> +36-1-458-6890<br \/>\n<strong>E-mail:\u00a0<\/strong>\u00a0<a href=\"mailto:info@kardio.sote.hu\">info@kardio.sote.hu<\/a><br \/>\n<strong>Accessible by:\u00a0<\/strong> Buses 128 and 129 from Sz\u00e9ll K\u00e1lm\u00e1n t\u00e9r, or with car from Ga\u00e1l J\u00f3zsef street<br \/>\n<strong>Post Address: <\/strong>1122 Budapest, Hat\u00e1r\u0151r street 18.<\/p>\n<p><a class=\"button\" href=\"https:\/\/www.google.com\/maps\/dir\/\/SOTE+V%C3%A1rosmajori+Sz%C3%ADv+%C3%89s+%C3%89rgy%C3%B3gy%C3%A1szati+Klinika+K%C3%A9palkot%C3%B3+R%C3%A9szleg,+Budapest,+sz,+Hat%C3%A1r%C5%91r+%C3%BAt+18,+1122\/@47.5070086,18.9415871,12z\/data=!4m8!4m7!1m0!1m5!1m1!1s0x4741debd48915065:0x5a05838f19ad5ba!2m2!1d19.0116269!2d47.5070299\" target=\"_blank\" rel=\"noopener noreferrer\">DIRECTIONS<\/a><\/p>\n\n<\/div><h2 class=\"tabtitle\">Vascular- and Heart Surgery<\/h2>\n<div class=\"tabcontent\">\n\n<h2>Vascular Surgery<\/h2>\n<p><strong>Address:\u00a0<\/strong> 1122 Budapest, XII. V\u00e1rosmajor street 68.<br \/>\n<strong>Phone: <\/strong>+36-1-458-6700<br \/>\n<strong>Fax:\u00a0<\/strong> +36-1-458-6746<br \/>\n<strong>E-mail:\u00a0<\/strong>\u00a0<a href=\"mailto:info@kardio.sote.hu\">info@kardio.sote.hu<\/a><\/p>\n<p><a class=\"button\" href=\"http:\/\/maps.google.com\/maps?saddr=&amp;daddr=1122+Budapest%2C+XII.+V%C3%A1rosmajor+u.+68.+Magyarorsz%C3%A1g&amp;hl=hu&amp;ll=47.507125,19.013977153442\" target=\"_blank\" rel=\"noopener noreferrer\">DIRECTIONS<\/a><\/p>\n<h2>Heart Surgery<\/h2>\n<p><strong>Address:\u00a0<\/strong> 1122 Budapest, V\u00e1rosmajor street 68.<br \/>\n<strong>Phone: <\/strong>+36-1-458-6700<br \/>\n<strong>Fax:\u00a0<\/strong> +36-1-458-6818<br \/>\n<strong>E-mail:\u00a0<\/strong>\u00a0<a href=\"mailto:info@kardio.sote.hu\">info@kardio.sote.hu<\/a><\/p>\n<p><a class=\"button\" href=\"http:\/\/maps.google.com\/maps?saddr=&amp;daddr=1122+Budapest%2C+V%C3%A1rosmajor+u.+68.+Magyarorsz%C3%A1g&amp;hl=hu&amp;ll=47.507125,19.013977153442\" target=\"_blank\" rel=\"noopener noreferrer\">DIRECTIONS<\/a><\/p>\n\n<\/div><h2 class=\"tabtitle\">Radiology<\/h2>\n<div class=\"tabcontent\">\n\n<h2>Radiology<\/h2>\n<p><strong>Address:\u00a0<\/strong> 1122 Budapest, Hat\u00e1r\u0151r street 18.<br \/>\n<strong>Phone: <\/strong>06-1-458-6878<\/p>\n<p><a class=\"button\" href=\"https:\/\/www.google.com\/maps\/dir\/\/Budapest,+Hat%C3%A1r%C5%91r+%C3%BAt+18,+1122\/@47.5071265,19.0094919,17z\/data=!4m17!1m7!3m6!1s0x4741debd4d475649:0x27db9a6a7d9d9bf7!2zQnVkYXBlc3QsIEhhdMOhcsWRciDDunQgMTgsIDExMjI!3b1!8m2!3d47.5071265!4d19.0116807!4m8!1m0!1m5!1m1!1s0x4741debd4d475649:0x27db9a6a7d9d9bf7!2m2!1d19.0116806!2d47.5071265!3e3\" target=\"_blank\" rel=\"noopener noreferrer\">DIRECTIONS<\/a><\/p>\n\n<\/div><h2 class=\"tabtitle\">Education Office<\/h2>\n<div class=\"tabcontent\">\n\n<h2>Cardiology Education Office<\/h2>\n<p><strong>Address:\u00a0<\/strong> 1122 Budapest, Ga\u00e1l J\u00f3zsef street 9.<br \/>\n<strong>Phone:\u00a0<\/strong> +36-1-4586847<br \/>\n<strong>Fax:\u00a0<\/strong> +36-1-4586818<br \/>\n<strong>E-mail:\u00a0<\/strong>\u00a0<a href=\"mailto:cvc.oktatas@gmail.com\">cvc.oktatas@gmail.com<\/a><br \/>\n<strong>Accessible by:\u00a0<\/strong> Buses 128 and 129 from Sz\u00e9ll K\u00e1lm\u00e1n t\u00e9r<br \/>\n<strong>Post Address:\u00a0<\/strong> 1122 Budapest, V\u00e1rosmajor street 68.<\/p>\n<p><a class=\"button\" href=\"http:\/\/maps.google.com\/maps?saddr=&amp;daddr=1122+Budapest%2C+Ga%C3%A1l+J%C3%B3zsef+utca+9.+Magyarorsz%C3%A1g&amp;hl=hu&amp;ll=47.5065035,19.0124244\" target=\"_blank\" rel=\"noopener noreferrer\">DIRECTIONS<\/a><\/p>\n<h2>Education \/ Sports Medicine<\/h2>\n<p><strong>Address:\u00a0<\/strong> 1122 Budapest, Ga\u00e1l J\u00f3zsef street 9.<br \/>\n<strong>Phone:\u00a0<\/strong> +36-20-666-3191<br \/>\n<strong>E-mail:\u00a0<\/strong>\u00a0<a href=\"mailto:cvc.oktatas2@gmail.com\">cvc.oktatas2@gmail.com<\/a><\/p>\n<p><a class=\"button\" href=\"https:\/\/www.google.com\/maps\/dir\/\/Budapest,+Ga%C3%A1l+J%C3%B3zsef+%C3%BAt+9,+1122\/@47.5065319,19.0106811,17z\/data=!4m17!1m7!3m6!1s0x4741dea2b0edafab:0x7570c1db79308b95!2zQnVkYXBlc3QsIEdhw6FsIErDs3pzZWYgw7p0IDksIDExMjI!3b1!8m2!3d47.5065319!4d19.0128698!4m8!1m0!1m5!1m1!1s0x4741dea2b0edafab:0x7570c1db79308b95!2m2!1d19.0128698!2d47.5065319!3e3\" target=\"_blank\" rel=\"noopener noreferrer\">DIRECTIONS<\/a><\/p>\n<h2>Vascular- and Heart Surgery Education Office<\/h2>\n<p><strong>Address:\u00a0<\/strong> 1122 Budapest, V\u00e1rosmajor street 68.<br \/>\n<strong>Phone:\u00a0<\/strong> +36-1-4586734<br \/>\n<strong>E-mail:\u00a0<\/strong>\u00a0<a href=\"mailto:titkar.ersebtanszek@med.semmelweis-univ.hu\">titkar.ersebtanszek@med.semmelweis-univ.hu<\/a><br \/>\n<strong>Post Address:\u00a0<\/strong> 1122 Budapest, V\u00e1rosmajor street 68.<\/p>\n<p><a class=\"button\" href=\"http:\/\/maps.google.com\/maps?saddr=&amp;daddr=1122+Budapest%2C+V%C3%A1rosmajor+utca+68.+Magyarorsz%C3%A1g&amp;hl=hu&amp;ll=47.507125,19.013548\" target=\"_blank\" rel=\"noopener noreferrer\">DIRECTIONS<\/a><\/p>\n<h2>Interventional Radiology Education Office<\/h2>\n<p><strong>Address: <\/strong>1122 Budapest, Ga\u00e1l J\u00f3zsef street 9-11. <br \/>\n<strong>Phone: <\/strong>+36 1 458 6810<br \/>\n<strong>Post Address: <\/strong>1085 Budapest, \u00dcll\u0151i street 26. ; 1428 Budapest, Pf.2.<\/p>\n<p><a class=\"button\" href=\"http:\/\/maps.google.com\/maps?saddr=&amp;daddr=1122+Budapest%2C+V%C3%A1rosmajor+utca+68.+Magyarorsz%C3%A1g&amp;hl=hu&amp;ll=47.507125,19.013548\" target=\"_blank\" rel=\"noopener noreferrer\">DIRECTIONS<\/a><\/p>\n<h2>Gottsegen Gy\u00f6rgy Orsz\u00e1gos Kardiol\u00f3giai Int\u00e9zet (Gottsegen Gy\u00f6rgy National Cardiology Institute)<\/h2>\n<p><strong>Address: <\/strong>1096 Bp. Haller street 29.<br \/>\n<strong>Phone: <\/strong>+36-1-215-1220<\/p>\n<p><a class=\"button\" href=\"http:\/\/maps.google.com\/maps?saddr=&amp;daddr=1096+Bp.+Haller+u.+29.+Magyarorsz%C3%A1g&amp;hl=hu&amp;ll=47.477801,19.086911\">DIRECTIONS<\/a><\/p>\n<h2>Szent J\u00e1nos K\u00f3rh\u00e1z(Saint John&#8217;s Hospital)<\/h2>\n<p><strong>Address: <\/strong>1125 Budapest, Di\u00f3s \u00e1rok 1-3.<br \/>\n<strong>Webpage: <\/strong>\u00a0<a href=\"http:\/\/www.janoskorhaz.hu\/\">www.janoskorhaz.hu<\/a><\/p>\n<p><a class=\"button\" href=\"http:\/\/maps.google.com\/maps?saddr=&amp;daddr=1125+Budapest%2C+Di%C3%B3s+%C3%A1rok+1-3.+Hungary&amp;hl=en&amp;ll=47.5083305,19.0061487\">DIRECTIONS<\/a><\/p>\n<h2>Szent Imre K\u00f3rh\u00e1z &#8211; Kardiol\u00f3gia (Saint Imre&#8217;s Hospital)<\/h2>\n<p><strong>Address: <\/strong>1115 Budapest, T\u00e9t\u00e9nyi street 12-16.<br \/>\n<strong>Webpage: <\/strong>\u00a0<a href=\"http:\/\/www.sztimrehosp.hu\/\">www.sztimrehosp.hu\/<\/a><\/p>\n<p><a class=\"button\" href=\"http:\/\/maps.google.com\/maps?saddr=&amp;daddr=1115+Budapest%2C+T%C3%A9t%C3%A9nyi+street+12-16.+Hungary&amp;hl=en&amp;ll=47.4685495,19.0341348\">DIRECTIONS<\/a><\/p>\n\n<\/div><h2 class=\"tabtitle\">Research<\/h2>\n<div class=\"tabcontent\">\n\n<h2>3D Center<\/h2>\n<p><strong>Address:\u00a0<\/strong> Budapest, T\u0171zolt\u00f3 street 58, 1094<br \/>\n<strong>Phone:\u00a0<\/strong> +3620 8259045<br \/>\n<strong>E-mail: <\/strong><a href=\"mailto:barabas@orvosi3d.hu\">barabas@orvosi3d.hu<\/a><\/p>\n<h1>Department of Surgical Research and Techniques<\/h1>\n<p><strong>Address<\/strong>: 1089 Budapest, Nagyv\u00e1rad square 4.<br \/>\n<strong>Building\u2019s XI. floor:<\/strong><br \/>\nDirectory, secretariat, clerk and medical rooms<\/p>\n<p><strong>Contact Person:<\/strong>\u00a0Alica Petrovics, secretary<br \/>\n<strong>Telephone:<\/strong>\u00a006-1-459-1500; Extension: 56569<br \/>\n<strong>Fax:<\/strong>\u00a006-1-459-1500\/56574<br \/>\n<strong>E-mail:<\/strong>\u00a0mutettan@gmail.com<\/p>\n<p><strong>\u00a0<\/strong><strong>Building\u2019s XIV. Floor:<\/strong><br \/>\nRoom 1419<br \/>\n<strong>Telephone:<\/strong>\u00a006-1-459-1500; Extension: 56185<\/p>\n<p><strong>NET 1st Seminar Room:<\/strong><br \/>\nLaparoscopy and Microsurgery training room<br \/>\n<strong>Telephone:<\/strong>\u00a006-1-459-1500; Extension: 56593<\/p>\n<p><strong>NET Teaching Operating Room:<\/strong><br \/>\nLocated in the basement. Found going down the stairs on the right of the entrance to the ballroom.<br \/>\n<strong>Telephone number:<\/strong>\u00a006-1-459-1500; Extension: 56378<strong>:<\/strong>\u00a0<br \/>\n<strong>Contact person: <\/strong>Ibolya Schum and Karolina Cs\u00e9pke, assistants<\/p>\n<p><a class=\"button\" href=\"https:\/\/www.google.com\/maps\/dir\/\/47.4792399,19.0915788\/@47.47924,19.091579,16z?hl=hu-HU\" target=\"_blank\" rel=\"noopener noreferrer\">DIRECTIONS<\/a><\/p>\n<\/div><\/div>\n","protected":false},"excerpt":{"rendered":"<p>Cardiology Address:\u00a0 1122 Budapest, Ga\u00e1l J\u00f3zsef street 9-11. Phone:\u00a0\u00a0+36-1-458-6810 Fax:\u00a0\u00a0+36-1-458-6842 E-mail:\u00a0\u00a0 <a href=\"mailto:info@kardio.sote.hu\">info@kardio.sote.hu<\/a> <a class=\"button\" href=\"http:\/\/maps.google.com\/maps?saddr=&amp;daddr=1122+Budapest%2C+Ga%C3%A1l+J%C3%B3zsef+%C3%BAt+9.+Magyarorsz%C3%A1g&amp;hl=hu&amp;ll=47.5065035,19.01272480741\" target=\"_blank\" rel=\"noopener noreferrer\">DIRECTIONS<\/a> Heart Center &#8211; Diagnostic Radiology Address:\u00a0 1122 Budapest, Hat\u00e1r\u0151r street 18. Phone:\u00a0 +36-1-458-6850 Fax:\u00a0 +36-1-458-6890 E-mail:\u00a0\u00a0 <a href=\"mailto:ambulancia@kardio.sote.hu\">ambulancia@kardio.sote.hu<\/a> Accessible by:\u00a0 Buses 128 and 129 from Sz\u00e9ll K\u00e1lm\u00e1n t\u00e9r, or with car from Ga\u00e1l J\u00f3zsef street Post Address:\u00a0 1122 Budapest, V\u00e1rosmajor street 68. <a class=\"button\" href=\"http:\/\/maps.google.com\/maps?saddr=&amp;daddr=1122+Budapest%2C+Hat%C3%A1r%C5%91r+%C3%BAt+18.+Magyarorsz%C3%A1g&amp;hl=hu&amp;ll=47.5069731,19.011539099999936\" target=\"_blank\" rel=\"noopener noreferrer\">DIRECTIONS<\/a> V\u00e1rosmajor Street Building Address:\u00a0 &hellip;<\/p>\n","protected":false},"author":101737,"featured_media":0,"parent":0,"menu_order":8,"comment_status":"closed","ping_status":"closed","template":"","meta":{"_acf_changed":false,"footnotes":""},"categories":[],"tags":[],"class_list":["post-1624","page","type-page","status-publish","hentry"],"acf":[],"_links":{"self":[{"href":"https:\/\/semmelweis.hu\/varosmajor\/wp-json\/wp\/v2\/pages\/1624","targetHints":{"allow":["GET"]}}],"collection":[{"href":"https:\/\/semmelweis.hu\/varosmajor\/wp-json\/wp\/v2\/pages"}],"about":[{"href":"https:\/\/semmelweis.hu\/varosmajor\/wp-json\/wp\/v2\/types\/page"}],"author":[{"embeddable":true,"href":"https:\/\/semmelweis.hu\/varosmajor\/wp-json\/wp\/v2\/users\/101737"}],"replies":[{"embeddable":true,"href":"https:\/\/semmelweis.hu\/varosmajor\/wp-json\/wp\/v2\/comments?post=1624"}],"version-history":[{"count":10,"href":"https:\/\/semmelweis.hu\/varosmajor\/wp-json\/wp\/v2\/pages\/1624\/revisions"}],"predecessor-version":[{"id":3481,"href":"https:\/\/semmelweis.hu\/varosmajor\/wp-json\/wp\/v2\/pages\/1624\/revisions\/3481"}],"wp:attachment":[{"href":"https:\/\/semmelweis.hu\/varosmajor\/wp-json\/wp\/v2\/media?parent=1624"}],"wp:term":[{"taxonomy":"category","embeddable":true,"href":"https:\/\/semmelweis.hu\/varosmajor\/wp-json\/wp\/v2\/categories?post=1624"},{"taxonomy":"post_tag","embeddable":true,"href":"https:\/\/semmelweis.hu\/varosmajor\/wp-json\/wp\/v2\/tags?post=1624"}],"curies":[{"name":"wp","href":"https:\/\/api.w.org\/{rel}","templated":true}]}}