{"id":14634,"date":"2026-02-10T10:48:13","date_gmt":"2026-02-10T09:48:13","guid":{"rendered":"https:\/\/semmelweis.hu\/varosmajor\/?page_id=14634"},"modified":"2026-03-04T10:47:25","modified_gmt":"2026-03-04T09:47:25","slug":"tajekoztato-a-kozponti-tavi-referalasi-rendszer-bevezeteserol","status":"publish","type":"page","link":"https:\/\/semmelweis.hu\/varosmajor\/gyogyitas\/kardiologia\/kateteres-aorta-billentyu-beultetes-tavi\/tajekoztato-a-kozponti-tavi-referalasi-rendszer-bevezeteserol\/","title":{"rendered":"T\u00e1j\u00e9koztat\u00f3 a k\u00f6zponti TAVI-refer\u00e1l\u00e1si rendszer bevezet\u00e9s\u00e9r\u0151l"},"content":{"rendered":"<p><strong>Tisztelt Koll\u00e9g\u00e1k!<\/strong><\/p>\n<p>A <strong>TAVI v\u00e1r\u00f3list\u00e1ra ker\u00fcl\u00e9s folyamat\u00e1nak optimaliz\u00e1l\u00e1sa<\/strong> \u00e9s a betegutak egyszer\u0171s\u00edt\u00e9se \u00e9rdek\u00e9ben a Semmelweis Egyetem VSZ\u00c9K 2026 m\u00e1rcius\u00e1t\u00f3l k\u00f6zponti online betegrefer\u00e1l\u00e1si rendszert vezet be. C\u00e9lunk, hogy a v\u00e1r\u00f3list\u00e1ra ker\u00fcl\u00e9s folyamata mind \u00d6n\u00f6k, mind betegeink sz\u00e1m\u00e1ra \u00e1tl\u00e1that\u00f3bb\u00e1 \u00e9s gyorsabb\u00e1 v\u00e1ljon.<\/p>\n<p><strong>Kit v\u00e1runk a TAVI-ambulanci\u00e1ra?<\/strong><\/p>\n<p>Az \u00faj rendszeren kereszt\u00fcl azon <strong>t\u00fcnetes, s\u00falyos aortastenosis<\/strong> gyan\u00faj\u00e1val kezelt betegek refer\u00e1l\u00e1s\u00e1t k\u00e9rj\u00fck, akik:<\/p>\n<ul>\n<li>75 \u00e9v felettiek, VAGY<\/li>\n<li>emelkedett m\u0171t\u00e9ti rizik\u00f3val rendelkeznek.<\/li>\n<\/ul>\n<p><strong>A refer\u00e1l\u00e1s menete<\/strong><\/p>\n<p>Az id\u0151pontfoglal\u00e1s felt\u00e9tele a weboldalunkon tal\u00e1lhat\u00f3 <strong>online refer\u00e1l\u00f3 \u0171rlap<\/strong> kit\u00f6lt\u00e9se.<\/p>\n<ul>\n<li><strong>Sz\u00fcks\u00e9ges adatok:<\/strong> A beteg \u00e9s a bek\u00fcld\u0151 orvos el\u00e9rhet\u0151s\u00e9gei mellett k\u00e9rj\u00fck a legfrissebb echokardiogr\u00e1fi\u00e1s param\u00e9terek (AVA, Vmax, aortagradiens, EF) megad\u00e1s\u00e1t.<\/li>\n<li><strong>S\u00fcrg\u0151ss\u00e9gi esetek:<\/strong> Dekompenz\u00e1lt sz\u00edvel\u00e9gtelens\u00e9g vagy syncope eset\u00e9n k\u00e9rj\u00fck, az \u0171rlap megjegyz\u00e9s rovat\u00e1ban t\u00fcntess\u00e9k fel a <strong>\u201eS\u00dcRG\u0150S\u201d<\/strong> megjegyz\u00e9st.<\/li>\n<\/ul>\n<p><strong>Visszajelz\u00e9s \u00e9s vizit<\/strong><\/p>\n<p>A bek\u00fcld\u00e9st k\u00f6vet\u0151 <strong>3-5 munkanapon bel\u00fcl<\/strong> \u00fcgyint\u00e9z\u0151 koll\u00e9g\u00e1nk felveszi a kapcsolatot a beteggel, \u00e9s az id\u0151pontr\u00f3l a refer\u00e1l\u00f3 orvost is t\u00e1j\u00e9koztatja e-mailben. A beteg vizsg\u00e1lat\u00e1t \u00e9s TAVI v\u00e1r\u00f3list\u00e1ra helyez\u00e9s\u00e9nek elb\u00edr\u00e1l\u00e1s\u00e1t \u2013 a kor\u00e1bbi rendnek megfelel\u0151en \u2013 a munkacsoportunk egyik szenior tagja v\u00e9gzi a V\u00e1rosmajor u. 70-ben.<\/p>\n<p><strong>Kapcsolattart\u00e1s:<\/strong> <span data-olk-copy-source=\"MessageBody\">tavi.elojegyzes@semmelweis.hu<\/span><\/p>\n<p>K\u00f6sz\u00f6nj\u00fck az egy\u00fcttm\u0171k\u00f6d\u00e9st betegeink gyorsabb ell\u00e1t\u00e1sa \u00e9rdek\u00e9ben!<\/p>\n<p>\u00dcdv\u00f6zlettel:<\/p>\n<p><strong>SE VSZ\u00c9K Struktur\u00e1lis Intervenci\u00f3s Munkacsoport<\/strong><\/p>\n<p>2026. m\u00e1rcius 2.<\/p>\n\n<!-- iframe plugin v.4.9 wordpress.org\/plugins\/iframe\/ -->\n<iframe loading=\"lazy\" src=\"https:\/\/forms.office.com\/e\/wzT8q4CRTE\" width=\"640\" height=\"3814\" frameborder=\"0\" marginheight=\"0\" 0=\"marginwidth=&quot;0&quot;&gt;Bet\u00f6lt\u00e9s\u2026\" scrolling=\"yes\" class=\"iframe-class\"><\/iframe>\n\n","protected":false},"excerpt":{"rendered":"<p>Tisztelt Koll\u00e9g\u00e1k! A TAVI v\u00e1r\u00f3list\u00e1ra ker\u00fcl\u00e9s folyamat\u00e1nak optimaliz\u00e1l\u00e1sa \u00e9s a betegutak egyszer\u0171s\u00edt\u00e9se \u00e9rdek\u00e9ben a Semmelweis Egyetem VSZ\u00c9K 2026 m\u00e1rcius\u00e1t\u00f3l k\u00f6zponti online betegrefer\u00e1l\u00e1si rendszert vezet be. C\u00e9lunk, hogy a v\u00e1r\u00f3list\u00e1ra ker\u00fcl\u00e9s folyamata mind \u00d6n\u00f6k, mind betegeink sz\u00e1m\u00e1ra \u00e1tl\u00e1that\u00f3bb\u00e1 \u00e9s gyorsabb\u00e1 v\u00e1ljon. Kit v\u00e1runk a TAVI-ambulanci\u00e1ra? Az \u00faj rendszeren kereszt\u00fcl azon t\u00fcnetes, s\u00falyos aortastenosis gyan\u00faj\u00e1val kezelt betegek &hellip;<\/p>\n","protected":false},"author":102080,"featured_media":0,"parent":281,"menu_order":1,"comment_status":"closed","ping_status":"closed","template":"","meta":{"_acf_changed":false,"footnotes":""},"categories":[],"tags":[],"class_list":["post-14634","page","type-page","status-publish","hentry"],"acf":[],"_links":{"self":[{"href":"https:\/\/semmelweis.hu\/varosmajor\/wp-json\/wp\/v2\/pages\/14634","targetHints":{"allow":["GET"]}}],"collection":[{"href":"https:\/\/semmelweis.hu\/varosmajor\/wp-json\/wp\/v2\/pages"}],"about":[{"href":"https:\/\/semmelweis.hu\/varosmajor\/wp-json\/wp\/v2\/types\/page"}],"author":[{"embeddable":true,"href":"https:\/\/semmelweis.hu\/varosmajor\/wp-json\/wp\/v2\/users\/102080"}],"replies":[{"embeddable":true,"href":"https:\/\/semmelweis.hu\/varosmajor\/wp-json\/wp\/v2\/comments?post=14634"}],"version-history":[{"count":10,"href":"https:\/\/semmelweis.hu\/varosmajor\/wp-json\/wp\/v2\/pages\/14634\/revisions"}],"predecessor-version":[{"id":15072,"href":"https:\/\/semmelweis.hu\/varosmajor\/wp-json\/wp\/v2\/pages\/14634\/revisions\/15072"}],"up":[{"embeddable":true,"href":"https:\/\/semmelweis.hu\/varosmajor\/wp-json\/wp\/v2\/pages\/281"}],"wp:attachment":[{"href":"https:\/\/semmelweis.hu\/varosmajor\/wp-json\/wp\/v2\/media?parent=14634"}],"wp:term":[{"taxonomy":"category","embeddable":true,"href":"https:\/\/semmelweis.hu\/varosmajor\/wp-json\/wp\/v2\/categories?post=14634"},{"taxonomy":"post_tag","embeddable":true,"href":"https:\/\/semmelweis.hu\/varosmajor\/wp-json\/wp\/v2\/tags?post=14634"}],"curies":[{"name":"wp","href":"https:\/\/api.w.org\/{rel}","templated":true}]}}