{"id":142,"date":"2020-11-13T08:39:19","date_gmt":"2020-11-13T07:39:19","guid":{"rendered":"https:\/\/semmelweis.hu\/varosmajor\/?page_id=142"},"modified":"2024-09-06T10:24:21","modified_gmt":"2024-09-06T08:24:21","slug":"dijak","status":"publish","type":"page","link":"https:\/\/semmelweis.hu\/varosmajor\/klinikankrol\/dijak\/","title":{"rendered":"D\u00edjak"},"content":{"rendered":"<h2>A Cardiovascularis Centrum\u00e9rt D\u00edj<\/h2>\n<p style=\"text-align: justify\">A Cardiovascularis Centrum\u00e9rt D\u00edjat minden \u00e9vben a\u00a0V\u00e1rosmajori Sz\u00edv- \u00e9s \u00c9rgy\u00f3gy\u00e1szati K\u00f6zpont (kor\u00e1bban\u00a0Kardiol\u00f3giai K\u00f6zpont) azon munkat\u00e1rsa kapja, aki a legt\u00f6bbet tette Centrumunk hazai \u00e9s nemzetk\u00f6zi h\u00edrnev\u00e9nek meg\u00f6rz\u00e9s\u00e9\u00e9rt \u00e9s \u00f6regb\u00edt\u00e9s\u00e9\u00e9rt.<\/p>\n<p style=\"text-align: justify\">A kurat\u00f3rium eln\u00f6ke: Prof Dr. Merkely B\u00e9la igazgat\u00f3 egyetemi tan\u00e1r, tagjai a Kardiol\u00f3giai K\u00f6zpont kor\u00e1bban e d\u00edjjal kit\u00fcntetett munkat\u00e1rsai.<\/p>\n<h3>Az eddigi kit\u00fcntetettek<\/h3>\n<p>2023 &#8211; Kov\u00e1cs P\u00e9ter<br \/>\n2022 &#8211; Dr. Osztheimer Istv\u00e1n<br \/>\n2021 &#8211; Dr. N\u00e9meth Endre<br \/>\n2020 &#8211; Dr. Horv\u00e1th Anik\u00f3<br \/>\n2019 &#8211; Dr. Sax Bal\u00e1zs<br \/>\n2018 &#8211; Dr. Moln\u00e1r Levente<br \/>\n2017 &#8211; Dr. Radovits Tam\u00e1s<br \/>\n2016 &#8211; Dr. Entz L\u00e1szl\u00f3<br \/>\n2015 &#8211; Dr. Apor Astrid<br \/>\n2014 &#8211; Dr. Maurovich-Horvat P\u00e1l<br \/>\n2013 &#8211; Dr. Nemes Bal\u00e1zs<br \/>\n2012 &#8211; Dr. Szabolcs Zolt\u00e1n<br \/>\n2012 &#8211; Dr. Szeberin Zolt\u00e1n\u00a0<br \/>\n2011 &#8211; Dr. B\u00e1rczi Gy\u00f6rgy<br \/>\n2010 &#8211; Prof. Dr. H\u00fcttl K\u00e1lm\u00e1n<br \/>\n2009 &#8211; Dr. Zima Endre<br \/>\n2008 &#8211; Dr. Szab\u00f3 Gy\u00f6rgy\u00a0<br \/>\n2008 &#8211; Dr. So\u00f3s P\u00e1l<br \/>\n2007 &#8211; Dr. Becker D\u00e1vid<br \/>\n2006 &#8211; Dr. Gell\u00e9r L\u00e1szl\u00f3<br \/>\n2003 &#8211; Dr. Merkely B\u00e9la\u00a0<br \/>\n2003 &#8211; Dr. Finta J\u00f3zsef\u00a0<br \/>\n2003 &#8211; Dr. Nemes Attila\u00a0<br \/>\n2003 &#8211; Kiss Zsolt<\/p>\n<h2>K\u00fanos Istv\u00e1n d\u00edj<\/h2>\n<p style=\"text-align: justify\">A K\u00fanos Istv\u00e1n D\u00edjat 2001-ben alap\u00edtott\u00e1k olyan fiatal kutat\u00f3k sz\u00e1m\u00e1ra, akik a Semmelweis Egyetem Doktori Iskol\u00e1j\u00e1nak keret\u00e9ben v\u00e9gzett kutat\u00f3munk\u00e1jukkal jelent\u0151s eredm\u00e9nyt \u00e9rtek el a cardiovascularis tudom\u00e1nyok ter\u00e9n. A d\u00edj p\u00e1ly\u00e1zat \u00fatj\u00e1n, \u00e9vente ker\u00fcl kioszt\u00e1sra.<br \/>\nA Semmelweis Egyetem Doktori Iskol\u00e1j\u00e1nak keret\u00e9ben v\u00e9gzett \u00faj \u00e9s jelent\u0151s cardiovascularis t\u00e9m\u00e1j\u00fa kutat\u00f3 munk\u00e1\u00e9rt val\u00f3 elismer\u00e9s<\/p>\n<h3>Az elm\u00falt \u00e9vek kit\u00fcntetettjei<\/h3>\n<p>2023 &#8211; Dr. Ruppert Mih\u00e1ly<br \/>\n2022 &#8211; Dr. Lakatos B\u00e1lint<br \/>\n2021 &#8211; Dr. Tokodi M\u00e1rton<br \/>\n2020 &#8211; Dr. Nardai S\u00e1ndor\u00a0<br \/>\n2019 &#8211; Dr. Kolossv\u00e1ry M\u00e1rton<br \/>\n2018 &#8211; Dr. Syd\u00f3 N\u00f3ra<br \/>\n2017 &#8211; Dr. Benke K\u00e1lm\u00e1n<br \/>\n2016 &#8211; Dr. Ol\u00e1h Attila<br \/>\n2015 &#8211; Dr. Nagy Anik\u00f3 Ilona<br \/>\n2014 &#8211; Dr. Kov\u00e1cs Attila<br \/>\n2013 &#8211; Dr. Ruzsa Zolt\u00e1n<br \/>\n2012 &#8211; Dr. Maurovich-Horvat P\u00e1l<br \/>\n2011 &#8211; Dr. Radovits Tam\u00e1s<br \/>\n2010 &#8211; Dr. Sax Bal\u00e1zs<br \/>\n2009 &#8211; Dr. Szelid Zsolt<br \/>\n2008 &#8211; Dr. Szil\u00e1gyi Szabolcs<br \/>\n2007 &#8211; Dr. R\u00f3ka Attila<br \/>\n2006 &#8211; Dr. D\u00f3sa Edit \u00e9s Dr. Sz\u0171cs Andrea<br \/>\n2005 &#8211; Dr. V\u00e1g\u00f3 Hajnalka<br \/>\n2004 &#8211; Dr. So\u00f3s P\u00e1l<br \/>\n2003 &#8211; Dr. Kiss Orsolya<br \/>\n2002 &#8211; Dr. Gell\u00e9r L\u00e1szl\u00f3<br \/>\n2001 &#8211; Dr. Zima Endre<\/p>\n<h2>FIFA Medical Centre of Excellence<\/h2>\n<p style=\"text-align: justify\"><a href=\"https:\/\/semmelweis.hu\/varosmajor\/files\/2020\/12\/fifa-f-marc-170x186-1.gif\"><img loading=\"lazy\" decoding=\"async\" class=\"alignleft size-full wp-image-1639\" src=\"https:\/\/semmelweis.hu\/varosmajor\/files\/2020\/12\/fifa-f-marc-170x186-1.gif\" alt=\"\" width=\"170\" height=\"186\" \/><\/a>A Semmelweis Egyetem V\u00e1rosmajori Sz\u00edv- \u00e9s \u00c9rgy\u00f3gy\u00e1szati K\u00f6zpontja (kor\u00e1bban Kardiol\u00f3giai K\u00f6zpontja) \u00e9s a Traumatol\u00f3giai Tansz\u00e9ke (egyben az Uzsoki utcai K\u00f3rh\u00e1z Ortop\u00e9diai \u00e9s Traumatol\u00f3giai oszt\u00e1lya) elnyerte a Nemzetk\u00f6zi Labdar\u00fag\u00f3 Sz\u00f6vets\u00e9g \u00e1ltal elismert \u00e9s akkredit\u00e1lt Kiv\u00e1l\u00f3 Gy\u00f3gy\u00e1szati K\u00f6zpontok (Medical Centres of Excellence) kit\u00fcntet\u0151 c\u00edmet. A Semmelweis Egyetem\u00a0V\u00e1rosmajori Sz\u00edv- \u00e9s \u00c9rgy\u00f3gy\u00e1szati K\u00f6zpontj\u00e1ban\u00a0\u00e9ves szinten 250 \u00e9lsportol\u00f3t \u00e9s mintegy 500 sportol\u00f3t vizsg\u00e1lnak.\u00a0K\u00f6zt\u00fck jelent\u0151s sz\u00e1mban vannak labdar\u00fag\u00f3k is, akikn\u00e9l a sz\u00edvritmuszavar, sz\u00edvizombetegs\u00e9g, koszor\u00fa\u00e9rbetegs\u00e9g, billenty\u0171betegs\u00e9g diagnosztiz\u00e1l\u00e1sa, illetve kiz\u00e1r\u00e1sa a c\u00e9l. A kardiol\u00f3giai kivizsg\u00e1l\u00e1s a sz\u00edvultrahang, ritmuszavar-anal\u00edzis mellett sz\u00fcks\u00e9g eset\u00e9n sz\u00edv-CT, sz\u00edv-MR vizsg\u00e1latokkal, valamint koszor\u00fa\u00e9r fest\u00e9ssel is kieg\u00e9sz\u00edthet\u0151. Az orvostudom\u00e1ny fejl\u0151d\u00e9s\u00e9vel egyre t\u00f6bb betegs\u00e9g eset\u00e9ben alkalmazhat\u00f3 kat\u00e9teres sz\u00edvm\u0171t\u00e9t a betegek gy\u00f3gy\u00edt\u00e1s\u00e1ra. A betegs\u00e9gek kiz\u00e1r\u00e1s\u00e1val \u00e9s kell\u0151 id\u0151ben t\u00f6rt\u00e9n\u0151 diagnosztiz\u00e1l\u00e1s\u00e1val a sportkardiol\u00f3gia hozz\u00e1 j\u00e1rul a biztons\u00e1gos versenysport v\u00e9gz\u00e9s\u00e9hez \u00e9s a sportp\u00e1ly\u00e1kon t\u00f6rt\u00e9n\u0151 trag\u00e9di\u00e1k elker\u00fcl\u00e9s\u00e9hez.<\/p>\n","protected":false},"excerpt":{"rendered":"<p>A Cardiovascularis Centrum\u00e9rt D\u00edj A Cardiovascularis Centrum\u00e9rt D\u00edjat minden \u00e9vben a\u00a0V\u00e1rosmajori Sz\u00edv- \u00e9s \u00c9rgy\u00f3gy\u00e1szati K\u00f6zpont (kor\u00e1bban\u00a0Kardiol\u00f3giai K\u00f6zpont) azon munkat\u00e1rsa kapja, aki a legt\u00f6bbet tette Centrumunk hazai \u00e9s nemzetk\u00f6zi h\u00edrnev\u00e9nek meg\u00f6rz\u00e9s\u00e9\u00e9rt \u00e9s \u00f6regb\u00edt\u00e9s\u00e9\u00e9rt. A kurat\u00f3rium eln\u00f6ke: Prof Dr. Merkely B\u00e9la igazgat\u00f3 egyetemi tan\u00e1r, tagjai a Kardiol\u00f3giai K\u00f6zpont kor\u00e1bban e d\u00edjjal kit\u00fcntetett munkat\u00e1rsai. Az eddigi kit\u00fcntetettek 2023 &hellip;<\/p>\n","protected":false},"author":101737,"featured_media":0,"parent":104,"menu_order":7,"comment_status":"closed","ping_status":"closed","template":"","meta":{"_acf_changed":false,"footnotes":""},"categories":[],"tags":[],"class_list":["post-142","page","type-page","status-publish","hentry"],"acf":[],"_links":{"self":[{"href":"https:\/\/semmelweis.hu\/varosmajor\/wp-json\/wp\/v2\/pages\/142","targetHints":{"allow":["GET"]}}],"collection":[{"href":"https:\/\/semmelweis.hu\/varosmajor\/wp-json\/wp\/v2\/pages"}],"about":[{"href":"https:\/\/semmelweis.hu\/varosmajor\/wp-json\/wp\/v2\/types\/page"}],"author":[{"embeddable":true,"href":"https:\/\/semmelweis.hu\/varosmajor\/wp-json\/wp\/v2\/users\/101737"}],"replies":[{"embeddable":true,"href":"https:\/\/semmelweis.hu\/varosmajor\/wp-json\/wp\/v2\/comments?post=142"}],"version-history":[{"count":10,"href":"https:\/\/semmelweis.hu\/varosmajor\/wp-json\/wp\/v2\/pages\/142\/revisions"}],"predecessor-version":[{"id":5720,"href":"https:\/\/semmelweis.hu\/varosmajor\/wp-json\/wp\/v2\/pages\/142\/revisions\/5720"}],"up":[{"embeddable":true,"href":"https:\/\/semmelweis.hu\/varosmajor\/wp-json\/wp\/v2\/pages\/104"}],"wp:attachment":[{"href":"https:\/\/semmelweis.hu\/varosmajor\/wp-json\/wp\/v2\/media?parent=142"}],"wp:term":[{"taxonomy":"category","embeddable":true,"href":"https:\/\/semmelweis.hu\/varosmajor\/wp-json\/wp\/v2\/categories?post=142"},{"taxonomy":"post_tag","embeddable":true,"href":"https:\/\/semmelweis.hu\/varosmajor\/wp-json\/wp\/v2\/tags?post=142"}],"curies":[{"name":"wp","href":"https:\/\/api.w.org\/{rel}","templated":true}]}}