{"id":1405,"date":"2020-12-22T15:08:13","date_gmt":"2020-12-22T14:08:13","guid":{"rendered":"https:\/\/semmelweis.hu\/varosmajor\/?page_id=1405"},"modified":"2022-10-17T11:11:46","modified_gmt":"2022-10-17T09:11:46","slug":"departments","status":"publish","type":"page","link":"https:\/\/semmelweis.hu\/varosmajor\/en\/our-clinic\/departments\/","title":{"rendered":"Profiles\/Departments"},"content":{"rendered":"<h1>Departments<\/h1>\n<p><img loading=\"lazy\" decoding=\"async\" class=\"size-full wp-image-2118 alignleft\" src=\"https:\/\/semmelweis.hu\/varosmajor\/files\/2020\/12\/noverek-8-271x181-1.jpg\" alt=\"\" width=\"271\" height=\"181\" srcset=\"https:\/\/semmelweis.hu\/varosmajor\/files\/2020\/12\/noverek-8-271x181-1.jpg 271w, https:\/\/semmelweis.hu\/varosmajor\/files\/2020\/12\/noverek-8-271x181-1-203x135.jpg 203w\" sizes=\"auto, (max-width: 271px) 100vw, 271px\" \/>The main building of the Heart and Cardiovascular Center has three levels. The outpatient clinics, the emergency room and a larger patient&#8217;s room (where mostly ambulatory patients are located) are on the third floor (because of the location of the building this is the street level from Ga\u00e1l J. street). The cardiology intensive care unit and two other patient&#8217;s room are\u00a0 on the second floor. The education room and personal rooms are on the first floor.<br \/>\nIn the other part of the building at V\u00e1rosmajor street on the first floor there is the Department of Diagnostic Radiology with 3 catheter labs (1-1 coronary, peripheral angiography and electrophysiology), as well as the Cardiology Department with 17 beds, where\u00a0 patients are treated who underwent effective interventions with rapid recovery.\u00a0<\/p>\n<h2>\nCardiovascular Center &#8211; Invasive Cardiology Department<\/h2>\n<ul>\n<li>\u00a0<strong>Head of Department:<\/strong>\u00a0<a href=\"https:\/\/semmelweis.hu\/telefonkonyv\/?emp_id=5013\" target=\"_blank\" rel=\"noopener noreferrer\">D\u00e1vid Becker, MD<\/a><\/li>\n<li><strong>Assistant Head of Department:<\/strong>\u00a0<a href=\"https:\/\/semmelweis.hu\/telefonkonyv\/?emp_id=5022\" target=\"_blank\" rel=\"noopener noreferrer\">Endre Zima, MD, PhD<\/a><\/li>\n<li><strong>Chief Nurse:<\/strong>\u00a0Judit L\u00e1szl\u00f3<\/li>\n<\/ul>\n<p><img loading=\"lazy\" decoding=\"async\" class=\"size-full wp-image-2120 alignleft\" src=\"https:\/\/semmelweis.hu\/varosmajor\/files\/2020\/12\/korhaz067-sp-270x180-1.png\" alt=\"\" width=\"270\" height=\"180\" srcset=\"https:\/\/semmelweis.hu\/varosmajor\/files\/2020\/12\/korhaz067-sp-270x180-1.png 270w, https:\/\/semmelweis.hu\/varosmajor\/files\/2020\/12\/korhaz067-sp-270x180-1-203x135.png 203w\" sizes=\"auto, (max-width: 270px) 100vw, 270px\" \/>The principal department of patient care at the Clinic. The Cardiac Intensive Care Unit is part of the 27 beds of the Invasive Cardiology Department, where patients with acute myocardial infarction or other life-threatening cardiac diseases are treated. Its main role is in the observation and treatment of acutely admitted patients frequently in severe conditions. All of the beds of the Cardiac Intensive Care Unit are equipped with a central and bedside monitor with adequate space and infrastructure for the use of a ventillator or an IABP. For bedbound patients with long-lasting care, antidecubitus mattresses are available at any bed. The department has a single bed room where intensive care and isolation are also possible. On the other 12 beds of the Invasive Cardiology Department mainly patients are observed and treated after an invasive catheterization or electrophysiologic procedure. Blood tests are taken, ECG is done and patients are examined in the outpatient rooms and in the department.<\/p>\n<h2>\nCardiology Department<\/h2>\n<ul>\n<li><strong>Head of Department:<\/strong>\u00a0<a href=\"https:\/\/semmelweis.hu\/telefonkonyv\/?emp_id=10765\" target=\"_blank\" rel=\"noopener noreferrer\">L\u00e1szl\u00f3 Gell\u00e9r, MD, PhD<\/a><\/li>\n<li><strong>Assistant Head of Department:<\/strong>\u00a0<a href=\"https:\/\/semmelweis.hu\/telefonkonyv\/?emp_id=5016\" target=\"_blank\" rel=\"noopener noreferrer\">Astrid Apor, MD<\/a><\/li>\n<li><strong>Chief Nurse:<\/strong>\u00a0<a href=\"https:\/\/semmelweis.hu\/telefonkonyv\/?emp_id=6784\" target=\"_blank\" rel=\"noopener noreferrer\">Katalin Simay<\/a><\/li>\n<\/ul>\n<p><img loading=\"lazy\" decoding=\"async\" class=\"size-full wp-image-2121 alignleft\" src=\"https:\/\/semmelweis.hu\/varosmajor\/files\/2020\/12\/21-152x229-1.jpg\" alt=\"\" width=\"152\" height=\"229\" \/>The Cardiology department is a traditional cardiology department, where patients are treated after interventions which allow for a short hospital stay. Such an intervention can be for example a pacemaker implantation, electrophysiologic study and diagnostic coronarography. Nevertheless, classical medical treatment of patients with heart disease is also among the roles of this department. This department has a very high patient load, therefore we ask for the patience of our patients.<\/p>\n<h2>\u00a0<\/h2>\n<h2>Outpatient Clinic<\/h2>\n<ul>\n<li><strong>Head of the Outpatient Clinic:<\/strong>\u00a0<a href=\"https:\/\/semmelweis.hu\/telefonkonyv\/?emp_id=5017\" target=\"_blank\" rel=\"noopener noreferrer\">Gy\u00f6rgy B\u00e1rczi, MD<\/a><\/li>\n<li><strong>Assistant Head of the Outpatient Clinic:<\/strong>\u00a0<a href=\"https:\/\/semmelweis.hu\/telefonkonyv\/?emp_id=5024\" target=\"_blank\" rel=\"noopener noreferrer\">Ibolya Marozs\u00e1n, MD<\/a><\/li>\n<li><strong>Chief Assistant of the Outpatient Clinic:<\/strong>\u00a0Erzs\u00e9bet Bokrosn\u00e9 Magyar<\/li>\n<\/ul>\n<p>After a pre-arranged appointment we are accepting patients at the outpatient clinic with a referral slip. Besides traditional cardiological examinations (bicycle and treadmill stress test, echocardiography) we also have special clinics for patients who underwent pacemaker implantation and also for patients suffering from heart failure. Stress tests and echocardiographic examinations are both performed in the main building (Ga\u00e1l J\u00f3zsef st.), and in the Department of Diagnostic Radiology. You may have more information regarding the function of the outpatient clinic here.<\/p>\n<h2>\nDepartment of Diagnostic Radiology<\/h2>\n<ul>\n<li><strong>Head of Department:<\/strong>\u00a0<a href=\"https:\/\/semmelweis.hu\/telefonkonyv\/?emp_id=16939\" target=\"_blank\" rel=\"noopener noreferrer\">Csaba Csobay-Nov\u00e1k, MD<\/a><\/li>\n<li><strong>Assistant Head of Department:<\/strong><a href=\"https:\/\/semmelweis.hu\/telefonkonyv\/?emp_id=17756\" target=\"_blank\" rel=\"noopener noreferrer\"> \u00c1d\u00e1m Jermendy, MD<\/a><\/li>\n<li><strong>Chief Assistant:<\/strong> Bernadett K\u00f3sn\u00e9 Teleki<strong><br \/>\n<\/strong><\/li>\n<\/ul>\n<p>The Department of Diagnostic Radiology is found at Hat\u00e1r\u0151r street 18. Examination of patients with cardiovascular diseases is helped by special equipment; modern, state-of-the-art diagnostic procedures are possible.\u00a0 We perform elective (with pre-arranged appointment) and acute examinations with our CT and high capacity MR.<\/p>\n","protected":false},"excerpt":{"rendered":"<p>Departments The main building of the Heart and Cardiovascular Center has three levels. The outpatient clinics, the emergency room and a larger patient&#8217;s room (where mostly ambulatory patients are located) are on the third floor (because of the location of the building this is the street level from Ga\u00e1l J. street). The cardiology intensive care &hellip;<\/p>\n","protected":false},"author":101975,"featured_media":0,"parent":1395,"menu_order":3,"comment_status":"closed","ping_status":"closed","template":"template-fullwidth.php","meta":{"_acf_changed":false,"footnotes":""},"categories":[],"tags":[],"class_list":["post-1405","page","type-page","status-publish","hentry"],"acf":[],"_links":{"self":[{"href":"https:\/\/semmelweis.hu\/varosmajor\/wp-json\/wp\/v2\/pages\/1405","targetHints":{"allow":["GET"]}}],"collection":[{"href":"https:\/\/semmelweis.hu\/varosmajor\/wp-json\/wp\/v2\/pages"}],"about":[{"href":"https:\/\/semmelweis.hu\/varosmajor\/wp-json\/wp\/v2\/types\/page"}],"author":[{"embeddable":true,"href":"https:\/\/semmelweis.hu\/varosmajor\/wp-json\/wp\/v2\/users\/101975"}],"replies":[{"embeddable":true,"href":"https:\/\/semmelweis.hu\/varosmajor\/wp-json\/wp\/v2\/comments?post=1405"}],"version-history":[{"count":9,"href":"https:\/\/semmelweis.hu\/varosmajor\/wp-json\/wp\/v2\/pages\/1405\/revisions"}],"predecessor-version":[{"id":3477,"href":"https:\/\/semmelweis.hu\/varosmajor\/wp-json\/wp\/v2\/pages\/1405\/revisions\/3477"}],"up":[{"embeddable":true,"href":"https:\/\/semmelweis.hu\/varosmajor\/wp-json\/wp\/v2\/pages\/1395"}],"wp:attachment":[{"href":"https:\/\/semmelweis.hu\/varosmajor\/wp-json\/wp\/v2\/media?parent=1405"}],"wp:term":[{"taxonomy":"category","embeddable":true,"href":"https:\/\/semmelweis.hu\/varosmajor\/wp-json\/wp\/v2\/categories?post=1405"},{"taxonomy":"post_tag","embeddable":true,"href":"https:\/\/semmelweis.hu\/varosmajor\/wp-json\/wp\/v2\/tags?post=1405"}],"curies":[{"name":"wp","href":"https:\/\/api.w.org\/{rel}","templated":true}]}}