{"id":132,"date":"2020-11-13T08:37:53","date_gmt":"2020-11-13T07:37:53","guid":{"rendered":"https:\/\/semmelweis.hu\/varosmajor\/?page_id=132"},"modified":"2026-04-15T13:58:43","modified_gmt":"2026-04-15T11:58:43","slug":"profilok-reszlegek","status":"publish","type":"page","link":"https:\/\/semmelweis.hu\/varosmajor\/klinikankrol\/profilok-reszlegek\/","title":{"rendered":"Profilok\/R\u00e9szlegek"},"content":{"rendered":"<div class=\"keretes w-100\">\n<h5>A Klinika h\u00e1rom \u00e9p\u00fcletb\u0151l \u00e1ll\u00f3 t\u00f6mbben helyezkedik el:<\/h5>\n<ul style=\"list-style-type: square\">\n<li>A <strong>V\u00e1rosmajor utcai f\u0151\u00e9p\u00fclet<\/strong>ben tal\u00e1lhat\u00f3k az \u00e9r- \u00e9s a sz\u00edvseb\u00e9szeti fekv\u0151beteg oszt\u00e1lyok, kardiol\u00f3giai oszt\u00e1ly, a r\u00f6ntgenoszt\u00e1ly a kat\u00e9teres \u00e9s elektrofiziol\u00f3giai laborat\u00f3riumokkal, a seb\u00e9szeti ambulancia \u00e9s az igazgat\u00f3s\u00e1g.<\/li>\n<li>A <strong>Ga\u00e1l J\u00f3zsef \u00fati Cardiovascularis Centrum \u00e9p\u00fclet<\/strong>ben az invaz\u00edv kardiol\u00f3giai oszt\u00e1ly, a m\u00e1r fennj\u00e1r\u00f3 betegek elhelyez\u00e9s\u00e9re szolg\u00e1l\u00f3 posztoperat\u00edv megfigyel\u0151 \u00e9s a kardiol\u00f3giai ambulanci\u00e1k tal\u00e1lhat\u00f3k.<\/li>\n<li><strong>Hat\u00e1r\u0151r \u00fat 18. alatti \u00e9p\u00fclet<\/strong>ben m\u0171k\u00f6dnek a K\u00e9palkot\u00f3 Diagnosztikai Profil \u00e9s a Sz\u00edvel\u00e9gtelens\u00e9gi Ambulancia vizsg\u00e1l\u00f3helyis\u00e9gei.<\/li>\n<\/ul>\n<p style=\"text-align: center\"><a href=\"https:\/\/semmelweis.hu\/varosmajor\/files\/2020\/12\/1-foep-3-1000x666-300x200-1.jpg\"><img loading=\"lazy\" decoding=\"async\" class=\"size-full wp-image-601 alignnone\" src=\"https:\/\/semmelweis.hu\/varosmajor\/files\/2020\/12\/1-foep-3-1000x666-300x200-1.jpg\" alt=\"\" width=\"300\" height=\"200\" srcset=\"https:\/\/semmelweis.hu\/varosmajor\/files\/2020\/12\/1-foep-3-1000x666-300x200-1.jpg 300w, https:\/\/semmelweis.hu\/varosmajor\/files\/2020\/12\/1-foep-3-1000x666-300x200-1-203x135.jpg 203w\" sizes=\"auto, (max-width: 300px) 100vw, 300px\" \/><\/a><a href=\"https:\/\/semmelweis.hu\/varosmajor\/files\/2020\/11\/12-1000x666-1.jpg\"><img loading=\"lazy\" decoding=\"async\" class=\"wp-image-161 alignnone\" src=\"https:\/\/semmelweis.hu\/varosmajor\/files\/2020\/11\/12-1000x666-1-400x267.jpg\" alt=\"\" width=\"300\" height=\"200\" srcset=\"https:\/\/semmelweis.hu\/varosmajor\/files\/2020\/11\/12-1000x666-1-400x267.jpg 400w, https:\/\/semmelweis.hu\/varosmajor\/files\/2020\/11\/12-1000x666-1-768x513.jpg 768w, https:\/\/semmelweis.hu\/varosmajor\/files\/2020\/11\/12-1000x666-1-753x503.jpg 753w, https:\/\/semmelweis.hu\/varosmajor\/files\/2020\/11\/12-1000x666-1-203x135.jpg 203w, https:\/\/semmelweis.hu\/varosmajor\/files\/2020\/11\/12-1000x666-1.jpg 998w\" sizes=\"auto, (max-width: 300px) 100vw, 300px\" \/><\/a><a href=\"https:\/\/semmelweis.hu\/varosmajor\/files\/2020\/12\/kdr.png\"><img loading=\"lazy\" decoding=\"async\" class=\"wp-image-998 alignnone\" src=\"https:\/\/semmelweis.hu\/varosmajor\/files\/2020\/12\/kdr-400x265.png\" alt=\"\" width=\"300\" height=\"198\" srcset=\"https:\/\/semmelweis.hu\/varosmajor\/files\/2020\/12\/kdr-400x265.png 400w, https:\/\/semmelweis.hu\/varosmajor\/files\/2020\/12\/kdr-768x508.png 768w, https:\/\/semmelweis.hu\/varosmajor\/files\/2020\/12\/kdr-753x498.png 753w, https:\/\/semmelweis.hu\/varosmajor\/files\/2020\/12\/kdr-203x135.png 203w, https:\/\/semmelweis.hu\/varosmajor\/files\/2020\/12\/kdr.png 904w\" sizes=\"auto, (max-width: 300px) 100vw, 300px\" \/><\/a><\/p>\n<\/div>\n<h1>Profiljaink<\/h1>\n<div class=\"responsive-tabs\">\n<h2 class=\"tabtitle\">Kardiol\u00f3gia<\/h2>\n<div class=\"tabcontent\">\n\n<h2>Kardiol\u00f3giai Profil<\/h2>\n<h4><strong>Invaz\u00edv Kardiol\u00f3giai Oszt\u00e1ly<\/strong><\/h4>\n<p><strong>C\u00edm:<\/strong> Ga\u00e1l J\u00f3zsef \u00fat 9-11.<br \/>\n<strong>Oszt\u00e1lyvezet\u0151:<\/strong> Prof. Dr. Becker D\u00e1vid egyetemi tan\u00e1r<br \/>\n<strong>F\u0151n\u0151v\u00e9r:<\/strong> Liptai Katalin<\/p>\n<p>A Klinika alapvet\u0151 kardiol\u00f3giai betegell\u00e1t\u00f3 oszt\u00e1lya. 35 \u00e1gy\u00e1nak r\u00e9sz\u00e9t k\u00e9pezi a Kardiol\u00f3giai Szakspecifikus Intenz\u00edv Oszt\u00e1ly, ahova a friss infarktussal \u00e9rkez\u0151 betegeket, valamint Klinik\u00e1nk minden s\u00falyos \u00e1llapot\u00fa beteg\u00e9t felvessz\u00fck. F\u0151k\u00e9nt s\u00fcrg\u0151ss\u00e9ggel felvett, gyakran s\u00falyos \u00e1llapot\u00fa betegek kezel\u00e9s\u00e9re \u00e9s megfigyel\u00e9s\u00e9re szolg\u00e1l.<\/p>\n<p>A Kardiol\u00f3giai Szakspecifikus Intenz\u00edv Oszt\u00e1ly minden \u00e1gya (10 \u00e1gy) k\u00f6zponti \u00e9s \u00e1gy melletti monitorral felszerelt, l\u00e9legeztet\u0151g\u00e9p \u00e9s IABP alkalmaz\u00e1s\u00e1ra megfelel\u0151 helyet \u00e9s infrastrukt\u00far\u00e1t biztos\u00edt. A tart\u00f3san fekv\u0151 betegek r\u00e9sz\u00e9re minden \u00e1gy antidecubitus matraccal ell\u00e1tott. Rendelkezik az oszt\u00e1ly egy egy\u00e1gyas intenz\u00edv ell\u00e1t\u00e1sra \u00e9s elk\u00fcl\u00f6n\u00edt\u00e9sre is alkalmas betegszob\u00e1val.<\/p>\n<p>Az Invaz\u00edv Kardiol\u00f3giai Oszt\u00e1ly t\u00f6bbi \u00e1gy\u00e1n els\u0151sorban k\u00fcl\u00f6nf\u00e9le kat\u00e9teres beavatkoz\u00e1sokat k\u00f6vet\u0151 megfigyel\u00e9s \u00e9s gy\u00f3gyszerbe\u00e1ll\u00edt\u00e1s t\u00f6rt\u00e9nik. Emellett ezen az ambul\u00e1ns betegfelv\u00e9teli helys\u00e9gben t\u00f6rt\u00e9nik a v\u00e9rv\u00e9tel, az EKG k\u00e9sz\u00edt\u00e9s, valamint a betegek orvosi kik\u00e9rdez\u00e9se \u00e9s kivizsg\u00e1l\u00e1sa.<\/p>\n<h4><strong>Egynapos Kardiol\u00f3giai Oszt\u00e1ly<\/strong><\/h4>\n<p><strong>C\u00edm:<\/strong>\u00a0V\u00e1rosmajor utca 68.<br \/>\n<strong>Oszt\u00e1lyvezet\u0151:<\/strong> Prof. Dr. Gell\u00e9r L\u00e1szl\u00f3 egyetemi tan\u00e1r<br \/>\n<strong>F\u0151n\u0151v\u00e9r:<\/strong> Simay Katalin<\/p>\n<p>Az Egynapos Kardiol\u00f3giai Oszt\u00e1ly V\u00e1rosmajor utcai \u00e9p\u00fclet\u00fcnk f\u00f6ldszintj\u00e9n helyezkedik el, ahol a r\u00f6vid k\u00f3rh\u00e1zi tart\u00f3zkod\u00e1ssal j\u00e1r\u00f3 beavatkoz\u00e1sokat k\u00f6vet\u0151en kezelj\u00fck a betegeket. Ilyen lehet pl. a sz\u00edvritmus szab\u00e1lyoz\u00f3 (pacemaker) be\u00fcltet\u00e9s, az elektrofiziol\u00f3giai vizsg\u00e1lat, a t\u00e1g\u00edt\u00e1s n\u00e9lk\u00fcli koszor\u00fa\u00e9rfest\u00e9s. Emellett azonban ezen az oszt\u00e1lyon folyik hagyom\u00e1nyos kardiol\u00f3giai fekv\u0151beteg ell\u00e1t\u00e1s is. Ezen az oszt\u00e1lyunkon kiemelked\u0151en nagy a napi betegforgalom.<\/p>\n<h4><strong>Sz\u00edvel\u00e9gtelens\u00e9gi \u00e9s Sz\u00edvtranszplant\u00e1ci\u00f3s Intenz\u00edv R\u00e9szleg<\/strong><\/h4>\n<p><strong>C\u00edm:<\/strong>\u00a0V\u00e1rosmajor utca 68.<br \/>\n<strong>R\u00e9szlegvezet\u0151:<\/strong> Prof. Dr. Merkely B\u00e9la egyetemi tan\u00e1r<br \/>\n<strong>F\u0151n\u0151v\u00e9r:<\/strong> Berki Zolt\u00e1n<\/p>\n<p>A Klinika 8 \u00e1gyas interdiszciplin\u00e1ris szakspecifikus intenz\u00edv oszt\u00e1lya, ahol a kardiol\u00f3gus, a sz\u00edvseb\u00e9sz \u00e9s az intenz\u00edv ter\u00e1pi\u00e1s szakm\u00e1k egy\u00fcttm\u0171k\u00f6d\u00e9s\u00e9vel v\u00e9gezz\u00fck a sz\u00edvtranszplant\u00e1ci\u00f3ra v\u00e1r\u00f3, illetve a sz\u00edvtranszplant\u00e1lt betegeink perioperat\u00edv ell\u00e1t\u00e1s\u00e1t. A r\u00e9szleg kiemelked\u0151 szerep\u00e9nek tudhat\u00f3 be Klinik\u00e1nk sikeres sz\u00edvtranszplant\u00e1ci\u00f3s \u00e9s m\u0171sz\u00edv programja, melynek eredm\u00e9nye az \u00e9vi 35-40 sz\u00edvtranszplant\u00e1ci\u00f3, a 20-25 ideiglenes kering\u00e9st\u00e1mogat\u00f3 eszk\u00f6z\u00f6s kezel\u00e9s (ECMO, LVAD \u00e9s BIVAD), illetve a 8-10 v\u00e9gleges m\u0171sz\u00edv be\u00fcltet\u00e9s.<\/p>\n<h4><strong>Sz\u00edvel\u00e9gtelens\u00e9gi \u00e9s Sportkardiol\u00f3giai Ambulanci\u00e1k<\/strong><\/h4>\n<p><strong>C\u00edm:<\/strong> Hat\u00e1r\u0151r \u00fat 18. \u00e9s Ga\u00e1l J\u00f3zsef \u00fat 9-11.<br \/>\n<strong>Ambulanciavezet\u0151:<\/strong>\u00a0Dr. B\u00e1rczi Gy\u00f6rgy egyetemi tan\u00e1rseg\u00e9d<br \/>\n<strong>Sportambulancia vezet\u0151:<\/strong> Dr. Kiss Orsolya egyetemi docens<br \/>\n<strong>Ambulanciavezet\u0151 asszisztens:<\/strong> Csob\u00e1nn\u00e9 Ol\u00e1h Csilla<\/p>\n<p>J\u00e1r\u00f3beteg ambulanci\u00e1nkon el\u0151zetes id\u0151pont egyeztet\u00e9st k\u00f6vet\u0151en, beutal\u00f3val fogadjuk betegeinket. A hagyom\u00e1nyos kardiol\u00f3giai vizsg\u00e1l\u00f3m\u00f3dszerek (ker\u00e9kp\u00e1r- \u00e9s fut\u00f3szalagos terhel\u00e9s, sz\u00edvultrahang) mellett szakambulanci\u00e1t m\u0171k\u00f6dtet\u00fcnk pacemakerrel \u00e9l\u0151 betegek \u00e9s sz\u00edvel\u00e9gtelens\u00e9gben szenved\u0151 betegek sz\u00e1m\u00e1ra is. A terhel\u00e9ses vizsg\u00e1latok \u00e9s a sz\u00edvultrahang vizsg\u00e1latok egyr\u00e9szt a Cardiovascularis Centrum, m\u00e1sr\u00e9szt a K\u00e9palkot\u00f3 Diagnosztikai R\u00e9szleg \u00e9p\u00fclet\u00e9ben zajlanak.<\/p>\n<p>Sportkardiol\u00f3giai ambulanci\u00e1nkon \u00e9ves szinten t\u00f6bb ezer sportol\u00f3t fogadunk ambul\u00e1ns kivizsg\u00e1l\u00e1sokra (terhel\u00e9ses vizsg\u00e1latok, laborvizsg\u00e1latok, sz\u00edvultrahang).<\/p>\n<h4><strong>Kardiogenetikai ambulancia<\/strong><\/h4>\n<p><strong>C\u00edm:<\/strong>\u00a0Hat\u00e1r\u0151r \u00fat 18.<br \/>\n<strong>Ambulanciavezet\u0151:<\/strong> Dr. Fekete B\u00e1lint Andr\u00e1s<\/p>\n<p>A kardiogenetikai ambulanci\u00e1n a genetikai h\u00e1tt\u00e9rrel rendelkez\u0151 kardiol\u00f3giai betegs\u00e9gek molekul\u00e1ris szint\u0171 diagnosztik\u00e1ja \u00e9s az ezzel kapcsolatos genetikai tan\u00e1csad\u00e1s t\u00f6rt\u00e9nik. A beutal\u00e1s bels\u0151 el\u0151jegyz\u00e9s alapj\u00e1n t\u00f6rt\u00e9nik.<\/p>\n<h4><strong>K\u00f6zponti M\u0171t\u0151<\/strong><\/h4>\n<p><strong>C\u00edm:<\/strong>\u00a0V\u00e1rosmajor utca 68.<br \/>\n<strong>M\u0171t\u0151vezet\u0151:<\/strong> Prof. Dr. S\u00f3tonyi P\u00e9ter egyetemi tan\u00e1r<br \/>\n<strong>F\u0151m\u0171t\u0151sn\u0151:<\/strong> Szluka-Hunyadi Helga<\/p>\n<p>K\u00f6zponti M\u0171t\u0151nk 4 hagyom\u00e1nyos m\u0171t\u0151helys\u00e9gb\u0151l \u00e1ll \u00e9s egy eur\u00f3pai szinten is kiv\u00e1l\u00f3 hibrid m\u0171t\u0151 seg\u00edti a betegell\u00e1t\u00e1st. Legmodernebb felszerelts\u00e9g\u00fcnk lehet\u0151v\u00e9 teszi az \u00e9rseb\u00e9szeti \u00e9s sz\u00edvseb\u00e9szeti betegell\u00e1t\u00e1s sor\u00e1n felmer\u00fcl\u0151 valamennyi m\u0171t\u00e9tt\u00edpus elv\u00e9gz\u00e9s\u00e9t. Orsz\u00e1gosan egyed\u00fcl\u00e1ll\u00f3 cardiovascularis sz\u00f6vetbankot m\u0171k\u00f6dtet\u00fcnk a profilok homograft be\u00fcltet\u00e9seinek t\u00e1mogat\u00e1s\u00e1ra.<\/p>\n<h4><strong>Hibrid M\u0171t\u0151<\/strong><\/h4>\n<p><strong>C\u00edm:\u00a0<\/strong>V\u00e1rosmajor utca 68.<strong><br \/>\n<\/strong><\/p>\n<p>K\u00f6z\u00e9p-Eur\u00f3p\u00e1ban is egyed\u00fcl\u00e1ll\u00f3, kombin\u00e1lt k\u00e9palkot\u00f3 \u00e9s oper\u00e1ci\u00f3s helyis\u00e9g, \u00fagynevezett hibrid m\u0171t\u0151 m\u0171k\u00f6dik a V\u00e1rosmajori Sz\u00edv \u00e9s \u00c9rgy\u00f3gy\u00e1szati Klinik\u00e1n. A hibrid m\u0171t\u0151ben a beteg mozgat\u00e1sa \u00e9s sz\u00e1ll\u00edt\u00e1sa n\u00e9lk\u00fcl, egyazon id\u0151ben, egyazon berendez\u00e9sen b\u00e1rmilyen kardiovaszkul\u00e1ris seb\u00e9szeti \u00e9s\/vagy kat\u00e9teres elj\u00e1r\u00e1s elv\u00e9gezhet\u0151. Ez sz\u00e1zf\u00e9le, eddig k\u00fcl\u00f6n-k\u00fcl\u00f6n v\u00e9gzett m\u0171t\u00e9ti kombin\u00e1ci\u00f3ra ad lehet\u0151s\u00e9get a betegek optim\u00e1lis kezel\u00e9se \u00e9rdek\u00e9ben. Seg\u00edts\u00e9g\u00e9vel a magasabb rizik\u00f3j\u00fa \u2013 sokszor akut panaszokkal jelentkez\u0151 \u2013 betegek sz\u00e1m\u00e1ra is megoldhat\u00f3v\u00e1 v\u00e1lnak a kor\u00e1bban nyitott m\u0171t\u00e9ti technik\u00e1val a v\u00e1rhat\u00f3 sz\u00f6v\u0151dm\u00e9nyek miatt kivitelezhetetlen beavatkoz\u00e1sok. Mindemellett minden olyan kat\u00e9teres m\u0171t\u00e9t a legnagyobb biztons\u00e1ggal elv\u00e9gezhet\u0151, amely sz\u00fcks\u00e9g eset\u00e9n azonnali seb\u00e9szeti h\u00e1tteret ig\u00e9nyel.<\/p>\n<p>Eur\u00f3p\u00e1ban sehol m\u00e1shol nem m\u0171k\u00f6dik olyan hibrid m\u0171t\u0151, mely a koszor\u00fas \u00e9s egy\u00e9b ereken, valamint billenty\u0171k\u00f6n v\u00e9gezhet\u0151 kat\u00e9teres beavatkoz\u00e1sokon t\u00fal az \u00e9letvesz\u00e9lyes sz\u00edvritmuszavarok kat\u00e9teres gy\u00f3gy\u00edt\u00e1s\u00e1ra is alkalmas; ez a t\u00e9ny lehet\u0151v\u00e9 teszi, hogy \u00faj m\u0171t\u00e9ti technik\u00e1kat is kidolgozzanak a klinik\u00e1n. A rendszer k\u00e9pes k\u00fcl\u00f6nb\u00f6z\u0151 diagnosztikai k\u00e9palkot\u00f3 m\u00f3dszerek (ultrahang, CT, MR felv\u00e9telek) egyidej\u0171 felhaszn\u00e1l\u00e1s\u00e1ra \u00e9s megjelen\u00edt\u00e9s\u00e9re a hozz\u00e1 tartoz\u00f3 monitoron. Ez nagy pontoss\u00e1g\u00fa beavatkoz\u00e1st tesz lehet\u0151v\u00e9 a kombin\u00e1lt \u00e9r- \u00e9s sz\u00edvm\u0171t\u00e9tek sor\u00e1n. A rendszernek k\u00f6sz\u00f6nhet\u0151en jelent\u0151sen cs\u00f6kkenthet\u0151 a sug\u00e1r- \u00e9s kontrasztanyag d\u00f3zis is. Mivel a k\u00e9sz\u00fcl\u00e9k mobil, a r\u00f6ntgenberendez\u00e9s haszn\u00e1latakor a legoptim\u00e1lisabb helyre pozicion\u00e1lhat\u00f3 a m\u0171t\u0151asztal k\u00f6r\u00fcl, illetve att\u00f3l sz\u00fcks\u00e9g eset\u00e9n gyorsan \u00e9s hat\u00e9konyan el is t\u00e1vol\u00edthat\u00f3.<\/p>\n\n<\/div><h2 class=\"tabtitle\">Sz\u00edvseb\u00e9szet<\/h2>\n<div class=\"tabcontent\">\n\n<h2>Sz\u00edvseb\u00e9szeti Profil<\/h2>\n<p>Profilunk Sz\u00edvseb\u00e9szeti Oszt\u00e1lya a V\u00e1rosmajor utcai f\u0151\u00e9p\u00fcletben, az els\u0151 emeleten helyezkedik el. Oszt\u00e1lyunk jelenleg 4 szubintenz\u00edv\/posztoperat\u00edv \u0151rz\u0151, valamint 17 sz\u00edvseb\u00e9szeti \u00e1gykapacit\u00e1ssal m\u0171k\u00f6dik. \u00c1tlagosan \u00e9vente 800 sz\u00edvm\u0171t\u00e9tet v\u00e9gz\u00fcnk, melyb\u0151l a sz\u00edv\u00e1t\u00fcltet\u00e9sek sz\u00e1ma az egyre emelked\u0151 tendencia mellett \u00e9vente 50-60 eset. Szakk\u00e9pzett orvosaink mellett a betegell\u00e1t\u00e1s elengedhetetlen k\u00e9pvisel\u0151i a szakk\u00e9pzett \u00e1pol\u00f3ink, valamint a m\u0171t\u00e9t ut\u00e1ni rehabilit\u00e1ci\u00f3ban gy\u00f3gytorn\u00e1szaink \u00e1llnak betegeink seg\u00edts\u00e9g\u00e9re. A sz\u00edvm\u0171t\u00e9t el\u0151k\u00e9sz\u00edt\u00e9s\u00e9ben, \u00e9s a m\u0171t\u00e9t ut\u00e1ni tov\u00e1bbi gy\u00f3gykezel\u00e9s (rehabilit\u00e1ci\u00f3) megszervez\u00e9s\u00e9ben pedig adminisztr\u00e1toraink v\u00e9geznek p\u00f3tolhatatlan munk\u00e1t. \u00a0<\/p>\n<h4><strong>Sz\u00edvseb\u00e9szeti Oszt\u00e1ly<\/strong><\/h4>\n<p><strong>C\u00edm:<\/strong>\u00a0V\u00e1rosmajor utca 68.<br \/>\n<strong>Profilvezet\u0151:<\/strong>\u00a0Dr. Harty\u00e1nszky Istv\u00e1n egyetemi docens<br \/>\n<strong>Oszt\u00e1lyvezet\u0151: <\/strong>Dr Benke K\u00e1lm\u00e1n, egyetemi docens<br \/>\n<strong>F\u0151n\u0151v\u00e9r:<\/strong> Kocsisn\u00e9 Nyakas No\u00e9mi<\/p>\n<p>A 29 \u00e1gyas oszt\u00e1ly f\u0151 tev\u00e9kenys\u00e9ge az \u00e9vi 7-800 extrakorpor\u00e1lis sz\u00edvm\u0171t\u00e9t mellett a sz\u00edvtranszplant\u00e1ci\u00f3 \u00e9s a m\u0171sz\u00edv-be\u00fcltet\u00e9s. Az oszt\u00e1lyon tov\u00e1bbra is kiemelt profilk\u00e9nt szerepel a pulmonalis embolia seb\u00e9szete, a Marfan betegs\u00e9ggel kapcsolatos sz\u00edvseb\u00e9szeti ell\u00e1t\u00e1s, a bal kamra aneurysma seb\u00e9szete, a ver\u0151sz\u00edves sz\u00edvm\u0171t\u00e9tek, a mitralis billenty\u0171 plasztika, a pitvarfibrill\u00e1ci\u00f3 seb\u00e9szi kezel\u00e9se, illetve a sz\u00edv k\u00f6r\u00fcli nagyerek seb\u00e9szete. A Klinika hagyom\u00e1nyainknak megfelel\u0151en az orsz\u00e1gban egyed\u00fcl\u00e1ll\u00f3an nagy sz\u00e1mban v\u00e9gz\u00fcnk kombin\u00e1lt \u00e9r- \u00e9s sz\u00edvm\u0171t\u00e9teket, illetve az aorta\u00edv \u00e9s az aorta descendens ter\u00fclet\u00e9n l\u00e9v\u0151 elv\u00e1ltoz\u00e1sok megold\u00e1s\u00e1t.<\/p>\n<h4><strong>3D K\u00f6zpont<\/strong><\/h4>\n<p><strong>C\u00edm:<\/strong> Budapest, T\u0171zolt\u00f3 u. 58, 1094<br \/>\n<strong>Vezet\u0151:<\/strong> Dr. Barab\u00e1s J. Imre<\/p>\n<p>A Semmelweis Egyetem 3D k\u00f6zpontj\u00e1nak c\u00e9lja a modern sza\u0301mi\u0301ta\u0301stechnika nyu\u0301jtotta leheto\u030bse\u0301gek kutat\u00e1sa orvosi szempontb\u00f3l, illetve az \u00edgy megszerzett tud\u00e1s felhaszn\u00e1l\u00e1sa a betegell\u00e1t\u00e1sban. CT, MRI vagy ultrahang ke\u0301pekbo\u030bl sza\u0301rmazo\u0301 DICOM a\u0301lloma\u0301nyok haszna\u0301lata\u0301val.<\/p>\n\n<\/div><h2 class=\"tabtitle\">\u00c9rseb\u00e9szet<\/h2>\n<div class=\"tabcontent\">\n\n<h2>\u00c9rseb\u00e9szeti Oszt\u00e1lyok<\/h2>\n<p><strong>C\u00edm:<\/strong>\u00a0V\u00e1rosmajor utca 68.<br \/>\n<strong>Profilvezet\u0151:<\/strong>\u00a0 Prof. Dr. Szeberin Zolt\u00e1n egyetemi tan\u00e1r<br \/>\n<strong>I. \u00c9rseb\u00e9szeti Oszt\u00e1ly vezet\u0151: <\/strong>Dr. Banga P\u00e9ter egyetemi adjunktus<br \/>\n<strong>II. \u00c9rseb\u00e9szeti Oszt\u00e1ly vezet\u0151:<\/strong>\u00a0Dr. Szab\u00f3 G\u00e1bor Viktor egyetemi docens<br \/>\n<strong>F\u0151n\u0151v\u00e9r:<\/strong> Nyeste Zsuzsanna<\/p>\n<p>A gy\u00f3gy\u00edt\u00f3 munka 2 oszt\u00e1lyon, \u00f6sszesen 55 \u00e1gyon folyik. \u00c9rseb\u00e9szeti oszt\u00e1lyunk heti 7 napban l\u00e1tja el ter\u00fcleti illet\u00e9kess\u00e9gi elv alapj\u00e1n (II. \u00e9s III. progresszivit\u00e1si szinten) az \u00e9rseb\u00e9szeti betegeket. A thoraco-abdominalis aorta aneurysm\u00e1k ell\u00e1t\u00e1s\u00e1t csaknem kiz\u00e1r\u00f3lag, az aorta disszekci\u00f3k t\u00f6bbs\u00e9g\u00e9t orsz\u00e1gosan klinik\u00e1nk v\u00e9gzi. A sz\u00edvseb\u00e9szeti h\u00e1tt\u00e9r bonyolult \u00edv-mellkasi \u00e9s thoraco-abdominalis aorta m\u0171t\u00e9teket is lehet\u0151v\u00e9 tesz.<\/p>\n<p>Napjainkra a nyitott \u00e9s endovaszkul\u00e1ris rekonstrukt\u00edv \u00e9rm\u0171t\u00e9tek \u00e9ves sz\u00e1ma meghaladja az 1200-at. A klinika \u00e9rseb\u00e9szeti profilja az orsz\u00e1g vezet\u0151 aortacentruma, haz\u00e1nkban itt t\u00f6rt\u00e9nik a legt\u00f6bb aorta m\u0171t\u00e9t. Az aneurysma m\u0171t\u00e9tek harmada, a carotis rekonstrukci\u00f3k t\u00f6bb mint negyede klinik\u00e1nkon t\u00f6rt\u00e9nik.<\/p>\n<h4><strong>\u00c9r- \u00e9s Sz\u00edvseb\u00e9szeti Ambulancia<\/strong><\/h4>\n<p><strong>C\u00edm:<\/strong>\u00a0V\u00e1rosmajor utca 68.<br \/>\n<strong>\u00c9rseb\u00e9szeti ambulanciavezet\u0151:<\/strong> Dr. Nagy Zsuzsa klinikai szakorvos<br \/>\n<strong>Sz\u00edvseb\u00e9szeti ambulanciavezet\u0151:<\/strong>\u00a0Dr. H\u00fcttl Tivadar egyetemi adjunktus<br \/>\n<strong>Ambulanciavezet\u0151 asszisztens:<\/strong> Csob\u00e1nn\u00e9 Ol\u00e1h Csilla<\/p>\n<p>Ambulanci\u00e1inkon a beutalt betegek vizsg\u00e1lata, illetve a Klinik\u00e1nkon kor\u00e1bban beavatkoz\u00e1son \u00e1tesett betegek kontroll\u00e1l\u00e1sa t\u00f6rt\u00e9nik, el\u0151jegyz\u00e9s alapj\u00e1n.<\/p>\n\n<\/div><h2 class=\"tabtitle\">K\u00e9palkot\u00f3 Diagnosztika<\/h2>\n<div class=\"tabcontent\">\n\n<h2>K\u00e9palkot\u00f3 Diagnosztikai Profil<\/h2>\n<p><strong>C\u00edm:<\/strong> Hat\u00e1r\u0151r \u00fat 18. \u00e9s V\u00e1rosmajor u. 70.<br \/>\n<strong>Profilvezet\u0151:<\/strong> Dr. D\u00f3sa Edit egyetemi docens<br \/>\n<strong>Profilvezet\u0151-helyettes:<\/strong> Dr. Jermendy \u00c1d\u00e1m egyetemi adjunktus, Dr. Fontanini Daniele Mariastefano radiol\u00f3gus szakorvos<br \/>\n<strong>Profilvezet\u0151 asszisztens:<\/strong> K\u00f3sn\u00e9 Teleki Bernadett<\/p>\n<p>A K\u00e9palkot\u00f3 Diagnosztikai Profil \u00e9p\u00fclete a Hat\u00e1r\u0151r \u00fat 18. alatti \u00e9p\u00fcletben tal\u00e1lhat\u00f3. A sz\u00edv- \u00e9s \u00e9rrendszeri betegs\u00e9gek vizsg\u00e1lat\u00e1t speci\u00e1lis g\u00e9ppark seg\u00edti, melyekkel elv\u00e9gezhet\u0151k a legkorszer\u0171bb diagnosztikai elj\u00e1r\u00e1sok is. Nagy teljes\u00edtm\u00e9ny\u0171, f\u0151k\u00e9nt cardiovascularis szakter\u00fcletre specifik\u00e1lt CT \u00e9s MRI k\u00e9sz\u00fcl\u00e9k\u00fcnkkel elekt\u00edv (el\u0151jegyz\u00e9s alapj\u00e1n t\u00f6rt\u00e9n\u0151) \u00e9s akut vizsg\u00e1latokat is v\u00e9gz\u00fcnk.\u00a0<\/p>\n<h4><strong>Angiogr\u00e1fi\u00e1s labor\/Intervenci\u00f3s radiol\u00f3giai tansz\u00e9k<\/strong><\/h4>\n<p><strong>C\u00edm:<\/strong>\u00a0V\u00e1rosmajor utca 68.<br \/>\n<strong>Tansz\u00e9kvezet\u0151:<\/strong> Dr. D\u00f3sa Edit egyetemi docens<br \/>\n<strong>Laborvezet\u0151:<\/strong>\u00a0Dr. Nemes Bal\u00e1zs egyetemi docens<br \/>\n<strong>Vezet\u0151 asszisztens:<\/strong> Baloghn\u00e9 Szab\u00f3 Szilvia<\/p>\n<p>Az intervenci\u00f3s kardiol\u00f3giai ell\u00e1t\u00e1s mellett kat\u00e9teres tev\u00e9kenys\u00e9g\u00fcnk jelent\u0151s r\u00e9sz\u00e9t k\u00e9pezi a perif\u00e9ri\u00e1s angiogr\u00e1fiai \u00e9s invaz\u00edv radiol\u00f3giai ell\u00e1t\u00e1sunk. Az \u00e9rseb\u00e9szeti profillal szoros egy\u00fcttm\u0171k\u00f6d\u00e9sben v\u00e9gz\u00fcnk stentgraft be\u00fcltet\u00e9seket, carotis \u00e9s renalis PTA-kat, illetve a v\u00e9gtagok art\u00e9ri\u00e1s \u00e9s v\u00e9n\u00e1s kering\u00e9si rendszer\u00e9nek endovascularis ter\u00e1pi\u00e1j\u00e1t. Mellkasi r\u00f6ntgenfelv\u00e9telek k\u00e9sz\u00edt\u00e9s\u00e9vel \u00e9s vascularis ultrahang vizsg\u00e1latokkal t\u00e1mogatjuk valamennyi profilunk diagnosztikus \u00e9s gy\u00f3gy\u00edt\u00f3 tev\u00e9kenys\u00e9g\u00e9t.<\/p>\n<h4><strong>K\u00f6zponti Laborat\u00f3rium<\/strong><\/h4>\n<p><strong>C\u00edm:<\/strong>\u00a0V\u00e1rosmajor utca 68.<br \/>\n<strong>Laborvezet\u0151:<\/strong> Varg\u00e1n\u00e9 Budai Erika\u00a0<\/p>\n<p>A Klinika K\u00f6zponti Laborat\u00f3riuma a valamennyi gy\u00f3gy\u00edt\u00f3 profil klinikai k\u00e9miai laborat\u00f3riumi vizsg\u00e1lat\u00e1t v\u00e9gzi el, k\u00fcl\u00f6n\u00f6s tekintettel a cardiovascularis szakter\u00fclet \u00e9s a s\u00fcrg\u0151ss\u00e9gi betegell\u00e1t\u00e1s speci\u00e1lis ig\u00e9nyeire.<\/p>\n\n<\/div><h2 class=\"tabtitle\">Aneszteziol\u00f3gia \u00e9s Intenz\u00edv Ter\u00e1pia<\/h2>\n<div class=\"tabcontent\">\n\n<h2>Aneszteziol\u00f3giai \u00e9s Intenz\u00edv Ter\u00e1pi\u00e1s Profil<\/h2>\n<p><strong>C\u00edm:<\/strong>\u00a0<br \/>\n<strong>Profilvezet\u0151:<\/strong> Dr. N\u00e9meth Endre, klinikai szakorvos<\/p>\n<p>Tartalom hamarosan<\/p>\n<\/div><\/div>\n","protected":false},"excerpt":{"rendered":"<p>A Klinika h\u00e1rom \u00e9p\u00fcletb\u0151l \u00e1ll\u00f3 t\u00f6mbben helyezkedik el: A V\u00e1rosmajor utcai f\u0151\u00e9p\u00fcletben tal\u00e1lhat\u00f3k az \u00e9r- \u00e9s a sz\u00edvseb\u00e9szeti fekv\u0151beteg oszt\u00e1lyok, kardiol\u00f3giai oszt\u00e1ly, a r\u00f6ntgenoszt\u00e1ly a kat\u00e9teres \u00e9s elektrofiziol\u00f3giai laborat\u00f3riumokkal, a seb\u00e9szeti ambulancia \u00e9s az igazgat\u00f3s\u00e1g. A Ga\u00e1l J\u00f3zsef \u00fati Cardiovascularis Centrum \u00e9p\u00fcletben az invaz\u00edv kardiol\u00f3giai oszt\u00e1ly, a m\u00e1r fennj\u00e1r\u00f3 betegek elhelyez\u00e9s\u00e9re szolg\u00e1l\u00f3 posztoperat\u00edv megfigyel\u0151 \u00e9s &hellip;<\/p>\n","protected":false},"author":101844,"featured_media":0,"parent":104,"menu_order":2,"comment_status":"closed","ping_status":"closed","template":"template-fullwidth.php","meta":{"_acf_changed":false,"footnotes":""},"categories":[],"tags":[],"class_list":["post-132","page","type-page","status-publish","hentry"],"acf":[],"_links":{"self":[{"href":"https:\/\/semmelweis.hu\/varosmajor\/wp-json\/wp\/v2\/pages\/132","targetHints":{"allow":["GET"]}}],"collection":[{"href":"https:\/\/semmelweis.hu\/varosmajor\/wp-json\/wp\/v2\/pages"}],"about":[{"href":"https:\/\/semmelweis.hu\/varosmajor\/wp-json\/wp\/v2\/types\/page"}],"author":[{"embeddable":true,"href":"https:\/\/semmelweis.hu\/varosmajor\/wp-json\/wp\/v2\/users\/101844"}],"replies":[{"embeddable":true,"href":"https:\/\/semmelweis.hu\/varosmajor\/wp-json\/wp\/v2\/comments?post=132"}],"version-history":[{"count":13,"href":"https:\/\/semmelweis.hu\/varosmajor\/wp-json\/wp\/v2\/pages\/132\/revisions"}],"predecessor-version":[{"id":15805,"href":"https:\/\/semmelweis.hu\/varosmajor\/wp-json\/wp\/v2\/pages\/132\/revisions\/15805"}],"up":[{"embeddable":true,"href":"https:\/\/semmelweis.hu\/varosmajor\/wp-json\/wp\/v2\/pages\/104"}],"wp:attachment":[{"href":"https:\/\/semmelweis.hu\/varosmajor\/wp-json\/wp\/v2\/media?parent=132"}],"wp:term":[{"taxonomy":"category","embeddable":true,"href":"https:\/\/semmelweis.hu\/varosmajor\/wp-json\/wp\/v2\/categories?post=132"},{"taxonomy":"post_tag","embeddable":true,"href":"https:\/\/semmelweis.hu\/varosmajor\/wp-json\/wp\/v2\/tags?post=132"}],"curies":[{"name":"wp","href":"https:\/\/api.w.org\/{rel}","templated":true}]}}