{"id":110,"date":"2020-11-11T12:13:49","date_gmt":"2020-11-11T11:13:49","guid":{"rendered":"https:\/\/semmelweis.hu\/varosmajor\/?page_id=110"},"modified":"2024-09-06T10:36:18","modified_gmt":"2024-09-06T08:36:18","slug":"kardiologia","status":"publish","type":"page","link":"https:\/\/semmelweis.hu\/varosmajor\/gyogyitas\/kardiologia\/","title":{"rendered":"Kardiol\u00f3gia"},"content":{"rendered":"<p style=\"text-align: justify\"><img loading=\"lazy\" decoding=\"async\" class=\"alignright\" src=\"https:\/\/semmelweis.hu\/varosmajor\/files\/2024\/02\/Varosmajor_logo_v_HU-100.jpg\" alt=\"\" width=\"196\" height=\"196\" \/>A V\u00e1rosmajori Sz\u00edv- \u00e9s \u00c9rgy\u00f3gy\u00e1szati Klinika a hazai kardiol\u00f3gia cs\u00facsint\u00e9zm\u00e9nye,\u00a0ahol a\u00a0sz\u00edvbetegs\u00e9gek teljes diagnosztikai \u00e9s ter\u00e1pi\u00e1s arzen\u00e1lja el\u00e9rhet\u0151. Munkat\u00e1rsaink nagy sz\u00e1mban v\u00e9geznek olyan \u00f6sszetett beavatkoz\u00e1sokat, mint a kat\u00e9teres koszor\u00fas\u00e9r-t\u00e1g\u00edt\u00e1s, ritmuszavar abl\u00e1ci\u00f3s kezel\u00e9sek, ritmusszab\u00e1lyz\u00f3 (pacemaker) be\u00fcltet\u00e9s, illetve a kat\u00e9teres billenty\u0171implant\u00e1ci\u00f3k \u00e9s plasztik\u00e1k. Mindehhez Kardiovaszkul\u00e1ris K\u00e9palkot\u00f3 Diagnosztikai Profilunk koll\u00e9g\u00e1i \u00e9s szakspecifikus g\u00e9pparkja (sz\u00e1mos sz\u00edvultrahang labor, szakspecifikus CT, illetve MR k\u00e9sz\u00fcl\u00e9k) ny\u00fajt elengedhetetlen seg\u00edts\u00e9get. Betegforgalmunk jelent\u0151s r\u00e9sz\u00e9t teszi ki az akut ell\u00e1t\u00e1s (sz\u00edvinfarktus, akut ritmuszavarok kezel\u00e9se), mindemellett sz\u00e1mos elekt\u00edv beavatkoz\u00e1st is v\u00e9gz\u00fcnk el\u0151jegyz\u00e9s\u00fcnknek megfelel\u0151en. A ter\u00e1pi\u00e1s beavatkoz\u00e1sokon fel\u00fcl kardiol\u00f3giai ambulanci\u00e1inkon a n\u00e1lunk kezelt p\u00e1ciensek ut\u00f3gondoz\u00e1s\u00e1t v\u00e9gezz\u00fck.<\/p>\n","protected":false},"excerpt":{"rendered":"<p>A V\u00e1rosmajori Sz\u00edv- \u00e9s \u00c9rgy\u00f3gy\u00e1szati Klinika a hazai kardiol\u00f3gia cs\u00facsint\u00e9zm\u00e9nye,\u00a0ahol a\u00a0sz\u00edvbetegs\u00e9gek teljes diagnosztikai \u00e9s ter\u00e1pi\u00e1s arzen\u00e1lja el\u00e9rhet\u0151. Munkat\u00e1rsaink nagy sz\u00e1mban v\u00e9geznek olyan \u00f6sszetett beavatkoz\u00e1sokat, mint a kat\u00e9teres koszor\u00fas\u00e9r-t\u00e1g\u00edt\u00e1s, ritmuszavar abl\u00e1ci\u00f3s kezel\u00e9sek, ritmusszab\u00e1lyz\u00f3 (pacemaker) be\u00fcltet\u00e9s, illetve a kat\u00e9teres billenty\u0171implant\u00e1ci\u00f3k \u00e9s plasztik\u00e1k. Mindehhez Kardiovaszkul\u00e1ris K\u00e9palkot\u00f3 Diagnosztikai Profilunk koll\u00e9g\u00e1i \u00e9s szakspecifikus g\u00e9pparkja (sz\u00e1mos sz\u00edvultrahang labor, szakspecifikus CT, illetve &hellip;<\/p>\n","protected":false},"author":101737,"featured_media":0,"parent":23,"menu_order":1,"comment_status":"closed","ping_status":"closed","template":"","meta":{"_acf_changed":false,"footnotes":""},"categories":[],"tags":[],"class_list":["post-110","page","type-page","status-publish","hentry"],"acf":[],"_links":{"self":[{"href":"https:\/\/semmelweis.hu\/varosmajor\/wp-json\/wp\/v2\/pages\/110","targetHints":{"allow":["GET"]}}],"collection":[{"href":"https:\/\/semmelweis.hu\/varosmajor\/wp-json\/wp\/v2\/pages"}],"about":[{"href":"https:\/\/semmelweis.hu\/varosmajor\/wp-json\/wp\/v2\/types\/page"}],"author":[{"embeddable":true,"href":"https:\/\/semmelweis.hu\/varosmajor\/wp-json\/wp\/v2\/users\/101737"}],"replies":[{"embeddable":true,"href":"https:\/\/semmelweis.hu\/varosmajor\/wp-json\/wp\/v2\/comments?post=110"}],"version-history":[{"count":10,"href":"https:\/\/semmelweis.hu\/varosmajor\/wp-json\/wp\/v2\/pages\/110\/revisions"}],"predecessor-version":[{"id":5725,"href":"https:\/\/semmelweis.hu\/varosmajor\/wp-json\/wp\/v2\/pages\/110\/revisions\/5725"}],"up":[{"embeddable":true,"href":"https:\/\/semmelweis.hu\/varosmajor\/wp-json\/wp\/v2\/pages\/23"}],"wp:attachment":[{"href":"https:\/\/semmelweis.hu\/varosmajor\/wp-json\/wp\/v2\/media?parent=110"}],"wp:term":[{"taxonomy":"category","embeddable":true,"href":"https:\/\/semmelweis.hu\/varosmajor\/wp-json\/wp\/v2\/categories?post=110"},{"taxonomy":"post_tag","embeddable":true,"href":"https:\/\/semmelweis.hu\/varosmajor\/wp-json\/wp\/v2\/tags?post=110"}],"curies":[{"name":"wp","href":"https:\/\/api.w.org\/{rel}","templated":true}]}}