{"id":1090,"date":"2020-12-16T11:10:36","date_gmt":"2020-12-16T10:10:36","guid":{"rendered":"https:\/\/semmelweis.hu\/varosmajor\/?page_id=1090"},"modified":"2022-11-03T11:15:46","modified_gmt":"2022-11-03T10:15:46","slug":"sportcardiology","status":"publish","type":"page","link":"https:\/\/semmelweis.hu\/varosmajor\/en\/education\/sportcardiology\/","title":{"rendered":"Sportcardiology"},"content":{"rendered":"<p>Teaching sports cardiology is integrated into our new subject \u201cSports medicine\u201d which is taught in the 5th year of our medicine programme. During the one week long period we aim to provide up-to-date and practical information concerning athletes\u2019 cardiac health. We present the role of different diagnostic modalities\u2019 role in the field of sports cardiology and highlight the most important diseases and conditions with special regards to sudden cardiac death and its prevention.<\/p>\n<ul>\n<li>Contact<\/li>\n<\/ul>\n<p>Address: 1122 Budapest, Ga\u00e1l J\u00f3zsef \u00fat 9-11, 1122 Budapest, Hat\u00e1r\u0151r \u00fat 18.<\/p>\n<p>E-mail: <a href=\"mailto:cvc.oktatas2@gmail.com\">cvc.oktatas2@gmail.com<\/a><\/p>\n","protected":false},"excerpt":{"rendered":"<p>Teaching sports cardiology is integrated into our new subject \u201cSports medicine\u201d which is taught in the 5th year of our medicine programme. During the one week long period we aim to provide up-to-date and practical information concerning athletes\u2019 cardiac health. We present the role of different diagnostic modalities\u2019 role in the field of sports cardiology &hellip;<\/p>\n","protected":false},"author":101737,"featured_media":0,"parent":1088,"menu_order":4,"comment_status":"closed","ping_status":"closed","template":"","meta":{"_acf_changed":false,"footnotes":""},"categories":[],"tags":[],"class_list":["post-1090","page","type-page","status-publish","hentry"],"acf":[],"_links":{"self":[{"href":"https:\/\/semmelweis.hu\/varosmajor\/wp-json\/wp\/v2\/pages\/1090","targetHints":{"allow":["GET"]}}],"collection":[{"href":"https:\/\/semmelweis.hu\/varosmajor\/wp-json\/wp\/v2\/pages"}],"about":[{"href":"https:\/\/semmelweis.hu\/varosmajor\/wp-json\/wp\/v2\/types\/page"}],"author":[{"embeddable":true,"href":"https:\/\/semmelweis.hu\/varosmajor\/wp-json\/wp\/v2\/users\/101737"}],"replies":[{"embeddable":true,"href":"https:\/\/semmelweis.hu\/varosmajor\/wp-json\/wp\/v2\/comments?post=1090"}],"version-history":[{"count":3,"href":"https:\/\/semmelweis.hu\/varosmajor\/wp-json\/wp\/v2\/pages\/1090\/revisions"}],"predecessor-version":[{"id":3514,"href":"https:\/\/semmelweis.hu\/varosmajor\/wp-json\/wp\/v2\/pages\/1090\/revisions\/3514"}],"up":[{"embeddable":true,"href":"https:\/\/semmelweis.hu\/varosmajor\/wp-json\/wp\/v2\/pages\/1088"}],"wp:attachment":[{"href":"https:\/\/semmelweis.hu\/varosmajor\/wp-json\/wp\/v2\/media?parent=1090"}],"wp:term":[{"taxonomy":"category","embeddable":true,"href":"https:\/\/semmelweis.hu\/varosmajor\/wp-json\/wp\/v2\/categories?post=1090"},{"taxonomy":"post_tag","embeddable":true,"href":"https:\/\/semmelweis.hu\/varosmajor\/wp-json\/wp\/v2\/tags?post=1090"}],"curies":[{"name":"wp","href":"https:\/\/api.w.org\/{rel}","templated":true}]}}