{"id":1024,"date":"2020-12-14T15:54:46","date_gmt":"2020-12-14T14:54:46","guid":{"rendered":"https:\/\/semmelweis.hu\/varosmajor\/?page_id=1024"},"modified":"2025-06-17T14:43:34","modified_gmt":"2025-06-17T12:43:34","slug":"vizsgalatok","status":"publish","type":"page","link":"https:\/\/semmelweis.hu\/varosmajor\/gyogyitas\/sportkardiologia\/vizsgalatok\/","title":{"rendered":"Vizsg\u00e1latok"},"content":{"rendered":"            <div class=\"qae-faqs-container qae-faqs-toggle-container\">\n\t\t\t\t\t\t\t<ul class=\"qe-faqs-filters-container\">\n\t\t\t\t<li class=\"active\"><a class=\"qe-faqs-filter all-faqs\" href=\"#\" data-filter=\"*\">All<\/a><\/li>\n\t\t\t\t<li><a class=\"qe-faqs-filter\" href=\"#sportkardiologiai-vizsgalatok\" data-filter=\".sportkardiologiai-vizsgalatok\">Sportkardiol\u00f3giai vizsg\u00e1latok<\/a><\/li>\t\t\t<\/ul>\n\t\t\t\t\t<div id=\"qaef-10414\" class=\"qe-faq-toggle sportkardiologiai-vizsgalatok\">\n\t\t\t<div class=\"qe-toggle-title\">\n\t\t\t\t<h4>\n\t\t\t\t\t<i class=\"fa fa-minus-circle\"><\/i> Alapvet\u0151 sportkardiol\u00f3giai vizsg\u00e1latok\t\t\t\t<\/h4>\n\t\t\t<\/div>\n\t\t\t<div class=\"qe-toggle-content\">\n\t\t\t\t<p style=\"text-align: justify\">Ennek r\u00e9sze az anamn\u00e9zis (betegt\u00f6rt\u00e9net) &#8211; k\u00fcl\u00f6n\u00f6s tekintettel a csal\u00e1dban el\u0151fordul\u00f3 \u00f6r\u00f6kl\u0151d\u0151 sz\u00edvbetegs\u00e9gek, hirtelen sz\u00edvhal\u00e1l okok felder\u00edt\u00e9s\u00e9re &#8211; felv\u00e9tele, a fizik\u00e1lis vizsg\u00e1lat, 12-elvezet\u00e9ses EKG elk\u00e9sz\u00edt\u00e9se \u00e9s \u00e9rt\u00e9kel\u00e9se, valamint laborvizsg\u00e1lat elv\u00e9gz\u00e9se.<\/p>\n<p style=\"text-align: justify\"><a href=\"https:\/\/semmelweis.hu\/varosmajor\/betegellatas\/sportkardiologia\/letoltheto-dokumentumok\/\">Let\u00f6lthet\u0151 dokumentumok<\/a><\/p>\n\t\t\t<\/div>\n\t\t<\/div>\n\t\t\t\t<div id=\"qaef-10413\" class=\"qe-faq-toggle sportkardiologiai-vizsgalatok\">\n\t\t\t<div class=\"qe-toggle-title\">\n\t\t\t\t<h4>\n\t\t\t\t\t<i class=\"fa fa-minus-circle\"><\/i> Terhel\u00e9ses vizsg\u00e1latok\t\t\t\t<\/h4>\n\t\t\t<\/div>\n\t\t\t<div class=\"qe-toggle-content\">\n\t\t\t\t<p style=\"text-align: justify\"><a href=\"https:\/\/semmelweis.hu\/varosmajor\/files\/2020\/12\/Terheleses_Labor_VSZEK-scaled.jpg\"><img decoding=\"async\" loading=\"lazy\" class=\"alignleft wp-image-1072\" src=\"https:\/\/semmelweis.hu\/varosmajor\/files\/2020\/12\/Terheleses_Labor_VSZEK-400x300.jpg\" alt=\"\" width=\"300\" height=\"225\" srcset=\"https:\/\/semmelweis.hu\/varosmajor\/files\/2020\/12\/Terheleses_Labor_VSZEK-400x300.jpg 400w, https:\/\/semmelweis.hu\/varosmajor\/files\/2020\/12\/Terheleses_Labor_VSZEK-1024x768.jpg 1024w, https:\/\/semmelweis.hu\/varosmajor\/files\/2020\/12\/Terheleses_Labor_VSZEK-768x576.jpg 768w, https:\/\/semmelweis.hu\/varosmajor\/files\/2020\/12\/Terheleses_Labor_VSZEK-1536x1152.jpg 1536w, https:\/\/semmelweis.hu\/varosmajor\/files\/2020\/12\/Terheleses_Labor_VSZEK-2048x1536.jpg 2048w, https:\/\/semmelweis.hu\/varosmajor\/files\/2020\/12\/Terheleses_Labor_VSZEK-753x565.jpg 753w\" sizes=\"auto, (max-width: 300px) 100vw, 300px\" \/><\/a>Sportkardiol\u00f3giai ambulanci\u00e1nkon rendszeresen, nagy sz\u00e1mban v\u00e9gz\u00fcnk terhel\u00e9ses\/ terhel\u00e9s\u00e9lettani vizsg\u00e1latokat fut\u00f3padon, illetve kisebb mennyis\u00e9gben ker\u00e9kp\u00e1r ergom\u00e9teren. A terhel\u00e9ses vizsg\u00e1latokkal alkalmunk ny\u00edlik sportol\u00f3ink terhelhet\u0151s\u00e9g\u00e9nek, edzetts\u00e9g\u00e9nek felm\u00e9r\u00e9s\u00e9re \u00e9s k\u00f6vet\u00e9s\u00e9re, illetve javaslatokat tudunk tenni az edz\u00e9sprogram optimaliz\u00e1l\u00e1s\u00e1ra vonatkoz\u00f3an. Emellett lehet\u0151s\u00e9g van olyan panaszok, illetve betegs\u00e9gek vizsg\u00e1lat\u00e1ra, melyek terhel\u00e9s alatt jelentkeznek vagy ak\u00f6zben azonos\u00edthat\u00f3k jelei.<\/p>\n<p style=\"text-align: justify\">Komplex vizsg\u00e1lati m\u00f3dszer: seg\u00edts\u00e9g\u00e9vel r\u00e9szletes inform\u00e1ci\u00f3khoz jutunk a kering\u00e9si rendszerr\u0151l, a l\u00e9gz\u00e9s funkci\u00f3r\u00f3l, valamint lakt\u00e1t m\u00e9r\u00e9s \u00e1ltal a sportol\u00f3 metabolikus st\u00e1tusz\u00e1t is felm\u00e9rhetj\u00fck.<\/p>\n\t\t\t<\/div>\n\t\t<\/div>\n\t\t\t\t<div id=\"qaef-10412\" class=\"qe-faq-toggle sportkardiologiai-vizsgalatok\">\n\t\t\t<div class=\"qe-toggle-title\">\n\t\t\t\t<h4>\n\t\t\t\t\t<i class=\"fa fa-minus-circle\"><\/i> Laborvizsg\u00e1latok\t\t\t\t<\/h4>\n\t\t\t<\/div>\n\t\t\t<div class=\"qe-toggle-content\">\n\t\t\t\t<p style=\"text-align: justify\">K\u00fcl\u00f6nb\u00f6z\u0151 belgy\u00f3gy\u00e1szati panaszok, esetlegesen pozit\u00edv csal\u00e1di k\u00f3rt\u00f6rt\u00e9net eset\u00e9n a v\u00e9rv\u00e9tel \u00e9s a mint\u00e1k laborvizsg\u00e1lata kiemelten fontos szereppel b\u00edr a sportkardiol\u00f3gi\u00e1ban is. Harminc\u00f6t \u00e9v feletti (master) sportol\u00f3kn\u00e1l \u00e9vente k\u00f6telez\u0151 egy \u00fan. \u201cnagylabor\u201d, mely tartalmaz v\u00e9rk\u00e9p, v\u00e9rzs\u00edr, m\u00e1jfunkci\u00f3 \u00e9s vesefuncki\u00f3s vizsg\u00e1latot, azonban fiatalabb sportol\u00f3kn\u00e1l is igen gyakran v\u00e9gz\u00fcnk kiterjesztett laborvizsg\u00e1latot. Korcsoportt\u00f3l f\u00fcggetlen\u00fcl k\u00f6vetkeztethet\u00fcnk egyes, teljes\u00edtm\u00e9nyt negat\u00edvan befoly\u00e1sol\u00f3 t\u00e9nyez\u0151kre (pl. vashi\u00e1ny, D-vitamin hi\u00e1ny), melyek a diagnosztiz\u00e1l\u00e1sa eset\u00e9n a megfelel\u0151 t\u00e1pl\u00e1lkoz\u00e1si m\u00f3dos\u00edt\u00e1sokkal, t\u00e1pl\u00e1l\u00e9kkieg\u00e9sz\u00edt\u0151kkel rendezni tudjuk a hi\u00e1ny\u00e1llapotot, \u00edgy jav\u00edtva sportol\u00f3ink teljes\u00edtm\u00e9ny\u00e9t. Fontos megjegyezni, hogy sportol\u00f3kn\u00e1l nem rendelkez\u00fcnk egys\u00e9gesen elfogadott laborat\u00f3riumi norm\u00e1l\u00e9rt\u00e9kekkel, \u00edgy a kapott eredm\u00e9nyek \u00e9rt\u00e9kel\u00e9se mindig egy\u00e9nre szabottan kell, hogy t\u00f6rt\u00e9njen sportorvos\/belgy\u00f3gy\u00e1sz\/kardiol\u00f3gus bevon\u00e1s\u00e1val.<\/p>\n\t\t\t<\/div>\n\t\t<\/div>\n\t\t\t\t<div id=\"qaef-10411\" class=\"qe-faq-toggle sportkardiologiai-vizsgalatok\">\n\t\t\t<div class=\"qe-toggle-title\">\n\t\t\t\t<h4>\n\t\t\t\t\t<i class=\"fa fa-minus-circle\"><\/i> Sz\u00edvultrahang\t\t\t\t<\/h4>\n\t\t\t<\/div>\n\t\t\t<div class=\"qe-toggle-content\">\n\t\t\t\t<p style=\"text-align: justify\"><a href=\"https:\/\/semmelweis.hu\/varosmajor\/files\/2020\/12\/Szivultrahang_VSZEK-scaled.jpg\"><img decoding=\"async\" loading=\"lazy\" class=\"alignleft size-medium wp-image-1134\" src=\"https:\/\/semmelweis.hu\/varosmajor\/files\/2020\/12\/Szivultrahang_VSZEK-400x300.jpg\" alt=\"\" width=\"400\" height=\"300\" srcset=\"https:\/\/semmelweis.hu\/varosmajor\/files\/2020\/12\/Szivultrahang_VSZEK-400x300.jpg 400w, https:\/\/semmelweis.hu\/varosmajor\/files\/2020\/12\/Szivultrahang_VSZEK-1024x768.jpg 1024w, https:\/\/semmelweis.hu\/varosmajor\/files\/2020\/12\/Szivultrahang_VSZEK-768x576.jpg 768w, https:\/\/semmelweis.hu\/varosmajor\/files\/2020\/12\/Szivultrahang_VSZEK-1536x1152.jpg 1536w, https:\/\/semmelweis.hu\/varosmajor\/files\/2020\/12\/Szivultrahang_VSZEK-2048x1536.jpg 2048w, https:\/\/semmelweis.hu\/varosmajor\/files\/2020\/12\/Szivultrahang_VSZEK-753x565.jpg 753w\" sizes=\"auto, (max-width: 400px) 100vw, 400px\" \/><\/a>A sz\u00edvultrahang-vizsg\u00e1lat viszonylag sz\u00e9les k\u00f6r\u0171 el\u00e9rhet\u0151s\u00e9ge, non-invazivit\u00e1sa (testi integrit\u00e1sba nem behatol\u00f3) \u00e9s gazdag inform\u00e1ci\u00f3tartalma miatt alapvet\u0151 k\u00e9palkot\u00f3 elj\u00e1r\u00e1snak min\u0151s\u00fcl a kardiol\u00f3gi\u00e1ban, \u00edgy a sportkardiol\u00f3giai ell\u00e1t\u00e1sban is.<\/p>\n<p style=\"text-align: justify\">Az elj\u00e1r\u00e1s alapj\u00e1n a transzducerben (ultrahangfejben) tal\u00e1lhat\u00f3 piezoelektromos krist\u00e1lyok adj\u00e1k: ezek seg\u00edts\u00e9g\u00e9vel ultrahang kibocs\u00e1t\u00e1sra ker\u00fcl sor, mely jelen esetben a sz\u00edvr\u0151l visszaver\u0151dve \u00e9s elektromos jell\u00e9 \u00e1talak\u00edtva 2 vagy ak\u00e1r 3D-s k\u00e9palkot\u00e1sra is lehet\u0151s\u00e9get biztos\u00edt.<\/p>\n<p style=\"text-align: justify\">Az rendszeres fizikai terhel\u00e9shez eg\u00e9szs\u00e9gesen alkalmazkodott sz\u00edvet jellemzi az \u00e1tlag popul\u00e1ci\u00f3hoz k\u00e9pest nagyobb bal- \u00e9s jobb kamrai izomt\u00f6meg, valamint a sz\u00edv valamennyi \u00fcreg\u00e9nek bizonyos fok\u00fa t\u00e1gulata.<\/p>\n<p style=\"text-align: justify\">Sz\u00edvultrahanggal lehet\u0151s\u00e9g\u00fcnk van egyes velesz\u00fcletett sz\u00edvfejl\u0151d\u00e9si rendelleness\u00e9gek azonos\u00edt\u00e1s\u00e1ra, melyek tov\u00e1bbi vizsg\u00e1latokat tehetnek indokoltt\u00e1 (pl. Sz\u00edv MR). Billenty\u0171betegs\u00e9g jelenl\u00e9t\u00e9t \u00e9s s\u00falyoss\u00e1g\u00e1t is meghat\u00e1rozni k\u00e9pes vizsg\u00e1l\u00f3 m\u00f3dszer.<\/p>\n\t\t\t<\/div>\n\t\t<\/div>\n\t\t\t\t<div id=\"qaef-10410\" class=\"qe-faq-toggle sportkardiologiai-vizsgalatok\">\n\t\t\t<div class=\"qe-toggle-title\">\n\t\t\t\t<h4>\n\t\t\t\t\t<i class=\"fa fa-minus-circle\"><\/i> Sz\u00edv CT, invaz\u00edv coronarographia\t\t\t\t<\/h4>\n\t\t\t<\/div>\n\t\t\t<div class=\"qe-toggle-content\">\n\t\t\t\t<p style=\"text-align: justify\"><a href=\"https:\/\/semmelweis.hu\/varosmajor\/files\/2020\/12\/CT_VSZEK-scaled.jpg\"><img decoding=\"async\" loading=\"lazy\" class=\"alignleft size-medium wp-image-1135\" src=\"https:\/\/semmelweis.hu\/varosmajor\/files\/2020\/12\/CT_VSZEK-400x300.jpg\" alt=\"\" width=\"400\" height=\"300\" srcset=\"https:\/\/semmelweis.hu\/varosmajor\/files\/2020\/12\/CT_VSZEK-400x300.jpg 400w, https:\/\/semmelweis.hu\/varosmajor\/files\/2020\/12\/CT_VSZEK-1024x768.jpg 1024w, https:\/\/semmelweis.hu\/varosmajor\/files\/2020\/12\/CT_VSZEK-768x576.jpg 768w, https:\/\/semmelweis.hu\/varosmajor\/files\/2020\/12\/CT_VSZEK-1536x1152.jpg 1536w, https:\/\/semmelweis.hu\/varosmajor\/files\/2020\/12\/CT_VSZEK-2048x1536.jpg 2048w, https:\/\/semmelweis.hu\/varosmajor\/files\/2020\/12\/CT_VSZEK-753x565.jpg 753w\" sizes=\"auto, (max-width: 400px) 100vw, 400px\" \/><\/a>A sz\u00edv koszor\u00faereinek megbeteged\u00e9se a sportol\u00f3k k\u00f6r\u00e9ben k\u00fcl\u00f6n\u00f6sen a 35 \u00e9v feletti koroszt\u00e1lyt \u00e9rinti. Az ebben a koroszt\u00e1lyban el\u0151fordul\u00f3 hirtelen sz\u00edvhal\u00e1l esetek 80%-\u00e1nak h\u00e1tter\u00e9ben valamilyen sz\u00edvizmot \u00e9rint\u0151 oxig\u00e9nhi\u00e1nyos (ischaemi\u00e1s) \u00e1llapot \u00e1ltal el\u0151id\u00e9zett rosszindulat\u00fa sz\u00edvritmuszavar \u00e1ll.<\/p>\n<p style=\"text-align: justify\">Terhel\u00e9sben, vagy nyugalomban el\u0151fordul\u00f3 mellkasi f\u00e1jdalom (angina pectoris) eset\u00e9n sz\u00fcks\u00e9g lehet a koszor\u00faserek invaz\u00edv vagy non-invaz\u00edv vizsg\u00e1lat\u00e1ra az esetlegesen fenn\u00e1ll\u00f3 koszor\u00fa\u00e9r betegs\u00e9g diagnosztiz\u00e1l\u00e1s\u00e1hoz \u00e9s adott esetben annak m\u0171t\u00e9ti megold\u00e1s\u00e1hoz.<\/p>\n<p style=\"text-align: justify\">\u00c1ltal\u00e1noss\u00e1gban elmondhat\u00f3, hogy a mellkasi panaszokkal b\u00edr\u00f3, kis- \u00e9s k\u00f6zepes rizik\u00f3j\u00fa, stabil \u00e1llapot\u00fa betegek kivizsg\u00e1l\u00e1s\u00e1nak els\u0151 sz\u00e1m\u00fa v\u00e1lasztand\u00f3 kivizsg\u00e1l\u00e1si modalit\u00e1sa a sz\u00edv CT angiographi\u00e1s vizsg\u00e1lat.<\/p>\n<p style=\"text-align: justify\">Fiatal, ak\u00e1r 18 \u00e9v alatti sportol\u00f3kn\u00e1l sajn\u00e1latos m\u00f3don el\u0151fordulhat a koszor\u00faserek fejl\u0151d\u00e9si rendelleness\u00e9g\u00e9b\u0151l ad\u00f3d\u00f3, nagy terhel\u00e9sre jelentkez\u0151 hirtelen sz\u00edvhal\u00e1l eset.<\/p>\n<p style=\"text-align: justify\">Fontos kiemelni, hogy sz\u00edv CT, illetve invaz\u00edv coronarographi\u00e1s vizsg\u00e1latot csak alapos indokkal lehet elv\u00e9gezni, tekintettel azok ioniz\u00e1l\u00f3 sug\u00e1rz\u00e1st haszn\u00e1l\u00f3 volta \u00e9s kontrasztanyag haszn\u00e1lata miatt.<\/p>\n<p style=\"text-align: justify\">Pozit\u00edv vizsg\u00e1lati eredm\u00e9ny eset\u00e9n sz\u00fcks\u00e9g lehet tov\u00e1bbi funkcion\u00e1lis vizsg\u00e1latok (stressz echocardiographia, myocardialis perf\u00fazi\u00f3s vizsg\u00e1lat sz\u00edv MR seg\u00edts\u00e9g\u00e9vel) elv\u00e9gz\u00e9s\u00e9re.<\/p>\n<p style=\"text-align: justify\"><a href=\"https:\/\/semmelweis.hu\/varosmajor\/files\/2020\/12\/sziv.png\"><img decoding=\"async\" loading=\"lazy\" class=\"size-medium wp-image-1026 alignleft\" src=\"https:\/\/semmelweis.hu\/varosmajor\/files\/2020\/12\/sziv-400x225.png\" alt=\"\" width=\"400\" height=\"225\" srcset=\"https:\/\/semmelweis.hu\/varosmajor\/files\/2020\/12\/sziv-400x225.png 400w, https:\/\/semmelweis.hu\/varosmajor\/files\/2020\/12\/sziv-1024x576.png 1024w, https:\/\/semmelweis.hu\/varosmajor\/files\/2020\/12\/sziv-768x432.png 768w, https:\/\/semmelweis.hu\/varosmajor\/files\/2020\/12\/sziv-753x424.png 753w, https:\/\/semmelweis.hu\/varosmajor\/files\/2020\/12\/sziv.png 1280w\" sizes=\"auto, (max-width: 400px) 100vw, 400px\" \/><\/a>K\u00e9p X. 55 \u00e9ves amat\u0151r sportol\u00f3 CT angiogr\u00e1fi\u00e1s vizsg\u00e1lata. Az \u00e1bra bal oldal\u00e1n a jobb coronaira (RCA) multiplan\u00e1ris rekonstrukci\u00f3ja l\u00e1that\u00f3, az RCA k\u00f6z\u00e9ps\u0151 szakasz\u00e1n egy nem kalcifik\u00e1lt plakk okoz hat\u00e1r\u00e9rt\u00e9k sz\u0171k\u00fcletet, egyebekben fali egyenetlens\u00e9g volt detekt\u00e1lhat\u00f3. Az \u00e1bra jobb oldal\u00e1n 3 dimenzi\u00f3s, volumetrikus rekonstrukci\u00f3 l\u00e1that\u00f3 a sz\u00edvr\u0151l \u00e9s a korosz\u00farserekr\u0151l. A CT angiogr\u00e1fia non-invaz\u00edv m\u00f3don, nagy pontoss\u00e1ggal k\u00e9pes karakteriz\u00e1lni az erek fal\u00e1nak atherosclerotikus elv\u00e1ltoz\u00e1sait, valamint pontosan meghat\u00e1rozhat\u00f3 az erek ered\u00e9si \u00e9s lefut\u00e1si elt\u00e9r\u00e9sei.<\/p>\n\t\t\t<\/div>\n\t\t<\/div>\n\t\t\t\t<div id=\"qaef-10409\" class=\"qe-faq-toggle sportkardiologiai-vizsgalatok\">\n\t\t\t<div class=\"qe-toggle-title\">\n\t\t\t\t<h4>\n\t\t\t\t\t<i class=\"fa fa-minus-circle\"><\/i> Sz\u00edv MR\t\t\t\t<\/h4>\n\t\t\t<\/div>\n\t\t\t<div class=\"qe-toggle-content\">\n\t\t\t\t<p style=\"text-align: justify\"><a href=\"https:\/\/semmelweis.hu\/varosmajor\/files\/2020\/12\/MR_VSZEK-scaled.jpg\"><img decoding=\"async\" loading=\"lazy\" class=\"alignleft size-medium wp-image-1073\" src=\"https:\/\/semmelweis.hu\/varosmajor\/files\/2020\/12\/MR_VSZEK-400x300.jpg\" alt=\"\" width=\"400\" height=\"300\" srcset=\"https:\/\/semmelweis.hu\/varosmajor\/files\/2020\/12\/MR_VSZEK-400x300.jpg 400w, https:\/\/semmelweis.hu\/varosmajor\/files\/2020\/12\/MR_VSZEK-1024x768.jpg 1024w, https:\/\/semmelweis.hu\/varosmajor\/files\/2020\/12\/MR_VSZEK-768x576.jpg 768w, https:\/\/semmelweis.hu\/varosmajor\/files\/2020\/12\/MR_VSZEK-1536x1152.jpg 1536w, https:\/\/semmelweis.hu\/varosmajor\/files\/2020\/12\/MR_VSZEK-2048x1536.jpg 2048w, https:\/\/semmelweis.hu\/varosmajor\/files\/2020\/12\/MR_VSZEK-753x565.jpg 753w\" sizes=\"auto, (max-width: 400px) 100vw, 400px\" \/><\/a>A sz\u00edv m\u00e1gneses rezonanci\u00e1s (CMR) vizsg\u00e1lata napjaik egyik legmodernebb non-invaz\u00edv kardiol\u00f3giai k\u00e9palkot\u00f3 elj\u00e1r\u00e1sa. Seg\u00edts\u00e9g\u00e9vel morfol\u00f3giai, funkcion\u00e1lis \u00e9s sz\u00f6veti inform\u00e1ci\u00f3t is nyerhet\u00fcnk a sz\u00edvr\u0151l, ioniz\u00e1l\u00f3 sug\u00e1rz\u00e1s felhaszn\u00e1l\u00e1sa n\u00e9lk\u00fcl. A sz\u00edv MR vizsg\u00e1l\u00f3 helyis\u00e9gben jelenl\u00e9v\u0151 er\u0151s m\u00e1gneses t\u00e9r \u00e9s magas frekvenci\u00e1j\u00fa, r\u00e1di\u00f3frekvenci\u00e1s gerjeszt\u00e9s sz\u00fcks\u00e9ges a k\u00e9pek elk\u00e9sz\u00edt\u00e9s\u00e9hez.<\/p>\n<p style=\"text-align: justify\">Sz\u00edv MR seg\u00edts\u00e9g\u00e9vel k\u00e9pesek vagyunk a sz\u00edv b\u00e1rmely \u00fcreg\u00e9t vagy az ahhoz k\u00f6zeli nagyereket \u00e9s f\u0151bb koszor\u00fa\u00e9r \u00e1gakat megjelen\u00edteni tetsz\u0151leges s\u00edkban. Az egyes \u00fcregek m\u00e9ret\u00e9nek, illetve a sz\u00edv funkcion\u00e1lis \u00e1llapota meghat\u00e1roz\u00e1s\u00e1nak arany standard m\u00f3dszere.<\/p>\n<p style=\"text-align: justify\">Amennyiben speci\u00e1lis sz\u00f6veti inform\u00e1ci\u00f3t szeretn\u00e9nk nyerni a sz\u00edvr\u0151l &#8211; sz\u00edvizomgyullad\u00e1s, ischaemia, struktur\u00e1lis sz\u00edvbetegs\u00e9gek gyan\u00faja eset\u00e9n &#8211; sz\u00fcks\u00e9g lehet kontrasztanyag alkalmaz\u00e1s\u00e1ra, amely gadol\u00edniumot (Gd) tartalmaz.<\/p>\n<p style=\"text-align: justify\">Sportol\u00f3kn\u00e1l gyakran v\u00e9gz\u00fcnk sz\u00edv MR vizsg\u00e1latot p\u00e9ld\u00e1ul (csal\u00e1dban \u00f6r\u00f6kl\u0151d\u0151) stuktur\u00e1lis sz\u00edvbetegs\u00e9gek gyan\u00faja eset\u00e9n (pl. hypertrophi\u00e1s cardiomyopathia, arrhythmog\u00e9n cardiomyopathia) vagy velesz\u00fcletett sz\u00edvbetegs\u00e9gek (pl. pitvari s\u00f6v\u00e9nyhi\u00e1ny) jelent\u0151s\u00e9g\u00e9nek meghat\u00e1roz\u00e1sa c\u00e9lj\u00e1b\u00f3l.<\/p>\n<p style=\"text-align: justify\">A vizsg\u00e1l\u00f3 (sport)orvos sz\u00e1m\u00e1ra diagnosztikai neh\u00e9zs\u00e9get jelenthet az eg\u00e9szs\u00e9gesen adapt\u00e1l\u00f3dott sportsz\u00edv elk\u00fcl\u00f6n\u00edt\u00e9se bizonyos sz\u00edvbetegs\u00e9gekt\u0151l, ugyanis t\u00f6bb k\u00f3rk\u00e9p is \u00e1tfed\u00e9st mutathat a sporthoz alkalmazkodott sz\u00edv tulajdons\u00e1gaival. Ezen esetek t\u00falnyom\u00f3 t\u00f6bbs\u00e9g\u00e9ben a sz\u00edv MR alkalmas a diagnosztikai k\u00e9rd\u00e9s tiszt\u00e1z\u00e1s\u00e1ra.<\/p>\n<p style=\"text-align: justify\">\u00a0<\/p>\n\t\t\t<\/div>\n\t\t<\/div>\n\t\t\t\t<div id=\"qaef-10408\" class=\"qe-faq-toggle sportkardiologiai-vizsgalatok\">\n\t\t\t<div class=\"qe-toggle-title\">\n\t\t\t\t<h4>\n\t\t\t\t\t<i class=\"fa fa-minus-circle\"><\/i> Holter (24 \u00f3r\u00e1s) EKG, ABPM\t\t\t\t<\/h4>\n\t\t\t<\/div>\n\t\t\t<div class=\"qe-toggle-content\">\n\t\t\t\t<p style=\"text-align: justify\">Bizonyos sz\u00edvritmuszavarok eset\u00e9n a rutin kivizsg\u00e1l\u00e1s sor\u00e1n k\u00e9sz\u00edtett 12 elvezet\u00e9ses nyugalmi EKG nem alkalmas annak azonos\u00edt\u00e1s\u00e1ra. A Holter k\u00e9sz\u00fcl\u00e9ket ambulanci\u00e1nkon helyezz\u00fck fel, mely egy kis m\u00e9ret\u0171 k\u00f6zponti egys\u00e9gb\u0151l, illetve elektr\u00f3d\u00e1kb\u00f3l \u00e1ll. Azon ritmuszavarok vagy EKG elt\u00e9r\u00e9sek, amelyek a standard EKG vizsg\u00e1lat elk\u00e9sz\u00edt\u00e9sekor nincsenek jelen vagy nem m\u00e9rhet\u0151 fel azok jelent\u0151s\u00e9ge, egy 24 \u00f3r\u00e1s (vagy hosszabb) monitoroz\u00e1s sor\u00e1n nagyobb val\u00f3sz\u00edn\u0171s\u00e9ggel diagnosztiz\u00e1lhat\u00f3k. Amennyiben terhel\u00e9sre jelentkez\u0151 ritmuszavar(\u00e9rz\u00e9s) jelentkezik egy sportol\u00f3n\u00e1l, esetleg t\u00fals\u00e1gosan szapora vagy szab\u00e1lytalan sz\u00edvver\u00e9s jelentkezik, sz\u00fcks\u00e9g lehet 24 \u00f3r\u00e1s Holter monitoroz\u00e1s elv\u00e9gz\u00e9s\u00e9re.<\/p>\n<p style=\"text-align: justify\">Az ABPM (ambul\u00e1ns v\u00e9rnyom\u00e1s monitoroz\u00e1s) vizsg\u00e1lat alkalmas lehet a magas v\u00e9rnyom\u00e1s betegs\u00e9g diagnosztiz\u00e1l\u00e1s\u00e1ra vagy kiz\u00e1r\u00e1s\u00e1ra. A k\u00e9sz\u00fcl\u00e9k egy v\u00e9rnyom\u00e1sm\u00e9r\u0151 mandzsett\u00e1b\u00f3l, a k\u00f6zponti egys\u00e9gb\u0151l \u00e9s az azokat \u00f6sszek\u00f6t\u0151 k\u00e1belb\u0151l \u00e1ll. A vizsg\u00e1latot \u00e1ltal\u00e1ban 24 \u00f3r\u00e1n kereszt\u00fcl sz\u00fcks\u00e9ges elv\u00e9gezni.<\/p>\n<p style=\"text-align: justify\">A rendszeres sporttev\u00e9kenys\u00e9g sz\u00edv- \u00e9s \u00e9rrendszeri rizik\u00f3t cs\u00f6kkent\u0151 hat\u00e1sra ellen\u00e9re sportol\u00f3kn\u00e1l is el\u0151fordulhat magasv\u00e9rnyom\u00e1s-betegs\u00e9g. Hasonl\u00f3an a nem-sportol\u00f3i popul\u00e1ci\u00f3hoz, az \u00e9letkor el\u0151rehaladt\u00e1val n\u00f6vekszik kialakul\u00e1s\u00e1nak es\u00e9lye. A megfelel\u0151 kezel\u00e9s meghat\u00e1roz\u00e1sa (di\u00e9ta, \u00e9letm\u00f3dbeli v\u00e1ltoztat\u00e1sok, gy\u00f3gyszeres kezel\u00e9s) fontos a biztons\u00e1gos sporttev\u00e9kenys\u00e9g biztos\u00edt\u00e1sa \u00e9s a nem k\u00edv\u00e1natos sz\u00edv- \u00e9s \u00e9rrendszeri megbeteged\u00e9sek megel\u0151z\u00e9s\u00e9ben. Amennyiben sz\u00fcks\u00e9g van r\u00e1, fontos a megfelel\u0151 gy\u00f3gyszer kiv\u00e1laszt\u00e1sa is, mely biztos\u00edtja a kell\u0151 v\u00e9rnyom\u00e1scs\u00f6kkent\u0151 hat\u00e1st, ugyanakkor a sportol\u00f3 teljes\u00edtm\u00e9ny\u00e9t nem rontja \u00e9s a mindenkor hat\u00e1lyos doppinglist\u00e1n sem szerepel!<\/p>\n\t\t\t<\/div>\n\t\t<\/div>\n\t\t\t\t<div id=\"qaef-10407\" class=\"qe-faq-toggle sportkardiologiai-vizsgalatok\">\n\t\t\t<div class=\"qe-toggle-title\">\n\t\t\t\t<h4>\n\t\t\t\t\t<i class=\"fa fa-minus-circle\"><\/i> Elektrofiziol\u00f3gia\t\t\t\t<\/h4>\n\t\t\t<\/div>\n\t\t\t<div class=\"qe-toggle-content\">\n\t\t\t\t<p style=\"text-align: justify\">Az elektrofiziol\u00f3gia a kardiol\u00f3gia sz\u00edvritmuszavarokkal foglalkoz\u00f3 ter\u00fclete.<\/p>\n<p style=\"text-align: justify\">Elektrofiziol\u00f3gi\u00e1ban j\u00e1rtas kardiol\u00f3gus bevon\u00e1sa sz\u00fcks\u00e9ges a sportol\u00f3kn\u00e1l a ritmuszavarok eset\u00e9n, melyek sok esetben invaz\u00edv (kat\u00e9teres m\u0171t\u00e9ti) ter\u00e1pi\u00e1t\u00a0 ig\u00e9nyelnek. A\u00a0 sportol\u00f3kat is \u00e9rint\u0151 sz\u00edvritmuszavarok jelent\u0151s r\u00e9sze kat\u00e9ter abl\u00e1ci\u00f3s elj\u00e1r\u00e1ssal kezelhet\u0151, napjainkban m\u00e1r rendk\u00edv\u00fcl j\u00f3 hat\u00e9konys\u00e1ggal.<\/p>\n<p style=\"text-align: justify\"><a href=\"https:\/\/semmelweis.hu\/varosmajor\/betegellatas\/kardiologia\/tajekoztato-a-beavatkozasokrol\/sziv-elektrofiziologiai-vizsgalat-es-kateteres-ablacio\/\">Sz\u00edv elektrofiziol\u00f3giai vizsg\u00e1lat<\/a><\/p>\n\t\t\t<\/div>\n\t\t<\/div>\n\t\t            <\/div>\n\t\t\n","protected":false},"excerpt":{"rendered":"<p>Az elektrofiziol\u00f3gia a kardiol\u00f3gia sz\u00edvritmuszavarokkal foglalkoz\u00f3 ter\u00fclete.<br \/>\nElektrofiziol\u00f3gi\u00e1ban j\u00e1rtas kardiol\u00f3gus bevon\u00e1sa sz\u00fcks\u00e9ges a sportol\u00f3kn\u00e1l a ritmuszavarok eset\u00e9n, melyek sok esetben invaz\u00edv (kat\u00e9teres m\u0171t\u00e9ti) ter\u00e1pi\u00e1t\u00a0 ig\u00e9nyelnek. A\u00a0 sportol\u00f3kat is \u00e9rint\u0151 sz\u00edvritmuszavarok jelent\u0151s r\u00e9sze kat\u00e9ter abl\u00e1ci\u00f3s elj\u00e1r\u00e1ssal kezelhet\u0151, napjainkban m\u00e1r rendk\u00edv\u00fcl j\u00f3 hat\u00e9konys\u00e1ggal.<br \/>\n<a href=\"https:\/\/semmelweis.hu\/varosmajor\/betegellatas\/kardiologia\/tajekoztato-a-beavatkozasokrol\/sziv-elektrofiziologiai-vizsgalat-es-kateteres-ablacio\/\">Sz\u00edv elektrofiziol\u00f3giai vizsg\u00e1lat<\/a><\/p>\n","protected":false},"author":101737,"featured_media":0,"parent":1022,"menu_order":1,"comment_status":"closed","ping_status":"closed","template":"","meta":{"_acf_changed":false,"footnotes":""},"categories":[],"tags":[],"class_list":["post-1024","page","type-page","status-publish","hentry"],"acf":[],"_links":{"self":[{"href":"https:\/\/semmelweis.hu\/varosmajor\/wp-json\/wp\/v2\/pages\/1024","targetHints":{"allow":["GET"]}}],"collection":[{"href":"https:\/\/semmelweis.hu\/varosmajor\/wp-json\/wp\/v2\/pages"}],"about":[{"href":"https:\/\/semmelweis.hu\/varosmajor\/wp-json\/wp\/v2\/types\/page"}],"author":[{"embeddable":true,"href":"https:\/\/semmelweis.hu\/varosmajor\/wp-json\/wp\/v2\/users\/101737"}],"replies":[{"embeddable":true,"href":"https:\/\/semmelweis.hu\/varosmajor\/wp-json\/wp\/v2\/comments?post=1024"}],"version-history":[{"count":3,"href":"https:\/\/semmelweis.hu\/varosmajor\/wp-json\/wp\/v2\/pages\/1024\/revisions"}],"predecessor-version":[{"id":10542,"href":"https:\/\/semmelweis.hu\/varosmajor\/wp-json\/wp\/v2\/pages\/1024\/revisions\/10542"}],"up":[{"embeddable":true,"href":"https:\/\/semmelweis.hu\/varosmajor\/wp-json\/wp\/v2\/pages\/1022"}],"wp:attachment":[{"href":"https:\/\/semmelweis.hu\/varosmajor\/wp-json\/wp\/v2\/media?parent=1024"}],"wp:term":[{"taxonomy":"category","embeddable":true,"href":"https:\/\/semmelweis.hu\/varosmajor\/wp-json\/wp\/v2\/categories?post=1024"},{"taxonomy":"post_tag","embeddable":true,"href":"https:\/\/semmelweis.hu\/varosmajor\/wp-json\/wp\/v2\/tags?post=1024"}],"curies":[{"name":"wp","href":"https:\/\/api.w.org\/{rel}","templated":true}]}}