{"id":1022,"date":"2020-12-14T15:50:20","date_gmt":"2020-12-14T14:50:20","guid":{"rendered":"https:\/\/semmelweis.hu\/varosmajor\/?page_id=1022"},"modified":"2024-09-10T09:49:03","modified_gmt":"2024-09-10T07:49:03","slug":"sportkardiologia","status":"publish","type":"page","link":"https:\/\/semmelweis.hu\/varosmajor\/gyogyitas\/sportkardiologia\/","title":{"rendered":"Sportorvostan"},"content":{"rendered":"<p style=\"text-align: justify\">A V\u00e1rosmajori Sz\u00edv- \u00e9s \u00c9rgy\u00f3gy\u00e1szati Klinik\u00e1n \u00e9ves szinten t\u00f6bb ezer sportol\u00f3 sportkardiol\u00f3giai ell\u00e1t\u00e1s\u00e1t val\u00f3s\u00edtjuk meg. Munkat\u00e1rsaink sportesem\u00e9nyek eg\u00e9szs\u00e9g\u00fcgyi biztos\u00edt\u00e1s\u00e1ban is akt\u00edv szerepet v\u00e1llalnak, mind magyarorsz\u00e1gi versenyek, mind a magyar csapatok k\u00fclf\u00f6ldi szerepl\u00e9sei tekintet\u00e9ben.<\/p>\n<p style=\"text-align: justify\">Int\u00e9zm\u00e9ny\u00fcnkben a (sport)kardiol\u00f3giai diagnosztikai eszk\u00f6z\u00f6k rendk\u00edv\u00fcl sz\u00e9les t\u00e1rh\u00e1za el\u00e9rhet\u0151 a 12-elvezet\u00e9ses EKG vizsg\u00e1latt\u00f3l kezdve a legmodernebb sz\u00edv MR vizsg\u00e1latokig terjed\u0151en (lsd. Vizsg\u00e1latok men\u00fcpont).<\/p>\n<p style=\"text-align: justify\">C\u00e9lunk az akt\u00edvan sportol\u00f3 emberek eg\u00e9szs\u00e9g\u00e9nek meg\u0151rz\u00e9se, a biztons\u00e1gos sporttev\u00e9kenys\u00e9g t\u00e1mogat\u00e1sa, az edz\u00e9sprogram optimaliz\u00e1l\u00e1s\u00e1ban seg\u00edts\u00e9gny\u00fajt\u00e1s, az egyes sz\u00edvbetegs\u00e9gek korai diagnosztiz\u00e1l\u00e1sa \u00e9s sz\u00fcks\u00e9g szerint ezek legkorszer\u0171bb m\u00f3don val\u00f3 ell\u00e1t\u00e1sa, k\u00f6vet\u00e9se.<\/p>\n<p style=\"text-align: justify\">Visszat\u00e9r\u0151 sportol\u00f3ink k\u00f6z\u00f6tt \u00fcdv\u00f6z\u00f6lhetj\u00fck t\u00f6bbek k\u00f6z\u00f6tt a Magyar \u00dasz\u00f3v\u00e1logatott, a Magyar V\u00edzilabda V\u00e1logatott \u00e9s a Magyar Orsz\u00e1gos Korcsoly\u00e1z\u00f3 Sz\u00f6vets\u00e9g, valamint sz\u00e1mos NB1-es k\u00e9zilabda \u00e9s labdar\u00fag\u00f3 csapat kiv\u00e1l\u00f3s\u00e1g\u00e1t is.<\/p>\n<p style=\"text-align: justify\"><strong>Munkat\u00e1rsak<\/strong><\/p>\n<ul style=\"list-style-type: square\">\n<li style=\"text-align: justify\">Prof. Dr. Merkely B\u00e9la, egyetemi tan\u00e1r, Klinikaigazgat\u00f3<\/li>\n<li style=\"text-align: justify\">Prof. Dr. Zima Endre, egyetemi tan\u00e1r<\/li>\n<li style=\"text-align: justify\">Prof. Dr. V\u00e1g\u00f3 Hajnalka PhD, egyetemi tan\u00e1r<\/li>\n<li style=\"text-align: justify\">Dr. Kiss Orsolya PhD, egyetemi adjunktus<\/li>\n<li style=\"text-align: justify\">Dr. Moln\u00e1r Andrea \u00c1gnes PhD, egyetemi adjunktus<\/li>\n<li style=\"text-align: justify\">Dr. Kov\u00e1cs Attila PhD, egyetemi adjunktus<\/li>\n<li style=\"text-align: justify\">Dr. Osztheimer Istv\u00e1n PhD, egyetemi adjunktus<\/li>\n<li style=\"text-align: justify\">Dr. Syd\u00f3 N\u00f3ra PhD, egyetemi tan\u00e1rseg\u00e9d<\/li>\n<li style=\"text-align: justify\">Dr. Szegedi N\u00e1ndor PhD, egyetemi tan\u00e1rseg\u00e9d<\/li>\n<li style=\"text-align: justify\">Dr. Komka Zsolt PhD, egyetemi tan\u00e1rseg\u00e9d<\/li>\n<li style=\"text-align: justify\">Dr. F\u00fcl\u00f6p G\u00e1bor PhD, kardiol\u00f3gus rezidens<\/li>\n<li style=\"text-align: justify\">Dr. Csulak Emese, kardiol\u00f3gus rezidens, PhD hallgat\u00f3<\/li>\n<li style=\"text-align: justify\">Dr. Szab\u00f3 Lili\u00e1na Erzs\u00e9bet, PhD hallgat\u00f3<\/li>\n<li style=\"text-align: justify\">Dr. Dohy Zs\u00f3fia, PhD hallgat\u00f3<\/li>\n<li style=\"text-align: justify\">Dr. Lakatos B\u00e1lint K\u00e1roly PhD, kardiol\u00f3gus rezidens<\/li>\n<li style=\"text-align: justify\">Dr. Szilveszter B\u00e1lint PhD, kardiol\u00f3gus rezidens<\/li>\n<li style=\"text-align: justify\">Dr. Juh\u00e1sz Vencel, kardiol\u00f3gus rezidens, PhD hallgat\u00f3<\/li>\n<li style=\"text-align: justify\">Dr. Babity M\u00e1t\u00e9, PhD hallgat\u00f3<\/li>\n<li style=\"text-align: justify\">Dr. Tokodi M\u00e1rton, PhD hallgat\u00f3<\/li>\n<li style=\"text-align: justify\">Dr. F\u00e1bi\u00e1n Alexandra, PhD hallgat\u00f3<\/li>\n<li style=\"text-align: justify\">Dr. Gregor Zs\u00f3fia, PhD hallgat\u00f3<\/li>\n<li style=\"text-align: justify\">Dr. Horv\u00e1th M\u00e1rton, kardiol\u00f3gus rezidens, PhD hallgat\u00f3<\/li>\n<\/ul>\n","protected":false},"excerpt":{"rendered":"<p>A V\u00e1rosmajori Sz\u00edv- \u00e9s \u00c9rgy\u00f3gy\u00e1szati Klinik\u00e1n \u00e9ves szinten t\u00f6bb ezer sportol\u00f3 sportkardiol\u00f3giai ell\u00e1t\u00e1s\u00e1t val\u00f3s\u00edtjuk meg. Munkat\u00e1rsaink sportesem\u00e9nyek eg\u00e9szs\u00e9g\u00fcgyi biztos\u00edt\u00e1s\u00e1ban is akt\u00edv szerepet v\u00e1llalnak, mind magyarorsz\u00e1gi versenyek, mind a magyar csapatok k\u00fclf\u00f6ldi szerepl\u00e9sei tekintet\u00e9ben. Int\u00e9zm\u00e9ny\u00fcnkben a (sport)kardiol\u00f3giai diagnosztikai eszk\u00f6z\u00f6k rendk\u00edv\u00fcl sz\u00e9les t\u00e1rh\u00e1za el\u00e9rhet\u0151 a 12-elvezet\u00e9ses EKG vizsg\u00e1latt\u00f3l kezdve a legmodernebb sz\u00edv MR vizsg\u00e1latokig terjed\u0151en (lsd. Vizsg\u00e1latok &hellip;<\/p>\n","protected":false},"author":101737,"featured_media":0,"parent":23,"menu_order":8,"comment_status":"closed","ping_status":"closed","template":"","meta":{"_acf_changed":false,"footnotes":""},"categories":[],"tags":[],"class_list":["post-1022","page","type-page","status-publish","hentry"],"acf":[],"_links":{"self":[{"href":"https:\/\/semmelweis.hu\/varosmajor\/wp-json\/wp\/v2\/pages\/1022","targetHints":{"allow":["GET"]}}],"collection":[{"href":"https:\/\/semmelweis.hu\/varosmajor\/wp-json\/wp\/v2\/pages"}],"about":[{"href":"https:\/\/semmelweis.hu\/varosmajor\/wp-json\/wp\/v2\/types\/page"}],"author":[{"embeddable":true,"href":"https:\/\/semmelweis.hu\/varosmajor\/wp-json\/wp\/v2\/users\/101737"}],"replies":[{"embeddable":true,"href":"https:\/\/semmelweis.hu\/varosmajor\/wp-json\/wp\/v2\/comments?post=1022"}],"version-history":[{"count":8,"href":"https:\/\/semmelweis.hu\/varosmajor\/wp-json\/wp\/v2\/pages\/1022\/revisions"}],"predecessor-version":[{"id":5806,"href":"https:\/\/semmelweis.hu\/varosmajor\/wp-json\/wp\/v2\/pages\/1022\/revisions\/5806"}],"up":[{"embeddable":true,"href":"https:\/\/semmelweis.hu\/varosmajor\/wp-json\/wp\/v2\/pages\/23"}],"wp:attachment":[{"href":"https:\/\/semmelweis.hu\/varosmajor\/wp-json\/wp\/v2\/media?parent=1022"}],"wp:term":[{"taxonomy":"category","embeddable":true,"href":"https:\/\/semmelweis.hu\/varosmajor\/wp-json\/wp\/v2\/categories?post=1022"},{"taxonomy":"post_tag","embeddable":true,"href":"https:\/\/semmelweis.hu\/varosmajor\/wp-json\/wp\/v2\/tags?post=1022"}],"curies":[{"name":"wp","href":"https:\/\/api.w.org\/{rel}","templated":true}]}}