{"id":85,"date":"2015-04-29T11:14:24","date_gmt":"2015-04-29T09:14:24","guid":{"rendered":"http:\/\/semmelweis.hu\/vagyongazdalkodas\/?page_id=85"},"modified":"2026-03-24T10:30:20","modified_gmt":"2026-03-24T09:30:20","slug":"vagyon","status":"publish","type":"page","link":"https:\/\/semmelweis.hu\/vagyongazdalkodas\/vagyon\/","title":{"rendered":"Vagyon- \u00e9s helyis\u00e9ggazd\u00e1lkod\u00e1si Oszt\u00e1ly"},"content":{"rendered":"<p><strong>Vagyon- \u00e9s helyis\u00e9ggazd\u00e1lkod\u00e1si Oszt\u00e1ly feladatai<\/strong>:<\/p>\n<ul style=\"list-style-type: disc\">\n<li style=\"text-align: justify\">Az egyetemi ingatlanvagyon 90 napot meghalad\u00f3 hasznos\u00edt\u00e1sai sor\u00e1n:\n<ul>\n<li>sz\u00fcks\u00e9ges kancell\u00e1ri enged\u00e9lyez\u00e9sek el\u0151k\u00e9sz\u00edt\u00e9se \u00e9s lebonyol\u00edt\u00e1sa,<\/li>\n<li>r\u00e9szv\u00e9tel a dokumentumok \u2013 ide nem \u00e9rtve a szerz\u0151d\u00e9seket \u2013 szakmai el\u0151k\u00e9sz\u00edt\u00e9s\u00e9ben,<\/li>\n<li>ny\u00edlt vagy z\u00e1rt p\u00e1ly\u00e1ztat\u00e1sok lebonyol\u00edt\u00e1sa,<\/li>\n<li>saj\u00e1t bonyol\u00edt\u00e1s\u00fa p\u00e1ly\u00e1ztat\u00e1sok kiv\u00e9tel\u00e9vel a szerz\u0151d\u00e9sk\u00f6t\u00e9si ig\u00e9nyek el\u0151terjeszt\u00e9se a JIF fel\u00e9,<\/li>\n<li>a hasznos\u00edt\u00e1si szerz\u0151d\u00e9sek hat\u00e1lyk\u00f6vet\u00e9se \u00e9s nyilv\u00e1ntart\u00e1sa.<\/li>\n<\/ul>\n<\/li>\n<li style=\"text-align: justify\">Az egyetemi szervezeti egys\u00e9gek m\u0171k\u00f6d\u00e9s\u00e9hez sz\u00fcks\u00e9ges ingatlanok 90 napot meghalad\u00f3 b\u00e9rbev\u00e9telei sor\u00e1n:\n<ul>\n<li>a sz\u00fcks\u00e9ges PVGFI enged\u00e9lyez\u00e9sek el\u0151k\u00e9sz\u00edt\u00e9se \u00e9s lebonyol\u00edt\u00e1sa,<\/li>\n<li>r\u00e9szv\u00e9tel a b\u00e9rbev\u00e9teleinek szakmai el\u0151k\u00e9sz\u00edt\u00e9s\u00e9ben\u2013 ide nem \u00e9rtve a szerz\u0151d\u00e9sk\u00f6t\u00e9s folyamat\u00e1t\u2013,<\/li>\n<li>szerz\u0151d\u00e9sk\u00f6t\u00e9si ig\u00e9nyek el\u0151terjeszt\u00e9se a JIF fel\u00e9,<\/li>\n<li>a b\u00e9rbev\u00e9teli szerz\u0151d\u00e9sek hat\u00e1lyk\u00f6vet\u00e9se \u00e9s nyilv\u00e1ntart\u00e1sa.<\/li>\n<\/ul>\n<\/li>\n<li style=\"text-align: justify\">A minimum b\u00e9rleti d\u00edjak meghat\u00e1roz\u00e1s\u00e1hoz piaci \u00f6sszehasonl\u00edt\u00f3 \u00e9rt\u00e9kk\u00e9pz\u00e9s \u00e9s javaslat \u00f6ssze\u00e1ll\u00edt\u00e1sa a F\u0151igazgat\u00f3 r\u00e9sz\u00e9re.<\/li>\n<li style=\"text-align: justify\">Szervezeti egys\u00e9gek feleslegess\u00e9 v\u00e1lt, de m\u00e9g haszn\u00e1lhat\u00f3 eszk\u00f6zeinek hasznos\u00edt\u00e1s\u00e1val kapcsolatos \u00fcgyek int\u00e9z\u00e9se:\n<ul>\n<li>A szervezeti egys\u00e9gek feleslegess\u00e9 v\u00e1lt, de m\u00e9g haszn\u00e1lhat\u00f3 eszk\u00f6zeinek egyetemen bel\u00fcli \u00e1tad\u00e1s\u00e1ra webes fel\u00fclet \u201eEgyetemi Piact\u00e9r\u201d m\u0171k\u00f6dtet\u00e9se az igazgat\u00f3s\u00e1gi honlapon.<\/li>\n<\/ul>\n<\/li>\n<li style=\"text-align: justify\">El\u0151k\u00e9sz\u00edti az Egyetem ing\u00f3 vagyonelemeinek \u00e9rt\u00e9kes\u00edt\u00e9s\u00e9t, kancell\u00e1ri vagy f\u0151igazgat\u00f3i enged\u00e9ly k\u00e9r\u00e9sek lebonyol\u00edt\u00e1sa.<\/li>\n<li style=\"text-align: justify\">K\u00f6zrem\u0171k\u00f6dik az Egyetem ingatlan vagyonelemeinek \u00e9rt\u00e9kes\u00edt\u00e9s\u00e9ben.<\/li>\n<li style=\"text-align: justify\">Az Egyetem szervezeti egys\u00e9gei \u00e1ltal szolg\u00e1ltatott adatok alapj\u00e1n, egys\u00e9ges \u00e9s elektronikus helyis\u00e9g-nyilv\u00e1ntart\u00e1s szab\u00e1lyzatszer\u0171 vezet\u00e9se.<\/li>\n<li style=\"text-align: justify\">TakarNet F\u00f6ldhivatali Inform\u00e1ci\u00f3s Rendszer \u00e9s az Elektronikus Ingatlan-nyilv\u00e1ntart\u00e1si Rendszer (E-ING) haszn\u00e1lathoz kapcsol\u00f3d\u00f3 feladatok ell\u00e1t\u00e1sa, a rendszerekb\u0151l ingatlan-nyilv\u00e1ntart\u00e1si adatok \/ dokumentumok biztos\u00edt\u00e1sa a szervezeti egys\u00e9gek r\u00e9sz\u00e9re.<\/li>\n<li style=\"text-align: justify\">Adatszolg\u00e1ltat\u00e1si k\u00f6telezetts\u00e9gek teljes\u00edt\u00e9se az Oszt\u00e1ly \u00e1ltal kezelt adatok k\u00f6r\u00e9ben, \u00edgy k\u00fcl\u00f6n\u00f6sen az ingatlan hasznos\u00edt\u00e1sokkal \u00e9s b\u00e9rbev\u00e9telekkel, valamint a helyis\u00e9g-nyilv\u00e1ntart\u00e1ssal kapcsolatos adatok szolg\u00e1ltat\u00e1sa.<\/li>\n<\/ul>\n<p><em>Hat\u00e1sk\u00f6r\u00fcnkbe tartoz\u00f3 szab\u00e1lyzat:<\/em><\/p>\n<p>Semmelweis Egyetem szab\u00e1lyzata a helyis\u00e9ggazd\u00e1lkod\u00e1sr\u00f3l \u00e9s az \u00e9rt\u00e9kes\u00edt\u00e9sr\u0151l<\/p>\n<p><a href=\"https:\/\/semmelweis.hu\/jogigfoig\/files\/2025\/04\/Helyiseggazdalkodasi_szabalyzat_hataly_2025.V.01-tol.pdf\">https:\/\/semmelweis.hu\/jogigfoig\/files\/2025\/04\/Helyiseggazdalkodasi_szabalyzat_hataly_2025.V.01-tol.pdf<\/a><\/p>\n<p>&nbsp;<\/p>\n<p><strong>Munkat\u00e1rsak:<\/strong><\/p>\n<p><em><strong>Wolford \u00c1gnes<\/strong><\/em> <strong><em>\u2013 oszt\u00e1lyvezet\u0151<br \/>\nM\u00e1hr Krisztina \u2013 oszt\u00e1lyvezet\u0151<\/em><\/strong><\/p>\n<p><strong><em>Kecsk\u00e9sn\u00e9 Pinke Ibolya \u2013 vagyongazd\u00e1lkod\u00e1si koordin\u00e1tor<br \/>\n<\/em><\/strong><\/p>\n<p><em><strong>M\u00e1trah\u00e1zi Melinda \u2013 vagyongazd\u00e1lkod\u00e1si \u00fcgyint\u00e9z\u0151<br \/>\n<\/strong><\/em>Tel.: +36-20-663-2060<\/p>\n<p><em><strong>Szalay Levente Csaba \u2013 helyis\u00e9ggazd\u00e1lkod\u00e1si \u00fcgyint\u00e9z\u0151<br \/>\n<\/strong><\/em><\/p>\n<p><em><strong>\u00a0<\/strong><\/em><\/p>\n","protected":false},"excerpt":{"rendered":"<p>Vagyon- \u00e9s helyis\u00e9ggazd\u00e1lkod\u00e1si Oszt\u00e1ly feladatai: Az egyetemi ingatlanvagyon 90 napot meghalad\u00f3 hasznos\u00edt\u00e1sai sor\u00e1n: sz\u00fcks\u00e9ges kancell\u00e1ri enged\u00e9lyez\u00e9sek el\u0151k\u00e9sz\u00edt\u00e9se \u00e9s lebonyol\u00edt\u00e1sa, r\u00e9szv\u00e9tel a dokumentumok \u2013 ide nem \u00e9rtve a szerz\u0151d\u00e9seket \u2013 szakmai el\u0151k\u00e9sz\u00edt\u00e9s\u00e9ben, ny\u00edlt vagy z\u00e1rt p\u00e1ly\u00e1ztat\u00e1sok lebonyol\u00edt\u00e1sa, saj\u00e1t bonyol\u00edt\u00e1s\u00fa p\u00e1ly\u00e1ztat\u00e1sok kiv\u00e9tel\u00e9vel a szerz\u0151d\u00e9sk\u00f6t\u00e9si ig\u00e9nyek el\u0151terjeszt\u00e9se a JIF fel\u00e9, a hasznos\u00edt\u00e1si szerz\u0151d\u00e9sek hat\u00e1lyk\u00f6vet\u00e9se \u00e9s nyilv\u00e1ntart\u00e1sa. Az egyetemi &hellip;<\/p>\n","protected":false},"author":287,"featured_media":0,"parent":0,"menu_order":1,"comment_status":"closed","ping_status":"closed","template":"","meta":{"_acf_changed":false,"footnotes":""},"categories":[],"tags":[],"class_list":["post-85","page","type-page","status-publish","hentry"],"acf":[],"_links":{"self":[{"href":"https:\/\/semmelweis.hu\/vagyongazdalkodas\/wp-json\/wp\/v2\/pages\/85","targetHints":{"allow":["GET"]}}],"collection":[{"href":"https:\/\/semmelweis.hu\/vagyongazdalkodas\/wp-json\/wp\/v2\/pages"}],"about":[{"href":"https:\/\/semmelweis.hu\/vagyongazdalkodas\/wp-json\/wp\/v2\/types\/page"}],"author":[{"embeddable":true,"href":"https:\/\/semmelweis.hu\/vagyongazdalkodas\/wp-json\/wp\/v2\/users\/287"}],"replies":[{"embeddable":true,"href":"https:\/\/semmelweis.hu\/vagyongazdalkodas\/wp-json\/wp\/v2\/comments?post=85"}],"version-history":[{"count":11,"href":"https:\/\/semmelweis.hu\/vagyongazdalkodas\/wp-json\/wp\/v2\/pages\/85\/revisions"}],"predecessor-version":[{"id":2117,"href":"https:\/\/semmelweis.hu\/vagyongazdalkodas\/wp-json\/wp\/v2\/pages\/85\/revisions\/2117"}],"wp:attachment":[{"href":"https:\/\/semmelweis.hu\/vagyongazdalkodas\/wp-json\/wp\/v2\/media?parent=85"}],"wp:term":[{"taxonomy":"category","embeddable":true,"href":"https:\/\/semmelweis.hu\/vagyongazdalkodas\/wp-json\/wp\/v2\/categories?post=85"},{"taxonomy":"post_tag","embeddable":true,"href":"https:\/\/semmelweis.hu\/vagyongazdalkodas\/wp-json\/wp\/v2\/tags?post=85"}],"curies":[{"name":"wp","href":"https:\/\/api.w.org\/{rel}","templated":true}]}}