{"id":72,"date":"2014-05-13T09:45:57","date_gmt":"2014-05-13T07:45:57","guid":{"rendered":"http:\/\/semmelweis.hu\/vagyongazdalkodas\/?page_id=72"},"modified":"2025-09-24T09:46:25","modified_gmt":"2025-09-24T07:46:25","slug":"kozponti-raktar","status":"publish","type":"page","link":"https:\/\/semmelweis.hu\/vagyongazdalkodas\/kozponti-raktar\/","title":{"rendered":"K\u00f6zponti Rakt\u00e1r"},"content":{"rendered":"<p>C\u00edm: 1103 Budapest, Gy\u00f6mr\u0151i \u00fat 105.<br \/>\ne-mail: <a href=\"mailto:kozpontiraktar@semmelweis.hu\">kozpontiraktar@semmelweis.hu<\/a><\/p>\n<div class=\"responsive-tabs\">\n<h2 class=\"tabtitle\">A rakt\u00e1rr\u00f3l<\/h2>\n<div class=\"tabcontent\">\n\n<div class=\"keretes w-100\">\n<p>A\u00a0<b>K\u00f6zponti Rakt\u00e1r<\/b>\u00a0f\u0151 feladata az Egyetemen bel\u00fcl m\u0171k\u00f6d\u0151 valamennyi szervezeti egys\u00e9g rakt\u00e1ri anyagokkal t\u00f6rt\u00e9n\u0151 ell\u00e1t\u00e1s\u00e1nak biztos\u00edt\u00e1sa. A rakt\u00e1ri v\u00e1laszt\u00e9k list\u00e1ban megtal\u00e1lhat\u00f3 az\u00a0irodai pap\u00edr\u00e1ru, az egy\u00e9b irodai term\u00e9kek, nyomtatv\u00e1nyok, a mos\u00f3-tiszt\u00edt\u00f3szerek, a fert\u0151tlen\u00edt\u0151szerek, egy\u00e9b h\u00e1ztart\u00e1si \u00e9s vegyi term\u00e9kek, az izz\u00f3k, a f\u00e9nycs\u00f6vek, az elemek, a szezon\u00e1lis term\u00e9kek, az egyszer haszn\u00e1latos eg\u00e9szs\u00e9g\u00fcgyi anyagok.<\/p>\n<\/div>\n<h5>Hat\u00e1sk\u00f6r\u00fcnkbe tartoz\u00f3 szab\u00e1lyzat:<\/h5>\n<ul>\n<li>K\u00e9szletgazd\u00e1lkod\u00e1si Szab\u00e1lyzat<br \/>\n<a href=\"https:\/\/semmelweis.hu\/jogigfoig\/files\/2022\/09\/Keszletgazdalkodasi_szabalyzat_hataly_2022.IX_.10-tol.pdf\">https:\/\/semmelweis.hu\/jogigfoig\/files\/2022\/09\/Keszletgazdalkodasi_szabalyzat_hataly_2022.IX_.10-tol.pdf<\/a><\/li>\n<\/ul>\n\n<!-- iframe plugin v.4.9 wordpress.org\/plugins\/iframe\/ -->\n<iframe loading=\"lazy\" src=\"https:\/\/www.google.com\/maps\/embed?pb=!1m18!1m12!1m3!1d2697.35972617785!2d19.16088011562561!3d47.463419079175445!2m3!1f0!2f0!3f0!3m2!1i1024!2i768!4f13.1!3m3!1m2!1s0x4741c30369561271%3A0x791efeef922b2db1!2zQnVkYXBlc3QsIEd5w7ZtcsWRaSDDunQgMTA1LCAxMTAz!5e0!3m2!1shu!2shu!4v1562579890299!5m2!1shu!2shu\" width=\"100%\" height=\"420\" scrolling=\"yes\" class=\"iframe-class\" frameborder=\"0\"><\/iframe>\n\n\n<\/div><h2 class=\"tabtitle\">Munkat\u00e1rsak<\/h2>\n<div class=\"tabcontent\">\n\n<h2>Munkat\u00e1rsak:<\/h2>\n<p><em><strong>Deme \u00c9va \u2013 rakt\u00e1roz\u00e1si koordin\u00e1tor<br \/>\n<\/strong><\/em>Tel.: +36-1-459-1500\/60624<\/p>\n<p><em><strong>B\u00e1nv\u00f6lgyi Endre \u2013 rakt\u00e1rkezel\u0151<br \/>\n<\/strong><\/em>E-mail: <a href=\"mailto:kozpontiraktar@semmelweis.hu\">kozpontiraktar@semmelweis.hu<\/a><\/p>\n<p><strong>Bir\u00f3 Zolt\u00e1n Gergely \u2013\u00a0 rakt\u00e1roz\u00e1si munkat\u00e1rs<\/strong><\/p>\n<p><strong>Ill\u00e9s Istv\u00e1n \u2013\u00a0 rakt\u00e1roz\u00e1si munkat\u00e1rs<\/strong><\/p>\n<p><strong>Imre Zolt\u00e1n \u2013\u00a0 rakt\u00e1roz\u00e1si munkat\u00e1rs<\/strong><\/p>\n<p><strong>Reszket\u0151 Gy\u00f6rgy \u2013\u00a0 rakt\u00e1roz\u00e1si munkat\u00e1rs<\/strong><\/p>\n<p><strong>Szab\u00f3 L\u00e1szl\u00f3<\/strong> <strong>\u2013 rakt\u00e1roz\u00e1si munkat\u00e1rs<br \/>\n<\/strong><\/p>\n<p><strong>Sz\u0151ke Lajos \u2013 rakt\u00e1roz\u00e1si munkat\u00e1rs<\/strong><\/p>\n<p><strong>T\u00f6r\u00f6k Roland Istv\u00e1n<\/strong> <strong>\u2013\u00a0 rakt\u00e1roz\u00e1si munkat\u00e1rs<\/strong><\/p>\n<\/div><\/div>\n<p>&nbsp;<\/p>\n","protected":false},"excerpt":{"rendered":"<p>C\u00edm: 1103 Budapest, Gy\u00f6mr\u0151i \u00fat 105. e-mail: <a href=\"mailto:kozpontiraktar@semmelweis.hu\">kozpontiraktar@semmelweis.hu<\/a> A\u00a0K\u00f6zponti Rakt\u00e1r\u00a0f\u0151 feladata az Egyetemen bel\u00fcl m\u0171k\u00f6d\u0151 valamennyi szervezeti egys\u00e9g rakt\u00e1ri anyagokkal t\u00f6rt\u00e9n\u0151 ell\u00e1t\u00e1s\u00e1nak biztos\u00edt\u00e1sa. A rakt\u00e1ri v\u00e1laszt\u00e9k list\u00e1ban megtal\u00e1lhat\u00f3 az\u00a0irodai pap\u00edr\u00e1ru, az egy\u00e9b irodai term\u00e9kek, nyomtatv\u00e1nyok, a mos\u00f3-tiszt\u00edt\u00f3szerek, a fert\u0151tlen\u00edt\u0151szerek, egy\u00e9b h\u00e1ztart\u00e1si \u00e9s vegyi term\u00e9kek, az izz\u00f3k, a f\u00e9nycs\u00f6vek, az elemek, a szezon\u00e1lis term\u00e9kek, az egyszer haszn\u00e1latos &hellip;<\/p>\n","protected":false},"author":12,"featured_media":0,"parent":0,"menu_order":2,"comment_status":"closed","ping_status":"closed","template":"","meta":{"_acf_changed":false,"footnotes":""},"categories":[],"tags":[],"class_list":["post-72","page","type-page","status-publish","hentry"],"acf":[],"_links":{"self":[{"href":"https:\/\/semmelweis.hu\/vagyongazdalkodas\/wp-json\/wp\/v2\/pages\/72","targetHints":{"allow":["GET"]}}],"collection":[{"href":"https:\/\/semmelweis.hu\/vagyongazdalkodas\/wp-json\/wp\/v2\/pages"}],"about":[{"href":"https:\/\/semmelweis.hu\/vagyongazdalkodas\/wp-json\/wp\/v2\/types\/page"}],"author":[{"embeddable":true,"href":"https:\/\/semmelweis.hu\/vagyongazdalkodas\/wp-json\/wp\/v2\/users\/12"}],"replies":[{"embeddable":true,"href":"https:\/\/semmelweis.hu\/vagyongazdalkodas\/wp-json\/wp\/v2\/comments?post=72"}],"version-history":[{"count":10,"href":"https:\/\/semmelweis.hu\/vagyongazdalkodas\/wp-json\/wp\/v2\/pages\/72\/revisions"}],"predecessor-version":[{"id":2071,"href":"https:\/\/semmelweis.hu\/vagyongazdalkodas\/wp-json\/wp\/v2\/pages\/72\/revisions\/2071"}],"wp:attachment":[{"href":"https:\/\/semmelweis.hu\/vagyongazdalkodas\/wp-json\/wp\/v2\/media?parent=72"}],"wp:term":[{"taxonomy":"category","embeddable":true,"href":"https:\/\/semmelweis.hu\/vagyongazdalkodas\/wp-json\/wp\/v2\/categories?post=72"},{"taxonomy":"post_tag","embeddable":true,"href":"https:\/\/semmelweis.hu\/vagyongazdalkodas\/wp-json\/wp\/v2\/tags?post=72"}],"curies":[{"name":"wp","href":"https:\/\/api.w.org\/{rel}","templated":true}]}}