{"id":40,"date":"2014-01-07T09:33:51","date_gmt":"2014-01-07T08:33:51","guid":{"rendered":"http:\/\/semmelweis.hu\/vagyongazdalkodas\/events\/"},"modified":"2023-07-31T09:59:27","modified_gmt":"2023-07-31T07:59:27","slug":"elerhetoseg","status":"publish","type":"page","link":"https:\/\/semmelweis.hu\/vagyongazdalkodas\/elerhetoseg\/","title":{"rendered":"El\u00e9rhet\u0151s\u00e9g"},"content":{"rendered":"<p><strong>Vagyongazd\u00e1lkod\u00e1si Igazgat\u00f3s\u00e1g<\/strong><\/p>\n<p>C\u00edm: 1085 Budapest, R\u00f6kk Szil\u00e1rd utca 13. I. em.\u00a0<br \/>\nPostac\u00edm: 1085 Budapest, \u00dcll\u0151i \u00fat 26.; 1428 Budapest, Pf.2.<br \/>\nTelefon: +36-20-825-9891<\/p>\n<p>E-mail:<a href=\"mailto:vagyon@semmelweis.hu\"> vagyon@semmelweis.hu<\/a><\/p>\n<p>&nbsp;<\/p>\n<p><iframe loading=\"lazy\" src=\"https:\/\/www.google.com\/maps\/embed?pb=!1m18!1m12!1m3!1d2695.9101304626474!2d19.067575515626558!3d47.49166407917729!2m3!1f0!2f0!3f0!3m2!1i1024!2i768!4f13.1!3m3!1m2!1s0x4741dc5ebbce4ab3%3A0x4571a9aa51979b3c!2sBudapest%2C%20R%C3%B6kk%20Szil%C3%A1rd%20u.%2013%2C%201085!5e0!3m2!1shu!2shu!4v1690789704634!5m2!1shu!2shu\" width=\"600\" height=\"450\"><\/iframe><\/p>\n","protected":false},"excerpt":{"rendered":"<p>Vagyongazd\u00e1lkod\u00e1si Igazgat\u00f3s\u00e1g<br \/>\nC\u00edm: 1085 Budapest, R\u00f6kk Szil\u00e1rd utca 13. I. em.\u00a0<br \/>\nPostac\u00edm: 1085 Budapest, \u00dcll\u0151i \u00fat 26.; 1428 Budapest, Pf.2.<br \/>\nTelefon: +36-20-825-9891<br \/>\nE-mail:<a href=\"mailto:vagyon@semmelweis.hu\"> vagyon@semmelweis.hu<\/a><br \/>\n&nbsp;<\/p>\n","protected":false},"author":287,"featured_media":0,"parent":0,"menu_order":0,"comment_status":"closed","ping_status":"closed","template":"","meta":{"_acf_changed":false,"footnotes":""},"categories":[],"tags":[],"class_list":["post-40","page","type-page","status-publish","hentry"],"acf":[],"_links":{"self":[{"href":"https:\/\/semmelweis.hu\/vagyongazdalkodas\/wp-json\/wp\/v2\/pages\/40","targetHints":{"allow":["GET"]}}],"collection":[{"href":"https:\/\/semmelweis.hu\/vagyongazdalkodas\/wp-json\/wp\/v2\/pages"}],"about":[{"href":"https:\/\/semmelweis.hu\/vagyongazdalkodas\/wp-json\/wp\/v2\/types\/page"}],"author":[{"embeddable":true,"href":"https:\/\/semmelweis.hu\/vagyongazdalkodas\/wp-json\/wp\/v2\/users\/287"}],"replies":[{"embeddable":true,"href":"https:\/\/semmelweis.hu\/vagyongazdalkodas\/wp-json\/wp\/v2\/comments?post=40"}],"version-history":[{"count":11,"href":"https:\/\/semmelweis.hu\/vagyongazdalkodas\/wp-json\/wp\/v2\/pages\/40\/revisions"}],"predecessor-version":[{"id":1803,"href":"https:\/\/semmelweis.hu\/vagyongazdalkodas\/wp-json\/wp\/v2\/pages\/40\/revisions\/1803"}],"wp:attachment":[{"href":"https:\/\/semmelweis.hu\/vagyongazdalkodas\/wp-json\/wp\/v2\/media?parent=40"}],"wp:term":[{"taxonomy":"category","embeddable":true,"href":"https:\/\/semmelweis.hu\/vagyongazdalkodas\/wp-json\/wp\/v2\/categories?post=40"},{"taxonomy":"post_tag","embeddable":true,"href":"https:\/\/semmelweis.hu\/vagyongazdalkodas\/wp-json\/wp\/v2\/tags?post=40"}],"curies":[{"name":"wp","href":"https:\/\/api.w.org\/{rel}","templated":true}]}}