{"id":13,"date":"2012-09-11T15:40:47","date_gmt":"2012-09-11T13:40:47","guid":{"rendered":"http:\/\/semmelweis-egyetem.hu\/onkoterapiai-tanszek\/?page_id=5"},"modified":"2025-10-07T10:27:44","modified_gmt":"2025-10-07T08:27:44","slug":"altalanos-informaciok","status":"publish","type":"page","link":"https:\/\/semmelweis.hu\/vagyongazdalkodas\/altalanos-informaciok\/","title":{"rendered":"\u00c1ltal\u00e1nos inform\u00e1ci\u00f3k"},"content":{"rendered":"<p><strong>Tisztelt Koll\u00e9g\u00e1k!<\/strong><\/p>\n<p style=\"text-align: justify\">T\u00e1j\u00e9koztatom \u00d6n\u00f6ket, hogy a Vagyongazd\u00e1lkod\u00e1si Igazgat\u00f3s\u00e1g vezeti az Egyetem szervezeti egys\u00e9geinek adatszolg\u00e1ltat\u00e1s\u00e1n alapul\u00f3 helyis\u00e9gnyilv\u00e1ntart\u00e1s\u00e1t.<\/p>\n<p style=\"text-align: justify\">Figyelembe v\u00e9ve a teljes adatb\u00e1zis m\u00e9ret\u00e9t \u00e9s fel\u00e9p\u00edt\u00e9s\u00e9t, b\u00e1rmely \u00e9p\u00fclet, \u00e9p\u00fcletr\u00e9szre vonatkoz\u00f3 adatig\u00e9ny eset\u00e9n sz\u00edveskedjenek a helyis\u00e9ggazd\u00e1lkod\u00e1si \u00fcgyint\u00e9z\u0151 koll\u00e9g\u00e1nkhoz fordulni az al\u00e1bbi el\u00e9rhet\u0151s\u00e9gen:<\/p>\n<p><a href=\"https:\/\/semmelweis.hu\/telefonkonyv\/?emp_id=15969\">https:\/\/semmelweis.hu\/telefonkonyv\/?emp_id=15969<\/a><\/p>\n<p>&nbsp;<\/p>\n<p style=\"text-align: justify\">A\u00a0<strong>VAGYONGAZD\u00c1LKOD\u00c1SI IGAZGAT\u00d3S\u00c1G\u00a0<\/strong>a p\u00e9nz\u00fcgyi \u00e9s vagyongazd\u00e1lkod\u00e1si f\u0151igazgat\u00f3 fel\u00fcgyelete al\u00e1 tartoz\u00f3, igazgat\u00f3 vezet\u00e9s\u00e9vel m\u0171k\u00f6d\u0151 szervezeti egys\u00e9g, melynek feladatai:<\/p>\n<ol>\n<li>Semmelweis Egyetem szab\u00e1lyzata a helyis\u00e9ggazd\u00e1lkod\u00e1sr\u00f3l \u00e9s az \u00e9rt\u00e9kes\u00edt\u00e9sr\u0151l szerint:<\/li>\n<\/ol>\n<p style=\"padding-left: 40px\"><a href=\"https:\/\/semmelweis.hu\/jogigfoig\/files\/2025\/04\/Helyiseggazdalkodasi_szabalyzat_hataly_2025.V.01-tol.pdf\">https:\/\/semmelweis.hu\/jogigfoig\/files\/2025\/04\/Helyiseggazdalkodasi_szabalyzat_hataly_2025.V.01-tol.pdf<\/a><\/p>\n<ul>\n<li style=\"text-align: justify\">\u00a0az egyetemi ingatlanvagyon 90 napot meghalad\u00f3 hasznos\u00edt\u00e1s\u00e1hoz sz\u00fcks\u00e9ges dokumentumok \u2013 ide nem \u00e9rtve a szerz\u0151d\u00e9seket \u2013 szakmai el\u0151k\u00e9sz\u00edt\u00e9se, p\u00e1ly\u00e1zatok lebonyol\u00edt\u00e1sa, tov\u00e1bb\u00e1 a hasznos\u00edt\u00e1si szerz\u0151d\u00e9sek hat\u00e1lyk\u00f6vet\u00e9se, nyilv\u00e1ntart\u00e1sa;<\/li>\n<li style=\"text-align: justify\">az egyetem egys\u00e9ges \u00e9s elektronikus, a szervezetek m\u0171k\u00f6d\u00e9si helysz\u00edneinek helyis\u00e9g-nyilv\u00e1ntart\u00e1sa;<\/li>\n<li style=\"text-align: justify\">az egyetemi helyis\u00e9g-gazd\u00e1lkod\u00e1s biztos\u00edt\u00e1sa, elhelyez\u00e9si ig\u00e9nyek nyilv\u00e1ntart\u00e1sa, az elhelyez\u00e9si ig\u00e9nyek elb\u00edr\u00e1l\u00e1s\u00e1hoz javaslatt\u00e9telek el\u0151k\u00e9sz\u00edt\u00e9se;<\/li>\n<li style=\"text-align: justify\">az egyetemi szervezeti egys\u00e9gek m\u0171k\u00f6d\u00e9s\u00e9hez sz\u00fcks\u00e9ges ingatlanok 90 napot meghalad\u00f3 b\u00e9rbev\u00e9teleinek szakmai el\u0151k\u00e9sz\u00edt\u00e9se \u2013 ide nem \u00e9rtve a szerz\u0151d\u00e9sk\u00f6t\u00e9s folyamat\u00e1t-, tov\u00e1bb\u00e1 a b\u00e9rbev\u00e9teli szerz\u0151d\u00e9sek hat\u00e1lyk\u00f6vet\u00e9se, nyilv\u00e1ntart\u00e1sa;<\/li>\n<li style=\"text-align: justify\">elj\u00e1r az egyetemi ingatlanok birtok\u00e1truh\u00e1z\u00e1si elj\u00e1r\u00e1sai sor\u00e1n az Egyetem k\u00e9pviselet\u00e9ben, tov\u00e1bb\u00e1 k\u00e9pviseli az Egyetemet a t\u00e1rsash\u00e1zi tulajdonra vonatkoz\u00f3 tulajdonosi joggyakorl\u00e1s k\u00f6r\u00e9ben felmer\u00fcl\u0151 \u00fcgyekben;<\/li>\n<li style=\"text-align: justify\">a K\u00f6zponti Rakt\u00e1r m\u0171k\u00f6dtet\u00e9se, az Egyetemen bel\u00fcl m\u0171k\u00f6d\u0151 valamennyi szervezeti egys\u00e9g \u00e1ltal\u00e1nos rakt\u00e1ri \u00e9s gy\u00f3gyszernek nem min\u0151s\u00fcl\u0151 orvostechnikai fogy\u00f3anyagokkal t\u00f6rt\u00e9n\u0151 ell\u00e1t\u00e1s\u00e1nak biztos\u00edt\u00e1sa;<\/li>\n<li style=\"text-align: justify\">a szervezeti egys\u00e9gek feleslegess\u00e9 v\u00e1lt, de m\u00e9g haszn\u00e1lhat\u00f3 eszk\u00f6zeinek hasznos\u00edt\u00e1s\u00e1val kapcsolatos \u00fcgyletek int\u00e9z\u00e9se;<\/li>\n<li style=\"text-align: justify\">a selejtez\u00e9ssel kapcsolatos feladatok ell\u00e1t\u00e1sa (Selejtez\u00e9si Bizotts\u00e1g m\u0171k\u00f6dtet\u00e9se);<\/li>\n<li style=\"text-align: justify\">el\u0151k\u00e9sz\u00edti az Egyetem ing\u00f3-, \u00e9s ingatlan vagyonelemeinek \u00e9rt\u00e9kes\u00edt\u00e9s\u00e9t.<\/li>\n<\/ul>\n<p>&nbsp;<\/p>\n<p>\u00a0 \u00a0 2. Selejtez\u00e9si szab\u00e1lyzat alapj\u00e1n:<\/p>\n<p><a href=\"https:\/\/semmelweis.hu\/jogigfoig\/dokumentumtar\/szabalyzattar\/selejtezesi-szabalyzat\/\">\u00a0 \u00a0 \u00a0 https:\/\/semmelweis.hu\/jogigfoig\/dokumentumtar\/szabalyzattar\/selejtezesi-szabalyzat\/ <\/a><\/p>\n<ul>\n<li>a selejtez\u00e9ssel kapcsolatos feladatok ell\u00e1t\u00e1sa (Selejtez\u00e9si Bizotts\u00e1g m\u0171k\u00f6dtet\u00e9se).<\/li>\n<\/ul>\n<p>&nbsp;<\/p>\n<p>\u00a0 3. K\u00e9szletgazd\u00e1lkod\u00e1si szab\u00e1lyzat szerint:<\/p>\n<p><a href=\"https:\/\/semmelweis.hu\/jogigfoig\/dokumentumtar\/szabalyzattar\/keszletgazdalkodasi-szabalyzat\/\">\u00a0 \u00a0 https:\/\/semmelweis.hu\/jogigfoig\/dokumentumtar\/szabalyzattar\/keszletgazdalkodasi-szabalyzat\/<\/a><\/p>\n<ul>\n<li style=\"text-align: justify\">a K\u00f6zponti Rakt\u00e1r m\u0171k\u00f6dtet\u00e9se, az Egyetemen bel\u00fcl m\u0171k\u00f6d\u0151 valamennyi szervezeti egys\u00e9g \u00e1ltal\u00e1nos rakt\u00e1ri \u00e9s gy\u00f3gyszernek nem min\u0151s\u00fcl\u0151 orvostechnikai fogy\u00f3anyagokkal t\u00f6rt\u00e9n\u0151 ell\u00e1t\u00e1s\u00e1nak biztos\u00edt\u00e1sa.<\/li>\n<\/ul>\n<p>&nbsp;<\/p>\n<p><strong>Igazgat\u00f3:<\/strong> <em><strong>Rosengart B\u00e9la<br \/>\n<\/strong><\/em><\/p>\n<p><em><strong>\u00a0<\/strong><\/em><\/p>\n<p><strong>Titk\u00e1rn\u0151, adminisztrat\u00edv koordin\u00e1tor: <em>R\u00e1cz Zsuzsanna<\/em><br \/>\n<\/strong><\/p>\n<p><strong>El\u00e9rhet\u0151s\u00e9g:<br \/>\n<\/strong>Telefon: +36-20-825-9891<\/p>\n<p>E-mail: <a href=\"mailto:vagyon@semmelweis.hu\">vagyon@semmelweis.hu<\/a><\/p>\n<p>&nbsp;<\/p>\n<p><strong>Telephely koordin\u00e1tor:<\/strong><em><strong> N\u00e9meth J\u00f3zsef<\/strong><\/em><\/p>\n<p>&nbsp;<\/p>\n<p><strong>Gazdas\u00e1gi vezet\u0151i feladatok :<\/strong><em><strong> Dr. Szmodis Jen\u0151 L\u00f3r\u00e1ntn\u00e9 igazgat\u00f3<br \/>\n<\/strong><\/em>K\u00f6zponti Gazdas\u00e1gi H\u00e1l\u00f3zat-ir\u00e1ny\u00edt\u00e1si Igazgat\u00f3s\u00e1g<em><strong><br \/>\n<\/strong><\/em><\/p>\n<p>&nbsp;<\/p>\n<p><strong>Szervezeti fel\u00e9p\u00edt\u00e9s:<\/strong><\/p>\n<ul>\n<li><a href=\"https:\/\/semmelweis.hu\/vagyongazdalkodas\/vagyon\/\">Vagyon- \u00e9s helyis\u00e9ggazd\u00e1lkod\u00e1si Oszt\u00e1ly<\/a><\/li>\n<li><a href=\"https:\/\/semmelweis.hu\/vagyongazdalkodas\/kozponti-raktar\/\">K\u00f6zponti Rakt\u00e1r<\/a><\/li>\n<li><a href=\"https:\/\/semmelweis.hu\/vagyongazdalkodas\/altalanos-informaciok\/selejtezesi-bizottsag\/\">Selejtez\u00e9si\u00a0Bizotts\u00e1g<\/a><\/li>\n<li><a href=\"https:\/\/semmelweis.hu\/vagyongazdalkodas\/helyisegnyilvantartasi-csoport\/\">K\u00e9szletgazd\u00e1lkod\u00e1si Oszt\u00e1ly<\/a><\/li>\n<\/ul>\n<p>&nbsp;<\/p>\n","protected":false},"excerpt":{"rendered":"<p>Tisztelt Koll\u00e9g\u00e1k! T\u00e1j\u00e9koztatom \u00d6n\u00f6ket, hogy a Vagyongazd\u00e1lkod\u00e1si Igazgat\u00f3s\u00e1g vezeti az Egyetem szervezeti egys\u00e9geinek adatszolg\u00e1ltat\u00e1s\u00e1n alapul\u00f3 helyis\u00e9gnyilv\u00e1ntart\u00e1s\u00e1t. Figyelembe v\u00e9ve a teljes adatb\u00e1zis m\u00e9ret\u00e9t \u00e9s fel\u00e9p\u00edt\u00e9s\u00e9t, b\u00e1rmely \u00e9p\u00fclet, \u00e9p\u00fcletr\u00e9szre vonatkoz\u00f3 adatig\u00e9ny eset\u00e9n sz\u00edveskedjenek a helyis\u00e9ggazd\u00e1lkod\u00e1si \u00fcgyint\u00e9z\u0151 koll\u00e9g\u00e1nkhoz fordulni az al\u00e1bbi el\u00e9rhet\u0151s\u00e9gen: <a href=\"https:\/\/semmelweis.hu\/telefonkonyv\/?emp_id=15969\">https:\/\/semmelweis.hu\/telefonkonyv\/?emp_id=15969<\/a> &nbsp; A\u00a0VAGYONGAZD\u00c1LKOD\u00c1SI IGAZGAT\u00d3S\u00c1G\u00a0a p\u00e9nz\u00fcgyi \u00e9s vagyongazd\u00e1lkod\u00e1si f\u0151igazgat\u00f3 fel\u00fcgyelete al\u00e1 tartoz\u00f3, igazgat\u00f3 vezet\u00e9s\u00e9vel m\u0171k\u00f6d\u0151 szervezeti egys\u00e9g, melynek &hellip;<\/p>\n","protected":false},"author":287,"featured_media":1418,"parent":0,"menu_order":0,"comment_status":"closed","ping_status":"closed","template":"","meta":{"_acf_changed":false,"footnotes":""},"categories":[],"tags":[],"class_list":["post-13","page","type-page","status-publish","has-post-thumbnail","hentry"],"acf":[],"_links":{"self":[{"href":"https:\/\/semmelweis.hu\/vagyongazdalkodas\/wp-json\/wp\/v2\/pages\/13","targetHints":{"allow":["GET"]}}],"collection":[{"href":"https:\/\/semmelweis.hu\/vagyongazdalkodas\/wp-json\/wp\/v2\/pages"}],"about":[{"href":"https:\/\/semmelweis.hu\/vagyongazdalkodas\/wp-json\/wp\/v2\/types\/page"}],"author":[{"embeddable":true,"href":"https:\/\/semmelweis.hu\/vagyongazdalkodas\/wp-json\/wp\/v2\/users\/287"}],"replies":[{"embeddable":true,"href":"https:\/\/semmelweis.hu\/vagyongazdalkodas\/wp-json\/wp\/v2\/comments?post=13"}],"version-history":[{"count":11,"href":"https:\/\/semmelweis.hu\/vagyongazdalkodas\/wp-json\/wp\/v2\/pages\/13\/revisions"}],"predecessor-version":[{"id":2077,"href":"https:\/\/semmelweis.hu\/vagyongazdalkodas\/wp-json\/wp\/v2\/pages\/13\/revisions\/2077"}],"wp:featuredmedia":[{"embeddable":true,"href":"https:\/\/semmelweis.hu\/vagyongazdalkodas\/wp-json\/wp\/v2\/media\/1418"}],"wp:attachment":[{"href":"https:\/\/semmelweis.hu\/vagyongazdalkodas\/wp-json\/wp\/v2\/media?parent=13"}],"wp:term":[{"taxonomy":"category","embeddable":true,"href":"https:\/\/semmelweis.hu\/vagyongazdalkodas\/wp-json\/wp\/v2\/categories?post=13"},{"taxonomy":"post_tag","embeddable":true,"href":"https:\/\/semmelweis.hu\/vagyongazdalkodas\/wp-json\/wp\/v2\/tags?post=13"}],"curies":[{"name":"wp","href":"https:\/\/api.w.org\/{rel}","templated":true}]}}