{"id":1000,"date":"2018-04-04T09:47:44","date_gmt":"2018-04-04T07:47:44","guid":{"rendered":"http:\/\/semmelweis.hu\/vagyongazdalkodas\/?page_id=1000"},"modified":"2023-03-31T11:37:10","modified_gmt":"2023-03-31T09:37:10","slug":"helyisegnyilvantartasi-csoport","status":"publish","type":"page","link":"https:\/\/semmelweis.hu\/vagyongazdalkodas\/helyisegnyilvantartasi-csoport\/","title":{"rendered":"K\u00e9szletgazd\u00e1lkod\u00e1si Oszt\u00e1ly"},"content":{"rendered":"<p><strong>Munkat\u00e1rsak:<\/strong><\/p>\n<p><strong><em>T\u00f3th Mih\u00e1ly Imre \u2013 k\u00e9szletgazd\u00e1lkod\u00e1si oszt\u00e1lyvezet\u0151<\/em><\/strong><\/p>\n<p><em><strong>K\u00f6b\u00f6l J\u00f3zsef\u00a0 \u2013 anyaggazd\u00e1lkod\u00f3<\/strong><\/em><\/p>\n<p><em><strong>Tan\u00e1cs Attila \u2013 anyaggazd\u00e1lkod\u00f3<\/strong><\/em><\/p>\n<p>&nbsp;<\/p>\n<p><em><strong>\u00a0<\/strong><\/em><\/p>\n<p>&nbsp;<\/p>\n<p>&nbsp;<\/p>\n","protected":false},"excerpt":{"rendered":"<p>Munkat\u00e1rsak:<br \/>\nT\u00f3th Mih\u00e1ly Imre \u2013 k\u00e9szletgazd\u00e1lkod\u00e1si oszt\u00e1lyvezet\u0151<br \/>\nK\u00f6b\u00f6l J\u00f3zsef\u00a0 \u2013 anyaggazd\u00e1lkod\u00f3<br \/>\nTan\u00e1cs Attila \u2013 anyaggazd\u00e1lkod\u00f3<br \/>\n&nbsp;<br \/>\n\u00a0<br \/>\n&nbsp;<br \/>\n&nbsp;<\/p>\n","protected":false},"author":287,"featured_media":0,"parent":0,"menu_order":5,"comment_status":"closed","ping_status":"closed","template":"","meta":{"_acf_changed":false,"footnotes":""},"categories":[],"tags":[],"class_list":["post-1000","page","type-page","status-publish","hentry"],"acf":[],"_links":{"self":[{"href":"https:\/\/semmelweis.hu\/vagyongazdalkodas\/wp-json\/wp\/v2\/pages\/1000","targetHints":{"allow":["GET"]}}],"collection":[{"href":"https:\/\/semmelweis.hu\/vagyongazdalkodas\/wp-json\/wp\/v2\/pages"}],"about":[{"href":"https:\/\/semmelweis.hu\/vagyongazdalkodas\/wp-json\/wp\/v2\/types\/page"}],"author":[{"embeddable":true,"href":"https:\/\/semmelweis.hu\/vagyongazdalkodas\/wp-json\/wp\/v2\/users\/287"}],"replies":[{"embeddable":true,"href":"https:\/\/semmelweis.hu\/vagyongazdalkodas\/wp-json\/wp\/v2\/comments?post=1000"}],"version-history":[{"count":10,"href":"https:\/\/semmelweis.hu\/vagyongazdalkodas\/wp-json\/wp\/v2\/pages\/1000\/revisions"}],"predecessor-version":[{"id":1749,"href":"https:\/\/semmelweis.hu\/vagyongazdalkodas\/wp-json\/wp\/v2\/pages\/1000\/revisions\/1749"}],"wp:attachment":[{"href":"https:\/\/semmelweis.hu\/vagyongazdalkodas\/wp-json\/wp\/v2\/media?parent=1000"}],"wp:term":[{"taxonomy":"category","embeddable":true,"href":"https:\/\/semmelweis.hu\/vagyongazdalkodas\/wp-json\/wp\/v2\/categories?post=1000"},{"taxonomy":"post_tag","embeddable":true,"href":"https:\/\/semmelweis.hu\/vagyongazdalkodas\/wp-json\/wp\/v2\/tags?post=1000"}],"curies":[{"name":"wp","href":"https:\/\/api.w.org\/{rel}","templated":true}]}}