{"id":8,"date":"2012-02-04T13:54:56","date_gmt":"2012-02-04T12:54:56","guid":{"rendered":"http:\/\/semmelweis-egyetem.hu\/urologia\/?page_id=8"},"modified":"2023-05-02T11:59:24","modified_gmt":"2023-05-02T09:59:24","slug":"tortenet","status":"publish","type":"page","link":"https:\/\/semmelweis.hu\/urologia\/altalanos-informaciok\/tortenet\/","title":{"rendered":"A Klinika t\u00f6rt\u00e9nete"},"content":{"rendered":"<p style=\"text-align: left\">Magyarorsz\u00e1gon az orvosk\u00e9pz\u00e9s a k\u00f6z\u00e9pkorra ny\u00falik vissza, iskol\u00e1t teremteni azonban nem siker\u00fclt eg\u00e9szen a gr\u00f3f Esterh\u00e1zy K\u00e1roly egri p\u00fcsp\u00f6k \u00e1ltal t\u00e1mogatott Schola Medicinalis l\u00e9trej\u00f6tt\u00e9ig. A P\u00e1zm\u00e1ny P\u00e9ter esztergomi \u00e9rsek \u00e1ltal 1635-ben alap\u00edtott egyetemen M\u00e1ria Ter\u00e9zia rendelete alapj\u00e1n l\u00e9trej\u00f6tt a Nagyszombati Egyetem Orvoskara 1769. november 7-\u00e9n. Az Egyetem 1777-ben Bud\u00e1ra k\u00f6lt\u00f6z\u00f6tt, majd 1780. m\u00e1rcius 25-\u00e9n M\u00e1ria Ter\u00e9zia kiadta a Diploma Inaugural\u00e9t, az Egyetem \u201eMagna Chart\u00e1j\u00e1t\u201d. II. J\u00f3zsef 1784-ben Pestre, a jezsuita rendh\u00e1zba k\u00f6lt\u00f6ztette az Universitast. A k\u00f6z\u00e9pkor orvosa nem foglalatoskodott seb\u00e9szettel, akkoriban v\u00e1ndorseb\u00e9szek, borb\u00e9lymesterek gy\u00f3gy\u00edtottak k\u00e9ssel, \u00edgy a k\u0151metsz\u00e9seket, k\u0151t\u00f6r\u00e9seket, a h\u00fagyh\u00f3lyag csapol\u00e1s\u00e1t is t\u00f6bbnyire \u0151k v\u00e9gezt\u00e9k. 1527-b\u0151l sz\u00e1rmazik az els\u0151 urol\u00f3giai t\u00e1rgy\u00fa \u00edr\u00e1sos eml\u00e9k\u00fcnk Lencs\u00e9s Gy\u00f6rgy \u201eArs Medica\u201d c. m\u0171v\u00e9b\u0151l. Borb\u00e9ly Istv\u00e1n \u00e9s R\u00e1cz S\u00e1muel seb\u00e9szk\u00f6nyveiben olvashatunk a kor urol\u00f3giai beavatkoz\u00e1sair\u00f3l.<\/p>\n<p style=\"text-align: left\">Az asepsis-antisepsis \u00e9s az \u00e9rz\u00e9stelen\u00edt\u00e9s, altat\u00e1s felfedez\u00e9s\u00e9t k\u00f6vet\u0151en a seb\u00e9szet orvosi disciplin\u00e1v\u00e1 v\u00e1lhatott, \u00e9s addig nem l\u00e1tott fejl\u0151d\u00e9s indulhatott meg. A magyar seb\u00e9szeti iskola megteremt\u0151j\u00e9nek <strong>Balassa J\u00e1nost<\/strong> (1818-1868), Semmelweis kort\u00e1rs\u00e1t tekintj\u00fck, akit 29 \u00e9vesen a pesti seb\u00e9szeti klinika igazgat\u00f3 professzor\u00e1nak neveztek ki. 1857-ben az akkor indul\u00f3 Orvosi Hetilap els\u0151 sz\u00e1m\u00e1ban k\u00f6z\u00f6lte tapasztalatait a h\u00f3lyagmetsz\u00e9s \u00e9s k\u0151z\u00faz\u00e1s ter\u00e9n. Foglalkozott a k\u00f6vek keletkez\u00e9s\u00e9vel, a vesicovaginalis fistula (h\u00f3lyag-h\u00fcvely sipoly) m\u0171t\u00e9ti megold\u00e1s\u00e1val \u00e9s a h\u00fagycs\u0151sz\u0171k\u00fclettel is, megc\u00e1folva a kor dogm\u00e1j\u00e1t a sz\u0171k\u00fclet \u201eg\u00f6rcs\u00f6s\u201d eredet\u00e9t illet\u0151en.<\/p>\n<p style=\"text-align: left\">Ut\u00f3dja <strong>Kov\u00e1cs J\u00f3zsef<\/strong>, a Szent R\u00f3kus K\u00f3rh\u00e1zban m\u0171k\u00f6d\u0151 seb\u00e9szeti klinika vezet\u0151je volt, aki majd h\u00e9tsz\u00e1z urol\u00f3giai m\u0171t\u00e9tet v\u00e9gzett. A cystoscop feltal\u00e1l\u00e1s\u00e1t k\u00f6vet\u0151en az urol\u00f3gia jelent\u0151s fejl\u0151d\u00e9snek indul, majd lev\u00e1lt a seb\u00e9szetr\u0151l, \u00e9s \u00f6n\u00e1ll\u00f3 szak\u00e1gg\u00e1 v\u00e1lt.<\/p>\n<figure id=\"attachment_514\" aria-describedby=\"caption-attachment-514\" style=\"width: 106px\" class=\"wp-caption alignleft\"><a href=\"https:\/\/semmelweis.hu\/urologia\/files\/2014\/03\/antal.jpg\"><img loading=\"lazy\" decoding=\"async\" class=\" wp-image-514 \" src=\"https:\/\/semmelweis.hu\/urologia\/files\/2014\/03\/antal.jpg\" alt=\"antal\" width=\"106\" height=\"130\" \/><\/a><figcaption id=\"caption-attachment-514\" class=\"wp-caption-text\">Antal G\u00e9za<\/figcaption><\/figure>\n<p style=\"text-align: left\">Kov\u00e1cs tan\u00edtv\u00e1nya <b>Antal G\u00e9za<\/b> (1846-1889) tekinthet\u0151 az els\u0151 magyar urol\u00f3gusnak, akit 1883-ban az urol\u00f3giai seb\u00e9szet egyetemi tan\u00e1r\u00e1nak \u00e9s a Szt. R\u00f3kus K\u00f3rh\u00e1zban l\u00e9trehozott els\u0151 \u00f6n\u00e1ll\u00f3 magyarorsz\u00e1gi urol\u00f3giai oszt\u00e1ly vezet\u0151j\u00e9nek neveztek ki. Az Orvosi Hetilap f\u0151szerkeszt\u0151je \u00e9s a Magyar Tudom\u00e1nyos Akad\u00e9mia levelez\u0151 tagja volt. Saj\u00e1t fejleszt\u00e9s\u0171 aero-urethroscopot (leveg\u0151-h\u00fagycs\u0151t\u00fckr\u00f6t) szerkesztett. 1888-ban adta ki urol\u00f3giai tank\u00f6nyv\u00e9t. Fiatalon, p\u00e1ly\u00e1ja cs\u00facs\u00e1n \u00e9rte a hal\u00e1l.<\/p>\n<p style=\"text-align: left\">Az urol\u00f3giai oszt\u00e1ly vezet\u00e9s\u00e9t <strong>Farkas L\u00e1szl\u00f3<\/strong> (1847-1913) vette \u00e1t. Eml\u00e9k\u00e9t a nev\u00e9t visel\u0151 Farkas-fecskend\u0151 \u0151rzi. Emellett sz\u00e1mos \u00faj elj\u00e1r\u00e1st dolgozott ki. Az els\u0151 nephrectomi\u00e1t (veseelt\u00e1vol\u00edt\u00e1st) <strong>R\u00e9czey Imre<\/strong> (1848-1935) v\u00e9gezte Magyarorsz\u00e1gon. A n\u0151gy\u00f3gy\u00e1sz Tauffer Vilmos (1851-1935) nev\u00e9hez f\u0171z\u0151dik a s\u00e9r\u00fclt ureter \u00fajraegyes\u00edt\u00e9se mellett az els\u0151 transperitonealis (=hash\u00e1rty\u00e1n kereszt\u00fcli) nephrectomia (=veseelt\u00e1vol\u00edt\u00e1s) is. A kor kiemelked\u0151 orvosa Kor\u00e1nyi S\u00e1ndor (1866-1944) a vese \u00e9lettani vizsg\u00e1lataival \u00e9s a kryoscopos vizeletvizsg\u00e1lattal j\u00e1rult hozz\u00e1 a magyar \u00e9s nemzetk\u00f6zi urol\u00f3gia fejl\u0151d\u00e9s\u00e9hez.<\/p>\n<figure id=\"attachment_518\" aria-describedby=\"caption-attachment-518\" style=\"width: 120px\" class=\"wp-caption alignright\"><a href=\"https:\/\/semmelweis.hu\/urologia\/files\/2014\/03\/illyes.geza_.jpg\"><img loading=\"lazy\" decoding=\"async\" class=\" wp-image-518 \" src=\"https:\/\/semmelweis.hu\/urologia\/files\/2014\/03\/illyes.geza_.jpg\" alt=\"Illy\u00e9s G\u00e9za\" width=\"120\" height=\"174\" \/><\/a><figcaption id=\"caption-attachment-518\" class=\"wp-caption-text\">Illy\u00e9s G\u00e9za<\/figcaption><\/figure>\n<p style=\"text-align: left\">Az \u00f6n\u00e1ll\u00f3 magyar urol\u00f3gia megteremt\u0151je <b>Illy\u00e9s G\u00e9za<\/b> (1870- 1951). Dollinger Gyula tan\u00edtv\u00e1nyak\u00e9nt dolgozott a seb\u00e9szeti klinik\u00e1n, majd az urol\u00f3gi\u00e1t v\u00e1lasztotta. Az ureterbe vezetett ez\u00fcstsodronnyal mutatta be r\u00f6ntgenfelv\u00e9telen a vesevezet\u00e9kek lefut\u00e1s\u00e1t, majd els\u0151k\u00e9nt a vil\u00e1gon l\u00e9trehozta a pyelographia elm\u00e9leti alapjait. Tudom\u00e1nyos tev\u00e9kenys\u00e9ge elismer\u00e9sek\u00e9ppen 1904-ben mag\u00e1ntan\u00e1ri kinevez\u00e9st nyert, majd 1913-ban a Szent R\u00f3kus K\u00f3rh\u00e1z urol\u00f3giai oszt\u00e1ly\u00e1nak vezet\u00e9s\u00e9vel b\u00edzt\u00e1k meg. 1920-ban &#8211; a vil\u00e1gon els\u0151k\u00e9nt &#8211; oszt\u00e1ly\u00e1t a Budapesti Kir\u00e1lyi Magyar P\u00e1zm\u00e1ny P\u00e9ter Tudom\u00e1nyegyetem Orvosi Kar\u00e1nak Urol\u00f3giai Klinik\u00e1j\u00e1v\u00e1 nevezt\u00e9k ki.<\/p>\n<p style=\"text-align: left\">1924-ben az \u0151 kezdem\u00e9nyez\u00e9s\u00e9re vezett\u00e9k be az urol\u00f3giai szakvizsg\u00e1t. Az 1925-ben alakult Magyar Urol\u00f3gus T\u00e1rsas\u00e1g els\u0151 eln\u00f6k\u00e9v\u00e9 v\u00e1lasztott\u00e1k. 1930-ban jelent meg Urol\u00f3gia c\u00edm\u0171 tank\u00f6nyve, melyet angolul is kiadtak. 1936-ban mai hely\u00e9re, \u00faj \u00e9p\u00fcletbe k\u00f6lt\u00f6z\u00f6tt a Szent R\u00f3kus K\u00f3rh\u00e1zb\u00f3l a Klinika. Ett\u0151l a tan\u00e9vt\u0151l az urol\u00f3gia fakultat\u00edv tant\u00e1rggy\u00e1 v\u00e1lt 35 hallgat\u00f3val, heti k\u00e9t \u00f3r\u00e1ban. Illy\u00e9s G\u00e9z\u00e1t a Magyar Tudom\u00e1nyos Akad\u00e9mia, levelez\u0151, k\u00e9s\u0151bb rendes tagj\u00e1v\u00e1, majd 1949-ben az MTA Orvosi Tagozat\u00e1nak eln\u00f6k\u00e9v\u00e9 v\u00e1lasztott\u00e1k. A vil\u00e1g valamennyi t\u00e1j\u00e1r\u00f3l \u00e9rkeztek az urol\u00f3gi\u00e1t tanulni v\u00e1gy\u00f3k a kor elismert egy\u00e9nis\u00e9g\u00e9hez, amit a mai napig meg\u0151rz\u00f6tt vend\u00e9gk\u00f6nyv is bizony\u00edt. A Klinik\u00e1t 1943-t\u00f3l 1945-ig <strong>Minder Gyula<\/strong> (1895-1982) vezette, aki 1938-ban megalap\u00edtja a Magyar Urol\u00f3gia c\u00edm\u0171 foly\u00f3iratot.\u00a0 Illy\u00e9s professzor els\u0151 tan\u00e1rseg\u00e9dje, <strong>Babics Antal<\/strong> (1902-1992) a m\u00e1sodik vil\u00e1gh\u00e1bor\u00fa ut\u00e1n 1946-t\u00f3l 1974-ig vezette az Urol\u00f3giai Klinik\u00e1t.\u00a0 Tudom\u00e1nyos \u00e9s gy\u00f3gy\u00edt\u00f3 tev\u00e9kenys\u00e9ge mellett az egyetem d\u00e9k\u00e1nja, orsz\u00e1ggy\u0171l\u00e9si k\u00e9pvisel\u0151 \u00e9s 1956-ban Nagy Imre korm\u00e1ny\u00e1nak eg\u00e9szs\u00e9g\u00fcgyi minisztere is volt. 1950-ben az MTA rendes tagj\u00e1v\u00e1 v\u00e1lasztott\u00e1k. 1948-t\u00f3l k\u00f6telez\u0151 t\u00e1rggy\u00e1 v\u00e1lt az urol\u00f3gia, Babics tank\u00f6nyv\u00e9t t\u00f6bb gener\u00e1ci\u00f3 forgatta.<\/p>\n<p style=\"text-align: left\">A Klinikai tov\u00e1bbi igazgat\u00f3 professzorai: Balogh Ferenc 1974-1986; Frang Dezs\u0151 1986-1997; Romics Imre 1997-2012.<\/p>\n<p style=\"text-align: left\">Jelenleg Dr. Nyir\u00e1dy P\u00e9ter az Urol\u00f3giai Klinika igazgat\u00f3ja.\u00a0<\/p>\n<p style=\"text-align: left\"><img loading=\"lazy\" decoding=\"async\" class=\"alignright  wp-image-4163\" src=\"https:\/\/semmelweis.hu\/urologia\/files\/2022\/09\/Szent-Liborius.jpg\" alt=\"\" width=\"185\" height=\"123\" \/>A Klinika 2022-ben \u00fcnnepelte alap\u00edt\u00e1s\u00e1nak 100. \u00e9vfordul\u00f3j\u00e1t, melynek alkalm\u00e1b\u00f3l az aul\u00e1ban az urol\u00f3gia v\u00e9d\u0151szentj\u00e9t, Szent Liboriust \u00e1br\u00e1zol\u00f3 szobrot avattak fel.\u00a0<\/p>\n<p style=\"text-align: left\">\u00a0<\/p>\n","protected":false},"excerpt":{"rendered":"<p>Magyarorsz\u00e1gon az orvosk\u00e9pz\u00e9s a k\u00f6z\u00e9pkorra ny\u00falik vissza, iskol\u00e1t teremteni azonban nem siker\u00fclt eg\u00e9szen a gr\u00f3f Esterh\u00e1zy K\u00e1roly egri p\u00fcsp\u00f6k \u00e1ltal t\u00e1mogatott Schola Medicinalis l\u00e9trej\u00f6tt\u00e9ig. A P\u00e1zm\u00e1ny P\u00e9ter esztergomi \u00e9rsek \u00e1ltal 1635-ben alap\u00edtott egyetemen M\u00e1ria Ter\u00e9zia rendelete alapj\u00e1n l\u00e9trej\u00f6tt a Nagyszombati Egyetem Orvoskara 1769. november 7-\u00e9n. Az Egyetem 1777-ben Bud\u00e1ra k\u00f6lt\u00f6z\u00f6tt, majd 1780. m\u00e1rcius 25-\u00e9n M\u00e1ria &hellip;<\/p>\n","protected":false},"author":316,"featured_media":0,"parent":10,"menu_order":0,"comment_status":"open","ping_status":"closed","template":"","meta":{"_acf_changed":false,"footnotes":""},"categories":[],"tags":[],"class_list":["post-8","page","type-page","status-publish","hentry"],"acf":[],"_links":{"self":[{"href":"https:\/\/semmelweis.hu\/urologia\/wp-json\/wp\/v2\/pages\/8","targetHints":{"allow":["GET"]}}],"collection":[{"href":"https:\/\/semmelweis.hu\/urologia\/wp-json\/wp\/v2\/pages"}],"about":[{"href":"https:\/\/semmelweis.hu\/urologia\/wp-json\/wp\/v2\/types\/page"}],"author":[{"embeddable":true,"href":"https:\/\/semmelweis.hu\/urologia\/wp-json\/wp\/v2\/users\/316"}],"replies":[{"embeddable":true,"href":"https:\/\/semmelweis.hu\/urologia\/wp-json\/wp\/v2\/comments?post=8"}],"version-history":[{"count":12,"href":"https:\/\/semmelweis.hu\/urologia\/wp-json\/wp\/v2\/pages\/8\/revisions"}],"predecessor-version":[{"id":4286,"href":"https:\/\/semmelweis.hu\/urologia\/wp-json\/wp\/v2\/pages\/8\/revisions\/4286"}],"up":[{"embeddable":true,"href":"https:\/\/semmelweis.hu\/urologia\/wp-json\/wp\/v2\/pages\/10"}],"wp:attachment":[{"href":"https:\/\/semmelweis.hu\/urologia\/wp-json\/wp\/v2\/media?parent=8"}],"wp:term":[{"taxonomy":"category","embeddable":true,"href":"https:\/\/semmelweis.hu\/urologia\/wp-json\/wp\/v2\/categories?post=8"},{"taxonomy":"post_tag","embeddable":true,"href":"https:\/\/semmelweis.hu\/urologia\/wp-json\/wp\/v2\/tags?post=8"}],"curies":[{"name":"wp","href":"https:\/\/api.w.org\/{rel}","templated":true}]}}