{"id":766,"date":"2014-07-28T10:56:57","date_gmt":"2014-07-28T08:56:57","guid":{"rendered":"http:\/\/semmelweis.hu\/urologia\/?page_id=766"},"modified":"2023-05-02T12:31:56","modified_gmt":"2023-05-02T10:31:56","slug":"konyvtar","status":"publish","type":"page","link":"https:\/\/semmelweis.hu\/urologia\/altalanos-informaciok\/konyvtar\/","title":{"rendered":"K\u00f6nyvt\u00e1r"},"content":{"rendered":"<figure id=\"attachment_780\" aria-describedby=\"caption-attachment-780\" style=\"width: 300px\" class=\"wp-caption alignright\"><a href=\"https:\/\/semmelweis.hu\/urologia\/files\/2014\/07\/15.jpg\"><img loading=\"lazy\" decoding=\"async\" class=\"size-medium wp-image-780\" src=\"https:\/\/semmelweis.hu\/urologia\/files\/2014\/07\/15-300x189.jpg\" alt=\"Az Urol\u00f3gia Klinikai k\u00f6nyvt\u00e1r el\u0151dje a III. sz\u00e1m\u00fa Belklinika k\u00f6nyvt\u00e1ra. A felv\u00e9tel 1922-ben k\u00e9sz\u00fclt. \" width=\"300\" height=\"189\" srcset=\"https:\/\/semmelweis.hu\/urologia\/files\/2014\/07\/15-300x189.jpg 300w, https:\/\/semmelweis.hu\/urologia\/files\/2014\/07\/15-1024x646.jpg 1024w, https:\/\/semmelweis.hu\/urologia\/files\/2014\/07\/15-474x300.jpg 474w, https:\/\/semmelweis.hu\/urologia\/files\/2014\/07\/15.jpg 1931w\" sizes=\"auto, (max-width: 300px) 100vw, 300px\" \/><\/a><figcaption id=\"caption-attachment-780\" class=\"wp-caption-text\">Az Urol\u00f3gia Klinikai k\u00f6nyvt\u00e1r el\u0151dje a III. sz\u00e1m\u00fa Belklinika k\u00f6nyvt\u00e1ra. A felv\u00e9tel 1922-ben k\u00e9sz\u00fclt.<\/figcaption><\/figure>\n<p style=\"text-align: left\">Urol\u00f3giai \u2013 Androl\u00f3giai Szakk\u00f6nyvt\u00e1r<br \/>\n1082 Budapest \u00dcll\u0151i \u00fat 78\/B.<\/p>\n<p style=\"text-align: left\"><strong>Nyitva tart\u00e1s:<\/strong> <br \/>\nmunkanapokon 09-15.00 \u00f3r\u00e1ig<\/p>\n<p style=\"text-align: left\">A betegell\u00e1t\u00e1s, a szerte\u00e1gaz\u00f3 klinikai vizsg\u00e1latok \u00e9s alapkutat\u00e1sok, a h\u00e1romnyelv\u0171 gradu\u00e1lis, valamint a posztgradu\u00e1lis k\u00e9pz\u00e9s, az urol\u00f3giai \u00e9s androl\u00f3giai szakorvosk\u00e9pz\u00e9s egyar\u00e1nt megk\u00f6vetelik a klinikai k\u00f6nyvt\u00e1r m\u0171k\u00f6d\u00e9s\u00e9t.<\/p>\n<p style=\"text-align: left\"><strong>A k\u00f6nyvt\u00e1r bemutat\u00e1sa<\/strong><br \/>\nA k\u00f6nyvt\u00e1r \u00e1llom\u00e1ny\u00e1ban k\u00f6zel 1500 szakk\u00f6nyv \u00e9s ismeretterjeszt\u0151 k\u00f6nyv tal\u00e1lhat\u00f3 magyar, angol, francia \u00e9s n\u00e9met nyelven. A foly\u00f3iratok sz\u00e1ma k\u00f6zel 1000 p\u00e9ld\u00e1ny. A foly\u00f3iratok j\u00f3 r\u00e9sze elektronikus form\u00e1tumban is el\u00e9rhet\u0151. Folyamatosan n\u0151 az oktat\u00f3 DVD filmek sz\u00e1ma.<\/p>\n<p style=\"text-align: left\">A klinika k\u00f6nyvt\u00e1ra el\u0151fizet az Elsevier kiad\u00f3 gondoz\u00e1s\u00e1ban megjelen\u0151 <a href=\"http:\/\/www.urologic.theclinics.com\/\" target=\"_blank\" rel=\"noopener noreferrer\">Urologic Clinics of North America<\/a> c\u00edm\u0171 foly\u00f3iratra, mely az urol\u00f3gia \u00e9s az androl\u00f3gia ter\u00fclet\u00e9n bel\u00fcl az egyik legelismertebb k\u00fclf\u00f6ldi foly\u00f3irat. A negyed\u00e9vente megjelen\u0151 kiadv\u00e1ny c\u00e9lja, hogy t\u00e1j\u00e9koztassa az urol\u00f3gusokat a legkorszer\u0171bb klinikai m\u00f3dszerekr\u0151l, elj\u00e1r\u00e1sokr\u00f3l.<\/p>\n<figure id=\"attachment_770\" aria-describedby=\"caption-attachment-770\" style=\"width: 191px\" class=\"wp-caption alignright\"><a href=\"https:\/\/semmelweis.hu\/urologia\/files\/2014\/07\/IntUrolNephrol1969.jpg\"><img loading=\"lazy\" decoding=\"async\" class=\"size-medium wp-image-770\" src=\"https:\/\/semmelweis.hu\/urologia\/files\/2014\/07\/IntUrolNephrol1969-191x300.jpg\" alt=\"International Urology and Nephrology Akad\u00e9miai Kiad\u00f3 1969. 1.sz\u00e1m\" width=\"191\" height=\"300\" srcset=\"https:\/\/semmelweis.hu\/urologia\/files\/2014\/07\/IntUrolNephrol1969-191x300.jpg 191w, https:\/\/semmelweis.hu\/urologia\/files\/2014\/07\/IntUrolNephrol1969.jpg 404w\" sizes=\"auto, (max-width: 191px) 100vw, 191px\" \/><\/a><figcaption id=\"caption-attachment-770\" class=\"wp-caption-text\">International Urology and Nephrology<br \/>\nAkad\u00e9miai Kiad\u00f3 1969. 1.sz\u00e1m<\/figcaption><\/figure>\n<p style=\"text-align: left\">El\u00e9rhet\u0151 eur\u00f3pai idegen nyelv\u0171 szakfoly\u00f3iratok: British Journal of Urology, International Journal of Urology, Der Urologe, Urology, European Urology, valamint az International Urology and Nephrology c\u00edm\u0171 foly\u00f3irat, melyet m\u00e9g a klinika egykori professzora Szendr\u0151i Zolt\u00e1n alap\u00edtott 1969-ben \u00e9s amely napjainkig megjelenik a Springer Kiad\u00f3 gondoz\u00e1s\u00e1ban. Klinik\u00e1nk jelenlegi igazgat\u00f3ja, Nyir\u00e1dy P\u00e9ter a foly\u00f3irat szerkeszt\u0151bizotts\u00e1g\u00e1nak tagja.<\/p>\n<p><strong>Felszerelts\u00e9g<br \/>\n<\/strong>A k\u00f6nyvt\u00e1rban internet-hozz\u00e1f\u00e9r\u00e9ssel rendelkez\u0151 sz\u00e1m\u00edt\u00f3g\u00e9p, nyomtat\u00f3, f\u00e9nym\u00e1sol\u00f3, projektor, vet\u00edt\u0151v\u00e1szon, valamint r\u00f6ntgenk\u00e9perny\u0151 tal\u00e1lhat\u00f3.<\/p>\n<p><strong><span style=\"color: #000000\">Szolg\u00e1ltat\u00e1sok<\/span><br \/>\n<\/strong>A k\u00f6nyvt\u00e1rat a tansz\u00e9ki dolgoz\u00f3k haszn\u00e1lhatj\u00e1k, valamint az V. \u00e9ves orvostanhallgat\u00f3k \u00e9s TDK munk\u00e1t v\u00e9gz\u0151 medikusok \u00e9s kutat\u00f3k.<\/p>\n<p><strong><em>K\u00f6nyvt\u00e1rk\u00f6zi k\u00f6lcs\u00f6nz\u00e9s:<\/em><\/strong> Egyetemi \u00e9s k\u00f3rh\u00e1zi k\u00f6nyvt\u00e1rak sz\u00e1m\u00e1ra el\u00e9rhet\u0151 szolg\u00e1ltat\u00e1s.<\/p>\n<p><strong><em>Adatb\u00e1zis-hozz\u00e1f\u00e9r\u00e9s:<\/em><\/strong> A k\u00f6nyvt\u00e1ri sz\u00e1m\u00edt\u00f3g\u00e9pen el\u00e9rhet\u0151ek e-k\u00f6nyvek, (pl. <em>Campbell-Walsh Urolgy 10. kiad\u00e1s, 2012.; Smith General Urology, 17. kiad\u00e1s<\/em> stb.) valamint a Semmelweis Egyetem K\u00f6zponti K\u00f6nyvt\u00e1r\u00e1nak adatb\u00e1zisai, mint pl. a <em>Scopus<\/em>, mely a vil\u00e1g legnagyobb indexel\u0151 \u00e9s refer\u00e1l\u00f3 adatb\u00e1zisa, vagy a <em>PubMed<\/em>, mely 70 orsz\u00e1g csaknem 5000 foly\u00f3irat\u00e1t indexel\u0151, t\u00f6bb mint 16 milli\u00f3 rekordot tartalmaz\u00f3 orvostudom\u00e1nyi adatb\u00e1zis.<\/p>\n<p><strong>Kapcsolat<\/strong><br \/>\nBlah\u00f3n\u00e9 Szemmelveisz Rita<br \/>\nTel: 459-1500\/51148 mell\u00e9k<br \/>\nEmail: <a href=\"mailto:studentoffice.urol@med.semmelweis-univ.hu\">studentoffice.urol@med.semmelweis-univ.hu<\/a><\/p>\n","protected":false},"excerpt":{"rendered":"<p>Urol\u00f3giai \u2013 Androl\u00f3giai Szakk\u00f6nyvt\u00e1r 1082 Budapest \u00dcll\u0151i \u00fat 78\/B. Nyitva tart\u00e1s: munkanapokon 09-15.00 \u00f3r\u00e1ig A betegell\u00e1t\u00e1s, a szerte\u00e1gaz\u00f3 klinikai vizsg\u00e1latok \u00e9s alapkutat\u00e1sok, a h\u00e1romnyelv\u0171 gradu\u00e1lis, valamint a posztgradu\u00e1lis k\u00e9pz\u00e9s, az urol\u00f3giai \u00e9s androl\u00f3giai szakorvosk\u00e9pz\u00e9s egyar\u00e1nt megk\u00f6vetelik a klinikai k\u00f6nyvt\u00e1r m\u0171k\u00f6d\u00e9s\u00e9t. A k\u00f6nyvt\u00e1r bemutat\u00e1sa A k\u00f6nyvt\u00e1r \u00e1llom\u00e1ny\u00e1ban k\u00f6zel 1500 szakk\u00f6nyv \u00e9s ismeretterjeszt\u0151 k\u00f6nyv tal\u00e1lhat\u00f3 magyar, angol, &hellip;<\/p>\n","protected":false},"author":316,"featured_media":0,"parent":10,"menu_order":4,"comment_status":"closed","ping_status":"closed","template":"","meta":{"_acf_changed":false,"footnotes":""},"categories":[],"tags":[],"class_list":["post-766","page","type-page","status-publish","hentry"],"acf":[],"_links":{"self":[{"href":"https:\/\/semmelweis.hu\/urologia\/wp-json\/wp\/v2\/pages\/766","targetHints":{"allow":["GET"]}}],"collection":[{"href":"https:\/\/semmelweis.hu\/urologia\/wp-json\/wp\/v2\/pages"}],"about":[{"href":"https:\/\/semmelweis.hu\/urologia\/wp-json\/wp\/v2\/types\/page"}],"author":[{"embeddable":true,"href":"https:\/\/semmelweis.hu\/urologia\/wp-json\/wp\/v2\/users\/316"}],"replies":[{"embeddable":true,"href":"https:\/\/semmelweis.hu\/urologia\/wp-json\/wp\/v2\/comments?post=766"}],"version-history":[{"count":11,"href":"https:\/\/semmelweis.hu\/urologia\/wp-json\/wp\/v2\/pages\/766\/revisions"}],"predecessor-version":[{"id":4297,"href":"https:\/\/semmelweis.hu\/urologia\/wp-json\/wp\/v2\/pages\/766\/revisions\/4297"}],"up":[{"embeddable":true,"href":"https:\/\/semmelweis.hu\/urologia\/wp-json\/wp\/v2\/pages\/10"}],"wp:attachment":[{"href":"https:\/\/semmelweis.hu\/urologia\/wp-json\/wp\/v2\/media?parent=766"}],"wp:term":[{"taxonomy":"category","embeddable":true,"href":"https:\/\/semmelweis.hu\/urologia\/wp-json\/wp\/v2\/categories?post=766"},{"taxonomy":"post_tag","embeddable":true,"href":"https:\/\/semmelweis.hu\/urologia\/wp-json\/wp\/v2\/tags?post=766"}],"curies":[{"name":"wp","href":"https:\/\/api.w.org\/{rel}","templated":true}]}}