{"id":737,"date":"2014-07-17T12:55:36","date_gmt":"2014-07-17T10:55:36","guid":{"rendered":"http:\/\/semmelweis.hu\/urologia\/?page_id=737"},"modified":"2022-09-07T11:21:31","modified_gmt":"2022-09-07T09:21:31","slug":"antal-gezarol","status":"publish","type":"page","link":"https:\/\/semmelweis.hu\/urologia\/alapitvany\/antal-gezarol\/","title":{"rendered":"Antal G\u00e9z\u00e1r\u00f3l"},"content":{"rendered":"<p><strong>Antal G\u00e9za <\/strong><strong>(1846 &#8211; 1889)<\/strong><br \/>\n<em>Seb\u00e9sz, urol\u00f3gus, egyetemi tan\u00e1r<\/em><\/p>\n<p><a href=\"https:\/\/semmelweis.hu\/urologia\/files\/2014\/07\/antalgeza.jpg\"><img loading=\"lazy\" decoding=\"async\" class=\"wp-image-736 size-full alignright\" src=\"https:\/\/semmelweis.hu\/urologia\/files\/2014\/07\/antalgeza.jpg\" alt=\"antalgeza\" width=\"159\" height=\"232\" \/><\/a>Apja Antal L\u00e1szl\u00f3, a Bethlen Koll\u00e9gium k\u00f3rh\u00e1z\u00e1nak orvosa volt. A marosv\u00e1s\u00e1rhelyi f\u0151gimn\u00e1ziumban v\u00e9gezte tanulm\u00e1nyait, azut\u00e1n 1865-ben orvosi tanulm\u00e1nyait a b\u00e9csi egyetemen kezdte, majd a pesti egyetemen folytatta. 1870-ben orvosdoktori, 1871-ben seb\u00e9szdoktori \u00e9s sz\u00fcl\u00e9szmesteri oklevelet szerzett. 1873-ban m\u0171t\u0151i oklevelet kapott, illetve tan\u00e1rseg\u00e9d lett a budapesti seb\u00e9szeti klinik\u00e1n 1877-ig. 1876-ban mag\u00e1ntan\u00e1r a f\u00e9rfi \u00e9s n\u0151i ivarszervek seb\u00e9szi b\u00e1ntalmai t\u00e1rgyb\u00f3l. 1883-ban c. rk. tan\u00e1r. 1884-t\u0151l a R\u00f3kus K\u00f3rh\u00e1z rendel\u0151orvosa, majd 1888-t\u00f3l f\u0151orvos ugyan itt.<\/p>\n<p>A hazai urol\u00f3gia \u00fatt\u00f6r\u0151je. 1889-ben H\u0151gyes Endr\u00e9vel egy\u00fctt az Orvosi Hetilap szerkeszt\u0151je. 1889-t\u0151l az MTA tagja.<\/p>\n<p>Az els\u0151 magyar urol\u00f3gus, akit 1883-ban az urol\u00f3giai seb\u00e9szet egyetemi tan\u00e1r\u00e1nak \u00e9s a Szt. R\u00f3kus k\u00f3rh\u00e1zban l\u00e9trehozott els\u0151 \u00f6n\u00e1ll\u00f3 magyarorsz\u00e1gi urol\u00f3giai oszt\u00e1ly vezet\u0151j\u00e9nek neveztek ki. Saj\u00e1t fejleszt\u00e9s\u0171 aero- urethroscopot (leveg\u0151-h\u00fagycs\u0151t\u00fckr\u00f6t) szerkesztett. 1888-ban adta ki urol\u00f3giai tank\u00f6nyv\u00e9t.<\/p>\n<p><a href=\"https:\/\/semmelweis.hu\/urologia\/alapitvany\/\">Antal G\u00e9z\u00e1r\u00f3l nevezt\u00e9k el a Semmelweis Egyetem Urol\u00f3giai Klinik\u00e1j\u00e1nak alap\u00edtv\u00e1ny\u00e1t, melynek c\u00e9lja a klinik\u00e1n foly\u00f3 tudom\u00e1nyos-, gy\u00f3gy\u00edt\u00f3-, megel\u0151z\u0151- \u00e9s oktat\u00f3 munka t\u00e1mogat\u00e1sa.<\/a><\/p>\n<p>&nbsp;<\/p>\n","protected":false},"excerpt":{"rendered":"<p>Antal G\u00e9za (1846 &#8211; 1889) Seb\u00e9sz, urol\u00f3gus, egyetemi tan\u00e1r <a href=\"https:\/\/semmelweis.hu\/urologia\/files\/2014\/07\/antalgeza.jpg\"><\/a> Apja Antal L\u00e1szl\u00f3, a Bethlen Koll\u00e9gium k\u00f3rh\u00e1z\u00e1nak orvosa volt. A marosv\u00e1s\u00e1rhelyi f\u0151gimn\u00e1ziumban v\u00e9gezte tanulm\u00e1nyait, azut\u00e1n 1865-ben orvosi tanulm\u00e1nyait a b\u00e9csi egyetemen kezdte, majd a pesti egyetemen folytatta. 1870-ben orvosdoktori, 1871-ben seb\u00e9szdoktori \u00e9s sz\u00fcl\u00e9szmesteri oklevelet szerzett. 1873-ban m\u0171t\u0151i oklevelet kapott, illetve tan\u00e1rseg\u00e9d lett a budapesti seb\u00e9szeti klinik\u00e1n &hellip;<\/p>\n","protected":false},"author":316,"featured_media":0,"parent":489,"menu_order":2,"comment_status":"open","ping_status":"open","template":"","meta":{"_acf_changed":false,"footnotes":""},"categories":[],"tags":[],"class_list":["post-737","page","type-page","status-publish","hentry"],"acf":[],"_links":{"self":[{"href":"https:\/\/semmelweis.hu\/urologia\/wp-json\/wp\/v2\/pages\/737","targetHints":{"allow":["GET"]}}],"collection":[{"href":"https:\/\/semmelweis.hu\/urologia\/wp-json\/wp\/v2\/pages"}],"about":[{"href":"https:\/\/semmelweis.hu\/urologia\/wp-json\/wp\/v2\/types\/page"}],"author":[{"embeddable":true,"href":"https:\/\/semmelweis.hu\/urologia\/wp-json\/wp\/v2\/users\/316"}],"replies":[{"embeddable":true,"href":"https:\/\/semmelweis.hu\/urologia\/wp-json\/wp\/v2\/comments?post=737"}],"version-history":[{"count":6,"href":"https:\/\/semmelweis.hu\/urologia\/wp-json\/wp\/v2\/pages\/737\/revisions"}],"predecessor-version":[{"id":4150,"href":"https:\/\/semmelweis.hu\/urologia\/wp-json\/wp\/v2\/pages\/737\/revisions\/4150"}],"up":[{"embeddable":true,"href":"https:\/\/semmelweis.hu\/urologia\/wp-json\/wp\/v2\/pages\/489"}],"wp:attachment":[{"href":"https:\/\/semmelweis.hu\/urologia\/wp-json\/wp\/v2\/media?parent=737"}],"wp:term":[{"taxonomy":"category","embeddable":true,"href":"https:\/\/semmelweis.hu\/urologia\/wp-json\/wp\/v2\/categories?post=737"},{"taxonomy":"post_tag","embeddable":true,"href":"https:\/\/semmelweis.hu\/urologia\/wp-json\/wp\/v2\/tags?post=737"}],"curies":[{"name":"wp","href":"https:\/\/api.w.org\/{rel}","templated":true}]}}