{"id":727,"date":"2014-06-27T07:44:21","date_gmt":"2014-06-27T05:44:21","guid":{"rendered":"http:\/\/semmelweis.hu\/urologia\/?page_id=727"},"modified":"2023-05-28T07:25:33","modified_gmt":"2023-05-28T05:25:33","slug":"urologiai-betegsegek","status":"publish","type":"page","link":"https:\/\/semmelweis.hu\/urologia\/betegellatas\/urologiai-betegsegek\/","title":{"rendered":"Hasznos forr\u00e1sok betegeknek"},"content":{"rendered":"<div class=\"keretes w-100\">\n<h5>Klinik\u00e1nk ismertet\u0151i a honlapunkon:<\/h5>\n<ul>\n<li><a href=\"https:\/\/semmelweis.hu\/urologia\/betegellatas\/prosztataszuro-vizsgalat\/\">A prosztatasz\u0171r\u00e9s fontoss\u00e1ga<\/a> <br \/>\nProf. Dr. Nyir\u00e1dy P\u00e9ter r\u00f6vid t\u00e1j\u00e9koztat\u00f3 vide\u00f3i<\/li>\n<li><a href=\"https:\/\/semmelweis.hu\/urologia\/betegellatas\/gyogytorna-prosztatadaganatos-betegek-reszere-videok\/\">Prosztatadaganatos betegek r\u00e9sz\u00e9re gy\u00f3gytorna vide\u00f3k<\/a> <br \/>\nmedencefen\u00e9ki intimtorna gyakorlatok<\/li>\n<li><a href=\"https:\/\/semmelweis.hu\/urologia\/betegellatas\/etrendi-ajanlasok\/\">\u00c9trendi aj\u00e1nl\u00e1sok vesek\u00f6ves betegeknek<\/a><\/li>\n<li><a href=\"https:\/\/semmelweis.hu\/urologia\/betegellatas\/betegsegenciklopedia\/\">Betegs\u00e9genciklop\u00e9dia<\/a><\/li>\n<\/ul>\n<\/div>\n<h4 style=\"text-align: left;\"><strong>Tov\u00e1bbi hasznos forr\u00e1sok <br \/>\n<\/strong><\/h4>\n<h5>Prosztata<\/h5>\n<ul>\n<li style=\"text-align: left;\">A prosztata betegs\u00e9gei \/A prosztata j\u00f3indulat\u00fa \u00e9s rosszindulat\u00fa daganatai \u00e9s gyullad\u00e1sos betegs\u00e9gei <br \/>\nszerk. Romics Imre, White Golden Book 2005<\/li>\n<li style=\"text-align: left;\">Amit a prosztatar\u00e1kr\u00f3l tudni kell <br \/>\nSpringMed Betegt\u00e1j\u00e9koztat\u00f3 F\u00fczetek, SpringMed Kiad\u00f3 2006<\/li>\n<li style=\"text-align: left;\">66 k\u00e9rd\u00e9s a prosztata betegs\u00e9geir\u0151l <br \/>\nszerk. Romics Imre, White Golden Book 2006<\/li>\n<li style=\"text-align: left;\">Prosztatitisz (prosztatagyullad\u00e1s) betegt\u00e1j\u00e9koztat\u00f3<\/li>\n<\/ul>\n<h5>Prosztatar\u00e1k<\/h5>\n<ul>\n<li style=\"text-align: left;\">Besz\u00e9lget\u00e9s a prosztatar\u00e1k megel\u0151z\u00e9se, korai felismer\u00e9se \u00e9s kezel\u00e9se t\u00e9m\u00e1ban neves szaktekint\u00e9lyekkel: Prof. Nyir\u00e1dy P\u00e9ter Urol\u00f3giai Klinika, Prof. Lakatos P\u00e9ter I. Belgy\u00f3gy\u00e1szati Klinika, Dr. \u00c1goston P\u00e9ter onkol\u00f3gus, sug\u00e1rterapeuta f\u0151orvos Orsz\u00e1gos Onkol\u00f3giai Int\u00e9zet, Dr. B\u00edr\u00f3 Krisztina onkol\u00f3gus f\u0151orvos Orsz\u00e1gos Onkol\u00f3giai Int\u00e9zet (2015)<br \/>\n<strong>Hallgassa meg:<\/strong><\/p>\n<!--[if lt IE 9]><script>document.createElement('audio');<\/script><![endif]-->\n<audio class=\"wp-audio-shortcode\" id=\"audio-727-1\" preload=\"none\" style=\"width: 100%;\" controls=\"controls\"><source type=\"audio\/mpeg\" src=\"https:\/\/semmelweis.hu\/urologia\/files\/2015\/10\/1009-prosztatatarak.mp3?_=1\" \/><a href=\"https:\/\/semmelweis.hu\/urologia\/files\/2015\/10\/1009-prosztatatarak.mp3\">https:\/\/semmelweis.hu\/urologia\/files\/2015\/10\/1009-prosztatatarak.mp3<\/a><\/audio>\n<\/li>\n<\/ul>\n<h5>Inkontinencia<\/h5>\n<ul>\n<li style=\"text-align: left;\">Inkontinencia &#8211; Diagnosztika, ter\u00e1pia, rehabilit\u00e1ci\u00f3 &#8211; Szerk. Katona Istv\u00e1n, Hamvas Antal, Klauber Andr\u00e1s, Medicina K\u00f6nyvkiad\u00f3 2013.<\/li>\n<li style=\"text-align: left;\">G\u00e1tizomtorna &#8211; T\u00e1pain\u00e9 Bajnay M\u00e1rta, Friedrichn\u00e9 Nagy Andrea, Kov\u00e1csics Anik\u00f3, B+V Kiad\u00f3 2004<\/li>\n<\/ul>\n<h5>\u00c1ltal\u00e1nos<\/h5>\n<p style=\"text-align: left;\"><a href=\"http:\/\/patients.uroweb.org\/library-kidney-stone\/\" target=\"_blank\" rel=\"noopener noreferrer\">Angolnyelv\u0171 illusztr\u00e1lt irodalom<\/a><\/p>\n<p style=\"text-align: left;\">\u00a0<\/p>\n","protected":false},"excerpt":{"rendered":"<p>Klinik\u00e1nk ismertet\u0151i a honlapunkon: <a href=\"https:\/\/semmelweis.hu\/urologia\/betegellatas\/prosztataszuro-vizsgalat\/\">A prosztatasz\u0171r\u00e9s fontoss\u00e1ga<\/a> Prof. Dr. Nyir\u00e1dy P\u00e9ter r\u00f6vid t\u00e1j\u00e9koztat\u00f3 vide\u00f3i <a href=\"https:\/\/semmelweis.hu\/urologia\/betegellatas\/gyogytorna-prosztatadaganatos-betegek-reszere-videok\/\">Prosztatadaganatos betegek r\u00e9sz\u00e9re gy\u00f3gytorna vide\u00f3k<\/a> medencefen\u00e9ki intimtorna gyakorlatok <a href=\"https:\/\/semmelweis.hu\/urologia\/betegellatas\/etrendi-ajanlasok\/\">\u00c9trendi aj\u00e1nl\u00e1sok vesek\u00f6ves betegeknek<\/a> <a href=\"https:\/\/semmelweis.hu\/urologia\/betegellatas\/betegsegenciklopedia\/\">Betegs\u00e9genciklop\u00e9dia<\/a> Tov\u00e1bbi hasznos forr\u00e1sok Prosztata A prosztata betegs\u00e9gei \/A prosztata j\u00f3indulat\u00fa \u00e9s rosszindulat\u00fa daganatai \u00e9s gyullad\u00e1sos betegs\u00e9gei szerk. Romics Imre, White Golden Book 2005 Amit a prosztatar\u00e1kr\u00f3l tudni kell SpringMed Betegt\u00e1j\u00e9koztat\u00f3 F\u00fczetek, SpringMed Kiad\u00f3 2006 66 k\u00e9rd\u00e9s a prosztata betegs\u00e9geir\u0151l szerk. Romics &hellip;<\/p>\n","protected":false},"author":316,"featured_media":0,"parent":2028,"menu_order":7,"comment_status":"closed","ping_status":"closed","template":"","meta":{"_acf_changed":false,"footnotes":""},"categories":[],"tags":[],"class_list":["post-727","page","type-page","status-publish","hentry"],"acf":[],"_links":{"self":[{"href":"https:\/\/semmelweis.hu\/urologia\/wp-json\/wp\/v2\/pages\/727","targetHints":{"allow":["GET"]}}],"collection":[{"href":"https:\/\/semmelweis.hu\/urologia\/wp-json\/wp\/v2\/pages"}],"about":[{"href":"https:\/\/semmelweis.hu\/urologia\/wp-json\/wp\/v2\/types\/page"}],"author":[{"embeddable":true,"href":"https:\/\/semmelweis.hu\/urologia\/wp-json\/wp\/v2\/users\/316"}],"replies":[{"embeddable":true,"href":"https:\/\/semmelweis.hu\/urologia\/wp-json\/wp\/v2\/comments?post=727"}],"version-history":[{"count":11,"href":"https:\/\/semmelweis.hu\/urologia\/wp-json\/wp\/v2\/pages\/727\/revisions"}],"predecessor-version":[{"id":4465,"href":"https:\/\/semmelweis.hu\/urologia\/wp-json\/wp\/v2\/pages\/727\/revisions\/4465"}],"up":[{"embeddable":true,"href":"https:\/\/semmelweis.hu\/urologia\/wp-json\/wp\/v2\/pages\/2028"}],"wp:attachment":[{"href":"https:\/\/semmelweis.hu\/urologia\/wp-json\/wp\/v2\/media?parent=727"}],"wp:term":[{"taxonomy":"category","embeddable":true,"href":"https:\/\/semmelweis.hu\/urologia\/wp-json\/wp\/v2\/categories?post=727"},{"taxonomy":"post_tag","embeddable":true,"href":"https:\/\/semmelweis.hu\/urologia\/wp-json\/wp\/v2\/tags?post=727"}],"curies":[{"name":"wp","href":"https:\/\/api.w.org\/{rel}","templated":true}]}}