{"id":714,"date":"2014-05-30T09:38:20","date_gmt":"2014-05-30T09:38:20","guid":{"rendered":"http:\/\/semmelweis.hu\/urologia\/?page_id=714"},"modified":"2024-02-14T14:13:58","modified_gmt":"2024-02-14T13:13:58","slug":"szakdolgozat-temak","status":"publish","type":"page","link":"https:\/\/semmelweis.hu\/urologia\/oktatas\/gradualis-kepzes\/szakdolgozat-temak\/","title":{"rendered":"Szakdolgozat \u00e9s rektori p\u00e1lyamunka"},"content":{"rendered":"<div class=\"keretes w-100\">\n<ul>\n<li>Szakdolgozat\u00edr\u00e1s ir\u00e1nti ig\u00e9ny eset\u00e9n keresse a t\u00e9m\u00e1hoz tartoz\u00f3 konzulenst \u00e9s adja le a kit\u00f6lt\u00f6tt jelentkez\u00e9si lapot az Urol\u00f3giai Klinika k\u00f6nyvt\u00e1r\u00e1ban. <a href=\"https:\/\/semmelweis.hu\/urologia\/files\/2015\/10\/Szakdolgozati-c%C3%ADmbejelent%C5%91-magyar.doc\" target=\"_blank\" rel=\"noopener noreferrer\">Jelentkez\u00e9si lap let\u00f6lt\u00e9se (doc)<\/a><\/li>\n<li><a href=\"https:\/\/semmelweis.hu\/aok\/oktatas-2\/szakdolgozat\/\" target=\"_blank\" rel=\"noopener\">Tov\u00e1bbi tudnival\u00f3k a szakdolgozat \u00edr\u00e1s\u00e1val \u00e9s megv\u00e9d\u00e9s\u00e9vel kapcsolatosan az \u00c1OK honlapj\u00e1n \u2192<\/a><\/li>\n<\/ul>\n<\/div>\n<h2 style=\"text-align: left\">Szakdolgozat \u00e9s rektori p\u00e1lyamunk\u00e1k meg\u00edr\u00e1s\u00e1hoz v\u00e1laszthat\u00f3 t\u00e9m\u00e1k<\/h2>\n<ul>\n<li>A h\u00edmvessz\u0151 necroticus \u00e9s degenerat\u00edv folyamatai\/Dr. Nyir\u00e1dy P\u00e9ter egyetemi tan\u00e1r<\/li>\n<li>A h\u00fagycs\u0151sz\u0171k\u00fcletek korszer\u0171 ell\u00e1t\u00e1sa\/Dr. Nyir\u00e1dy P\u00e9ter egyetemi tan\u00e1r<\/li>\n<li>Fels\u0151 \u00fcregrendszeri laparoscopos m\u0171t\u00e9tek\/Dr. Nyir\u00e1dy P\u00e9ter egyetemi tan\u00e1r<\/li>\n<li>A prosztatar\u00e1k\/Dr. Nyir\u00e1dy P\u00e9ter egyetemi tan\u00e1r<\/li>\n<li>Az inkontinens beteg diagnosztik\u00e1ja\/Dr. Keszthelyi Attila egyetemi docens<\/li>\n<li>A radicalis cystectomia ut\u00e1ni \u00e9letmin\u0151s\u00e9g vizsg\u00e1lata\/Dr. Keszthelyi Attila egyetemi docens<\/li>\n<li>Erectilis dysfunkci\u00f3 diagnosztik\u00e1ja\/Dr. Kopa Zsolt egyetemi docens<\/li>\n<li>A varicocele kezel\u00e9si lehet\u0151s\u00e9gei\/Dr. Kopa Zsolt egyetemi docens\u00a0<\/li>\n<li>F\u00e9rfimedd\u0151s\u00e9g\/Dr. Kopa Zsolt egyetemi docens<\/li>\n<li>A BPH konzervat\u00edv \u00e9s seb\u00e9szeti kezel\u00e9se\/Dr. Majoros Attila egyetemi docens<\/li>\n<li>Vesedaganatok kezel\u00e9s\u00e9nek k\u00e9rd\u00e9sei\/Dr. Szendr\u0151i Attila egyetemi adjunktus<\/li>\n<li>H\u00fagy\u00fati k\u00f6vess\u00e9g diagnosztik\u00e1ja\/Dr. Szendr\u0151i Attila egyetemi adjunktus<\/li>\n<li>H\u00fagy\u00fati k\u00f6vess\u00e9g kezel\u00e9se\/Dr. Szendr\u0151i Attila egyetemi adjunktus<\/li>\n<li>Inkontinencia-ellenes m\u0171t\u00e9tek sz\u00f6v\u0151dm\u00e9nyei \u00e9s azok kezel\u00e9se\/Dr. Majoros Attila egyetemi docens<\/li>\n<li>F\u00e9rfi vizeletinkontinencia m\u0171t\u00e9ti kezel\u00e9se\/Dr. Majoros Attila egyetemi docens<\/li>\n<li>N\u0151i vizeletinkontinencia m\u0171t\u00e9ti kezel\u00e9se\/Dr. Majoros Attila egyetemi docens<\/li>\n<li>Pozit\u00edv seb\u00e9szi sz\u00e9l jelent\u0151s\u00e9g\u00e9nek vizsg\u00e1lata radicalis prostatectomi\u00e1n \u00e1tesett betegekben\/Dr. Majoros Attila egyetemi docens<\/li>\n<li>Urogenitalis prolapsusok m\u0171t\u00e9ti kezel\u00e9s\u00e9nek lehet\u0151s\u00e9gei az eredm\u00e9nyess\u00e9g \u00e9s sz\u00f6v\u0151dm\u00e9nyek t\u00fckr\u00e9ben\/Dr. Majoros Attila egyetemi docens<\/li>\n<li>A hiperakt\u00edv h\u00f3lyag minim\u00e1l invaz\u00edv \u00e9s invaz\u00edv kezel\u00e9si lehet\u0151s\u00e9gei\/Dr. Majoros Attila egyetemi docens<\/li>\n<li>H\u00f3lyagr\u00e1k diagnosztik\u00e1ja, kezel\u00e9se \u00e9s k\u00f6vet\u00e9se\/Dr. Riesz P\u00e9ter egyetemi docens<\/li>\n<li>H\u00f3lyagr\u00e1k prognosztikai faktorainak vizsg\u00e1lata\/Dr. Riesz P\u00e9ter egyetemi docens<\/li>\n<li>Heredaganatok kivizsg\u00e1l\u00e1sa \u00e9s kezel\u00e9se\/Dr. Sz\u0171cs Mikl\u00f3s f\u0151orvos<\/li>\n<li>Kemoter\u00e1pi\u00e1s kezel\u00e9sek az urol\u00f3gi\u00e1ban\/Dr. Sz\u0171cs Mikl\u00f3s f\u0151orvos<\/li>\n<li>Komplik\u00e1lt h\u00fagy\u00fati gyullad\u00e1sok diagnosztik\u00e1ja \u00e9s kezel\u00e9se\/Dr. B\u00e1nfi Gergely egyetemi adjunktus<\/li>\n<li>Nem komplik\u00e1lt h\u00fagy\u00fati gyullad\u00e1sok diagnosztik\u00e1ja \u00e9s kezel\u00e9se\/Dr. B\u00e1nfi Gergely egyetemi adjunktus<\/li>\n<li>A prosztatar\u00e1k-ter\u00e1pia rezisztenci\u00e1j\u00e1nak vizsg\u00e1lata\/Dr. Szarvas Tibor tudom\u00e1nyos f\u0151munkat\u00e1rs<\/li>\n<li>A h\u00fagyh\u00f3lyagr\u00e1k molekul\u00e1ris h\u00e1tter\u00e9nek vizsg\u00e1lata\/Dr. Szarvas Tibor tudom\u00e1nyos f\u0151munkat\u00e1rs<\/li>\n<li>A fels\u0151h\u00fagy\u00fati daganatok molekul\u00e1ris h\u00e1tter\u00e9nek vizsg\u00e1lata\/Dr. Szarvas Tibor tudom\u00e1nyos f\u0151munkat\u00e1rs<\/li>\n<li>Neurog\u00e9n h\u00f3lyagm\u0171k\u00f6d\u00e9si zavarok\/Dr. Romics Mikl\u00f3s egyetemi adjunktus<\/li>\n<li>Kismedencei F\u00e1jdalom szindr\u00f3ma\/Dr. Romics Mikl\u00f3s egyetemi adjunktus<\/li>\n<\/ul>\n<p style=\"text-align: left\">\u00a0<\/p>\n","protected":false},"excerpt":{"rendered":"<p>Szakdolgozat\u00edr\u00e1s ir\u00e1nti ig\u00e9ny eset\u00e9n keresse a t\u00e9m\u00e1hoz tartoz\u00f3 konzulenst \u00e9s adja le a kit\u00f6lt\u00f6tt jelentkez\u00e9si lapot az Urol\u00f3giai Klinika k\u00f6nyvt\u00e1r\u00e1ban. <a href=\"https:\/\/semmelweis.hu\/urologia\/files\/2015\/10\/Szakdolgozati-c%C3%ADmbejelent%C5%91-magyar.doc\" target=\"_blank\" rel=\"noopener noreferrer\">Jelentkez\u00e9si lap let\u00f6lt\u00e9se (doc)<\/a> <a href=\"https:\/\/semmelweis.hu\/aok\/oktatas-2\/szakdolgozat\/\" target=\"_blank\" rel=\"noopener\">Tov\u00e1bbi tudnival\u00f3k a szakdolgozat \u00edr\u00e1s\u00e1val \u00e9s megv\u00e9d\u00e9s\u00e9vel kapcsolatosan az \u00c1OK honlapj\u00e1n \u2192<\/a> Szakdolgozat \u00e9s rektori p\u00e1lyamunk\u00e1k meg\u00edr\u00e1s\u00e1hoz v\u00e1laszthat\u00f3 t\u00e9m\u00e1k A h\u00edmvessz\u0151 necroticus \u00e9s degenerat\u00edv folyamatai\/Dr. Nyir\u00e1dy P\u00e9ter egyetemi tan\u00e1r A h\u00fagycs\u0151sz\u0171k\u00fcletek korszer\u0171 ell\u00e1t\u00e1sa\/Dr. Nyir\u00e1dy P\u00e9ter egyetemi tan\u00e1r Fels\u0151 \u00fcregrendszeri laparoscopos m\u0171t\u00e9tek\/Dr. Nyir\u00e1dy P\u00e9ter egyetemi tan\u00e1r A prosztatar\u00e1k\/Dr. &hellip;<\/p>\n","protected":false},"author":316,"featured_media":0,"parent":280,"menu_order":5,"comment_status":"open","ping_status":"open","template":"","meta":{"_acf_changed":false,"footnotes":""},"categories":[],"tags":[],"class_list":["post-714","page","type-page","status-publish","hentry"],"acf":[],"_links":{"self":[{"href":"https:\/\/semmelweis.hu\/urologia\/wp-json\/wp\/v2\/pages\/714","targetHints":{"allow":["GET"]}}],"collection":[{"href":"https:\/\/semmelweis.hu\/urologia\/wp-json\/wp\/v2\/pages"}],"about":[{"href":"https:\/\/semmelweis.hu\/urologia\/wp-json\/wp\/v2\/types\/page"}],"author":[{"embeddable":true,"href":"https:\/\/semmelweis.hu\/urologia\/wp-json\/wp\/v2\/users\/316"}],"replies":[{"embeddable":true,"href":"https:\/\/semmelweis.hu\/urologia\/wp-json\/wp\/v2\/comments?post=714"}],"version-history":[{"count":10,"href":"https:\/\/semmelweis.hu\/urologia\/wp-json\/wp\/v2\/pages\/714\/revisions"}],"predecessor-version":[{"id":4590,"href":"https:\/\/semmelweis.hu\/urologia\/wp-json\/wp\/v2\/pages\/714\/revisions\/4590"}],"up":[{"embeddable":true,"href":"https:\/\/semmelweis.hu\/urologia\/wp-json\/wp\/v2\/pages\/280"}],"wp:attachment":[{"href":"https:\/\/semmelweis.hu\/urologia\/wp-json\/wp\/v2\/media?parent=714"}],"wp:term":[{"taxonomy":"category","embeddable":true,"href":"https:\/\/semmelweis.hu\/urologia\/wp-json\/wp\/v2\/categories?post=714"},{"taxonomy":"post_tag","embeddable":true,"href":"https:\/\/semmelweis.hu\/urologia\/wp-json\/wp\/v2\/tags?post=714"}],"curies":[{"name":"wp","href":"https:\/\/api.w.org\/{rel}","templated":true}]}}