{"id":495,"date":"2014-03-12T13:59:47","date_gmt":"2014-03-12T13:59:47","guid":{"rendered":"http:\/\/semmelweis.hu\/urologia\/?page_id=495"},"modified":"2023-05-28T07:44:33","modified_gmt":"2023-05-28T05:44:33","slug":"palyazat","status":"publish","type":"page","link":"https:\/\/semmelweis.hu\/urologia\/oktatas\/palyazat\/","title":{"rendered":"P\u00e1ly\u00e1zat"},"content":{"rendered":"<div class=\"keretes w-100\">\n<p style=\"text-align: left;\">A BABICS ANTAL ALAP\u00cdTV\u00c1NY KURAT\u00d3RIUMA\u00a0 meghat\u00e1rozott id\u0151szakonk\u00e9nt p\u00e1ly\u00e1zatot hirdet a Babics Antal D\u00edj elnyer\u00e9s\u00e9re.<\/p>\n<p style=\"text-align: left;\">A Babics Antal D\u00edjat az Alap\u00edtv\u00e1ny Kurat\u00f3riuma a Babics Antal Alap\u00edtv\u00e1ny alap\u00edt\u00f3 okirat\u00e1ban foglaltak alapj\u00e1n k\u00e9t\u00e9venk\u00e9nt adom\u00e1nyozhatja.<\/p>\n<p style=\"text-align: left;\">A d\u00edjazott \/ d\u00edjazottak r\u00e9sz\u00e9re eml\u00e9k\u00e9rmet, eml\u00e9klapot tov\u00e1bb\u00e1 200.000,- Ft \u00f6sszeget adhat \u00e1t a Kurat\u00f3rium eln\u00f6ke.<\/p>\n<\/div>\n<p style=\"text-align: left;\">A p\u00e1ly\u00e1zaton r\u00e9szt vehetnek azok az alkot\u00f3k, akik a Semmelweis Egyetem \u00c1ltal\u00e1nos Orvostudom\u00e1nyi, Fogorvostudom\u00e1nyi, vagy Gy\u00f3gyszertudom\u00e1nyi Karain oktat\u00f3 diplom\u00e1sok \u00e9s akik magyar nyelv\u0171 (nem idegen nyelvb\u0151l ford\u00edtott) \u00edr\u00e1sban m\u00e9g nem publik\u00e1lt eredeti tudom\u00e1nyos k\u00f6zlem\u00e9nyt, \u00faj gy\u00f3gy\u00edt\u00e1si vizsg\u00e1lati m\u00f3dszert vagy m\u0171t\u00e9ti megold\u00e1st tettek k\u00f6zz\u00e9, amennyiben a k\u00f6zz\u00e9t\u00e9tel \u00e9v\u00e9ben 36. \u00e9let\u00e9v\u00fcket m\u00e9g nem t\u00f6lt\u00f6tt\u00e9k be. \u00daj, kiemelked\u0151 tudom\u00e1nyos eredm\u00e9ny eset\u00e9n az \u00e9letkor 40 \u00e9vig emelhet\u0151.<\/p>\n","protected":false},"excerpt":{"rendered":"<p>A BABICS ANTAL ALAP\u00cdTV\u00c1NY KURAT\u00d3RIUMA\u00a0 meghat\u00e1rozott id\u0151szakonk\u00e9nt p\u00e1ly\u00e1zatot hirdet a Babics Antal D\u00edj elnyer\u00e9s\u00e9re. A Babics Antal D\u00edjat az Alap\u00edtv\u00e1ny Kurat\u00f3riuma a Babics Antal Alap\u00edtv\u00e1ny alap\u00edt\u00f3 okirat\u00e1ban foglaltak alapj\u00e1n k\u00e9t\u00e9venk\u00e9nt adom\u00e1nyozhatja. A d\u00edjazott \/ d\u00edjazottak r\u00e9sz\u00e9re eml\u00e9k\u00e9rmet, eml\u00e9klapot tov\u00e1bb\u00e1 200.000,- Ft \u00f6sszeget adhat \u00e1t a Kurat\u00f3rium eln\u00f6ke. A p\u00e1ly\u00e1zaton r\u00e9szt vehetnek azok az alkot\u00f3k, akik &hellip;<\/p>\n","protected":false},"author":316,"featured_media":0,"parent":276,"menu_order":5,"comment_status":"open","ping_status":"open","template":"","meta":{"_acf_changed":false,"footnotes":""},"categories":[],"tags":[],"class_list":["post-495","page","type-page","status-publish","hentry"],"acf":[],"_links":{"self":[{"href":"https:\/\/semmelweis.hu\/urologia\/wp-json\/wp\/v2\/pages\/495","targetHints":{"allow":["GET"]}}],"collection":[{"href":"https:\/\/semmelweis.hu\/urologia\/wp-json\/wp\/v2\/pages"}],"about":[{"href":"https:\/\/semmelweis.hu\/urologia\/wp-json\/wp\/v2\/types\/page"}],"author":[{"embeddable":true,"href":"https:\/\/semmelweis.hu\/urologia\/wp-json\/wp\/v2\/users\/316"}],"replies":[{"embeddable":true,"href":"https:\/\/semmelweis.hu\/urologia\/wp-json\/wp\/v2\/comments?post=495"}],"version-history":[{"count":7,"href":"https:\/\/semmelweis.hu\/urologia\/wp-json\/wp\/v2\/pages\/495\/revisions"}],"predecessor-version":[{"id":4479,"href":"https:\/\/semmelweis.hu\/urologia\/wp-json\/wp\/v2\/pages\/495\/revisions\/4479"}],"up":[{"embeddable":true,"href":"https:\/\/semmelweis.hu\/urologia\/wp-json\/wp\/v2\/pages\/276"}],"wp:attachment":[{"href":"https:\/\/semmelweis.hu\/urologia\/wp-json\/wp\/v2\/media?parent=495"}],"wp:term":[{"taxonomy":"category","embeddable":true,"href":"https:\/\/semmelweis.hu\/urologia\/wp-json\/wp\/v2\/categories?post=495"},{"taxonomy":"post_tag","embeddable":true,"href":"https:\/\/semmelweis.hu\/urologia\/wp-json\/wp\/v2\/tags?post=495"}],"curies":[{"name":"wp","href":"https:\/\/api.w.org\/{rel}","templated":true}]}}