{"id":489,"date":"2014-03-12T13:50:24","date_gmt":"2014-03-12T12:50:24","guid":{"rendered":"http:\/\/semmelweis.hu\/urologia\/?page_id=489"},"modified":"2023-05-10T09:23:51","modified_gmt":"2023-05-10T07:23:51","slug":"alapitvany","status":"publish","type":"page","link":"https:\/\/semmelweis.hu\/urologia\/alapitvany\/","title":{"rendered":"Antal G\u00e9za Alap\u00edtv\u00e1ny"},"content":{"rendered":"<p style=\"text-align: left\">Az <a href=\"https:\/\/semmelweis.hu\/urologia\/alapitvany\/antal-gezarol\/\">Antal G\u00e9za alap\u00edtv\u00e1nyt az els\u0151 \u00f6n\u00e1ll\u00f3 magyarorsz\u00e1gi urol\u00f3giai oszt\u00e1ly vezet\u0151j\u00e9r\u0151l<\/a> nevezt\u00e9k el.<\/p>\n<p style=\"text-align: left\">Az alap\u00edtv\u00e1ny c\u00e9lja a Semmelweis Egyetem Urol\u00f3giai Klinik\u00e1j\u00e1n foly\u00f3 tudom\u00e1nyos-, gy\u00f3gy\u00edt\u00f3-, megel\u0151z\u0151- \u00e9s oktat\u00f3 munka t\u00e1mogat\u00e1sa.<\/p>\n<p style=\"text-align: left\"><strong>K\u00e9rj\u00fck t\u00e1mogassa \u00d6n is ad\u00f3ja 1%-val az Antal G\u00e9za Alap\u00edtv\u00e1nyt!<\/strong><br \/>\nBanksz\u00e1mlasz\u00e1m: 10405004-50526566-54891017<\/p>\n<p style=\"text-align: left\"><div class=\"responsive-tabs\">\n<h2 class=\"tabtitle\">C\u00e9ljaink<\/h2>\n<div class=\"tabcontent\">\n<\/p>\n<h1 class=\"entry-title\" style=\"text-align: left\">Alap\u00edtv\u00e1nyi c\u00e9lok<\/h1>\n<p style=\"text-align: left\">A Semmelweis Egyetem Urol\u00f3giai Klinik\u00e1j\u00e1n foly\u00f3 tudom\u00e1nyos-, gy\u00f3gy\u00edt\u00f3-, megel\u0151z\u0151- \u00e9s oktat\u00f3 munka felt\u00e9teleinek jav\u00edt\u00e1sa.<br \/>\nE k\u00f6rben k\u00fcl\u00f6n\u00f6sen:<\/p>\n<ul style=\"text-align: left\">\n<li>az int\u00e9zetben foly\u00f3 munka megfelel\u0151 t\u00e1rgyi felt\u00e9teleinek kialak\u00edt\u00e1s\u00e1hoz sz\u00fcks\u00e9ges g\u00e9p, m\u0171szer \u00e9s berendez\u00e9si t\u00e1rgyak beszerz\u00e9se,<\/li>\n<\/ul>\n<ul style=\"text-align: left\">\n<li>az int\u00e9zet m\u0171k\u00f6d\u00e9si, fenntart\u00e1si feladataihoz val\u00f3 hozz\u00e1j\u00e1rul\u00e1s,<\/li>\n<\/ul>\n<ul style=\"text-align: left\">\n<li>az int\u00e9zettel munkaviszonyban \u00e1ll\u00f3 orvosok \u00e9s szakdolgoz\u00f3k kimagasl\u00f3 szint\u0171 munk\u00e1j\u00e1nak jutalmaz\u00e1sa,<\/li>\n<\/ul>\n<ul style=\"text-align: left\">\n<li>el\u0151ad\u00e1sok, rendezv\u00e9nyek, konferenci\u00e1k, m\u00e1s ismeretterjeszt\u0151 f\u00f3rumok megszervez\u00e9se, lebonyol\u00edt\u00e1sa az urol\u00f3gia t\u00e9mak\u00f6r\u00e9ben,<\/li>\n<\/ul>\n<ul style=\"text-align: left\">\n<li>alap\u00edtv\u00e1nyi d\u00edj l\u00e9tes\u00edt\u00e9se \u00e9s oda\u00edt\u00e9l\u00e9se olyan tudom\u00e1nyos munk\u00e1k sz\u00e1m\u00e1ra, amelyek az urol\u00f3gia ter\u00e9n jelent\u0151s szellemi, elm\u00e9leti vagy gyakorlati eredm\u00e9nyt hoznak.<\/li>\n<\/ul>\n<p style=\"text-align: left\">\u00a0<strong>K\u00e9rj\u00fck, t\u00e1mogassa \u00d6n is Alap\u00edtv\u00e1nyunkat!<\/strong><\/p>\n<p style=\"text-align: left\">\n<\/div><h2 class=\"tabtitle\">Kapcsolat<\/h2>\n<div class=\"tabcontent\">\n<\/p>\n<h1 class=\"entry-title\" style=\"text-align: left\">Kapcsolat<\/h1>\n<h4 style=\"text-align: left\"><strong>Antal G\u00e9za Alap\u00edtv\u00e1ny<\/strong><\/h4>\n<p style=\"text-align: left\"><strong>Telephely:<\/strong> 1082 Budapest, \u00dcll\u0151i \u00fat 78\/b<br \/>\n<strong>Ad\u00f3sz\u00e1m: 18138234-1-41<\/strong><br \/>\n<strong>Banksz\u00e1mlasz\u00e1m: 10405004-50526566-54891017<\/strong><\/p>\n<p style=\"text-align: left\">\u00a0<\/p>\n\n<\/div><h2 class=\"tabtitle\">Kurat\u00f3rium<\/h2>\n<div class=\"tabcontent\">\n\n<h1 class=\"entry-title\">Kurat\u00f3rium<\/h1>\n<p><strong>Alap\u00edt\u00f3 tag<\/strong>: Dr. Hamvas Antal<\/p>\n<p><strong>A kurat\u00f3rium eln\u00f6ke:<\/strong>\u00a0Prof. Dr. Nyir\u00e1dy P\u00e9ter<\/p>\n<p><strong>A kurat\u00f3rium k\u00e9pvisel\u0151i: <\/strong>Prof. Dr. Nyir\u00e1dy P\u00e9ter<\/p>\n<p><strong>A kurat\u00f3rium tagjai:<\/strong>\u00a0Prof. Dr. Romics Imre<strong>,\u00a0<\/strong>Dr. Majoros Attila, Dr. Keszthelyi Attila, Dr. Szendr\u0151i Attila<\/p>\n\n<\/div><h2 class=\"tabtitle\">Besz\u00e1mol\u00f3k<\/h2>\n<div class=\"tabcontent\">\n\n<p><strong>Az Antal G\u00e9za Alap\u00edtv\u00e1ny \u00e9ves besz\u00e1mol\u00f3i:<\/strong><br \/>\n<a href=\"https:\/\/semmelweis.hu\/urologia\/files\/2014\/09\/Beszamolo2013.pdf\" target=\"_blank\" rel=\"noopener\">2013<\/a><br \/>\n<a href=\"https:\/\/semmelweis.hu\/urologia\/files\/2014\/09\/Beszamolo2012.pdf\" target=\"_blank\" rel=\"noopener\">2012<\/a><br \/>\n<a href=\"https:\/\/semmelweis.hu\/urologia\/files\/2014\/09\/Beszamolo2011.pdf\" target=\"_blank\" rel=\"noopener\">2011<\/a><\/p>\n<\/div><\/div>\n","protected":false},"excerpt":{"rendered":"<p>Az <a href=\"https:\/\/semmelweis.hu\/urologia\/alapitvany\/antal-gezarol\/\">Antal G\u00e9za alap\u00edtv\u00e1nyt az els\u0151 \u00f6n\u00e1ll\u00f3 magyarorsz\u00e1gi urol\u00f3giai oszt\u00e1ly vezet\u0151j\u00e9r\u0151l<\/a> nevezt\u00e9k el. Az alap\u00edtv\u00e1ny c\u00e9lja a Semmelweis Egyetem Urol\u00f3giai Klinik\u00e1j\u00e1n foly\u00f3 tudom\u00e1nyos-, gy\u00f3gy\u00edt\u00f3-, megel\u0151z\u0151- \u00e9s oktat\u00f3 munka t\u00e1mogat\u00e1sa. K\u00e9rj\u00fck t\u00e1mogassa \u00d6n is ad\u00f3ja 1%-val az Antal G\u00e9za Alap\u00edtv\u00e1nyt! Banksz\u00e1mlasz\u00e1m: 10405004-50526566-54891017 Alap\u00edtv\u00e1nyi c\u00e9lok A Semmelweis Egyetem Urol\u00f3giai Klinik\u00e1j\u00e1n foly\u00f3 tudom\u00e1nyos-, gy\u00f3gy\u00edt\u00f3-, megel\u0151z\u0151- \u00e9s oktat\u00f3 munka felt\u00e9teleinek jav\u00edt\u00e1sa. E k\u00f6rben k\u00fcl\u00f6n\u00f6sen: az int\u00e9zetben foly\u00f3 munka megfelel\u0151 &hellip;<\/p>\n","protected":false},"author":316,"featured_media":0,"parent":0,"menu_order":4,"comment_status":"open","ping_status":"closed","template":"","meta":{"_acf_changed":false,"footnotes":""},"categories":[],"tags":[],"class_list":["post-489","page","type-page","status-publish","hentry"],"acf":[],"_links":{"self":[{"href":"https:\/\/semmelweis.hu\/urologia\/wp-json\/wp\/v2\/pages\/489","targetHints":{"allow":["GET"]}}],"collection":[{"href":"https:\/\/semmelweis.hu\/urologia\/wp-json\/wp\/v2\/pages"}],"about":[{"href":"https:\/\/semmelweis.hu\/urologia\/wp-json\/wp\/v2\/types\/page"}],"author":[{"embeddable":true,"href":"https:\/\/semmelweis.hu\/urologia\/wp-json\/wp\/v2\/users\/316"}],"replies":[{"embeddable":true,"href":"https:\/\/semmelweis.hu\/urologia\/wp-json\/wp\/v2\/comments?post=489"}],"version-history":[{"count":10,"href":"https:\/\/semmelweis.hu\/urologia\/wp-json\/wp\/v2\/pages\/489\/revisions"}],"predecessor-version":[{"id":4335,"href":"https:\/\/semmelweis.hu\/urologia\/wp-json\/wp\/v2\/pages\/489\/revisions\/4335"}],"wp:attachment":[{"href":"https:\/\/semmelweis.hu\/urologia\/wp-json\/wp\/v2\/media?parent=489"}],"wp:term":[{"taxonomy":"category","embeddable":true,"href":"https:\/\/semmelweis.hu\/urologia\/wp-json\/wp\/v2\/categories?post=489"},{"taxonomy":"post_tag","embeddable":true,"href":"https:\/\/semmelweis.hu\/urologia\/wp-json\/wp\/v2\/tags?post=489"}],"curies":[{"name":"wp","href":"https:\/\/api.w.org\/{rel}","templated":true}]}}