{"id":4610,"date":"2024-03-20T11:34:30","date_gmt":"2024-03-20T10:34:30","guid":{"rendered":"https:\/\/semmelweis.hu\/urologia\/?page_id=4610"},"modified":"2024-03-20T13:02:40","modified_gmt":"2024-03-20T12:02:40","slug":"adatvedelem","status":"publish","type":"page","link":"https:\/\/semmelweis.hu\/urologia\/betegellatas\/adatvedelem\/","title":{"rendered":"Adatv\u00e9delem"},"content":{"rendered":"<p>A Semmelweis Egyetemen a szem\u00e9lyes \u00e9s k\u00fcl\u00f6nleges adatok kezel\u00e9se \u00e9s v\u00e9delme a jogszab\u00e1lyoknak megfelel\u0151en, biztons\u00e1gosan t\u00f6rt\u00e9nik.<\/p>\n<p>Ezt a <a href=\"https:\/\/semmelweis.hu\/urologia\/files\/2024\/03\/Semmelweis-Egyetem-Adatvedelmi-Szabalyzata.pdf\">Semmelweis Egyetem Adatv\u00e9delmi Szab\u00e1lyzata<\/a> foglalja \u00f6ssze.\u00a0<\/p>\n<p>Az egyetemi adatv\u00e9delmi felel\u0151s alapvet\u0151 feladata, hogy az Adatv\u00e9delmi Szab\u00e1lyzatban r\u00f6gz\u00edtett feladatait teljes\u00edtve gondoskodjon az egyetem adatv\u00e9delmi \u00e9s az ezzel \u00f6sszef\u00fcgg\u0151 adatbiztons\u00e1gi szempontokat kiel\u00e9g\u00edt\u0151 m\u0171k\u00f6d\u00e9s\u00e9r\u0151l.<\/p>\n<h4><strong>A SEMMELWEIS EGYETEM ADATV\u00c9DELMI TISZTVISEL\u0150JE:<\/strong><\/h4>\n<p><strong>Dr. Tr\u00f3cs\u00e1nyi S\u00e1ra<\/strong><br \/>\n1085 Budapest, Baross utca 52.<br \/>\nTel.: 06-1\/459-1500\/62710<\/p>\n<p><strong>E-mail:<\/strong>\u00a0<a href=\"mailto:adatvedelem@semmelweis-univ.hu\">adatvedelem@semmelweis-univ.hu<\/a><\/p>\n<p>A Semmelweis Egyetem\u00a0<strong>Urol\u00f3giai Klinik\u00e1j\u00e1nak adatkezel\u00e9si t\u00e1j\u00e9koztat\u00f3ja<\/strong>:<\/p>\n<p><a href=\"https:\/\/semmelweis.hu\/urologia\/files\/2024\/03\/Adatkezelesi-tajekoztato-a-szemelyes-adatok-kezeleserol.pdf\">Adatkezel\u00e9si t\u00e1j\u00e9koztat\u00f3 a szem\u00e9lyes adatok kezel\u00e9s\u00e9r\u0151l<\/a><\/p>\n<div class=\"keretes w-100\">\n<p>A Semmelweis Egyetem Adatv\u00e9delmi \u00e9s Betegjogi K\u00f6zpontj\u00e1nak j\u00f3v\u00e1hagy\u00e1s\u00e1val elk\u00e9sz\u00edtett\u00fck az Egyetem Urol\u00f3giai Klinik\u00e1j\u00e1ra vonatkoz\u00f3 <strong>Adatkezel\u00e9si nyilv\u00e1ntart\u00e1sainkat Excel t\u00e1bl\u00e1zatban:<\/strong><\/p>\n<ul style=\"list-style-type: disc\">\n<li><a href=\"https:\/\/semmelweis.hu\/urologia\/files\/2024\/03\/Adatkezelesi-nyilvantartas-jarobetegellatas.xlsx\">Adatkezel\u00e9si nyilv\u00e1ntart\u00e1s &#8211; j\u00e1r\u00f3betegell\u00e1t\u00e1s<\/a><\/li>\n<li><a href=\"https:\/\/semmelweis.hu\/urologia\/files\/2024\/03\/Adatkezelesi-nyilvantartas-fekvobetegellatas.xlsx\">Adatkezel\u00e9si nyilv\u00e1ntart\u00e1s &#8211; fekv\u0151betegell\u00e1t\u00e1s<\/a><\/li>\n<li><a href=\"https:\/\/semmelweis.hu\/urologia\/files\/2024\/03\/Adatkezelesi-nyilvantartas-oktatasszervezes.xlsx\">Adatkezel\u00e9si nyilv\u00e1ntart\u00e1s &#8211; oktat\u00e1sszervez\u00e9s<\/a><\/li>\n<li><a href=\"https:\/\/semmelweis.hu\/urologia\/files\/2024\/03\/Adatkezelesi-nyilvantartas-munkaugy.xlsx\">Adatkezel\u00e9si nyilv\u00e1ntart\u00e1s &#8211; munka\u00fcgy<\/a><\/li>\n<li><a href=\"https:\/\/semmelweis.hu\/urologia\/files\/2024\/03\/Adatkezelesi-nyilvantartas-titkarsag.xlsx\">Adatkezel\u00e9si nyilv\u00e1ntart\u00e1s &#8211; titk\u00e1rs\u00e1g<\/a><\/li>\n<li><a href=\"https:\/\/semmelweis.hu\/urologia\/files\/2024\/03\/Adatkezelesi-nyilvantartas-tudomanyos-kutatas.xlsx\">Adatkezel\u00e9si nyilv\u00e1ntart\u00e1s &#8211; tudom\u00e1nyos kutat\u00e1s<\/a><\/li>\n<\/ul>\n<\/div>\n<h2>A Semmelweis Egyetem Adatkezel\u00e9si t\u00e1j\u00e9koztat\u00f3i:<\/h2>\n<ul>\n<li><a href=\"https:\/\/semmelweis.hu\/urologia\/files\/2024\/03\/Adatkezelesi-tajekoztato_hallgato.pdf\">Adatkezel\u00e9si t\u00e1j\u00e9koztat\u00f3 a szem\u00e9lyes adatok kezel\u00e9s\u00e9r\u0151l \u2013 a hallgat\u00f3i jogviszonyhoz kapcsol\u00f3d\u00f3an<\/a><\/li>\n<li><a href=\"https:\/\/semmelweis.hu\/urologia\/files\/2024\/03\/Adatkezelesi-tajekoztato_munkavallalo.pdf\">Adatkezel\u00e9si t\u00e1j\u00e9koztat\u00f3 a szem\u00e9lyes adatok kezel\u00e9s\u00e9r\u0151l \u2013 a munkav\u00e9gz\u00e9sre ir\u00e1nyul\u00f3 jogviszonyhoz kapcsol\u00f3d\u00f3an<\/a><\/li>\n<li><a href=\"https:\/\/semmelweis.hu\/urologia\/files\/2024\/03\/Adatkezelesi-tajekoztato_egeszsegugyi-ellatas.pdf\">Adatkezel\u00e9si t\u00e1j\u00e9koztat\u00f3 a szem\u00e9lyes adatok kezel\u00e9s\u00e9r\u0151l \u2013 az eg\u00e9szs\u00e9g\u00fcgyi ell\u00e1t\u00e1shoz kapcsol\u00f3d\u00f3an<\/a><\/li>\n<li><a href=\"https:\/\/semmelweis.hu\/urologia\/files\/2024\/03\/Adatkezelesi-tajekoztato_kutatas.pdf\">Adatkezel\u00e9si t\u00e1j\u00e9koztat\u00f3 a szem\u00e9lyes adatok kezel\u00e9s\u00e9r\u0151l \u2013 az orvostudom\u00e1nyi kutat\u00e1sokhoz kapcsol\u00f3d\u00f3an<\/a><\/li>\n<\/ul>\n<p>&nbsp;<\/p>\n","protected":false},"excerpt":{"rendered":"<p>A Semmelweis Egyetemen a szem\u00e9lyes \u00e9s k\u00fcl\u00f6nleges adatok kezel\u00e9se \u00e9s v\u00e9delme a jogszab\u00e1lyoknak megfelel\u0151en, biztons\u00e1gosan t\u00f6rt\u00e9nik. Ezt a <a href=\"https:\/\/semmelweis.hu\/urologia\/files\/2024\/03\/Semmelweis-Egyetem-Adatvedelmi-Szabalyzata.pdf\">Semmelweis Egyetem Adatv\u00e9delmi Szab\u00e1lyzata<\/a> foglalja \u00f6ssze.\u00a0 Az egyetemi adatv\u00e9delmi felel\u0151s alapvet\u0151 feladata, hogy az Adatv\u00e9delmi Szab\u00e1lyzatban r\u00f6gz\u00edtett feladatait teljes\u00edtve gondoskodjon az egyetem adatv\u00e9delmi \u00e9s az ezzel \u00f6sszef\u00fcgg\u0151 adatbiztons\u00e1gi szempontokat kiel\u00e9g\u00edt\u0151 m\u0171k\u00f6d\u00e9s\u00e9r\u0151l. A SEMMELWEIS EGYETEM ADATV\u00c9DELMI TISZTVISEL\u0150JE: Dr. Tr\u00f3cs\u00e1nyi S\u00e1ra 1085 Budapest, &hellip;<\/p>\n","protected":false},"author":102082,"featured_media":0,"parent":2028,"menu_order":14,"comment_status":"closed","ping_status":"closed","template":"","meta":{"_acf_changed":false,"footnotes":""},"categories":[],"tags":[],"class_list":["post-4610","page","type-page","status-publish","hentry"],"acf":[],"_links":{"self":[{"href":"https:\/\/semmelweis.hu\/urologia\/wp-json\/wp\/v2\/pages\/4610","targetHints":{"allow":["GET"]}}],"collection":[{"href":"https:\/\/semmelweis.hu\/urologia\/wp-json\/wp\/v2\/pages"}],"about":[{"href":"https:\/\/semmelweis.hu\/urologia\/wp-json\/wp\/v2\/types\/page"}],"author":[{"embeddable":true,"href":"https:\/\/semmelweis.hu\/urologia\/wp-json\/wp\/v2\/users\/102082"}],"replies":[{"embeddable":true,"href":"https:\/\/semmelweis.hu\/urologia\/wp-json\/wp\/v2\/comments?post=4610"}],"version-history":[{"count":9,"href":"https:\/\/semmelweis.hu\/urologia\/wp-json\/wp\/v2\/pages\/4610\/revisions"}],"predecessor-version":[{"id":4612,"href":"https:\/\/semmelweis.hu\/urologia\/wp-json\/wp\/v2\/pages\/4610\/revisions\/4612"}],"up":[{"embeddable":true,"href":"https:\/\/semmelweis.hu\/urologia\/wp-json\/wp\/v2\/pages\/2028"}],"wp:attachment":[{"href":"https:\/\/semmelweis.hu\/urologia\/wp-json\/wp\/v2\/media?parent=4610"}],"wp:term":[{"taxonomy":"category","embeddable":true,"href":"https:\/\/semmelweis.hu\/urologia\/wp-json\/wp\/v2\/categories?post=4610"},{"taxonomy":"post_tag","embeddable":true,"href":"https:\/\/semmelweis.hu\/urologia\/wp-json\/wp\/v2\/tags?post=4610"}],"curies":[{"name":"wp","href":"https:\/\/api.w.org\/{rel}","templated":true}]}}