{"id":448,"date":"2014-03-12T10:45:25","date_gmt":"2014-03-12T09:45:25","guid":{"rendered":"http:\/\/semmelweis.hu\/urologia\/?page_id=448"},"modified":"2025-12-01T11:08:13","modified_gmt":"2025-12-01T10:08:13","slug":"betegjogi-kepviselo","status":"publish","type":"page","link":"https:\/\/semmelweis.hu\/urologia\/betegellatas\/betegjogi-kepviselo\/","title":{"rendered":"Betegjogi k\u00e9pvisel\u0151"},"content":{"rendered":"<h3 style=\"text-align: left\">Dr. Mina Andr\u00e1s<\/h3>\n<p style=\"text-align: left\"><strong>Telefon: +36 20\/489-9577<br \/>\n<\/strong>melyen el\u00e9rhet\u0151 h\u00e9tf\u0151t\u0151l &#8211; cs\u00fct\u00f6rt\u00f6kig 08:00-16:30,<br \/>\n\u00a0 \u00a0 \u00a0 \u00a0 \u00a0 \u00a0 \u00a0 \u00a0 \u00a0 \u00a0 \u00a0 \u00a0 \u00a0 p\u00e9nteken 08:00 &#8211; 14:00 \u00f3ra k\u00f6z\u00f6tt<br \/>\n<strong>Email: andras.mina@ijsz.bm.gov.hu<\/strong><\/p>\n<h5 style=\"text-align: left\">A betegjogi k\u00e9pvisel\u0151 tev\u00e9kenys\u00e9ge\u00a0<\/h5>\n<ul>\n<li>seg\u00edti a beteget az eg\u00e9szs\u00e9g\u00fcgyi dokument\u00e1ci\u00f3hoz val\u00f3 hozz\u00e1jut\u00e1sban, azzal kapcsolatos megjegyz\u00e9sek, k\u00e9rd\u00e9sek felt\u00e9tel\u00e9ben<\/li>\n<li>seg\u00edt a betegnek panasza megfogalmaz\u00e1s\u00e1ban, kezdem\u00e9nyezheti annak kivizsg\u00e1l\u00e1s\u00e1t<\/li>\n<li>a beteg \u00edr\u00e1sbeli meghatalmaz\u00e1sa alapj\u00e1n panaszt tehet az eg\u00e9szs\u00e9g\u00fcgyi szolg\u00e1ltat\u00f3 vezet\u0151j\u00e9n\u00e9l, fenntart\u00f3j\u00e1n\u00e1l, illetve \u2013 a beteg gy\u00f3gykezel\u00e9s\u00e9vel \u00f6sszef\u00fcgg\u0151 \u00fcgyekben elj\u00e1r az arra hat\u00e1sk\u00f6rrel \u00e9s illet\u00e9kess\u00e9ggel rendelkez\u0151 hat\u00f3s\u00e1gn\u00e1l, \u00e9s ennek sor\u00e1n k\u00e9pviseli a beteget<\/li>\n<\/ul>\n<div class=\"fontos_div\">\n<p><strong>A JOGV\u00c9DELMI K\u00c9PVISEL\u0150 AZ INTEGR\u00c1LT JOGV\u00c9DELMI SZOLG\u00c1LAT (IJSZ) MUNKAT\u00c1RSA, AZ EG\u00c9SZS\u00c9G\u00dcGYI INT\u00c9ZM\u00c9NYT\u0150L F\u00dcGGETLEN SZEM\u00c9LY.<\/strong><\/p>\n<\/div>\n<p style=\"text-align: left;padding-left: 40px\"><strong>Integr\u00e1lt Jogv\u00e9delmi Szolg\u00e1lat<\/strong><br \/>\nC\u00edm: H-1134 Budapest, T\u00fcz\u00e9r u. 33. II. em.<br \/>\nPostac\u00edm: 1365 Bp., Pf.: 646.<br \/>\nTelefon: +36-1\/8969-000<br \/>\nZ\u00f6ld sz\u00e1m: 06-80-620-055<br \/>\n(k\u00fclf\u00f6ldr\u0151l): +36-20-489-96-14<\/p>\n","protected":false},"excerpt":{"rendered":"<p>Dr. Mina Andr\u00e1s Telefon: +36 20\/489-9577 melyen el\u00e9rhet\u0151 h\u00e9tf\u0151t\u0151l &#8211; cs\u00fct\u00f6rt\u00f6kig 08:00-16:30, \u00a0 \u00a0 \u00a0 \u00a0 \u00a0 \u00a0 \u00a0 \u00a0 \u00a0 \u00a0 \u00a0 \u00a0 \u00a0 p\u00e9nteken 08:00 &#8211; 14:00 \u00f3ra k\u00f6z\u00f6tt Email: andras.mina@ijsz.bm.gov.hu A betegjogi k\u00e9pvisel\u0151 tev\u00e9kenys\u00e9ge\u00a0 seg\u00edti a beteget az eg\u00e9szs\u00e9g\u00fcgyi dokument\u00e1ci\u00f3hoz val\u00f3 hozz\u00e1jut\u00e1sban, azzal kapcsolatos megjegyz\u00e9sek, k\u00e9rd\u00e9sek felt\u00e9tel\u00e9ben seg\u00edt a betegnek panasza megfogalmaz\u00e1s\u00e1ban, &hellip;<\/p>\n","protected":false},"author":316,"featured_media":0,"parent":2028,"menu_order":10,"comment_status":"open","ping_status":"closed","template":"","meta":{"_acf_changed":false,"footnotes":""},"categories":[],"tags":[],"class_list":["post-448","page","type-page","status-publish","hentry"],"acf":[],"_links":{"self":[{"href":"https:\/\/semmelweis.hu\/urologia\/wp-json\/wp\/v2\/pages\/448","targetHints":{"allow":["GET"]}}],"collection":[{"href":"https:\/\/semmelweis.hu\/urologia\/wp-json\/wp\/v2\/pages"}],"about":[{"href":"https:\/\/semmelweis.hu\/urologia\/wp-json\/wp\/v2\/types\/page"}],"author":[{"embeddable":true,"href":"https:\/\/semmelweis.hu\/urologia\/wp-json\/wp\/v2\/users\/316"}],"replies":[{"embeddable":true,"href":"https:\/\/semmelweis.hu\/urologia\/wp-json\/wp\/v2\/comments?post=448"}],"version-history":[{"count":10,"href":"https:\/\/semmelweis.hu\/urologia\/wp-json\/wp\/v2\/pages\/448\/revisions"}],"predecessor-version":[{"id":4758,"href":"https:\/\/semmelweis.hu\/urologia\/wp-json\/wp\/v2\/pages\/448\/revisions\/4758"}],"up":[{"embeddable":true,"href":"https:\/\/semmelweis.hu\/urologia\/wp-json\/wp\/v2\/pages\/2028"}],"wp:attachment":[{"href":"https:\/\/semmelweis.hu\/urologia\/wp-json\/wp\/v2\/media?parent=448"}],"wp:term":[{"taxonomy":"category","embeddable":true,"href":"https:\/\/semmelweis.hu\/urologia\/wp-json\/wp\/v2\/categories?post=448"},{"taxonomy":"post_tag","embeddable":true,"href":"https:\/\/semmelweis.hu\/urologia\/wp-json\/wp\/v2\/tags?post=448"}],"curies":[{"name":"wp","href":"https:\/\/api.w.org\/{rel}","templated":true}]}}