{"id":4405,"date":"2023-05-26T12:52:11","date_gmt":"2023-05-26T10:52:11","guid":{"rendered":"https:\/\/semmelweis.hu\/urologia\/?page_id=4405"},"modified":"2026-01-06T12:37:10","modified_gmt":"2026-01-06T11:37:10","slug":"fekvobetegeknek","status":"publish","type":"page","link":"https:\/\/semmelweis.hu\/urologia\/betegellatas\/fekvobetegeknek\/","title":{"rendered":"Fekv\u0151betegeknek"},"content":{"rendered":"<h1>Inform\u00e1ci\u00f3k a klinik\u00e1nkon kezelt fekv\u0151betegeknek<\/h1>\n<p>Befekv\u00e9skor el\u0151sz\u00f6r a betegfelv\u00e9teli irod\u00e1n kell bejelentkezni 09:00-12:00 \u00f3ra k\u00f6z\u00f6tt. Az adminisztr\u00e1ci\u00f3 elv\u00e9gz\u00e9se ut\u00e1n az emeleten a megadott oszt\u00e1ly n\u0151v\u00e9rpultj\u00e1hoz kell f\u00e1radni, ahol az oszt\u00e1lyon szolg\u00e1latot teljes\u00edt\u0151 \u00e1pol\u00f3 felveszi a beteget \u00e9s megmutatja a kijel\u00f6lt k\u00f3rtermet, \u00e1gyat. A k\u00f3rtermekben \u00e1pol\u00f3, oszt\u00e1lyos orvos \u00e9s oszt\u00e1lyvezet\u0151 orvos v\u00e9gzi az ell\u00e1t\u00e1st.\u00a0<\/p>\n<p>Felh\u00edvjuk kedves betegeink figyelm\u00e9t, hogy Klinik\u00e1nk oktat\u00f3 int\u00e9zm\u00e9ny, ez\u00e9rt az orvostanhallgat\u00f3k illetve \u00e1pol\u00f3 hallgat\u00f3k oktat\u00e1sa t\u00f6rt\u00e9nik a fekv\u0151beteg oszt\u00e1lyainkon. Az oktat\u00e1sok id\u0151pontja v\u00e1ltoz\u00f3 8.00-16.00 \u00f3r\u00e1ig tart. K\u00e9rj\u00fck kedves betegeinket, hogy seg\u00edts\u00e9k az oktat\u00e1st.<\/p>\n<p style=\"text-align: left\">Szeretn\u00e9nk cs\u00f6kkenteni a v\u00e1rakoz\u00f3k sz\u00e1m\u00e1t \u00e9s a fert\u0151z\u0151 betegs\u00e9gek terjed\u00e9s\u00e9nek kock\u00e1zat\u00e1t, ez\u00e9rt k\u00e9rj\u00fck tarts\u00e1k be az al\u00e1bbiakat:<\/p>\n<ul>\n<li>Nem kell kor\u00e1bban \u00e9rkezni a megbesz\u00e9lt id\u0151pontn\u00e1l<\/li>\n<li>Ha megtehetik egyed\u00fcl &#8211; ne k\u00eds\u00e9r\u0151kkel &#8211; \u00e9rkezzenek.<\/li>\n<li>K\u00e9rj\u00fck a higi\u00e9n\u00e9s szab\u00e1lyok fokozott betart\u00e1s\u00e1t: lehet\u0151leg sz\u00e1jmaszk haszn\u00e1lat, higi\u00e9n\u00e9s k\u00e9zmos\u00e1s, k\u00e9zfert\u0151tlen\u00edt\u00e9s<\/li>\n<\/ul>\n<div class=\"keretes w-100\">\n<p>Az Urol\u00f3giai Klinika r\u00e9szletes <a href=\"https:\/\/semmelweis.hu\/urologia\/files\/2026\/01\/Betegtajekoztato-Hazirend.pdf\">betegt\u00e1j\u00e9koztat\u00f3 h\u00e1zirendj\u00e9t let\u00f6ltheti pdf form\u00e1tumban.<\/a><\/p>\n<\/div>\n<h4><strong>\u00c9rdekl\u0151d\u00e9s a betegr\u0151l<\/strong><\/h4>\n<p>Orvosaink 7:15 \u00e9s 15:30 k\u00f6z\u00f6tt tart\u00f3zkodnak a klinik\u00e1n. T\u00e1j\u00e9koztat\u00e1s k\u00e9r\u00e9s c\u00e9lj\u00e1b\u00f3l telefonon t\u00f6rt\u00e9nt el\u0151zetes id\u0151pont egyeztet\u00e9st k\u00f6vet\u0151en van lehet\u0151s\u00e9g, vagy az oszt\u00e1lyon dolgoz\u00f3 \u00e1pol\u00f3k \u00e9rtes\u00edtik a beteg kezel\u0151orvos\u00e1t amennyiben ezt a hozz\u00e1tartoz\u00f3 vagy a beteg k\u00e9ri. K\u00e9rj\u00fck vegy\u00e9k figyelembe, hogy az adott orvos amennyiben a m\u0171t\u0151ben tart\u00f3zkodik vagy oktat\u00e1si tev\u00e9kenys\u00e9get v\u00e9gez, nem fogja felvenni a telefont. K\u00e9rj\u00fck meg\u00e9rt\u00e9s\u00fcket!<\/p>\n<p style=\"padding-left: 30px\">F\u00f6ldszint uroonkol\u00f3giai oszt\u00e1ly Tel.: 06-1-459-1500\/51105 mell\u00e9k <br \/>\nI. emelet 1. oszt\u00e1ly Tel.: 06-1-459-1500\/51111 mell\u00e9k <br \/>\nI. emelet 2. oszt\u00e1ly Tel.: 06-1-459-1500\/51112 mell\u00e9k <br \/>\nII. emelet intenz\u00edv oszt\u00e1ly: 06-1-459-1500\/51116 mell\u00e9k<\/p>\n<h4><b>Mit hozzon mag\u00e1val?<\/b><\/h4>\n<ul>\n<li>TAJ-k\u00e1rtya,\u00a0szem\u00e9lyi igazolv\u00e1ny,\u00a0lakc\u00edmk\u00e1rtya<\/li>\n<li>friss laboreredm\u00e9ny v\u00e9rcsoporttal <em>(Eredeti p\u00e9ld\u00e1nyt k\u00e9r\u00fcnk melyet visszaadni nem \u00e1ll m\u00f3dunkban, amennyiben saj\u00e1t mag\u00e1nak is szeretne, el\u0151z\u0151leg legyen sz\u00edves k\u00e9sz\u00edtsen f\u00e9nym\u00e1solatot)<\/em><\/li>\n<li>EKG,\u00a0r\u00f6ntgenfelv\u00e9tel ha k\u00e9sz\u00fclt, MRI, CT<\/li>\n<li>a rendszeresen szedett gy\u00f3gyszerek,\u00a0 pap\u00edrra fel\u00edrva a gy\u00f3gyszerek neve \u00e9s adagol\u00e1sa (Inzulinok, v\u00e9rcukor m\u00e9r\u0151 k\u00e9sz\u00fcl\u00e9k a hozz\u00e1 tartoz\u00f3 stixel, speci\u00e1lis gy\u00f3gyszerek, egyedi m\u00e9lt\u00e1nyoss\u00e1g\u00fa gy\u00f3gyszerek, tapasz, orrcsepp, szemcsepp)<br \/>\nAmennyiben relev\u00e1ns, az egyes betegs\u00e9ghez vagy gy\u00f3gyszerszed\u00e9shez kapcsol\u00f3d\u00f3an vezetett napl\u00f3t is be kell mutatni a felv\u00e9telt v\u00e9gz\u0151 orvosnak<\/li>\n<li>gy\u00f3gy\u00e1szati seg\u00e9deszk\u00f6z (szem\u00fcveg, hall\u00f3k\u00e9sz\u00fcl\u00e9k, bot, mank\u00f3, saj\u00e1t kerekes sz\u00e9k, stb)<\/li>\n<li>tiszt\u00e1lkod\u00e1shoz sz\u00fcks\u00e9ges eszk\u00f6z\u00f6k (szappan vagy tusf\u00fcrd\u0151, fogkefe, fogkr\u00e9m, borotva, t\u00f6r\u00f6lk\u00f6z\u0151, mosd\u00f3szivacs vagy kend\u0151, WC pap\u00edr)<\/li>\n<li>\u00e9tkez\u00e9shez sz\u00fcks\u00e9ges eszk\u00f6z\u00f6k (kan\u00e1l, villa, k\u00e9s, b\u00f6gre vagy poh\u00e1r)<\/li>\n<li>ruh\u00e1zat (feh\u00e9rnem\u0171, pizsama vagy h\u00e1l\u00f3ruha, k\u00f6nt\u00f6s, papucs vagy biztons\u00e1gos l\u00e1bbeli<\/li>\n<\/ul>\n<h4><b>Mit NE hozzon mag\u00e1val?<\/b><\/h4>\n<ul>\n<li>\u00e9rt\u00e9kt\u00e1rgyak, \u00e9kszer <em>(gy\u0171r\u0171, f\u00fclbeval\u00f3, nyakl\u00e1nc)<\/em><\/li>\n<li>k\u00f6r\u00f6mlakkot k\u00e9rj\u00fck lemosni<\/li>\n<li>cigaretta, doh\u00e1ny, pipa<\/li>\n<li>laptop<\/li>\n<\/ul>\n<h6 style=\"text-align: left\"><strong>\u00c9rt\u00e9kek meg\u0151rz\u00e9se:<\/strong><\/h6>\n<p>Amennyiben befekv\u00e9s\u00e9t k\u00f6vet\u0151en \u00e9rt\u00e9kmeg\u0151rz\u00e9st k\u00edv\u00e1n ig\u00e9nybe venni, jelezze az oszt\u00e1lyvezet\u0151 f\u0151n\u0151v\u00e9rn\u00e9l, aki t\u00e1j\u00e9koztatja, hogy pontosan hol tal\u00e1lhat\u00f3 a p\u00e1nc\u00e9lszekr\u00e9ny.<\/p>\n<p>A Klinika csak a p\u00e1nc\u00e9lszekr\u00e9ny\u00e9ben elhelyezett k\u00e9szp\u00e9nz\u00e9rt\/\u00e9rt\u00e9kt\u00e1rgy\u00e9rt v\u00e1llal felel\u0151ss\u00e9get.<\/p>\n<h4><strong>L\u00e1togat\u00e1si rend<\/strong><\/h4>\n<p><a href=\"https:\/\/semmelweis.hu\/urologia\/betegellatas\/latogatasi-rend\/\">Tov\u00e1bb a l\u00e1togat\u00e1si rendhez \u2192<\/a><\/p>\n<h4><strong>Az oszt\u00e1ly elhagy\u00e1sa<\/strong><\/h4>\n<p><strong>T\u00e1voz\u00f3 betegeink sz\u00edveskedjenek 10 \u00f3r\u00e1ig elhagyni az \u00e1gyakat<\/strong>, hogy az \u00faj betegeinket el tudjuk helyezni. Z\u00e1r\u00f3jelent\u00e9seiket az oszt\u00e1lyos orvos k\u00e9sz\u00edti el. <strong>T\u00e1voz\u00f3 betegeinknek csak<\/strong> <strong>kiv\u00e9teles esetben tudunk eb\u00e9det adni<\/strong> (pl.: ment\u0151vel val\u00f3 hazasz\u00e1ll\u00edt\u00e1s, cukorbetegs\u00e9g).<\/p>\n<p><strong>Felvett betegk\u00e9nt a klinikai t\u00f6mb elhagy\u00e1sa csak az oszt\u00e1lyvezet\u0151 vagy kezel\u0151 orvos enged\u00e9ly\u00e9vel \u00e9s az erre vonatkoz\u00f3 \u00edr\u00e1sos nyilatkozat al\u00e1\u00edr\u00e1sa eset\u00e9n lehets\u00e9ges!<\/strong><\/p>\n<h4><strong>Doh\u00e1nyz\u00e1s<\/strong><\/h4>\n<p>Doh\u00e1nyz\u00e1sra kiz\u00e1r\u00f3lag a bej\u00e1ratt\u00f3l sz\u00e1m\u00edtott 5 m\u00e9teres k\u00f6rzeten k\u00edv\u00fcl, illetve a klinika udvar\u00e1n kijel\u00f6lt helyen van lehet\u0151s\u00e9ge!<\/p>\n<h4><strong>A fekv\u0151beteg oszt\u00e1lyok napirendje<\/strong><\/h4>\n<p>K\u00e9rj\u00fck, hogy az Int\u00e9zm\u00e9ny csendj\u00e9t \u0151rizze meg, ne zavarja betegt\u00e1rsai nyugalm\u00e1t. K\u00e9rj\u00fck, \u00fcgyeljen a k\u00f3rh\u00e1z \u00e9s a k\u00f3rterem rendj\u00e9re, tisztas\u00e1g\u00e1ra saj\u00e1t \u00e9s betegt\u00e1rsai gy\u00f3gyul\u00e1sa \u00e9rdek\u00e9ben.<\/p>\n<table class=\"bottom-border\" style=\"border-collapse: collapse;width: 100%\">\n<tbody>\n<tr>\n<td style=\"width: 30%\"><strong>5:00 \u00e9s 7:00 \u00f3ra <\/strong>k\u00f6z\u00f6tt<\/td>\n<td style=\"width: 70%\">az \u00e9jszak\u00e1s \u00e1pol\u00f3k megkezdik a reggeli munk\u00e1t.(mosdat\u00e1s, h\u0151m\u00e9r\u0151z\u00e9s)<\/td>\n<\/tr>\n<tr>\n<td><strong> 7:00 \u00f3rakor <\/strong><\/td>\n<td>oszt\u00e1ly\u00e1tad\u00e1s<br \/>\naddig sz\u00edveskedjenek befejezni a tiszt\u00e1lkod\u00e1st<\/td>\n<\/tr>\n<tr>\n<td><strong>7:15 \u2013 7:45<\/strong><\/td>\n<td><strong>\u00a0<\/strong>oszt\u00e1lyos vizit<br \/>\nA vizitek ideje alatt a betegek sz\u00edveskedjenek a k\u00f3rteremben tart\u00f3zkodni.<\/td>\n<\/tr>\n<tr>\n<td><strong>kedden \u00e9s p\u00e9nteken 8.00 \u00e9s 9.00 \u00f3ra k\u00f6z\u00f6tt<\/strong><\/td>\n<td><strong>Professzori vizit\u00a0<br \/>\n<\/strong>A vizitek ideje alatt a betegek sz\u00edveskedjenek a k\u00f3rteremben tart\u00f3zkodni.<strong><br \/>\n<\/strong><\/td>\n<\/tr>\n<tr>\n<td colspan=\"2\">Napk\u00f6zben t\u00f6rt\u00e9nik az \u00faj felv\u00e9teles betegek oszt\u00e1lyos elhelyez\u00e9se, t\u00e1voz\u00f3 betegek elbocs\u00e1jt\u00e1sa, vizsg\u00e1latok, m\u0171t\u00e9tek.<strong><br \/>\n<\/strong><\/td>\n<\/tr>\n<tr>\n<td><strong>13 \u00f3r\u00e1t\u00f3l <\/strong><\/td>\n<td>\n<p>d\u00e9lut\u00e1ni vizit \u00e9s az \u00faj betegek felv\u00e9tele<\/p>\n<p>Aneszteziol\u00f3gus orvosaink megvizsg\u00e1lj\u00e1k a m\u00e1snap m\u0171t\u00e9tre ker\u00fcl\u0151 betegeinket, aneszteziol\u00f3giai beleegyez\u0151 nyilatkozatot \u00edratnak al\u00e1, ezt k\u00f6veti a m\u00e1snapi m\u0171t\u00e9tes betegek el\u0151k\u00e9sz\u00edt\u00e9se. A m\u0171t\u00e9ti t\u00e1j\u00e9koztat\u00e1st az oszt\u00e1lyos orvos adja meg, m\u0171t\u00e9tre csak az \u00d6n \u00edr\u00e1sbeli beleegyez\u0151 nyilatkozata ut\u00e1n ker\u00fclhet sor.<\/p>\n<\/td>\n<\/tr>\n<tr>\n<td><strong>17 \u00f3rakor<\/strong><\/td>\n<td><strong>\u00a0<\/strong>vacsoraoszt\u00e1s<\/td>\n<\/tr>\n<tr>\n<td><strong>19:00-20:00 \u00f3rakor <\/strong><\/td>\n<td>oszt\u00e1ly\u00e1tad\u00e1s, esti vizit t\u00f6rt\u00e9nik, m\u0171t\u00e9ti el\u0151k\u00e9sz\u00edt\u00e9sek orvosi utas\u00edt\u00e1s szerint<\/td>\n<\/tr>\n<tr>\n<td><strong>22:00 \u00f3rakor<\/strong><\/td>\n<td><strong>\u00a0<\/strong>villanyolt\u00e1s<\/td>\n<\/tr>\n<\/tbody>\n<\/table>\n<p>A klinik\u00e1n folyamatos 24 \u00f3r\u00e1s \u00fcgyeleti ell\u00e1t\u00e1s t\u00f6rt\u00e9nik. Az oszt\u00e1lyonk\u00e9nti elt\u00e9r\u00e9sek miatt err\u0151l r\u00e9szletes felvil\u00e1gos\u00edt\u00e1st az oszt\u00e1lyos \u00e1pol\u00f3t\u00f3l fog kapni.<\/p>\n<p>A klinika \u00e9p\u00fclet\u00e9t este 20:00 \u00e9s reggel 05:00 \u00f3ra k\u00f6z\u00f6tt z\u00e1rva tartjuk., \u00edgy azt csak a f\u0151bej\u00e1raton kereszt\u00fcl lehet megk\u00f6zel\u00edteni.<\/p>\n<h4><strong>Tov\u00e1bbi inform\u00e1ci\u00f3k<\/strong><\/h4>\n<ul>\n<li>Telev\u00edzi\u00f3, egy\u00e9b sz\u00f3rakoztat\u00f3 elektronikai eszk\u00f6z haszn\u00e1lata:\u00a0a k\u00f3rteremben saj\u00e1t eszk\u00f6z haszn\u00e1lat\u00e1ra csak a szobat\u00e1rsak egy\u00f6ntet\u0171 hozz\u00e1j\u00e1rul\u00e1s\u00e1val van m\u00f3d. K\u00e9rj\u00fck a 22 \u00f3rai l\u00e1mpaolt\u00e1st betartani. A behozott elektronikus \u00e9s egy\u00e9b k\u00e9sz\u00fcl\u00e9kek\u00e9rt a Klinika felel\u0151ss\u00e9get nem v\u00e1llal.<\/li>\n<li>A klinika berendez\u00e9seinek nem megfelel\u0151 kezel\u00e9se, haszn\u00e1lata, rong\u00e1l\u00e1sa eset\u00e9n az int\u00e9zet k\u00e1rt\u00e9r\u00edt\u00e9si ig\u00e9nnyel \u00e9l.<\/li>\n<li>A klinika ter\u00fclet\u00e9n szeszesitalt tartani \u00e9s fogyasztani TILOS!<\/li>\n<li>Az oszt\u00e1lyos telefonokat betegek nem haszn\u00e1lhatj\u00e1k.\u00a0<\/li>\n<li>Amennyiben benntart\u00f3zkod\u00e1s\u00e1val kapcsolatban seg\u00edts\u00e9gre van sz\u00fcks\u00e9ge k\u00e9rj\u00fck, jelezze az oszt\u00e1lyos \u00e1pol\u00f3nak, orvosnak, vagy a Klinika b\u00e1rmely munkat\u00e1rs\u00e1nak.<\/li>\n<li><strong>Lakoss\u00e1gi fert\u0151z\u0151 hullad\u00e9k lead\u00e1s\u00e1ra (fecskend\u0151k), munkaid\u0151ben a magasf\u00f6ldszinti oszt\u00e1lyon van lehet\u0151s\u00e9g az ott dolgoz\u00f3 \u00e1pol\u00f3 szem\u00e9lyzetn\u00e9l.<\/strong><\/li>\n<\/ul>\n<h4><strong>Vall\u00e1sgyakorl\u00e1s<\/strong><\/h4>\n<p>Klinik\u00e1nkon a k\u00fcls\u0151 klinikai t\u00f6mbben a K\u00f6zponti Betegell\u00e1t\u00f3 \u00c9p\u00fclet f\u00f6ldszintj\u00e9n m\u0171k\u00f6dik K\u00f3rh\u00e1zk\u00e1polna. A k\u00e1polna minden nap 7:00 \u2013 20:00 \u00f3ra k\u00f6z\u00f6tt van nyitva, keddenk\u00e9nt 16:30 \u00f3r\u00e1t\u00f3l katolikus szentmise van. A k\u00e1poln\u00e1t minden felekezet h\u00edv\u0151je l\u00e1togathatja. A hozz\u00e1tartoz\u00f3 vagy a beteg k\u00e9r\u00e9s\u00e9re vall\u00e1s\u00e1nak megfelel\u0151en pr\u00f3b\u00e1lunk az adott egyh\u00e1zi szolg\u00e1latt\u00f3l seg\u00edts\u00e9get k\u00e9rni, de ezen t\u00fal is az oszt\u00e1lyon foly\u00f3 gy\u00f3gy\u00edt\u00f3 munka zavartalans\u00e1g\u00e1nak biztos\u00edt\u00e1sa mellett minden beteg szabadon gyakorolhatja vall\u00e1s\u00e1t, \u00e9s az egyh\u00e1zi szem\u00e9llyel val\u00f3 kapcsolattart\u00e1si jog\u00e1t.<\/p>\n","protected":false},"excerpt":{"rendered":"<p>Inform\u00e1ci\u00f3k a klinik\u00e1nkon kezelt fekv\u0151betegeknek Befekv\u00e9skor el\u0151sz\u00f6r a betegfelv\u00e9teli irod\u00e1n kell bejelentkezni 09:00-12:00 \u00f3ra k\u00f6z\u00f6tt. Az adminisztr\u00e1ci\u00f3 elv\u00e9gz\u00e9se ut\u00e1n az emeleten a megadott oszt\u00e1ly n\u0151v\u00e9rpultj\u00e1hoz kell f\u00e1radni, ahol az oszt\u00e1lyon szolg\u00e1latot teljes\u00edt\u0151 \u00e1pol\u00f3 felveszi a beteget \u00e9s megmutatja a kijel\u00f6lt k\u00f3rtermet, \u00e1gyat. A k\u00f3rtermekben \u00e1pol\u00f3, oszt\u00e1lyos orvos \u00e9s oszt\u00e1lyvezet\u0151 orvos v\u00e9gzi az ell\u00e1t\u00e1st.\u00a0 Felh\u00edvjuk kedves &hellip;<\/p>\n","protected":false},"author":12,"featured_media":0,"parent":2028,"menu_order":1,"comment_status":"closed","ping_status":"closed","template":"","meta":{"_acf_changed":false,"footnotes":""},"categories":[],"tags":[],"class_list":["post-4405","page","type-page","status-publish","hentry"],"acf":[],"_links":{"self":[{"href":"https:\/\/semmelweis.hu\/urologia\/wp-json\/wp\/v2\/pages\/4405","targetHints":{"allow":["GET"]}}],"collection":[{"href":"https:\/\/semmelweis.hu\/urologia\/wp-json\/wp\/v2\/pages"}],"about":[{"href":"https:\/\/semmelweis.hu\/urologia\/wp-json\/wp\/v2\/types\/page"}],"author":[{"embeddable":true,"href":"https:\/\/semmelweis.hu\/urologia\/wp-json\/wp\/v2\/users\/12"}],"replies":[{"embeddable":true,"href":"https:\/\/semmelweis.hu\/urologia\/wp-json\/wp\/v2\/comments?post=4405"}],"version-history":[{"count":10,"href":"https:\/\/semmelweis.hu\/urologia\/wp-json\/wp\/v2\/pages\/4405\/revisions"}],"predecessor-version":[{"id":4772,"href":"https:\/\/semmelweis.hu\/urologia\/wp-json\/wp\/v2\/pages\/4405\/revisions\/4772"}],"up":[{"embeddable":true,"href":"https:\/\/semmelweis.hu\/urologia\/wp-json\/wp\/v2\/pages\/2028"}],"wp:attachment":[{"href":"https:\/\/semmelweis.hu\/urologia\/wp-json\/wp\/v2\/media?parent=4405"}],"wp:term":[{"taxonomy":"category","embeddable":true,"href":"https:\/\/semmelweis.hu\/urologia\/wp-json\/wp\/v2\/categories?post=4405"},{"taxonomy":"post_tag","embeddable":true,"href":"https:\/\/semmelweis.hu\/urologia\/wp-json\/wp\/v2\/tags?post=4405"}],"curies":[{"name":"wp","href":"https:\/\/api.w.org\/{rel}","templated":true}]}}