{"id":436,"date":"2014-03-12T09:56:12","date_gmt":"2014-03-12T08:56:12","guid":{"rendered":"http:\/\/semmelweis.hu\/urologia\/?page_id=436"},"modified":"2022-08-31T11:00:59","modified_gmt":"2022-08-31T09:00:59","slug":"banfi-gergely","status":"publish","type":"page","link":"https:\/\/semmelweis.hu\/urologia\/altalanos-informaciok\/a-klinika-orvosai\/banfi-gergely\/","title":{"rendered":"B\u00e1nfi Gergely"},"content":{"rendered":"<p><a href=\"https:\/\/semmelweis.hu\/urologia\/files\/2015\/07\/BanfiG.jpg\"><img loading=\"lazy\" decoding=\"async\" class=\"alignright size-medium wp-image-1695\" src=\"https:\/\/semmelweis.hu\/urologia\/files\/2015\/07\/BanfiG-200x300.jpg\" alt=\"BanfiG\" width=\"200\" height=\"300\" srcset=\"https:\/\/semmelweis.hu\/urologia\/files\/2015\/07\/BanfiG-200x300.jpg 200w, https:\/\/semmelweis.hu\/urologia\/files\/2015\/07\/BanfiG-683x1024.jpg 683w, https:\/\/semmelweis.hu\/urologia\/files\/2015\/07\/BanfiG.jpg 800w\" sizes=\"auto, (max-width: 200px) 100vw, 200px\" \/><\/a>1972-ben sz\u00fcletett Budapesten, \u00e9s az ELTE Ap\u00e1czai Csere J\u00e1nos Gyakorl\u00f3 Gimn\u00e1ziumban 1991-ben \u00e9retts\u00e9gizett. \u00c1ltal\u00e1nos orvosdoktori diplom\u00e1t a Semmelweis Orvostudom\u00e1nyi Egyetemen 1999-ban szerzett. 1999 \u00f3ta a Semmelweis Egyetem Urol\u00f3giai Klinik\u00e1j\u00e1n dolgozik.<\/p>\n<p><strong>Beoszt\u00e1sa: <\/strong>egyetemi adjunktus<\/p>\n<p><strong>Szakk\u00e9pes\u00edt\u00e9se:<\/strong><br \/>\nUrol\u00f3gia (2005)<br \/>\nFellow of the European Board of Urology (FEBU) (2006)<\/p>\n<p><strong>Tudom\u00e1nyos fokozat:<\/strong> Ph.D. (2018) Ph.D., A prosztatar\u00e1k molekul\u00e1ris \u00e9s klinikai prognosztikai faktorainak \u00f6sszevet\u00e9se<\/p>\n<p><strong>Nyelvtud\u00e1s:<\/strong><br \/>\nfrancia, angol<\/p>\n<p><strong>Publik\u00e1ci\u00f3s lista:<\/strong><br \/>\n<a href=\"https:\/\/vm.mtmt.hu\/search\/slist.php?AuthorID=10024660&amp;pr_on=1\" target=\"_blank\" rel=\"noopener\">Aktualiz\u00e1lt lista nyomtathat\u00f3 form\u00e1tumban let\u00f6lthet\u0151<\/a><\/p>\n<p><strong>Tudom\u00e1nyos t\u00e1rsas\u00e1gi tags\u00e1g:<\/strong><br \/>\nMagyar Urol\u00f3gusok T\u00e1rsas\u00e1ga<br \/>\nNemzetk\u00f6zi Endourol\u00f3gus T\u00e1rsas\u00e1g<\/p>\n<p><strong>Tudom\u00e1nyos \u00e9rdekl\u0151d\u00e9s:<\/strong><br \/>\nandrol\u00f3gia<br \/>\nh\u00f3lyagtumor epidemiol\u00f3gi\u00e1ja<br \/>\nmagas malignit\u00e1s\u00fa prosztatar\u00e1k klinikuma<br \/>\nh\u00fagy\u00fati fert\u0151z\u00e9sek<\/p>\n","protected":false},"excerpt":{"rendered":"<p><a href=\"https:\/\/semmelweis.hu\/urologia\/files\/2015\/07\/BanfiG.jpg\"><\/a> 1972-ben sz\u00fcletett Budapesten, \u00e9s az ELTE Ap\u00e1czai Csere J\u00e1nos Gyakorl\u00f3 Gimn\u00e1ziumban 1991-ben \u00e9retts\u00e9gizett. \u00c1ltal\u00e1nos orvosdoktori diplom\u00e1t a Semmelweis Orvostudom\u00e1nyi Egyetemen 1999-ban szerzett. 1999 \u00f3ta a Semmelweis Egyetem Urol\u00f3giai Klinik\u00e1j\u00e1n dolgozik. Beoszt\u00e1sa: egyetemi adjunktus Szakk\u00e9pes\u00edt\u00e9se: Urol\u00f3gia (2005) Fellow of the European Board of Urology (FEBU) (2006) Tudom\u00e1nyos fokozat: Ph.D. (2018) Ph.D., A prosztatar\u00e1k molekul\u00e1ris \u00e9s klinikai &hellip;<\/p>\n","protected":false},"author":316,"featured_media":0,"parent":333,"menu_order":0,"comment_status":"open","ping_status":"closed","template":"onecolumn-page.php","meta":{"_acf_changed":false,"footnotes":""},"categories":[],"tags":[],"class_list":["post-436","page","type-page","status-publish","hentry"],"acf":[],"_links":{"self":[{"href":"https:\/\/semmelweis.hu\/urologia\/wp-json\/wp\/v2\/pages\/436","targetHints":{"allow":["GET"]}}],"collection":[{"href":"https:\/\/semmelweis.hu\/urologia\/wp-json\/wp\/v2\/pages"}],"about":[{"href":"https:\/\/semmelweis.hu\/urologia\/wp-json\/wp\/v2\/types\/page"}],"author":[{"embeddable":true,"href":"https:\/\/semmelweis.hu\/urologia\/wp-json\/wp\/v2\/users\/316"}],"replies":[{"embeddable":true,"href":"https:\/\/semmelweis.hu\/urologia\/wp-json\/wp\/v2\/comments?post=436"}],"version-history":[{"count":9,"href":"https:\/\/semmelweis.hu\/urologia\/wp-json\/wp\/v2\/pages\/436\/revisions"}],"predecessor-version":[{"id":4107,"href":"https:\/\/semmelweis.hu\/urologia\/wp-json\/wp\/v2\/pages\/436\/revisions\/4107"}],"up":[{"embeddable":true,"href":"https:\/\/semmelweis.hu\/urologia\/wp-json\/wp\/v2\/pages\/333"}],"wp:attachment":[{"href":"https:\/\/semmelweis.hu\/urologia\/wp-json\/wp\/v2\/media?parent=436"}],"wp:term":[{"taxonomy":"category","embeddable":true,"href":"https:\/\/semmelweis.hu\/urologia\/wp-json\/wp\/v2\/categories?post=436"},{"taxonomy":"post_tag","embeddable":true,"href":"https:\/\/semmelweis.hu\/urologia\/wp-json\/wp\/v2\/tags?post=436"}],"curies":[{"name":"wp","href":"https:\/\/api.w.org\/{rel}","templated":true}]}}